{"id":9002,"date":"2020-08-19T16:24:55","date_gmt":"2020-08-19T16:24:55","guid":{"rendered":"https:\/\/www.min-on.org\/es\/?page_id=9002"},"modified":"2020-08-19T17:21:38","modified_gmt":"2020-08-19T17:21:38","slug":"sitemap","status":"publish","type":"page","link":"https:\/\/www.min-on.org\/es\/sitemap\/","title":{"rendered":"Mapa del sitio"},"content":{"rendered":"<h3 class=\"sitemap-title\">\n    <a href=\"\/es\/latest\/\">Noticias<\/a><br \/>\n<\/h3>\n<ul>\n<li><a href=\"\/es\/latest\/\">\u00daltimas noticias<\/a><\/li>\n<\/ul>\n<h3 class=\"sitemap-title\">\n    <a href=\"\/es\/performing-arts\/\">Arte esc\u00e9nico<\/a><br \/>\n<\/h3>\n<ul>\n<li><a href=\"\/es\/opera\/\">\u00d3pera<\/a><\/li>\n<li><a href=\"\/es\/ballet\/\">Ballet<\/a><\/li>\n<li><a href=\"\/es\/orchestral\/\">M\u00fasica orquestal<\/a><\/li>\n<li><a href=\"\/es\/choral-music\/\">M\u00fasica coral<\/a><\/li>\n<li><a href=\"\/es\/latin-tango\/\">Tango y M\u00fasica Latina<\/a><\/li>\n<li><a href=\"\/es\/jazz-popular\/\">Jazz y Pop<\/a><\/li>\n<li><a href=\"\/es\/folk-music-and-dance\/\">M\u00fasica y Danzas Folkl\u00f3ricas del Mundo<\/a><\/li>\n<li><a href=\"\/es\/japanese-arts\/\">Ciclo de Artes Japonesas<\/a><\/li>\n<li><a href=\"\/es\/independent-productions\/\">Producciones independientes<\/a><\/li>\n<\/ul>\n<h3 class=\"sitemap-title\">\n    <a href=\"\/es\/cultural-exchange\/\">Intercambio cultural<\/a><br \/>\n<\/h3>\n<ul>\n<li><a href=\"\/es\/silk-road-series\/\">Ciclo de la Ruta de la Seda<\/a><\/li>\n<li><a href=\"\/es\/marine-road-series\/\">Ciclo de la Ruta Mar\u00edtima<\/a><\/li>\n<li><a href=\"\/es\/african-series\/\">Ciclo Africano<\/a><\/li>\n<li><a href=\"\/es\/carribean-series\/\">Ciclo Caribe\u00f1o<\/a><\/li>\n<li><a href=\"\/es\/overseas-displatch-series\/\">Ciclo Jap\u00f3n en el Exterior<\/a><\/li>\n<li><a href=\"\/es\/min-on-global-music-network\/\">Red Global Musical Min-On<\/a><\/li>\n<li><a href=\"\/es\/annual-series\/\">Ciclos Anuales<\/a><\/li>\n<\/ul>\n<h3 class=\"sitemap-title\">\n    <a href=\"\/es\/outreach\/\">Actividades de inter\u00e9s p\u00fablico<\/a><br \/>\n<\/h3>\n<ul>\n<li><a href=\"\/es\/school-concerts\/\">Conciertos en la Escuela<\/a><\/li>\n<li><a href=\"\/es\/tohoku-hope-school\/\">Concierto por la Esperanza de Tohoku<\/a><\/li>\n<li><a href=\"\/es\/international-student-musical-festival\/\">Festival Internacional Estudiantil de M\u00fasica<\/a><\/li>\n<li><a href=\"\/es\/competitions\/\">Cert\u00e1menes<\/a><\/li>\n<li><a href=\"\/es\/symposiums\/\">Simposios<\/a><\/li>\n<li><a href=\"\/es\/lectures\/\">Conferencias<\/a><\/li>\n<li><a href=\"\/es\/workshops\/\">Talleres de trabajo<\/a><\/li>\n<li><a href=\"\/es\/min-on-music-research-institute\/\">Instituto de Investigaciones Musicales Min-On<\/a><\/li>\n<\/ul>\n<h3 class=\"sitemap-title\">\n    <a href=\"\/es\/music-museum\/\">Museo<\/a><br \/>\n<\/h3>\n<ul>\n<li><a href=\"\/es\/music-museum\/\">Museo Musical Min-On<\/a><\/li>\n<li><a href=\"\/es\/library\/\">Biblioteca<\/a><\/li>\n<li><a href=\"\/es\/museum-collection\/\">Colecci\u00f3n del Museo<\/a><\/li>\n<\/ul>\n<h3 class=\"sitemap-title\">\n    <a href=\"\/es\/who-we-are\/\">Acerca de Min-On<\/a><br \/>\n<\/h3>\n<ul>\n<li><a href=\"\/es\/who-we-are\/\">Qui\u00e9nes somos<\/a><\/li>\n<li><a href=\"\/es\/what-we-do\/\">Nuestra Labor<\/a><\/li>\n<li><a href=\"\/es\/founder\/\">Sobre el Fundador<\/a><\/li>\n<li><a href=\"\/es\/our-perspectives\/\">Nuestras perspectivas<\/a><\/li>\n<li><a href=\"\/es\/chronology\/\">Cronolog\u00eda<\/a><\/li>\n<li><a href=\"\/es\/corporate-profile\/\">Informaci\u00f3n institucional<\/a><\/li>\n<\/ul>\n","protected":false},"excerpt":{"rendered":"<p>Noticias \u00daltimas noticias Arte esc\u00e9nico \u00d3pera Ballet M\u00fasica orquestal M\u00fasica coral Tango y M\u00fasica Latina Jazz y Pop M\u00fasica y Danzas Folkl\u00f3ricas del Mundo Ciclo de Artes Japonesas Producciones independientes Intercambio cultural Ciclo de la Ruta de la Seda Ciclo de la Ruta Mar\u00edtima Ciclo Africano Ciclo Caribe\u00f1o Ciclo Jap\u00f3n en el Exterior Red Global [&hellip;]<\/p>\n","protected":false},"author":1,"featured_media":0,"parent":0,"menu_order":0,"comment_status":"closed","ping_status":"closed","template":"","meta":{"_et_pb_use_builder":"","_et_pb_old_content":"","_et_gb_content_width":"","footnotes":""},"categories":[],"tags":[],"distributor_meta":false,"distributor_terms":false,"distributor_media":false,"distributor_original_site_name":"Spanish - Min-On Website","distributor_original_site_url":"https:\/\/www.min-on.org\/es","_links":{"self":[{"href":"https:\/\/www.min-on.org\/es\/wp-json\/wp\/v2\/pages\/9002"}],"collection":[{"href":"https:\/\/www.min-on.org\/es\/wp-json\/wp\/v2\/pages"}],"about":[{"href":"https:\/\/www.min-on.org\/es\/wp-json\/wp\/v2\/types\/page"}],"author":[{"embeddable":true,"href":"https:\/\/www.min-on.org\/es\/wp-json\/wp\/v2\/users\/1"}],"replies":[{"embeddable":true,"href":"https:\/\/www.min-on.org\/es\/wp-json\/wp\/v2\/comments?post=9002"}],"version-history":[{"count":3,"href":"https:\/\/www.min-on.org\/es\/wp-json\/wp\/v2\/pages\/9002\/revisions"}],"predecessor-version":[{"id":9011,"href":"https:\/\/www.min-on.org\/es\/wp-json\/wp\/v2\/pages\/9002\/revisions\/9011"}],"wp:attachment":[{"href":"https:\/\/www.min-on.org\/es\/wp-json\/wp\/v2\/media?parent=9002"}],"wp:term":[{"taxonomy":"category","embeddable":true,"href":"https:\/\/www.min-on.org\/es\/wp-json\/wp\/v2\/categories?post=9002"},{"taxonomy":"post_tag","embeddable":true,"href":"https:\/\/www.min-on.org\/es\/wp-json\/wp\/v2\/tags?post=9002"}],"curies":[{"name":"wp","href":"https:\/\/api.w.org\/{rel}","templated":true}]}}