{"id":6893,"date":"2018-08-30T11:56:36","date_gmt":"2018-08-30T11:56:36","guid":{"rendered":"http:\/\/min-on.matthewbyrt.com\/?page_id=6893"},"modified":"2018-09-14T14:46:46","modified_gmt":"2018-09-14T14:46:46","slug":"cylinder-phonograph-edison-ambelora-model-50","status":"publish","type":"page","link":"https:\/\/www.min-on.org\/es\/cylinder-phonograph-edison-ambelora-model-50\/","title":{"rendered":"Fon\u00f3grafo de cilindro Edison Amberola. Modelo 50. Fabricado por los laboratorios Edison."},"content":{"rendered":"<p>[et_pb_section bb_built=\u00bb1&#8243; fullwidth=\u00bboff\u00bb specialty=\u00bbon\u00bb][et_pb_column type=\u00bb3_4&#8243; specialty_columns=\u00bb3&#8243;][et_pb_row_inner admin_label=\u00bbRow\u00bb _builder_version=\u00bb3.12&#8243;][et_pb_column_inner type=\u00bb1_2&#8243; saved_specialty_column_type=\u00bb3_4&#8243;][et_pb_text _builder_version=\u00bb3.12&#8243;]<\/p>\n<h1>Fon\u00f3grafo de cilindro Edison Amberola. Modelo 50. Fabricado por los laboratorios Edison. <\/h1>\n<p style=\"font-weight: 600;\">1913 (EE.UU.)<\/p>\n<p>En 1912, la compa\u00f1\u00eda Edison comenz\u00f3 a producir registros en cilindros hechos de \u00abamberol azul\u00bb (blue amberol), que pod\u00edan utilizarse 3000 veces, con un tiempo de reproducci\u00f3n m\u00e1ximo de cuatro minutos. Se los promocion\u00f3 como \u00abpr\u00e1cticamente indestructibles\u00bb. Los cilindros consist\u00edan en un n\u00facleo de yeso par\u00eds, cubiertos de un tubo de celuloide duro y delgado (el amberol); lograban una calidad de sonido que a\u00fan hoy resulta apreciable. Para reproducir estos nuevos cilindros, Edison fabric\u00f3 una l\u00ednea especial de fon\u00f3grafos, llamados Amberola. En este per\u00edodo, comenzaron a desaparecer las bocinas externas en los fon\u00f3grafos, reemplazadas por bocinas o parlantes internos.<\/p>\n<p>[\/et_pb_text][\/et_pb_column_inner][et_pb_column_inner type=\u00bb1_2&#8243; saved_specialty_column_type=\u00bb3_4&#8243;][et_pb_image _builder_version=\u00bb3.12&#8243; src=\u00bbhttps:\/\/www.min-on.org\/es\/wp-content\/uploads\/sites\/4\/2018\/08\/Edison-Ambelora-Model-50.jpg\u00bb align=\u00bbcenter\u00bb force_fullwidth=\u00bbon\u00bb \/][\/et_pb_column_inner][\/et_pb_row_inner][\/et_pb_column][et_pb_column type=\u00bb1_4&#8243;][et_pb_sidebar _builder_version=\u00bb3.12&#8243; area=\u00bbet_pb_widget_area_11&#8243; module_class=\u00bbmuseumSidebar\u00bb \/][\/et_pb_column][\/et_pb_section]<\/p>\n","protected":false},"excerpt":{"rendered":"<p>Fon\u00f3grafo de cilindro Edison Amberola. Modelo 50. Fabricado por los laboratorios Edison. 1913 (EE.UU.) En 1912, la compa\u00f1\u00eda Edison comenz\u00f3 a producir registros en cilindros hechos de \u00abamberol azul\u00bb (blue amberol), que pod\u00edan utilizarse 3000 veces, con un tiempo de reproducci\u00f3n m\u00e1ximo de cuatro minutos. Se los promocion\u00f3 como \u00abpr\u00e1cticamente indestructibles\u00bb. Los cilindros consist\u00edan en [&hellip;]<\/p>\n","protected":false},"author":1,"featured_media":0,"parent":0,"menu_order":0,"comment_status":"closed","ping_status":"closed","template":"","meta":{"_et_pb_use_builder":"on","_et_pb_old_content":"","_et_gb_content_width":"","footnotes":""},"categories":[],"tags":[],"distributor_meta":false,"distributor_terms":false,"distributor_media":false,"distributor_original_site_name":"Spanish - Min-On Website","distributor_original_site_url":"https:\/\/www.min-on.org\/es","_links":{"self":[{"href":"https:\/\/www.min-on.org\/es\/wp-json\/wp\/v2\/pages\/6893"}],"collection":[{"href":"https:\/\/www.min-on.org\/es\/wp-json\/wp\/v2\/pages"}],"about":[{"href":"https:\/\/www.min-on.org\/es\/wp-json\/wp\/v2\/types\/page"}],"author":[{"embeddable":true,"href":"https:\/\/www.min-on.org\/es\/wp-json\/wp\/v2\/users\/1"}],"replies":[{"embeddable":true,"href":"https:\/\/www.min-on.org\/es\/wp-json\/wp\/v2\/comments?post=6893"}],"version-history":[{"count":4,"href":"https:\/\/www.min-on.org\/es\/wp-json\/wp\/v2\/pages\/6893\/revisions"}],"predecessor-version":[{"id":7059,"href":"https:\/\/www.min-on.org\/es\/wp-json\/wp\/v2\/pages\/6893\/revisions\/7059"}],"wp:attachment":[{"href":"https:\/\/www.min-on.org\/es\/wp-json\/wp\/v2\/media?parent=6893"}],"wp:term":[{"taxonomy":"category","embeddable":true,"href":"https:\/\/www.min-on.org\/es\/wp-json\/wp\/v2\/categories?post=6893"},{"taxonomy":"post_tag","embeddable":true,"href":"https:\/\/www.min-on.org\/es\/wp-json\/wp\/v2\/tags?post=6893"}],"curies":[{"name":"wp","href":"https:\/\/api.w.org\/{rel}","templated":true}]}}