{"id":6890,"date":"2018-08-30T11:55:15","date_gmt":"2018-08-30T11:55:15","guid":{"rendered":"http:\/\/min-on.matthewbyrt.com\/?page_id=6890"},"modified":"2018-09-14T14:48:29","modified_gmt":"2018-09-14T14:48:29","slug":"disc-phonograph-nipponophon-model-35","status":"publish","type":"page","link":"https:\/\/www.min-on.org\/es\/disc-phonograph-nipponophon-model-35\/","title":{"rendered":"Fon\u00f3grafo de disco Nipponophon. Modelo 35. Fabricado por la compa\u00f1\u00eda Nipponophone."},"content":{"rendered":"<p>[et_pb_section bb_built=\u00bb1&#8243; fullwidth=\u00bboff\u00bb specialty=\u00bbon\u00bb][et_pb_column type=\u00bb3_4&#8243; specialty_columns=\u00bb3&#8243;][et_pb_row_inner admin_label=\u00bbRow\u00bb _builder_version=\u00bb3.12&#8243;][et_pb_column_inner type=\u00bb1_2&#8243; saved_specialty_column_type=\u00bb3_4&#8243;][et_pb_text _builder_version=\u00bb3.12&#8243;]<\/p>\n<h1>Fon\u00f3grafo de disco Nipponophon. Modelo 35. Fabricado por la compa\u00f1\u00eda Nipponophone. 5<\/h1>\n<p style=\"font-weight: 600;\">1910 (Jap\u00f3n)<\/p>\n<p>Este es uno de los cuatro primeros modelos de fon\u00f3grafos producidos por la industria japonesa, fabricado por la compa\u00f1\u00eda Nipponophone Co. (Nippon Columbia). Es un reproductor cuya bocina tiene un dise\u00f1o de crisantemos que evoca motivos tradicionales de arte japon\u00e9s.<\/p>\n<p>[\/et_pb_text][\/et_pb_column_inner][et_pb_column_inner type=\u00bb1_2&#8243; saved_specialty_column_type=\u00bb3_4&#8243;][et_pb_image _builder_version=\u00bb3.12&#8243; src=\u00bbhttps:\/\/www.min-on.org\/es\/wp-content\/uploads\/sites\/4\/2018\/08\/Nipponophon-Model-35.jpg\u00bb align=\u00bbcenter\u00bb force_fullwidth=\u00bbon\u00bb \/][\/et_pb_column_inner][\/et_pb_row_inner][\/et_pb_column][et_pb_column type=\u00bb1_4&#8243;][et_pb_sidebar _builder_version=\u00bb3.12&#8243; area=\u00bbet_pb_widget_area_11&#8243; module_class=\u00bbmuseumSidebar\u00bb \/][\/et_pb_column][\/et_pb_section]<\/p>\n","protected":false},"excerpt":{"rendered":"<p>Fon\u00f3grafo de disco Nipponophon. Modelo 35. Fabricado por la compa\u00f1\u00eda Nipponophone. 5 1910 (Jap\u00f3n) Este es uno de los cuatro primeros modelos de fon\u00f3grafos producidos por la industria japonesa, fabricado por la compa\u00f1\u00eda Nipponophone Co. (Nippon Columbia). Es un reproductor cuya bocina tiene un dise\u00f1o de crisantemos que evoca motivos tradicionales de arte japon\u00e9s.<\/p>\n","protected":false},"author":1,"featured_media":0,"parent":0,"menu_order":0,"comment_status":"closed","ping_status":"closed","template":"","meta":{"_et_pb_use_builder":"on","_et_pb_old_content":"","_et_gb_content_width":"","footnotes":""},"categories":[],"tags":[],"distributor_meta":false,"distributor_terms":false,"distributor_media":false,"distributor_original_site_name":"Spanish - Min-On Website","distributor_original_site_url":"https:\/\/www.min-on.org\/es","_links":{"self":[{"href":"https:\/\/www.min-on.org\/es\/wp-json\/wp\/v2\/pages\/6890"}],"collection":[{"href":"https:\/\/www.min-on.org\/es\/wp-json\/wp\/v2\/pages"}],"about":[{"href":"https:\/\/www.min-on.org\/es\/wp-json\/wp\/v2\/types\/page"}],"author":[{"embeddable":true,"href":"https:\/\/www.min-on.org\/es\/wp-json\/wp\/v2\/users\/1"}],"replies":[{"embeddable":true,"href":"https:\/\/www.min-on.org\/es\/wp-json\/wp\/v2\/comments?post=6890"}],"version-history":[{"count":3,"href":"https:\/\/www.min-on.org\/es\/wp-json\/wp\/v2\/pages\/6890\/revisions"}],"predecessor-version":[{"id":7096,"href":"https:\/\/www.min-on.org\/es\/wp-json\/wp\/v2\/pages\/6890\/revisions\/7096"}],"wp:attachment":[{"href":"https:\/\/www.min-on.org\/es\/wp-json\/wp\/v2\/media?parent=6890"}],"wp:term":[{"taxonomy":"category","embeddable":true,"href":"https:\/\/www.min-on.org\/es\/wp-json\/wp\/v2\/categories?post=6890"},{"taxonomy":"post_tag","embeddable":true,"href":"https:\/\/www.min-on.org\/es\/wp-json\/wp\/v2\/tags?post=6890"}],"curies":[{"name":"wp","href":"https:\/\/api.w.org\/{rel}","templated":true}]}}