{"id":6887,"date":"2018-08-30T11:52:14","date_gmt":"2018-08-30T11:52:14","guid":{"rendered":"http:\/\/min-on.matthewbyrt.com\/?page_id=6887"},"modified":"2018-09-14T14:47:12","modified_gmt":"2018-09-14T14:47:12","slug":"disc-phonograph-pathe-salon-no-5","status":"publish","type":"page","link":"https:\/\/www.min-on.org\/es\/disc-phonograph-pathe-salon-no-5\/","title":{"rendered":"Fon\u00f3grafo de disco Path\u00e9. Modelo Salon N.\u00b0 5. Fabricado por la compa\u00f1\u00eda Path\u00e9."},"content":{"rendered":"<p>[et_pb_section bb_built=\u00bb1&#8243; fullwidth=\u00bboff\u00bb specialty=\u00bbon\u00bb][et_pb_column type=\u00bb3_4&#8243; specialty_columns=\u00bb3&#8243;][et_pb_row_inner admin_label=\u00bbRow\u00bb _builder_version=\u00bb3.12&#8243;][et_pb_column_inner type=\u00bb1_2&#8243; saved_specialty_column_type=\u00bb3_4&#8243;][et_pb_text _builder_version=\u00bb3.12&#8243;]<\/p>\n<h1>Fon\u00f3grafo de disco Path\u00e9. Modelo Salon N.\u00b0 5. Fabricado por la compa\u00f1\u00eda Path\u00e9. <\/h1>\n<p style=\"font-weight: 600;\">1906 (Francia)<\/p>\n<p>Los hermanos franceses Path\u00e9 crearon su propia compa\u00f1\u00eda fonogr\u00e1fica en la d\u00e9cada de 1890. Este instrumento tiene una hermosa placa de identificaci\u00f3n de cristal en el frente y reminiscencias de estilo europeo. En lugar de llevar un r\u00f3tulo de papel, el disco tiene una inscripci\u00f3n en caracteres grabados y pintados de amarillo, y se reproduce de manera inversa a los convencionales: el brazo comienza desde el centro y se va moviendo hacia la periferia.<\/p>\n<p>[\/et_pb_text][\/et_pb_column_inner][et_pb_column_inner type=\u00bb1_2&#8243; saved_specialty_column_type=\u00bb3_4&#8243;][et_pb_image _builder_version=\u00bb3.12&#8243; src=\u00bbhttps:\/\/www.min-on.org\/es\/wp-content\/uploads\/sites\/4\/2018\/08\/Pathe-Salon-No.5.jpg\u00bb align=\u00bbcenter\u00bb force_fullwidth=\u00bbon\u00bb \/][\/et_pb_column_inner][\/et_pb_row_inner][\/et_pb_column][et_pb_column type=\u00bb1_4&#8243;][et_pb_sidebar _builder_version=\u00bb3.12&#8243; area=\u00bbet_pb_widget_area_11&#8243; module_class=\u00bbmuseumSidebar\u00bb \/][\/et_pb_column][\/et_pb_section]<\/p>\n","protected":false},"excerpt":{"rendered":"<p>Fon\u00f3grafo de disco Path\u00e9. Modelo Salon N.\u00b0 5. Fabricado por la compa\u00f1\u00eda Path\u00e9. 1906 (Francia) Los hermanos franceses Path\u00e9 crearon su propia compa\u00f1\u00eda fonogr\u00e1fica en la d\u00e9cada de 1890. Este instrumento tiene una hermosa placa de identificaci\u00f3n de cristal en el frente y reminiscencias de estilo europeo. En lugar de llevar un r\u00f3tulo de papel, [&hellip;]<\/p>\n","protected":false},"author":1,"featured_media":0,"parent":0,"menu_order":0,"comment_status":"closed","ping_status":"closed","template":"","meta":{"_et_pb_use_builder":"on","_et_pb_old_content":"","_et_gb_content_width":"","footnotes":""},"categories":[],"tags":[],"distributor_meta":false,"distributor_terms":false,"distributor_media":false,"distributor_original_site_name":"Spanish - Min-On Website","distributor_original_site_url":"https:\/\/www.min-on.org\/es","_links":{"self":[{"href":"https:\/\/www.min-on.org\/es\/wp-json\/wp\/v2\/pages\/6887"}],"collection":[{"href":"https:\/\/www.min-on.org\/es\/wp-json\/wp\/v2\/pages"}],"about":[{"href":"https:\/\/www.min-on.org\/es\/wp-json\/wp\/v2\/types\/page"}],"author":[{"embeddable":true,"href":"https:\/\/www.min-on.org\/es\/wp-json\/wp\/v2\/users\/1"}],"replies":[{"embeddable":true,"href":"https:\/\/www.min-on.org\/es\/wp-json\/wp\/v2\/comments?post=6887"}],"version-history":[{"count":3,"href":"https:\/\/www.min-on.org\/es\/wp-json\/wp\/v2\/pages\/6887\/revisions"}],"predecessor-version":[{"id":7057,"href":"https:\/\/www.min-on.org\/es\/wp-json\/wp\/v2\/pages\/6887\/revisions\/7057"}],"wp:attachment":[{"href":"https:\/\/www.min-on.org\/es\/wp-json\/wp\/v2\/media?parent=6887"}],"wp:term":[{"taxonomy":"category","embeddable":true,"href":"https:\/\/www.min-on.org\/es\/wp-json\/wp\/v2\/categories?post=6887"},{"taxonomy":"post_tag","embeddable":true,"href":"https:\/\/www.min-on.org\/es\/wp-json\/wp\/v2\/tags?post=6887"}],"curies":[{"name":"wp","href":"https:\/\/api.w.org\/{rel}","templated":true}]}}