{"id":6883,"date":"2018-08-30T11:49:21","date_gmt":"2018-08-30T11:49:21","guid":{"rendered":"http:\/\/min-on.matthewbyrt.com\/?page_id=6883"},"modified":"2018-09-14T14:46:27","modified_gmt":"2018-09-14T14:46:27","slug":"cylinder-phonograph-edison-home-model-a","status":"publish","type":"page","link":"https:\/\/www.min-on.org\/es\/cylinder-phonograph-edison-home-model-a\/","title":{"rendered":"Fon\u00f3grafo de cilindro Edison. Modelo \u00abA\u00bb de uso familiar. Fabricado por la Compa\u00f1\u00eda Fonogr\u00e1fica Edison."},"content":{"rendered":"<p>[et_pb_section bb_built=\u00bb1&#8243; fullwidth=\u00bboff\u00bb specialty=\u00bbon\u00bb][et_pb_column type=\u00bb3_4&#8243; specialty_columns=\u00bb3&#8243;][et_pb_row_inner admin_label=\u00bbRow\u00bb _builder_version=\u00bb3.12&#8243;][et_pb_column_inner type=\u00bb1_2&#8243; saved_specialty_column_type=\u00bb3_4&#8243;][et_pb_text _builder_version=\u00bb3.12&#8243;]<\/p>\n<h1>Fon\u00f3grafo de cilindro Edison. Modelo \u00abA\u00bb de uso familiar. Fabricado por la Compa\u00f1\u00eda Fonogr\u00e1fica Edison. <\/h1>\n<p style=\"font-weight: 600;\">1903 (EE.UU.)<\/p>\n<p>Diez a\u00f1os despu\u00e9s de que Edison inventara su primer fon\u00f3grafo, fund\u00f3 la Compa\u00f1\u00eda Fonogr\u00e1fica Edison. Al cabo de diversos desarrollos, produjo un ingente n\u00famero de fon\u00f3grafos que funcionaban a cuerda.<\/p>\n<p>\tEstos aparatos, equipados con bocinas con forma de trompeta, se denominaron \u00abde maleta\u00bb y se orientaron al uso general en los hogares, con registros en cilindros que solo permit\u00edan grabaciones de dos minutos de duraci\u00f3n. El fon\u00f3grafo se montaba en un gabinete de roble con una tapa c\u00f3ncava que se separaba para poder acoplar la bocina y accionar la reproducci\u00f3n.<\/p>\n<p>[\/et_pb_text][\/et_pb_column_inner][et_pb_column_inner type=\u00bb1_2&#8243; saved_specialty_column_type=\u00bb3_4&#8243;][et_pb_image _builder_version=\u00bb3.12&#8243; src=\u00bbhttps:\/\/www.min-on.org\/es\/wp-content\/uploads\/sites\/4\/2018\/08\/Edison-Home-Model-A.jpg\u00bb align=\u00bbcenter\u00bb force_fullwidth=\u00bbon\u00bb \/][\/et_pb_column_inner][\/et_pb_row_inner][\/et_pb_column][et_pb_column type=\u00bb1_4&#8243;][et_pb_sidebar _builder_version=\u00bb3.12&#8243; area=\u00bbet_pb_widget_area_11&#8243; module_class=\u00bbmuseumSidebar\u00bb \/][\/et_pb_column][\/et_pb_section]<\/p>\n","protected":false},"excerpt":{"rendered":"<p>Fon\u00f3grafo de cilindro Edison. Modelo \u00abA\u00bb de uso familiar. Fabricado por la Compa\u00f1\u00eda Fonogr\u00e1fica Edison. 1903 (EE.UU.) Diez a\u00f1os despu\u00e9s de que Edison inventara su primer fon\u00f3grafo, fund\u00f3 la Compa\u00f1\u00eda Fonogr\u00e1fica Edison. Al cabo de diversos desarrollos, produjo un ingente n\u00famero de fon\u00f3grafos que funcionaban a cuerda. Estos aparatos, equipados con bocinas con forma de [&hellip;]<\/p>\n","protected":false},"author":1,"featured_media":0,"parent":0,"menu_order":0,"comment_status":"closed","ping_status":"closed","template":"","meta":{"_et_pb_use_builder":"on","_et_pb_old_content":"","_et_gb_content_width":"","footnotes":""},"categories":[],"tags":[],"distributor_meta":false,"distributor_terms":false,"distributor_media":false,"distributor_original_site_name":"Spanish - Min-On Website","distributor_original_site_url":"https:\/\/www.min-on.org\/es","_links":{"self":[{"href":"https:\/\/www.min-on.org\/es\/wp-json\/wp\/v2\/pages\/6883"}],"collection":[{"href":"https:\/\/www.min-on.org\/es\/wp-json\/wp\/v2\/pages"}],"about":[{"href":"https:\/\/www.min-on.org\/es\/wp-json\/wp\/v2\/types\/page"}],"author":[{"embeddable":true,"href":"https:\/\/www.min-on.org\/es\/wp-json\/wp\/v2\/users\/1"}],"replies":[{"embeddable":true,"href":"https:\/\/www.min-on.org\/es\/wp-json\/wp\/v2\/comments?post=6883"}],"version-history":[{"count":2,"href":"https:\/\/www.min-on.org\/es\/wp-json\/wp\/v2\/pages\/6883\/revisions"}],"predecessor-version":[{"id":7055,"href":"https:\/\/www.min-on.org\/es\/wp-json\/wp\/v2\/pages\/6883\/revisions\/7055"}],"wp:attachment":[{"href":"https:\/\/www.min-on.org\/es\/wp-json\/wp\/v2\/media?parent=6883"}],"wp:term":[{"taxonomy":"category","embeddable":true,"href":"https:\/\/www.min-on.org\/es\/wp-json\/wp\/v2\/categories?post=6883"},{"taxonomy":"post_tag","embeddable":true,"href":"https:\/\/www.min-on.org\/es\/wp-json\/wp\/v2\/tags?post=6883"}],"curies":[{"name":"wp","href":"https:\/\/api.w.org\/{rel}","templated":true}]}}