{"id":6880,"date":"2018-08-30T11:45:49","date_gmt":"2018-08-30T11:45:49","guid":{"rendered":"http:\/\/min-on.matthewbyrt.com\/?page_id=6880"},"modified":"2018-11-04T12:58:25","modified_gmt":"2018-11-04T12:58:25","slug":"music-box-reginaphone-style-240-regina","status":"publish","type":"page","link":"https:\/\/www.min-on.org\/es\/music-box-reginaphone-style-240-regina\/","title":{"rendered":"Caja musical \u00abReginaphone\u00bb. Modelo N.\u00b0 240\u00bb. Fabricada por la compa\u00f1\u00eda Regina. 1905 (EE.UU.)"},"content":{"rendered":"<p>[et_pb_section bb_built=\u00bb1&#8243; fullwidth=\u00bboff\u00bb specialty=\u00bbon\u00bb][et_pb_column type=\u00bb3_4&#8243; specialty_columns=\u00bb3&#8243;][et_pb_row_inner admin_label=\u00bbRow\u00bb _builder_version=\u00bb3.12&#8243;][et_pb_column_inner type=\u00bb1_2&#8243; saved_specialty_column_type=\u00bb3_4&#8243;][et_pb_text _builder_version=\u00bb3.12&#8243;]<\/p>\n<h1>Caja musical \u00abReginaphone\u00bb. Modelo N.\u00b0 240\u00bb. Fabricada por la compa\u00f1\u00eda Regina.<br \/>\n1905 (EE.UU.)<\/h1>\n<p style=\"font-weight: 600;\">1905 (EE.UU.)<\/p>\n<p>La invenci\u00f3n del fon\u00f3grafo, patentada por Edison, llev\u00f3 al borde de la extinci\u00f3n a las cajas musicales, que hab\u00edan sido el instrumento autom\u00e1tico tradicional del siglo XIX. Este aparato fue la \u00faltima gran creaci\u00f3n de la empresa Regina, en la cual volc\u00f3 todos sus recursos, aun en el ocaso de su ciclo productivo. En una labor conjunta con la empresa American Gramophone Co., se ide\u00f3 un instrumento capaz de ser caja musical y fon\u00f3grafo al mismo tiempo.  <\/p>\n<p>\tAs\u00ed, se logr\u00f3 un aparato de la mejor calidad, que refleja claramente los cambios tecnol\u00f3gicos de su \u00e9poca. Es una pieza muy valiosa, pues solo muy pocos ejemplares de este modelo se han conservado hasta la actualidad.<\/p>\n<p>[\/et_pb_text][\/et_pb_column_inner][et_pb_column_inner type=\u00bb1_2&#8243; saved_specialty_column_type=\u00bb3_4&#8243;][et_pb_image _builder_version=\u00bb3.15&#8243; src=\u00bbhttps:\/\/www.min-on.org\/es\/wp-content\/uploads\/sites\/4\/2018\/11\/5-Music-Box-Regibaphone-Style-240.jpg\u00bb align=\u00bbcenter\u00bb force_fullwidth=\u00bbon\u00bb \/][\/et_pb_column_inner][\/et_pb_row_inner][\/et_pb_column][et_pb_column type=\u00bb1_4&#8243;][et_pb_sidebar _builder_version=\u00bb3.12&#8243; area=\u00bbet_pb_widget_area_11&#8243; module_class=\u00bbmuseumSidebar\u00bb \/][\/et_pb_column][\/et_pb_section]<\/p>\n","protected":false},"excerpt":{"rendered":"<p>Caja musical \u00abReginaphone\u00bb. Modelo N.\u00b0 240\u00bb. Fabricada por la compa\u00f1\u00eda Regina. 1905 (EE.UU.) 1905 (EE.UU.) La invenci\u00f3n del fon\u00f3grafo, patentada por Edison, llev\u00f3 al borde de la extinci\u00f3n a las cajas musicales, que hab\u00edan sido el instrumento autom\u00e1tico tradicional del siglo XIX. Este aparato fue la \u00faltima gran creaci\u00f3n de la empresa Regina, en la [&hellip;]<\/p>\n","protected":false},"author":1,"featured_media":0,"parent":0,"menu_order":0,"comment_status":"closed","ping_status":"closed","template":"","meta":{"_et_pb_use_builder":"on","_et_pb_old_content":"","_et_gb_content_width":"","footnotes":""},"categories":[],"tags":[],"distributor_meta":false,"distributor_terms":false,"distributor_media":false,"distributor_original_site_name":"Spanish - Min-On Website","distributor_original_site_url":"https:\/\/www.min-on.org\/es","_links":{"self":[{"href":"https:\/\/www.min-on.org\/es\/wp-json\/wp\/v2\/pages\/6880"}],"collection":[{"href":"https:\/\/www.min-on.org\/es\/wp-json\/wp\/v2\/pages"}],"about":[{"href":"https:\/\/www.min-on.org\/es\/wp-json\/wp\/v2\/types\/page"}],"author":[{"embeddable":true,"href":"https:\/\/www.min-on.org\/es\/wp-json\/wp\/v2\/users\/1"}],"replies":[{"embeddable":true,"href":"https:\/\/www.min-on.org\/es\/wp-json\/wp\/v2\/comments?post=6880"}],"version-history":[{"count":4,"href":"https:\/\/www.min-on.org\/es\/wp-json\/wp\/v2\/pages\/6880\/revisions"}],"predecessor-version":[{"id":7819,"href":"https:\/\/www.min-on.org\/es\/wp-json\/wp\/v2\/pages\/6880\/revisions\/7819"}],"wp:attachment":[{"href":"https:\/\/www.min-on.org\/es\/wp-json\/wp\/v2\/media?parent=6880"}],"wp:term":[{"taxonomy":"category","embeddable":true,"href":"https:\/\/www.min-on.org\/es\/wp-json\/wp\/v2\/categories?post=6880"},{"taxonomy":"post_tag","embeddable":true,"href":"https:\/\/www.min-on.org\/es\/wp-json\/wp\/v2\/tags?post=6880"}],"curies":[{"name":"wp","href":"https:\/\/api.w.org\/{rel}","templated":true}]}}