{"id":6869,"date":"2018-08-30T11:27:52","date_gmt":"2018-08-30T11:27:52","guid":{"rendered":"http:\/\/min-on.matthewbyrt.com\/?page_id=6869"},"modified":"2018-09-14T13:48:22","modified_gmt":"2018-09-14T13:48:22","slug":"music-box-polyphon-style-104-coin-operated-type-polyphon","status":"publish","type":"page","link":"https:\/\/www.min-on.org\/es\/music-box-polyphon-style-104-coin-operated-type-polyphon\/","title":{"rendered":"Caja musical \u00abPolyphon\u00bb. Modelo N.\u00b0 104. Fabricada por la compa\u00f1\u00eda Polyphon. Funcionamiento con monedas"},"content":{"rendered":"<p>[et_pb_section bb_built=\u00bb1&#8243; fullwidth=\u00bboff\u00bb specialty=\u00bbon\u00bb][et_pb_column type=\u00bb3_4&#8243; specialty_columns=\u00bb3&#8243;][et_pb_row_inner admin_label=\u00bbRow\u00bb _builder_version=\u00bb3.12&#8243;][et_pb_column_inner type=\u00bb1_2&#8243; saved_specialty_column_type=\u00bb3_4&#8243;][et_pb_text _builder_version=\u00bb3.12&#8243;]<\/p>\n<h1>Caja musical \u00abPolyphon\u00bb. Modelo N.\u00b0 104. Fabricada por la compa\u00f1\u00eda Polyphon. Funcionamiento con monedas<\/h1>\n<p style=\"font-weight: 600;\">c. 1890 (Alemania)<\/p>\n<p>Polyphon, que junto con Symphonion y Regina fue uno de los tres principales fabricantes de cajas musicales, en su \u00e9poca se jact\u00f3 de tener el mayor volumen de producci\u00f3n del mundo. Tan amplia fue la fama de la compa\u00f1\u00eda, que el nombre \u00abPolyphon\u00bb se convirti\u00f3 en sin\u00f3nimo de cajas musicales de disco. Este ejemplar es una caja de m\u00fasica vertical de un modelo que, en su \u00e9poca, se produjo en grandes cantidades, destinado a lugares p\u00fablicos como tabernas o restaurantes, para entretenimiento de la clientela. Cumpl\u00eda una funci\u00f3n an\u00e1loga a la de las \u00abrockolas\u00bb actuales. Su gabinete de roble tallado recrea el estilo europeo, mientras que el mecanismo permite reproducir la m\u00fasica con gran potencia de volumen.<\/p>\n<p>[\/et_pb_text][\/et_pb_column_inner][et_pb_column_inner type=\u00bb1_2&#8243; saved_specialty_column_type=\u00bb3_4&#8243;][et_pb_image _builder_version=\u00bb3.12&#8243; src=\u00bbhttps:\/\/www.min-on.org\/es\/wp-content\/uploads\/sites\/4\/2018\/08\/38-Symphonion-Musicwerke.jpg\u00bb align=\u00bbcenter\u00bb force_fullwidth=\u00bbon\u00bb \/][\/et_pb_column_inner][\/et_pb_row_inner][\/et_pb_column][et_pb_column type=\u00bb1_4&#8243;][et_pb_sidebar _builder_version=\u00bb3.12&#8243; area=\u00bbet_pb_widget_area_11&#8243; module_class=\u00bbmuseumSidebar\u00bb \/][\/et_pb_column][\/et_pb_section]<\/p>\n","protected":false},"excerpt":{"rendered":"<p>Caja musical \u00abPolyphon\u00bb. Modelo N.\u00b0 104. Fabricada por la compa\u00f1\u00eda Polyphon. Funcionamiento con monedas c. 1890 (Alemania) Polyphon, que junto con Symphonion y Regina fue uno de los tres principales fabricantes de cajas musicales, en su \u00e9poca se jact\u00f3 de tener el mayor volumen de producci\u00f3n del mundo. Tan amplia fue la fama de la [&hellip;]<\/p>\n","protected":false},"author":1,"featured_media":0,"parent":0,"menu_order":0,"comment_status":"closed","ping_status":"closed","template":"","meta":{"_et_pb_use_builder":"on","_et_pb_old_content":"","_et_gb_content_width":"","footnotes":""},"categories":[],"tags":[],"distributor_meta":false,"distributor_terms":false,"distributor_media":false,"distributor_original_site_name":"Spanish - Min-On Website","distributor_original_site_url":"https:\/\/www.min-on.org\/es","_links":{"self":[{"href":"https:\/\/www.min-on.org\/es\/wp-json\/wp\/v2\/pages\/6869"}],"collection":[{"href":"https:\/\/www.min-on.org\/es\/wp-json\/wp\/v2\/pages"}],"about":[{"href":"https:\/\/www.min-on.org\/es\/wp-json\/wp\/v2\/types\/page"}],"author":[{"embeddable":true,"href":"https:\/\/www.min-on.org\/es\/wp-json\/wp\/v2\/users\/1"}],"replies":[{"embeddable":true,"href":"https:\/\/www.min-on.org\/es\/wp-json\/wp\/v2\/comments?post=6869"}],"version-history":[{"count":5,"href":"https:\/\/www.min-on.org\/es\/wp-json\/wp\/v2\/pages\/6869\/revisions"}],"predecessor-version":[{"id":7065,"href":"https:\/\/www.min-on.org\/es\/wp-json\/wp\/v2\/pages\/6869\/revisions\/7065"}],"wp:attachment":[{"href":"https:\/\/www.min-on.org\/es\/wp-json\/wp\/v2\/media?parent=6869"}],"wp:term":[{"taxonomy":"category","embeddable":true,"href":"https:\/\/www.min-on.org\/es\/wp-json\/wp\/v2\/categories?post=6869"},{"taxonomy":"post_tag","embeddable":true,"href":"https:\/\/www.min-on.org\/es\/wp-json\/wp\/v2\/tags?post=6869"}],"curies":[{"name":"wp","href":"https:\/\/api.w.org\/{rel}","templated":true}]}}