{"id":6861,"date":"2018-08-30T11:22:47","date_gmt":"2018-08-30T11:22:47","guid":{"rendered":"http:\/\/min-on.matthewbyrt.com\/?page_id=6861"},"modified":"2018-09-14T13:47:24","modified_gmt":"2018-09-14T13:47:24","slug":"music-box-sublime-harmonic-piccolo-langdorff-fils","status":"publish","type":"page","link":"https:\/\/www.min-on.org\/es\/music-box-sublime-harmonic-piccolo-langdorff-fils\/","title":{"rendered":"Caja musical Sublime Harmonic. Modelo Piccolo. Fabricada por la compa\u00f1\u00eda Langdorff &#038; Fils."},"content":{"rendered":"<p>[et_pb_section bb_built=\u00bb1&#8243; fullwidth=\u00bboff\u00bb specialty=\u00bbon\u00bb][et_pb_column type=\u00bb3_4&#8243; specialty_columns=\u00bb3&#8243;][et_pb_row_inner admin_label=\u00bbRow\u00bb _builder_version=\u00bb3.12&#8243;][et_pb_column_inner type=\u00bb1_2&#8243; saved_specialty_column_type=\u00bb3_4&#8243;][et_pb_text _builder_version=\u00bb3.12&#8243;]<\/p>\n<h1>Caja musical Sublime Harmonic. Modelo Piccolo. Fabricada por la compa\u00f1\u00eda Langdorff &#038; Fils. <\/h1>\n<p style=\"font-weight: 600;\">1880 (Suiza)<\/p>\n<p>La compa\u00f1\u00eda Langdorff e Hijos, radicada en Ginebra, Suiza, se dedic\u00f3 a la fabricaci\u00f3n de cajas musicales de cilindro. Este instrumento, fabricado en 1880, posee cuatro cilindros que caben en un compartimiento especial en la base. Cada cilindro contiene seis piezas musicales, cuyos nombres se muestran en la tapa trasera. La caja musical tambi\u00e9n est\u00e1 equipada con un \u00abtruco\u00bb anexo, que produce tonos semejantes a los de un instrumento de cuerdas poniendo en contacto un papel fino con los dientes de un peine vibratorio.<\/p>\n<p>[\/et_pb_text][\/et_pb_column_inner][et_pb_column_inner type=\u00bb1_2&#8243; saved_specialty_column_type=\u00bb3_4&#8243;][et_pb_image _builder_version=\u00bb3.12&#8243; src=\u00bbhttps:\/\/www.min-on.org\/es\/wp-content\/uploads\/sites\/4\/2018\/08\/Music-Box-Sublime-Harmonic-Piccolo-Langdorff-Fils.jpg\u00bb align=\u00bbcenter\u00bb force_fullwidth=\u00bbon\u00bb \/][\/et_pb_column_inner][\/et_pb_row_inner][\/et_pb_column][et_pb_column type=\u00bb1_4&#8243;][et_pb_sidebar _builder_version=\u00bb3.12&#8243; area=\u00bbet_pb_widget_area_11&#8243; module_class=\u00bbmuseumSidebar\u00bb \/][\/et_pb_column][\/et_pb_section]<\/p>\n","protected":false},"excerpt":{"rendered":"<p>Caja musical Sublime Harmonic. Modelo Piccolo. Fabricada por la compa\u00f1\u00eda Langdorff &#038; Fils. 1880 (Suiza) La compa\u00f1\u00eda Langdorff e Hijos, radicada en Ginebra, Suiza, se dedic\u00f3 a la fabricaci\u00f3n de cajas musicales de cilindro. Este instrumento, fabricado en 1880, posee cuatro cilindros que caben en un compartimiento especial en la base. Cada cilindro contiene seis [&hellip;]<\/p>\n","protected":false},"author":1,"featured_media":0,"parent":0,"menu_order":0,"comment_status":"closed","ping_status":"closed","template":"","meta":{"_et_pb_use_builder":"on","_et_pb_old_content":"","_et_gb_content_width":"","footnotes":""},"categories":[],"tags":[],"distributor_meta":false,"distributor_terms":false,"distributor_media":false,"distributor_original_site_name":"Spanish - Min-On Website","distributor_original_site_url":"https:\/\/www.min-on.org\/es","_links":{"self":[{"href":"https:\/\/www.min-on.org\/es\/wp-json\/wp\/v2\/pages\/6861"}],"collection":[{"href":"https:\/\/www.min-on.org\/es\/wp-json\/wp\/v2\/pages"}],"about":[{"href":"https:\/\/www.min-on.org\/es\/wp-json\/wp\/v2\/types\/page"}],"author":[{"embeddable":true,"href":"https:\/\/www.min-on.org\/es\/wp-json\/wp\/v2\/users\/1"}],"replies":[{"embeddable":true,"href":"https:\/\/www.min-on.org\/es\/wp-json\/wp\/v2\/comments?post=6861"}],"version-history":[{"count":3,"href":"https:\/\/www.min-on.org\/es\/wp-json\/wp\/v2\/pages\/6861\/revisions"}],"predecessor-version":[{"id":7061,"href":"https:\/\/www.min-on.org\/es\/wp-json\/wp\/v2\/pages\/6861\/revisions\/7061"}],"wp:attachment":[{"href":"https:\/\/www.min-on.org\/es\/wp-json\/wp\/v2\/media?parent=6861"}],"wp:term":[{"taxonomy":"category","embeddable":true,"href":"https:\/\/www.min-on.org\/es\/wp-json\/wp\/v2\/categories?post=6861"},{"taxonomy":"post_tag","embeddable":true,"href":"https:\/\/www.min-on.org\/es\/wp-json\/wp\/v2\/tags?post=6861"}],"curies":[{"name":"wp","href":"https:\/\/api.w.org\/{rel}","templated":true}]}}