{"id":6853,"date":"2018-08-30T11:05:26","date_gmt":"2018-08-30T11:05:26","guid":{"rendered":"http:\/\/min-on.matthewbyrt.com\/?page_id=6853"},"modified":"2018-09-14T13:45:35","modified_gmt":"2018-09-14T13:45:35","slug":"automata-pierrot-and-chair","status":"publish","type":"page","link":"https:\/\/www.min-on.org\/es\/automata-pierrot-and-chair\/","title":{"rendered":"Aut\u00f3mata \u00abPierrot y silla\u00bb"},"content":{"rendered":"<p>[et_pb_section bb_built=\u00bb1&#8243; fullwidth=\u00bboff\u00bb specialty=\u00bbon\u00bb][et_pb_column type=\u00bb3_4&#8243; specialty_columns=\u00bb3&#8243;][et_pb_row_inner admin_label=\u00bbRow\u00bb _builder_version=\u00bb3.12&#8243;][et_pb_column_inner type=\u00bb1_2&#8243; saved_specialty_column_type=\u00bb3_4&#8243;][et_pb_text _builder_version=\u00bb3.12&#8243;]<\/p>\n<h1>Aut\u00f3mata \u00abPierrot y silla\u00bb<\/h1>\n<p style=\"font-weight: 600;\">1986 (Suiza) <\/p>\n<p>Este aut\u00f3mata, fabricado por la compa\u00f1\u00eda suiza Michelle Bertran en 1986, es un mu\u00f1eco mec\u00e1nico del tipo karakuri, que trae incorporada una caja musical. El payaso levanta la silla y se yergue sobre las manos haciendo \u00abla vertical\u00bb al son de la m\u00fasica. Ya que esta tecnolog\u00eda se relaciona de cerca con los mecanismos de relojer\u00eda, muchos relojeros artesanos tambi\u00e9n fabricaban este tipo de aut\u00f3matas musicales.<\/p>\n<p>[\/et_pb_text][\/et_pb_column_inner][et_pb_column_inner type=\u00bb1_2&#8243; saved_specialty_column_type=\u00bb3_4&#8243;][et_pb_image _builder_version=\u00bb3.12&#8243; src=\u00bbhttps:\/\/www.min-on.org\/es\/wp-content\/uploads\/sites\/4\/2018\/08\/Automata-\u201cPierrot-and-Chair\u201d.jpg\u00bb align=\u00bbcenter\u00bb force_fullwidth=\u00bbon\u00bb \/][\/et_pb_column_inner][\/et_pb_row_inner][\/et_pb_column][et_pb_column type=\u00bb1_4&#8243;][et_pb_sidebar _builder_version=\u00bb3.12&#8243; area=\u00bbet_pb_widget_area_11&#8243; module_class=\u00bbmuseumSidebar\u00bb \/][\/et_pb_column][\/et_pb_section]<\/p>\n","protected":false},"excerpt":{"rendered":"<p>Aut\u00f3mata \u00abPierrot y silla\u00bb 1986 (Suiza) Este aut\u00f3mata, fabricado por la compa\u00f1\u00eda suiza Michelle Bertran en 1986, es un mu\u00f1eco mec\u00e1nico del tipo karakuri, que trae incorporada una caja musical. El payaso levanta la silla y se yergue sobre las manos haciendo \u00abla vertical\u00bb al son de la m\u00fasica. Ya que esta tecnolog\u00eda se relaciona [&hellip;]<\/p>\n","protected":false},"author":1,"featured_media":0,"parent":0,"menu_order":0,"comment_status":"closed","ping_status":"closed","template":"","meta":{"_et_pb_use_builder":"on","_et_pb_old_content":"","_et_gb_content_width":"","footnotes":""},"categories":[],"tags":[],"distributor_meta":false,"distributor_terms":false,"distributor_media":false,"distributor_original_site_name":"Spanish - Min-On Website","distributor_original_site_url":"https:\/\/www.min-on.org\/es","_links":{"self":[{"href":"https:\/\/www.min-on.org\/es\/wp-json\/wp\/v2\/pages\/6853"}],"collection":[{"href":"https:\/\/www.min-on.org\/es\/wp-json\/wp\/v2\/pages"}],"about":[{"href":"https:\/\/www.min-on.org\/es\/wp-json\/wp\/v2\/types\/page"}],"author":[{"embeddable":true,"href":"https:\/\/www.min-on.org\/es\/wp-json\/wp\/v2\/users\/1"}],"replies":[{"embeddable":true,"href":"https:\/\/www.min-on.org\/es\/wp-json\/wp\/v2\/comments?post=6853"}],"version-history":[{"count":4,"href":"https:\/\/www.min-on.org\/es\/wp-json\/wp\/v2\/pages\/6853\/revisions"}],"predecessor-version":[{"id":7051,"href":"https:\/\/www.min-on.org\/es\/wp-json\/wp\/v2\/pages\/6853\/revisions\/7051"}],"wp:attachment":[{"href":"https:\/\/www.min-on.org\/es\/wp-json\/wp\/v2\/media?parent=6853"}],"wp:term":[{"taxonomy":"category","embeddable":true,"href":"https:\/\/www.min-on.org\/es\/wp-json\/wp\/v2\/categories?post=6853"},{"taxonomy":"post_tag","embeddable":true,"href":"https:\/\/www.min-on.org\/es\/wp-json\/wp\/v2\/tags?post=6853"}],"curies":[{"name":"wp","href":"https:\/\/api.w.org\/{rel}","templated":true}]}}