{"id":6843,"date":"2018-08-30T10:56:38","date_gmt":"2018-08-30T10:56:38","guid":{"rendered":"http:\/\/min-on.matthewbyrt.com\/?page_id=6843"},"modified":"2018-09-14T13:46:02","modified_gmt":"2018-09-14T13:46:02","slug":"hand-cranked-organ-type-1-organetta","status":"publish","type":"page","link":"https:\/\/www.min-on.org\/es\/hand-cranked-organ-type-1-organetta\/","title":{"rendered":"\u00d3rgano a manivela. Tipo 1. Fabricado por la compa\u00f1\u00eda Organetta."},"content":{"rendered":"<p>[et_pb_section bb_built=\u00bb1&#8243; fullwidth=\u00bboff\u00bb specialty=\u00bbon\u00bb][et_pb_column type=\u00bb3_4&#8243; specialty_columns=\u00bb3&#8243;][et_pb_row_inner admin_label=\u00bbRow\u00bb _builder_version=\u00bb3.12&#8243;][et_pb_column_inner type=\u00bb1_2&#8243; saved_specialty_column_type=\u00bb3_4&#8243;][et_pb_text _builder_version=\u00bb3.12&#8243;]<\/p>\n<h1>\u00d3rgano a manivela. Tipo 1. Fabricado por la compa\u00f1\u00eda Organetta. <\/h1>\n<p style=\"font-weight: 600;\">1991 (Jap\u00f3n) <\/p>\n<p>Este instrumento es un \u00f3rgano de fuelle a manivela. Tiene un arreglo de 38 tubos met\u00e1licos de dos clases, que producen sonidos graves y agudos, y est\u00e1 equipado con campanas y tambores como instrumentos secundarios. El sonido se genera insertando una tarjeta perforada que contiene la m\u00fasica y ajustando la manivela. El libro adjunto contiene cuatro piezas musicales.<\/p>\n<p>[\/et_pb_text][\/et_pb_column_inner][et_pb_column_inner type=\u00bb1_2&#8243; saved_specialty_column_type=\u00bb3_4&#8243;][et_pb_image _builder_version=\u00bb3.12&#8243; src=\u00bbhttps:\/\/www.min-on.org\/es\/wp-content\/uploads\/sites\/4\/2018\/08\/Type-1-Organetta.jpg\u00bb align=\u00bbcenter\u00bb force_fullwidth=\u00bbon\u00bb \/][\/et_pb_column_inner][\/et_pb_row_inner][\/et_pb_column][et_pb_column type=\u00bb1_4&#8243;][et_pb_sidebar _builder_version=\u00bb3.12&#8243; area=\u00bbet_pb_widget_area_11&#8243; module_class=\u00bbmuseumSidebar\u00bb \/][\/et_pb_column][\/et_pb_section]<\/p>\n","protected":false},"excerpt":{"rendered":"<p>\u00d3rgano a manivela. Tipo 1. Fabricado por la compa\u00f1\u00eda Organetta. 1991 (Jap\u00f3n) Este instrumento es un \u00f3rgano de fuelle a manivela. Tiene un arreglo de 38 tubos met\u00e1licos de dos clases, que producen sonidos graves y agudos, y est\u00e1 equipado con campanas y tambores como instrumentos secundarios. El sonido se genera insertando una tarjeta perforada [&hellip;]<\/p>\n","protected":false},"author":1,"featured_media":0,"parent":0,"menu_order":0,"comment_status":"closed","ping_status":"closed","template":"","meta":{"_et_pb_use_builder":"on","_et_pb_old_content":"","_et_gb_content_width":"","footnotes":""},"categories":[],"tags":[],"distributor_meta":false,"distributor_terms":false,"distributor_media":false,"distributor_original_site_name":"Spanish - Min-On Website","distributor_original_site_url":"https:\/\/www.min-on.org\/es","_links":{"self":[{"href":"https:\/\/www.min-on.org\/es\/wp-json\/wp\/v2\/pages\/6843"}],"collection":[{"href":"https:\/\/www.min-on.org\/es\/wp-json\/wp\/v2\/pages"}],"about":[{"href":"https:\/\/www.min-on.org\/es\/wp-json\/wp\/v2\/types\/page"}],"author":[{"embeddable":true,"href":"https:\/\/www.min-on.org\/es\/wp-json\/wp\/v2\/users\/1"}],"replies":[{"embeddable":true,"href":"https:\/\/www.min-on.org\/es\/wp-json\/wp\/v2\/comments?post=6843"}],"version-history":[{"count":4,"href":"https:\/\/www.min-on.org\/es\/wp-json\/wp\/v2\/pages\/6843\/revisions"}],"predecessor-version":[{"id":7053,"href":"https:\/\/www.min-on.org\/es\/wp-json\/wp\/v2\/pages\/6843\/revisions\/7053"}],"wp:attachment":[{"href":"https:\/\/www.min-on.org\/es\/wp-json\/wp\/v2\/media?parent=6843"}],"wp:term":[{"taxonomy":"category","embeddable":true,"href":"https:\/\/www.min-on.org\/es\/wp-json\/wp\/v2\/categories?post=6843"},{"taxonomy":"post_tag","embeddable":true,"href":"https:\/\/www.min-on.org\/es\/wp-json\/wp\/v2\/tags?post=6843"}],"curies":[{"name":"wp","href":"https:\/\/api.w.org\/{rel}","templated":true}]}}