{"id":6840,"date":"2018-08-30T10:44:01","date_gmt":"2018-08-30T10:44:01","guid":{"rendered":"http:\/\/min-on.matthewbyrt.com\/?page_id=6840"},"modified":"2018-11-04T12:23:48","modified_gmt":"2018-11-04T12:23:48","slug":"fairy-tale-organ","status":"publish","type":"page","link":"https:\/\/www.min-on.org\/es\/fairy-tale-organ\/","title":{"rendered":"\u00d3rgano \u00abCuento de Hadas\u00bb"},"content":{"rendered":"<p>[et_pb_section bb_built=\u00bb1&#8243; fullwidth=\u00bboff\u00bb specialty=\u00bbon\u00bb][et_pb_column type=\u00bb3_4&#8243; specialty_columns=\u00bb3&#8243;][et_pb_row_inner admin_label=\u00bbRow\u00bb _builder_version=\u00bb3.12&#8243;][et_pb_column_inner type=\u00bb1_2&#8243; saved_specialty_column_type=\u00bb3_4&#8243;][et_pb_text _builder_version=\u00bb3.12&#8243;]<\/p>\n<h1>\u00d3rgano \u00abCuento de Hadas\u00bb  <\/h1>\n<p style=\"font-weight: 600;\">1996 (Alemania)<\/p>\n<p>El \u00f3rgano \u00abcuento de hadas\u00bb es un \u00f3rgano callejero que tiene incorporados personajes mec\u00e1nicos de cuentos de hadas. Mientras suena la m\u00fasica, se muestra una escena animada; por ejemplo, una gallina pone un huevo de oro que cae en la boca de un sapo, y una avecilla sale volando de un pilar. El \u00f3rgano interpreta siete melod\u00edas; entre ellas, la popular canci\u00f3n japonesa \u00abSakura\u00bb. Es un instrumento que funciona con monedas.<\/p>\n<p>[\/et_pb_text][\/et_pb_column_inner][et_pb_column_inner type=\u00bb1_2&#8243; saved_specialty_column_type=\u00bb3_4&#8243;][et_pb_image _builder_version=\u00bb3.15&#8243; src=\u00bbhttps:\/\/www.min-on.org\/es\/wp-content\/uploads\/sites\/4\/2018\/11\/1-Fairly-tale-Organ.jpg\u00bb align=\u00bbcenter\u00bb force_fullwidth=\u00bbon\u00bb \/][\/et_pb_column_inner][\/et_pb_row_inner][\/et_pb_column][et_pb_column type=\u00bb1_4&#8243;][et_pb_sidebar _builder_version=\u00bb3.12&#8243; area=\u00bbet_pb_widget_area_11&#8243; module_class=\u00bbmuseumSidebar\u00bb \/][\/et_pb_column][\/et_pb_section]<\/p>\n","protected":false},"excerpt":{"rendered":"<p>\u00d3rgano \u00abCuento de Hadas\u00bb 1996 (Alemania) El \u00f3rgano \u00abcuento de hadas\u00bb es un \u00f3rgano callejero que tiene incorporados personajes mec\u00e1nicos de cuentos de hadas. Mientras suena la m\u00fasica, se muestra una escena animada; por ejemplo, una gallina pone un huevo de oro que cae en la boca de un sapo, y una avecilla sale volando [&hellip;]<\/p>\n","protected":false},"author":1,"featured_media":0,"parent":0,"menu_order":0,"comment_status":"closed","ping_status":"closed","template":"","meta":{"_et_pb_use_builder":"on","_et_pb_old_content":"","_et_gb_content_width":"","footnotes":""},"categories":[],"tags":[],"distributor_meta":false,"distributor_terms":false,"distributor_media":false,"distributor_original_site_name":"Spanish - Min-On Website","distributor_original_site_url":"https:\/\/www.min-on.org\/es","_links":{"self":[{"href":"https:\/\/www.min-on.org\/es\/wp-json\/wp\/v2\/pages\/6840"}],"collection":[{"href":"https:\/\/www.min-on.org\/es\/wp-json\/wp\/v2\/pages"}],"about":[{"href":"https:\/\/www.min-on.org\/es\/wp-json\/wp\/v2\/types\/page"}],"author":[{"embeddable":true,"href":"https:\/\/www.min-on.org\/es\/wp-json\/wp\/v2\/users\/1"}],"replies":[{"embeddable":true,"href":"https:\/\/www.min-on.org\/es\/wp-json\/wp\/v2\/comments?post=6840"}],"version-history":[{"count":5,"href":"https:\/\/www.min-on.org\/es\/wp-json\/wp\/v2\/pages\/6840\/revisions"}],"predecessor-version":[{"id":7814,"href":"https:\/\/www.min-on.org\/es\/wp-json\/wp\/v2\/pages\/6840\/revisions\/7814"}],"wp:attachment":[{"href":"https:\/\/www.min-on.org\/es\/wp-json\/wp\/v2\/media?parent=6840"}],"wp:term":[{"taxonomy":"category","embeddable":true,"href":"https:\/\/www.min-on.org\/es\/wp-json\/wp\/v2\/categories?post=6840"},{"taxonomy":"post_tag","embeddable":true,"href":"https:\/\/www.min-on.org\/es\/wp-json\/wp\/v2\/tags?post=6840"}],"curies":[{"name":"wp","href":"https:\/\/api.w.org\/{rel}","templated":true}]}}