{"id":6701,"date":"2018-08-29T17:12:23","date_gmt":"2018-08-29T17:12:23","guid":{"rendered":"http:\/\/min-on.matthewbyrt.com\/?page_id=6701"},"modified":"2024-03-26T01:55:13","modified_gmt":"2024-03-26T01:55:13","slug":"min-on-global-music-network","status":"publish","type":"page","link":"https:\/\/www.min-on.org\/es\/min-on-global-music-network\/","title":{"rendered":"Red Global Musical Min-On"},"content":{"rendered":"<p>[et_pb_section bb_built=\u00bb1&#8243; next_background_color=\u00bb#000000&#8243; _builder_version=\u00bb3.11&#8243; custom_padding=\u00bb||3% !important|\u00bb inner_width=\u00bbauto\u00bb inner_max_width=\u00bb1080px\u00bb][et_pb_row _builder_version=\u00bb3.11&#8243; custom_padding=\u00bb0px|||\u00bb width=\u00bb80%\u00bb max_width=\u00bb1080px\u00bb][et_pb_column type=\u00bb4_4&#8243; custom_padding__hover=\u00bb|||\u00bb custom_padding=\u00bb|||\u00bb][et_pb_text _builder_version=\u00bb3.12&#8243; text_orientation=\u00bbleft\u00bb]<\/p>\n<h1 style=\"line-height: 36px;\">Red Global Musical Min-On<\/h1>\n<p>[\/et_pb_text][\/et_pb_column][\/et_pb_row][et_pb_row _builder_version=\u00bb3.11&#8243; custom_padding=\u00bb||4%|\u00bb width=\u00bb80%\u00bb max_width=\u00bb1080px\u00bb][et_pb_column type=\u00bb4_4&#8243; custom_padding__hover=\u00bb|||\u00bb custom_padding=\u00bb|||\u00bb][et_pb_image _builder_version=\u00bb3.12&#8243; src=\u00bbhttps:\/\/www.min-on.org\/es\/wp-content\/uploads\/sites\/4\/2018\/08\/Tour-in-Indonesia2018-1-e1535620741625.jpg\u00bb force_fullwidth=\u00bbon\u00bb show_bottom_space=\u00bboff\u00bb align_last_edited=\u00bbon|desktop\u00bb align_tablet=\u00bbcenter\u00bb \/][\/et_pb_column][\/et_pb_row][\/et_pb_section][et_pb_section bb_built=\u00bb1&#8243; specialty=\u00bboff\u00bb prev_background_color=\u00bb#000000&#8243; _builder_version=\u00bb3.7&#8243; custom_padding=\u00bb0px|||\u00bb next_background_color=\u00bb#000000&#8243; inner_width=\u00bbauto\u00bb inner_max_width=\u00bb1080px\u00bb][et_pb_row _builder_version=\u00bb3.7&#8243; disabled_on=\u00bbon|on|on\u00bb disabled=\u00bbon\u00bb collapsed=\u00bbon\u00bb width=\u00bb80%\u00bb max_width=\u00bb1080px\u00bb][et_pb_column type=\u00bb1_2&#8243;][et_pb_text _builder_version=\u00bb3.12&#8243; text_orientation=\u00bbleft\u00bb]<\/p>\n<p>En 2014, Min-On inaugur\u00f3 la Red Global Musical Min-On para promover el intercambio cultural en las j\u00f3venes generaciones.<\/p>\n<p>[\/et_pb_text][\/et_pb_column][et_pb_column type=\u00bb1_2&#8243;][et_pb_text _builder_version=\u00bb3.12&#8243; custom_css_main_element=\u00bbfloat: left;||width: 45%;\u00bb module_class=\u00bbclearfix\u00bb]<\/p>\n<p><img loading=\"lazy\" decoding=\"async\" src=\"https:\/\/www.min-on.org\/es\/wp-content\/uploads\/sites\/4\/2018\/08\/Tour-in-South-Korea2014.jpg\" alt=\"Tour-in-South-Korea(2014)\" width=\"1400\" height=\"933\" class=\"alignnone size-full wp-image-6809\" srcset=\"https:\/\/www.min-on.org\/es\/wp-content\/uploads\/sites\/4\/2018\/08\/Tour-in-South-Korea2014.jpg 1400w, https:\/\/www.min-on.org\/es\/wp-content\/uploads\/sites\/4\/2018\/08\/Tour-in-South-Korea2014-300x200.jpg 300w, https:\/\/www.min-on.org\/es\/wp-content\/uploads\/sites\/4\/2018\/08\/Tour-in-South-Korea2014-768x512.jpg 768w, https:\/\/www.min-on.org\/es\/wp-content\/uploads\/sites\/4\/2018\/08\/Tour-in-South-Korea2014-1024x682.jpg 1024w, https:\/\/www.min-on.org\/es\/wp-content\/uploads\/sites\/4\/2018\/08\/Tour-in-South-Korea2014-1080x720.jpg 1080w\" sizes=\"(max-width: 1400px) 100vw, 1400px\" \/><br \/>\nGira 2014: Corea del Sur<\/p>\n<p>[\/et_pb_text][et_pb_text _builder_version=\u00bb3.12&#8243; custom_css_main_element=\u00bbfloat: right;||width: 45%;||\u00bb custom_css_after=\u00bb   content: %22 %22; \/* Older browser do not support empty content *\/||   visibility: hidden;||   display: block;||   height: 0;||   clear: both;||\u00bb]<\/p>\n<p><img loading=\"lazy\" decoding=\"async\" src=\"https:\/\/www.min-on.org\/es\/wp-content\/uploads\/sites\/4\/2018\/08\/Tour-in-Russia2015.jpg\" alt=\"Tour-in-Russia(2015)\" width=\"1400\" height=\"933\" class=\"alignnone size-full wp-image-6807\" srcset=\"https:\/\/www.min-on.org\/es\/wp-content\/uploads\/sites\/4\/2018\/08\/Tour-in-Russia2015.jpg 1400w, https:\/\/www.min-on.org\/es\/wp-content\/uploads\/sites\/4\/2018\/08\/Tour-in-Russia2015-300x200.jpg 300w, https:\/\/www.min-on.org\/es\/wp-content\/uploads\/sites\/4\/2018\/08\/Tour-in-Russia2015-768x512.jpg 768w, https:\/\/www.min-on.org\/es\/wp-content\/uploads\/sites\/4\/2018\/08\/Tour-in-Russia2015-1024x682.jpg 1024w, https:\/\/www.min-on.org\/es\/wp-content\/uploads\/sites\/4\/2018\/08\/Tour-in-Russia2015-1080x720.jpg 1080w\" sizes=\"(max-width: 1400px) 100vw, 1400px\" \/><br \/>\nGira 2015: Rusia<\/p>\n<p>[\/et_pb_text][et_pb_code _builder_version=\u00bb3.7&#8243; custom_padding=\u00bb0px||0px|\u00bb custom_margin=\u00bb0px||0px|\u00bb]&lt;div style=&quot;clear: both;&quot;&gt;&lt;\/div&gt; &lt;!&#8211; Clear the float &#8211;&gt;[\/et_pb_code][et_pb_text _builder_version=\u00bb3.12&#8243; custom_css_main_element=\u00bbfloat: left;||width: 45%;\u00bb module_class=\u00bbclearfix\u00bb]<\/p>\n<p><img loading=\"lazy\" decoding=\"async\" src=\"https:\/\/www.min-on.org\/es\/wp-content\/uploads\/sites\/4\/2018\/08\/Tour-in-Singapore2016.jpg\" alt=\"Tour-in-Singapore(2016)\" width=\"1400\" height=\"933\" class=\"alignnone size-full wp-image-6808\" srcset=\"https:\/\/www.min-on.org\/es\/wp-content\/uploads\/sites\/4\/2018\/08\/Tour-in-Singapore2016.jpg 1400w, https:\/\/www.min-on.org\/es\/wp-content\/uploads\/sites\/4\/2018\/08\/Tour-in-Singapore2016-300x200.jpg 300w, https:\/\/www.min-on.org\/es\/wp-content\/uploads\/sites\/4\/2018\/08\/Tour-in-Singapore2016-768x512.jpg 768w, https:\/\/www.min-on.org\/es\/wp-content\/uploads\/sites\/4\/2018\/08\/Tour-in-Singapore2016-1024x682.jpg 1024w, https:\/\/www.min-on.org\/es\/wp-content\/uploads\/sites\/4\/2018\/08\/Tour-in-Singapore2016-1080x720.jpg 1080w\" sizes=\"(max-width: 1400px) 100vw, 1400px\" \/><br \/>\nGira 2016: Singapur<\/p>\n<p>[\/et_pb_text][et_pb_text _builder_version=\u00bb3.12&#8243; custom_css_main_element=\u00bbfloat: right;||width: 45%;||\u00bb custom_css_after=\u00bb   content: %22 %22; \/* Older browser do not support empty content *\/||   visibility: hidden;||   display: block;||   height: 0;||   clear: both;||\u00bb]<\/p>\n<p><img loading=\"lazy\" decoding=\"async\" src=\"https:\/\/www.min-on.org\/es\/wp-content\/uploads\/sites\/4\/2018\/08\/Tour-in-Malaysia2017.jpg\" alt=\"Tour-in-Malaysia(2017)\" width=\"1400\" height=\"933\" class=\"alignnone size-full wp-image-6806\" srcset=\"https:\/\/www.min-on.org\/es\/wp-content\/uploads\/sites\/4\/2018\/08\/Tour-in-Malaysia2017.jpg 1400w, https:\/\/www.min-on.org\/es\/wp-content\/uploads\/sites\/4\/2018\/08\/Tour-in-Malaysia2017-300x200.jpg 300w, https:\/\/www.min-on.org\/es\/wp-content\/uploads\/sites\/4\/2018\/08\/Tour-in-Malaysia2017-768x512.jpg 768w, https:\/\/www.min-on.org\/es\/wp-content\/uploads\/sites\/4\/2018\/08\/Tour-in-Malaysia2017-1024x682.jpg 1024w, https:\/\/www.min-on.org\/es\/wp-content\/uploads\/sites\/4\/2018\/08\/Tour-in-Malaysia2017-1080x720.jpg 1080w\" sizes=\"(max-width: 1400px) 100vw, 1400px\" \/><br \/>\nGira 2017: Malasia<\/p>\n<p>[\/et_pb_text][et_pb_code _builder_version=\u00bb3.7&#8243; custom_padding=\u00bb0px||0px|\u00bb custom_margin=\u00bb0px||0px|\u00bb]&lt;div style=&quot;clear: both;&quot;&gt;&lt;\/div&gt; &lt;!&#8211; Clear the float &#8211;&gt;[\/et_pb_code][et_pb_text _builder_version=\u00bb3.12&#8243; custom_css_main_element=\u00bbfloat: left;||width: 45%;\u00bb module_class=\u00bbclearfix\u00bb]<\/p>\n<p><img loading=\"lazy\" decoding=\"async\" src=\"https:\/\/www.min-on.org\/es\/wp-content\/uploads\/sites\/4\/2018\/08\/Tour-in-Indonesia2018.jpg\" alt=\"Tour-in-Indonesia(2018)\" width=\"1400\" height=\"933\" class=\"alignnone size-full wp-image-6805\" srcset=\"https:\/\/www.min-on.org\/es\/wp-content\/uploads\/sites\/4\/2018\/08\/Tour-in-Indonesia2018.jpg 1400w, https:\/\/www.min-on.org\/es\/wp-content\/uploads\/sites\/4\/2018\/08\/Tour-in-Indonesia2018-300x200.jpg 300w, https:\/\/www.min-on.org\/es\/wp-content\/uploads\/sites\/4\/2018\/08\/Tour-in-Indonesia2018-768x512.jpg 768w, https:\/\/www.min-on.org\/es\/wp-content\/uploads\/sites\/4\/2018\/08\/Tour-in-Indonesia2018-1024x682.jpg 1024w, https:\/\/www.min-on.org\/es\/wp-content\/uploads\/sites\/4\/2018\/08\/Tour-in-Indonesia2018-1080x720.jpg 1080w\" sizes=\"(max-width: 1400px) 100vw, 1400px\" \/><br \/>\nGira 2018: Indonesia<\/p>\n<p>[\/et_pb_text][et_pb_code _builder_version=\u00bb3.7&#8243; custom_padding=\u00bb0px||0px|\u00bb custom_margin=\u00bb0px||0px|\u00bb]&lt;div style=&quot;clear: both;&quot;&gt;&lt;\/div&gt; &lt;!&#8211; Clear the float &#8211;&gt;[\/et_pb_code][\/et_pb_column][\/et_pb_row][et_pb_row _builder_version=\u00bb3.15&#8243; use_custom_gutter=\u00bbon\u00bb gutter_width=\u00bb2&#8243; make_equal=\u00bbon\u00bb module_class=\u00bbfloatRow\u00bb width=\u00bb80%\u00bb max_width=\u00bb1080px\u00bb][et_pb_column type=\u00bb1_2&#8243; custom_padding__hover=\u00bb|||\u00bb custom_padding=\u00bb|||\u00bb][et_pb_text _builder_version=\u00bb3.15&#8243; text_orientation=\u00bbleft\u00bb]<\/p>\n<p>La m\u00fasica es un medio de enorme poder. Tiene la facultad de trascender las diferencias \u00e9tnicas y culturales, unir emocionalmente a las personas y crear un c\u00edrculo de amistad cada vez m\u00e1s amplio. Con su promoci\u00f3n de intercambios culturales constantes, Min-On busca crear oportunidades para que las artes esc\u00e9nicas construyan puentes entre los pueblos y para dar forma tangible al deseo de paz en el mundo.<\/p>\n<p>Nuestra entidad ha desempe\u00f1ado un papel decisivo en la difusi\u00f3n de la cultura del Jap\u00f3n en el extranjero, patrocinando giras de importantes compa\u00f1\u00edas musicales y teatrales a m\u00e1s de 20 pa\u00edses y regiones, para cumplir su prop\u00f3sito de impulsar el intercambio cultural en el orbe.<\/p>\n<p>En 2014, Min-On inaugur\u00f3 la Red Global Musical Min-On para promover el intercambio cultural entre los j\u00f3venes.<\/p>\n<p>Deseamos sinceramente contar con el apoyo de ustedes al proyecto MGMN para que los conciertos fomenten un mayor desarrollo de la amistad entre el Jap\u00f3n y los pa\u00edses extranjeros.<\/p>\n<p>[\/et_pb_text][\/et_pb_column][et_pb_column type=\u00bb1_4&#8243; custom_padding__hover=\u00bb|||\u00bb custom_padding=\u00bb|||\u00bb][et_pb_image _builder_version=\u00bb3.15&#8243; show_in_lightbox=\u00bbon\u00bb force_fullwidth=\u00bbon\u00bb show_bottom_space=\u00bboff\u00bb src=\u00bbhttps:\/\/www.min-on.org\/es\/wp-content\/uploads\/sites\/4\/2018\/08\/Tour-in-South-Korea2014.jpg\u00bb align_last_edited=\u00bbon|desktop\u00bb align_tablet=\u00bbcenter\u00bb \/][et_pb_text _builder_version=\u00bb3.15&#8243; text_orientation=\u00bbleft\u00bb]<\/p>\n<p>Gira 2014: Corea del Sur<\/p>\n<p>[\/et_pb_text][et_pb_image _builder_version=\u00bb3.15&#8243; show_in_lightbox=\u00bbon\u00bb force_fullwidth=\u00bbon\u00bb show_bottom_space=\u00bboff\u00bb src=\u00bbhttps:\/\/www.min-on.org\/es\/wp-content\/uploads\/sites\/4\/2018\/08\/Tour-in-Singapore2016.jpg\u00bb align_last_edited=\u00bbon|desktop\u00bb align_tablet=\u00bbcenter\u00bb \/][et_pb_text _builder_version=\u00bb3.15&#8243; text_orientation=\u00bbleft\u00bb]<\/p>\n<p>Gira 2016: Singapur<\/p>\n<p>[\/et_pb_text][et_pb_image _builder_version=\u00bb3.15&#8243; show_in_lightbox=\u00bbon\u00bb force_fullwidth=\u00bbon\u00bb show_bottom_space=\u00bboff\u00bb src=\u00bbhttps:\/\/www.min-on.org\/es\/wp-content\/uploads\/sites\/4\/2018\/08\/Tour-in-Indonesia2018.jpg\u00bb align_last_edited=\u00bbon|desktop\u00bb align_tablet=\u00bbcenter\u00bb \/][et_pb_text _builder_version=\u00bb3.15&#8243; text_orientation=\u00bbleft\u00bb]<\/p>\n<p>Gira 2018: Indonesia<\/p>\n<p>[\/et_pb_text][\/et_pb_column][et_pb_column type=\u00bb1_4&#8243; custom_padding__hover=\u00bb|||\u00bb custom_padding=\u00bb|||\u00bb][et_pb_image _builder_version=\u00bb3.15&#8243; show_in_lightbox=\u00bbon\u00bb force_fullwidth=\u00bbon\u00bb show_bottom_space=\u00bboff\u00bb src=\u00bbhttps:\/\/www.min-on.org\/es\/wp-content\/uploads\/sites\/4\/2018\/08\/Tour-in-Russia2015.jpg\u00bb align_last_edited=\u00bbon|desktop\u00bb align_tablet=\u00bbcenter\u00bb \/][et_pb_text _builder_version=\u00bb3.15&#8243; text_orientation=\u00bbleft\u00bb]<\/p>\n<p>Gira 2015: Rusia<\/p>\n<p>[\/et_pb_text][et_pb_image _builder_version=\u00bb3.15&#8243; show_in_lightbox=\u00bbon\u00bb force_fullwidth=\u00bbon\u00bb show_bottom_space=\u00bboff\u00bb src=\u00bbhttps:\/\/www.min-on.org\/es\/wp-content\/uploads\/sites\/4\/2018\/08\/Tour-in-Malaysia2017.jpg\u00bb align_last_edited=\u00bbon|desktop\u00bb align_tablet=\u00bbcenter\u00bb \/][et_pb_text _builder_version=\u00bb3.15&#8243; text_orientation=\u00bbleft\u00bb]<\/p>\n<p>Gira 2017: Malasia<\/p>\n<p>[\/et_pb_text][et_pb_image _builder_version=\u00bb4.23.1&#8243; show_in_lightbox=\u00bbon\u00bb force_fullwidth=\u00bbon\u00bb show_bottom_space=\u00bboff\u00bb src=\u00bbhttps:\/\/www.min-on.org\/es\/wp-content\/uploads\/sites\/4\/2024\/03\/Thailand-4.jpg\u00bb align_last_edited=\u00bbon|desktop\u00bb align_tablet=\u00bbcenter\u00bb background_pattern_color=\u00bbrgba(0,0,0,0.2)\u00bb background_mask_color=\u00bb#ffffff\u00bb box_shadow_horizontal_tablet=\u00bb0px\u00bb box_shadow_vertical_tablet=\u00bb0px\u00bb box_shadow_blur_tablet=\u00bb40px\u00bb box_shadow_spread_tablet=\u00bb0px\u00bb vertical_offset_tablet=\u00bb0&#8243; horizontal_offset_tablet=\u00bb0&#8243; z_index_tablet=\u00bb0&#8243; \/][et_pb_text _builder_version=\u00bb4.23.1&#8243; background_pattern_color=\u00bbrgba(0,0,0,0.2)\u00bb background_mask_color=\u00bb#ffffff\u00bb text_text_shadow_horizontal_length=\u00bbtext_text_shadow_style,%91object Object%93&#8243; text_text_shadow_horizontal_length_tablet=\u00bb0px\u00bb text_text_shadow_vertical_length=\u00bbtext_text_shadow_style,%91object Object%93&#8243; text_text_shadow_vertical_length_tablet=\u00bb0px\u00bb text_text_shadow_blur_strength=\u00bbtext_text_shadow_style,%91object Object%93&#8243; text_text_shadow_blur_strength_tablet=\u00bb1px\u00bb link_text_shadow_horizontal_length=\u00bblink_text_shadow_style,%91object Object%93&#8243; link_text_shadow_horizontal_length_tablet=\u00bb0px\u00bb link_text_shadow_vertical_length=\u00bblink_text_shadow_style,%91object Object%93&#8243; link_text_shadow_vertical_length_tablet=\u00bb0px\u00bb link_text_shadow_blur_strength=\u00bblink_text_shadow_style,%91object Object%93&#8243; link_text_shadow_blur_strength_tablet=\u00bb1px\u00bb ul_text_shadow_horizontal_length=\u00bbul_text_shadow_style,%91object Object%93&#8243; ul_text_shadow_horizontal_length_tablet=\u00bb0px\u00bb ul_text_shadow_vertical_length=\u00bbul_text_shadow_style,%91object Object%93&#8243; ul_text_shadow_vertical_length_tablet=\u00bb0px\u00bb ul_text_shadow_blur_strength=\u00bbul_text_shadow_style,%91object Object%93&#8243; ul_text_shadow_blur_strength_tablet=\u00bb1px\u00bb ol_text_shadow_horizontal_length=\u00bbol_text_shadow_style,%91object Object%93&#8243; ol_text_shadow_horizontal_length_tablet=\u00bb0px\u00bb ol_text_shadow_vertical_length=\u00bbol_text_shadow_style,%91object Object%93&#8243; ol_text_shadow_vertical_length_tablet=\u00bb0px\u00bb ol_text_shadow_blur_strength=\u00bbol_text_shadow_style,%91object Object%93&#8243; ol_text_shadow_blur_strength_tablet=\u00bb1px\u00bb quote_text_shadow_horizontal_length=\u00bbquote_text_shadow_style,%91object Object%93&#8243; quote_text_shadow_horizontal_length_tablet=\u00bb0px\u00bb quote_text_shadow_vertical_length=\u00bbquote_text_shadow_style,%91object Object%93&#8243; quote_text_shadow_vertical_length_tablet=\u00bb0px\u00bb quote_text_shadow_blur_strength=\u00bbquote_text_shadow_style,%91object Object%93&#8243; quote_text_shadow_blur_strength_tablet=\u00bb1px\u00bb header_text_shadow_horizontal_length=\u00bbheader_text_shadow_style,%91object Object%93&#8243; header_text_shadow_horizontal_length_tablet=\u00bb0px\u00bb header_text_shadow_vertical_length=\u00bbheader_text_shadow_style,%91object Object%93&#8243; header_text_shadow_vertical_length_tablet=\u00bb0px\u00bb header_text_shadow_blur_strength=\u00bbheader_text_shadow_style,%91object Object%93&#8243; header_text_shadow_blur_strength_tablet=\u00bb1px\u00bb header_2_text_shadow_horizontal_length=\u00bbheader_2_text_shadow_style,%91object Object%93&#8243; header_2_text_shadow_horizontal_length_tablet=\u00bb0px\u00bb header_2_text_shadow_vertical_length=\u00bbheader_2_text_shadow_style,%91object Object%93&#8243; header_2_text_shadow_vertical_length_tablet=\u00bb0px\u00bb header_2_text_shadow_blur_strength=\u00bbheader_2_text_shadow_style,%91object Object%93&#8243; header_2_text_shadow_blur_strength_tablet=\u00bb1px\u00bb header_3_text_shadow_horizontal_length=\u00bbheader_3_text_shadow_style,%91object Object%93&#8243; header_3_text_shadow_horizontal_length_tablet=\u00bb0px\u00bb header_3_text_shadow_vertical_length=\u00bbheader_3_text_shadow_style,%91object Object%93&#8243; header_3_text_shadow_vertical_length_tablet=\u00bb0px\u00bb header_3_text_shadow_blur_strength=\u00bbheader_3_text_shadow_style,%91object Object%93&#8243; header_3_text_shadow_blur_strength_tablet=\u00bb1px\u00bb header_4_text_shadow_horizontal_length=\u00bbheader_4_text_shadow_style,%91object Object%93&#8243; header_4_text_shadow_horizontal_length_tablet=\u00bb0px\u00bb header_4_text_shadow_vertical_length=\u00bbheader_4_text_shadow_style,%91object Object%93&#8243; header_4_text_shadow_vertical_length_tablet=\u00bb0px\u00bb header_4_text_shadow_blur_strength=\u00bbheader_4_text_shadow_style,%91object Object%93&#8243; header_4_text_shadow_blur_strength_tablet=\u00bb1px\u00bb header_5_text_shadow_horizontal_length=\u00bbheader_5_text_shadow_style,%91object Object%93&#8243; header_5_text_shadow_horizontal_length_tablet=\u00bb0px\u00bb header_5_text_shadow_vertical_length=\u00bbheader_5_text_shadow_style,%91object Object%93&#8243; header_5_text_shadow_vertical_length_tablet=\u00bb0px\u00bb header_5_text_shadow_blur_strength=\u00bbheader_5_text_shadow_style,%91object Object%93&#8243; header_5_text_shadow_blur_strength_tablet=\u00bb1px\u00bb header_6_text_shadow_horizontal_length=\u00bbheader_6_text_shadow_style,%91object Object%93&#8243; header_6_text_shadow_horizontal_length_tablet=\u00bb0px\u00bb header_6_text_shadow_vertical_length=\u00bbheader_6_text_shadow_style,%91object Object%93&#8243; header_6_text_shadow_vertical_length_tablet=\u00bb0px\u00bb header_6_text_shadow_blur_strength=\u00bbheader_6_text_shadow_style,%91object Object%93&#8243; header_6_text_shadow_blur_strength_tablet=\u00bb1px\u00bb box_shadow_horizontal_tablet=\u00bb0px\u00bb box_shadow_vertical_tablet=\u00bb0px\u00bb box_shadow_blur_tablet=\u00bb40px\u00bb box_shadow_spread_tablet=\u00bb0px\u00bb vertical_offset_tablet=\u00bb0&#8243; horizontal_offset_tablet=\u00bb0&#8243; z_index_tablet=\u00bb0&#8243;]<\/p>\n<p>Gira 2019: Tailandia<\/p>\n<p>[\/et_pb_text][\/et_pb_column][\/et_pb_row][\/et_pb_section][et_pb_section bb_built=\u00bb1&#8243; admin_label=\u00bbRelated Articles\u00bb specialty=\u00bboff\u00bb _builder_version=\u00bb3.15&#8243; custom_padding=\u00bb0px|||\u00bb disabled_on=\u00bbon|on|on\u00bb disabled=\u00bbon\u00bb prev_background_color=\u00bb#000000&#8243; collapsed=\u00bbon\u00bb inner_width=\u00bbauto\u00bb inner_max_width=\u00bb1080px\u00bb][et_pb_row _builder_version=\u00bb3.11&#8243; custom_padding=\u00bb0px|||\u00bb width=\u00bb80%\u00bb max_width=\u00bb1080px\u00bb][et_pb_column type=\u00bb4_4&#8243; custom_padding__hover=\u00bb|||\u00bb custom_padding=\u00bb|||\u00bb][et_pb_text _builder_version=\u00bb3.12&#8243; text_orientation=\u00bbleft\u00bb]<\/p>\n<h1 style=\"line-height: 36px;\">Related Articles<\/h1>\n<p>[\/et_pb_text][\/et_pb_column][\/et_pb_row][et_pb_row _builder_version=\u00bb3.12&#8243; custom_padding=\u00bb|1.5%||1.5%\u00bb][et_pb_column type=\u00bb4_4&#8243; custom_padding__hover=\u00bb|||\u00bb custom_padding=\u00bb|||\u00bb][et_pb_blog _builder_version=\u00bb3.15&#8243; posts_number=\u00bb3&#8243; fullwidth=\u00bboff\u00bb include_categories=\u00bb407&#8243; \/][\/et_pb_column][\/et_pb_row][\/et_pb_section]<\/p>\n","protected":false},"excerpt":{"rendered":"<p>Red Global Musical Min-On En 2014, Min-On inaugur\u00f3 la Red Global Musical Min-On para promover el intercambio cultural en las j\u00f3venes generaciones. Gira 2014: Corea del Sur Gira 2015: Rusia Gira 2016: Singapur Gira 2017: Malasia Gira 2018: Indonesia La m\u00fasica es un medio de enorme poder. Tiene la facultad de trascender las diferencias \u00e9tnicas [&hellip;]<\/p>\n","protected":false},"author":1,"featured_media":0,"parent":0,"menu_order":0,"comment_status":"closed","ping_status":"closed","template":"","meta":{"_et_pb_use_builder":"on","_et_pb_old_content":"","_et_gb_content_width":"","footnotes":""},"categories":[],"tags":[],"distributor_meta":false,"distributor_terms":false,"distributor_media":false,"distributor_original_site_name":"Spanish - Min-On Website","distributor_original_site_url":"https:\/\/www.min-on.org\/es","_links":{"self":[{"href":"https:\/\/www.min-on.org\/es\/wp-json\/wp\/v2\/pages\/6701"}],"collection":[{"href":"https:\/\/www.min-on.org\/es\/wp-json\/wp\/v2\/pages"}],"about":[{"href":"https:\/\/www.min-on.org\/es\/wp-json\/wp\/v2\/types\/page"}],"author":[{"embeddable":true,"href":"https:\/\/www.min-on.org\/es\/wp-json\/wp\/v2\/users\/1"}],"replies":[{"embeddable":true,"href":"https:\/\/www.min-on.org\/es\/wp-json\/wp\/v2\/comments?post=6701"}],"version-history":[{"count":13,"href":"https:\/\/www.min-on.org\/es\/wp-json\/wp\/v2\/pages\/6701\/revisions"}],"predecessor-version":[{"id":14102,"href":"https:\/\/www.min-on.org\/es\/wp-json\/wp\/v2\/pages\/6701\/revisions\/14102"}],"wp:attachment":[{"href":"https:\/\/www.min-on.org\/es\/wp-json\/wp\/v2\/media?parent=6701"}],"wp:term":[{"taxonomy":"category","embeddable":true,"href":"https:\/\/www.min-on.org\/es\/wp-json\/wp\/v2\/categories?post=6701"},{"taxonomy":"post_tag","embeddable":true,"href":"https:\/\/www.min-on.org\/es\/wp-json\/wp\/v2\/tags?post=6701"}],"curies":[{"name":"wp","href":"https:\/\/api.w.org\/{rel}","templated":true}]}}