{"id":6696,"date":"2018-08-29T16:57:27","date_gmt":"2018-08-29T16:57:27","guid":{"rendered":"http:\/\/min-on.matthewbyrt.com\/?page_id=6696"},"modified":"2018-11-02T16:17:59","modified_gmt":"2018-11-02T16:17:59","slug":"tohoku-hope-concert","status":"publish","type":"page","link":"https:\/\/www.min-on.org\/es\/tohoku-hope-concert\/","title":{"rendered":"Concierto por la Esperanza de Tohoku"},"content":{"rendered":"<p>[et_pb_section bb_built=\u00bb1&#8243; next_background_color=\u00bb#000000&#8243; _builder_version=\u00bb3.7&#8243; custom_padding=\u00bb||0px|\u00bb][et_pb_row _builder_version=\u00bb3.11&#8243; custom_padding=\u00bb0px|||\u00bb][et_pb_column type=\u00bb4_4&#8243;][et_pb_text _builder_version=\u00bb3.12&#8243;]<\/p>\n<h1 style=\"line-height: 36px;\">Concierto por la Esperanza de Tohoku<\/h1>\n<p>[\/et_pb_text][\/et_pb_column][\/et_pb_row][et_pb_row _builder_version=\u00bb3.7&#8243;][et_pb_column type=\u00bb4_4&#8243;][et_pb_image _builder_version=\u00bb3.15&#8243; src=\u00bbhttps:\/\/www.min-on.org\/es\/wp-content\/uploads\/sites\/4\/2018\/11\/Main-Tohoku-Hope-Concert-66th-in-2017.jpg\u00bb force_fullwidth=\u00bbon\u00bb show_bottom_space=\u00bboff\u00bb \/][\/et_pb_column][\/et_pb_row][et_pb_row][et_pb_column type=\u00bb4_4&#8243;][et_pb_text _builder_version=\u00bb3.15&#8243;]<\/p>\n<h2 style=\"line-height: 36px;\">El pueblo es la gran tierra. Y el futuro de la humanidad reside en el coraz\u00f3n de los j\u00f3venes. Cuando en el pueblo resuene una m\u00fasica orientada a la paz, habr\u00e1 una luz de bondad y de belleza que envolver\u00e1 la sociedad y el mundo entero.  <span style=\"font-size: 16px; font-weight: 600;\">\u2014 Daisaku Ikeda, <em>Ikeda Daisaku zenshu (Obras completas), Tokio: Seikyo Shimbunsha, 2003, vol. 134, p\u00e1g. 457. Traducci\u00f3n indirecta del japon\u00e9s.<\/em><\/span><\/h2>\n<p>[\/et_pb_text][\/et_pb_column][\/et_pb_row][\/et_pb_section][et_pb_section bb_built=\u00bb1&#8243; specialty=\u00bboff\u00bb prev_background_color=\u00bb#000000&#8243; _builder_version=\u00bb3.7&#8243; custom_padding=\u00bb0px|||\u00bb next_background_color=\u00bb#000000&#8243;][et_pb_row _builder_version=\u00bb3.7&#8243; custom_css_main_1=\u00bbcontent:%22%22;||    display:table;||    clear:both;\u00bb][et_pb_column type=\u00bb1_2&#8243;][et_pb_text _builder_version=\u00bb3.12&#8243;]<\/p>\n<p>En la primavera de 2012, un a\u00f1o despu\u00e9s del devastador terremoto y tsunami que arras\u00f3 la regi\u00f3n nororiental de Tohoku, Min-On inici\u00f3 un ciclo musical denominado Conciertos por la Esperanza de Tohoku, con funciones de entrada libre y gratuita en escuelas primarias y de ciclo b\u00e1sico situadas en la zona del desastre (en 39 ciudades de las prefecturas de Iwate, Miyagi y Fukushima).<\/p>\n<p>[\/et_pb_text][\/et_pb_column][et_pb_column type=\u00bb1_2&#8243;][et_pb_image _builder_version=\u00bb3.15&#8243; src=\u00bbhttps:\/\/www.min-on.org\/es\/wp-content\/uploads\/sites\/4\/2018\/09\/tohoku_Tohoku-Hope-Concert.jpg\u00bb force_fullwidth=\u00bbon\u00bb show_in_lightbox=\u00bbon\u00bb \/][\/et_pb_column][\/et_pb_row][\/et_pb_section][et_pb_section bb_built=\u00bb1&#8243; admin_label=\u00bbRelated Articles\u00bb specialty=\u00bboff\u00bb _builder_version=\u00bb3.15&#8243; custom_padding=\u00bb0px|||\u00bb disabled_on=\u00bbon|on|on\u00bb disabled=\u00bbon\u00bb prev_background_color=\u00bb#000000&#8243; collapsed=\u00bbon\u00bb][et_pb_row _builder_version=\u00bb3.11&#8243; custom_padding=\u00bb0px|||\u00bb][et_pb_column type=\u00bb4_4&#8243;][et_pb_text _builder_version=\u00bb3.12&#8243;]<\/p>\n<h1 style=\"line-height: 36px;\">Related Articles<\/h1>\n<p>[\/et_pb_text][\/et_pb_column][\/et_pb_row][et_pb_row _builder_version=\u00bb3.12&#8243; custom_padding=\u00bb|1.5%||1.5%\u00bb][et_pb_column type=\u00bb4_4&#8243;][et_pb_blog _builder_version=\u00bb3.15&#8243; posts_number=\u00bb3&#8243; fullwidth=\u00bboff\u00bb include_categories=\u00bb393&#8243; \/][\/et_pb_column][\/et_pb_row][\/et_pb_section]<\/p>\n","protected":false},"excerpt":{"rendered":"<p>Concierto por la Esperanza de Tohoku <div class=\"et_pb_row et_pb_row_0 et_pb_row_empty\">\n\t\t\t\t\n\t\t\t\t\n\t\t\t\t\n\t\t\t\t\n\t\t\t\t\n\t\t\t<\/div> El pueblo es la gran tierra. Y el futuro de la humanidad reside en el coraz\u00f3n de los j\u00f3venes. Cuando en el pueblo resuene una m\u00fasica orientada a la paz, habr\u00e1 una luz de bondad y de belleza que envolver\u00e1 la sociedad y el mundo entero. \u2014 Daisaku [&hellip;]<\/p>\n","protected":false},"author":1,"featured_media":0,"parent":0,"menu_order":0,"comment_status":"closed","ping_status":"closed","template":"","meta":{"_et_pb_use_builder":"on","_et_pb_old_content":"","_et_gb_content_width":"","footnotes":""},"categories":[],"tags":[],"distributor_meta":false,"distributor_terms":false,"distributor_media":false,"distributor_original_site_name":"Spanish - Min-On Website","distributor_original_site_url":"https:\/\/www.min-on.org\/es","_links":{"self":[{"href":"https:\/\/www.min-on.org\/es\/wp-json\/wp\/v2\/pages\/6696"}],"collection":[{"href":"https:\/\/www.min-on.org\/es\/wp-json\/wp\/v2\/pages"}],"about":[{"href":"https:\/\/www.min-on.org\/es\/wp-json\/wp\/v2\/types\/page"}],"author":[{"embeddable":true,"href":"https:\/\/www.min-on.org\/es\/wp-json\/wp\/v2\/users\/1"}],"replies":[{"embeddable":true,"href":"https:\/\/www.min-on.org\/es\/wp-json\/wp\/v2\/comments?post=6696"}],"version-history":[{"count":17,"href":"https:\/\/www.min-on.org\/es\/wp-json\/wp\/v2\/pages\/6696\/revisions"}],"predecessor-version":[{"id":7766,"href":"https:\/\/www.min-on.org\/es\/wp-json\/wp\/v2\/pages\/6696\/revisions\/7766"}],"wp:attachment":[{"href":"https:\/\/www.min-on.org\/es\/wp-json\/wp\/v2\/media?parent=6696"}],"wp:term":[{"taxonomy":"category","embeddable":true,"href":"https:\/\/www.min-on.org\/es\/wp-json\/wp\/v2\/categories?post=6696"},{"taxonomy":"post_tag","embeddable":true,"href":"https:\/\/www.min-on.org\/es\/wp-json\/wp\/v2\/tags?post=6696"}],"curies":[{"name":"wp","href":"https:\/\/api.w.org\/{rel}","templated":true}]}}