{"id":6671,"date":"2018-08-29T16:00:14","date_gmt":"2018-08-29T16:00:14","guid":{"rendered":"http:\/\/min-on.matthewbyrt.com\/?page_id=6671"},"modified":"2018-09-14T13:43:56","modified_gmt":"2018-09-14T13:43:56","slug":"bluthner-baby-grand-piano-of-hideo-saito","status":"publish","type":"page","link":"https:\/\/www.min-on.org\/es\/bluthner-baby-grand-piano-of-hideo-saito\/","title":{"rendered":"Piano de 1\/4 de cola \u00abBl\u00fcthner\u00bb de Hideo Saito"},"content":{"rendered":"<p>[et_pb_section bb_built=\u00bb1&#8243; fullwidth=\u00bboff\u00bb specialty=\u00bbon\u00bb][et_pb_column type=\u00bb3_4&#8243; specialty_columns=\u00bb3&#8243;][et_pb_row_inner admin_label=\u00bbRow\u00bb _builder_version=\u00bb3.12&#8243;][et_pb_column_inner type=\u00bb1_2&#8243; saved_specialty_column_type=\u00bb3_4&#8243;][et_pb_text _builder_version=\u00bb3.12&#8243;]<\/p>\n<h1>Piano de 1\/4 de cola \u00abBl\u00fcthner\u00bb de Hideo Saito<\/h1>\n<p style=\"font-weight: 600;\">1924 (Alemania)<\/p>\n<p>Este es uno de los pianos que usaba habitualmente Hideo Saito (1902-1974), un prominente violonchelista y profesor de m\u00fasica del Jap\u00f3n. Bl\u00fcthner, conocido en todo el mundo por la excelencia de sus instrumentos, produjo los mejores pianos de ese per\u00edodo en la ex Alemania Oriental. La dulzura y delicadeza de su tonalidad, debida en parte a la adopci\u00f3n de cuerdas al\u00edcuotas o de vibraci\u00f3n simp\u00e1tica, dio celebridad a estos pianos, que, seg\u00fan se afirma, merecieron una elogiosa evaluaci\u00f3n por parte de Mendelssohn.<\/p>\n<p>[\/et_pb_text][\/et_pb_column_inner][et_pb_column_inner type=\u00bb1_2&#8243; saved_specialty_column_type=\u00bb3_4&#8243;][et_pb_image _builder_version=\u00bb3.12&#8243; src=\u00bbhttps:\/\/www.min-on.org\/es\/wp-content\/uploads\/sites\/4\/2018\/08\/\u201cBluthner\u201d-Baby-Grand-Piano-of-Hideo-Saito-1.jpg\u00bb align=\u00bbcenter\u00bb force_fullwidth=\u00bbon\u00bb \/][\/et_pb_column_inner][\/et_pb_row_inner][\/et_pb_column][et_pb_column type=\u00bb1_4&#8243;][et_pb_sidebar _builder_version=\u00bb3.12&#8243; area=\u00bbet_pb_widget_area_11&#8243; module_class=\u00bbmuseumSidebar\u00bb \/][\/et_pb_column][\/et_pb_section]<\/p>\n","protected":false},"excerpt":{"rendered":"<p>Piano de 1\/4 de cola \u00abBl\u00fcthner\u00bb de Hideo Saito 1924 (Alemania) Este es uno de los pianos que usaba habitualmente Hideo Saito (1902-1974), un prominente violonchelista y profesor de m\u00fasica del Jap\u00f3n. Bl\u00fcthner, conocido en todo el mundo por la excelencia de sus instrumentos, produjo los mejores pianos de ese per\u00edodo en la ex Alemania [&hellip;]<\/p>\n","protected":false},"author":1,"featured_media":0,"parent":0,"menu_order":0,"comment_status":"closed","ping_status":"closed","template":"","meta":{"_et_pb_use_builder":"on","_et_pb_old_content":"","_et_gb_content_width":"","footnotes":""},"categories":[],"tags":[],"distributor_meta":false,"distributor_terms":false,"distributor_media":false,"distributor_original_site_name":"Spanish - Min-On Website","distributor_original_site_url":"https:\/\/www.min-on.org\/es","_links":{"self":[{"href":"https:\/\/www.min-on.org\/es\/wp-json\/wp\/v2\/pages\/6671"}],"collection":[{"href":"https:\/\/www.min-on.org\/es\/wp-json\/wp\/v2\/pages"}],"about":[{"href":"https:\/\/www.min-on.org\/es\/wp-json\/wp\/v2\/types\/page"}],"author":[{"embeddable":true,"href":"https:\/\/www.min-on.org\/es\/wp-json\/wp\/v2\/users\/1"}],"replies":[{"embeddable":true,"href":"https:\/\/www.min-on.org\/es\/wp-json\/wp\/v2\/comments?post=6671"}],"version-history":[{"count":5,"href":"https:\/\/www.min-on.org\/es\/wp-json\/wp\/v2\/pages\/6671\/revisions"}],"predecessor-version":[{"id":7031,"href":"https:\/\/www.min-on.org\/es\/wp-json\/wp\/v2\/pages\/6671\/revisions\/7031"}],"wp:attachment":[{"href":"https:\/\/www.min-on.org\/es\/wp-json\/wp\/v2\/media?parent=6671"}],"wp:term":[{"taxonomy":"category","embeddable":true,"href":"https:\/\/www.min-on.org\/es\/wp-json\/wp\/v2\/categories?post=6671"},{"taxonomy":"post_tag","embeddable":true,"href":"https:\/\/www.min-on.org\/es\/wp-json\/wp\/v2\/tags?post=6671"}],"curies":[{"name":"wp","href":"https:\/\/api.w.org\/{rel}","templated":true}]}}