{"id":6669,"date":"2018-08-29T15:58:45","date_gmt":"2018-08-29T15:58:45","guid":{"rendered":"http:\/\/min-on.matthewbyrt.com\/?page_id=6669"},"modified":"2018-09-14T13:42:26","modified_gmt":"2018-09-14T13:42:26","slug":"carl-ronish","status":"publish","type":"page","link":"https:\/\/www.min-on.org\/es\/carl-ronish\/","title":{"rendered":"Fortepiano \u00abCarl R\u00f6nish\u00bb"},"content":{"rendered":"<p>[et_pb_section bb_built=\u00bb1&#8243; fullwidth=\u00bboff\u00bb specialty=\u00bbon\u00bb][et_pb_column type=\u00bb3_4&#8243; specialty_columns=\u00bb3&#8243;][et_pb_row_inner admin_label=\u00bbRow\u00bb _builder_version=\u00bb3.12&#8243;][et_pb_column_inner type=\u00bb1_2&#8243; saved_specialty_column_type=\u00bb3_4&#8243;][et_pb_text _builder_version=\u00bb3.12&#8243;]<\/p>\n<h1>Carl R\u00f6nish<\/h1>\n<p style=\"font-weight: 600;\">1868, Sajonia (Confederaci\u00f3n Alemana del Norte) (actual Estado Libre de Sajonia, Rep\u00fablica Federal Alemana)<\/p>\n<p>Los pianos fabricados por Carl R\u00f6nisch gozan de una impecable reputaci\u00f3n por \u00absu bella cualidad tonal debida a su construcci\u00f3n durable y firme como la roca\u00bb. Su extraordinario piano de cola obtuvo el premio mayor en la Exposici\u00f3n Mundial de Melbourne, en 1888. A partir de entonces, R\u00f6nisch se convirti\u00f3 en el proveedor oficial de pianos de las casas reales de Suecia y de Noruega. Han sido los instrumentos predilectos de numerosos m\u00fasicos; entre ellos, maestros como Strauss, Puccini, Rubinstein y Rachmaninoff.<\/p>\n<p>[\/et_pb_text][\/et_pb_column_inner][et_pb_column_inner type=\u00bb1_2&#8243; saved_specialty_column_type=\u00bb3_4&#8243;][et_pb_image _builder_version=\u00bb3.12&#8243; src=\u00bbhttps:\/\/www.min-on.org\/es\/wp-content\/uploads\/sites\/4\/2018\/09\/carlRonishPic.jpeg\u00bb align=\u00bbcenter\u00bb force_fullwidth=\u00bbon\u00bb show_bottom_space=\u00bboff\u00bb \/][et_pb_audio _builder_version=\u00bb3.12&#8243; audio=\u00bbhttps:\/\/www.min-on.org\/es\/wp-content\/uploads\/sites\/4\/2018\/08\/collard-and-collard-square-piano.mp3&#8243; background_layout=\u00bblight\u00bb title_text_color=\u00bb#000000&#8243; caption_text_color=\u00bb#000000&#8243; saved_tabs=\u00bball\u00bb background_color=\u00bb#f0f0f0&#8243; \/][\/et_pb_column_inner][\/et_pb_row_inner][\/et_pb_column][et_pb_column type=\u00bb1_4&#8243;][et_pb_sidebar _builder_version=\u00bb3.12&#8243; area=\u00bbet_pb_widget_area_11&#8243; module_class=\u00bbmuseumSidebar\u00bb \/][\/et_pb_column][\/et_pb_section]<\/p>\n","protected":false},"excerpt":{"rendered":"<p>Carl R\u00f6nish 1868, Sajonia (Confederaci\u00f3n Alemana del Norte) (actual Estado Libre de Sajonia, Rep\u00fablica Federal Alemana) Los pianos fabricados por Carl R\u00f6nisch gozan de una impecable reputaci\u00f3n por \u00absu bella cualidad tonal debida a su construcci\u00f3n durable y firme como la roca\u00bb. Su extraordinario piano de cola obtuvo el premio mayor en la Exposici\u00f3n Mundial [&hellip;]<\/p>\n","protected":false},"author":1,"featured_media":0,"parent":0,"menu_order":0,"comment_status":"closed","ping_status":"closed","template":"","meta":{"_et_pb_use_builder":"on","_et_pb_old_content":"","_et_gb_content_width":"","footnotes":""},"categories":[],"tags":[],"distributor_meta":false,"distributor_terms":false,"distributor_media":false,"distributor_original_site_name":"Spanish - Min-On Website","distributor_original_site_url":"https:\/\/www.min-on.org\/es","_links":{"self":[{"href":"https:\/\/www.min-on.org\/es\/wp-json\/wp\/v2\/pages\/6669"}],"collection":[{"href":"https:\/\/www.min-on.org\/es\/wp-json\/wp\/v2\/pages"}],"about":[{"href":"https:\/\/www.min-on.org\/es\/wp-json\/wp\/v2\/types\/page"}],"author":[{"embeddable":true,"href":"https:\/\/www.min-on.org\/es\/wp-json\/wp\/v2\/users\/1"}],"replies":[{"embeddable":true,"href":"https:\/\/www.min-on.org\/es\/wp-json\/wp\/v2\/comments?post=6669"}],"version-history":[{"count":4,"href":"https:\/\/www.min-on.org\/es\/wp-json\/wp\/v2\/pages\/6669\/revisions"}],"predecessor-version":[{"id":7146,"href":"https:\/\/www.min-on.org\/es\/wp-json\/wp\/v2\/pages\/6669\/revisions\/7146"}],"wp:attachment":[{"href":"https:\/\/www.min-on.org\/es\/wp-json\/wp\/v2\/media?parent=6669"}],"wp:term":[{"taxonomy":"category","embeddable":true,"href":"https:\/\/www.min-on.org\/es\/wp-json\/wp\/v2\/categories?post=6669"},{"taxonomy":"post_tag","embeddable":true,"href":"https:\/\/www.min-on.org\/es\/wp-json\/wp\/v2\/tags?post=6669"}],"curies":[{"name":"wp","href":"https:\/\/api.w.org\/{rel}","templated":true}]}}