{"id":6667,"date":"2018-08-29T15:55:02","date_gmt":"2018-08-29T15:55:02","guid":{"rendered":"http:\/\/min-on.matthewbyrt.com\/?page_id=6667"},"modified":"2018-10-29T19:43:56","modified_gmt":"2018-10-29T19:43:56","slug":"pleyel-grand-piano","status":"publish","type":"page","link":"https:\/\/www.min-on.org\/es\/pleyel-grand-piano\/","title":{"rendered":"Piano de cola Pleyel"},"content":{"rendered":"<p>[et_pb_section bb_built=\u00bb1&#8243; fullwidth=\u00bboff\u00bb specialty=\u00bbon\u00bb][et_pb_column type=\u00bb3_4&#8243; specialty_columns=\u00bb3&#8243;][et_pb_row_inner admin_label=\u00bbRow\u00bb _builder_version=\u00bb3.12&#8243;][et_pb_column_inner type=\u00bb1_2&#8243; saved_specialty_column_type=\u00bb3_4&#8243;][et_pb_text _builder_version=\u00bb3.12&#8243;]<\/p>\n<h1>Piano de cola Pleyel <\/h1>\n<p style=\"font-weight: 600;\">1845 (Francia)<\/p>\n<p>Este piano es id\u00e9ntico al \u00faltimo instrumento que tuvo Chopin, y es de inmenso valor para quienes deseen escuchar el mismo sonido que apreciaba el compositor. Chopin ten\u00eda 35 a\u00f1os cuando se fabric\u00f3 este piano, en 1845. En este per\u00edodo, compuso obras maestras como la Sonata para piano N.\u00b0 3 en Si menor, opus 58.<\/p>\n<p>[\/et_pb_text][\/et_pb_column_inner][et_pb_column_inner type=\u00bb1_2&#8243; saved_specialty_column_type=\u00bb3_4&#8243;][et_pb_image _builder_version=\u00bb3.15&#8243; src=\u00bbhttps:\/\/www.min-on.org\/es\/wp-content\/uploads\/sites\/4\/2018\/10\/Pleyel-Grand-Pianoreasize.jpg\u00bb align=\u00bbcenter\u00bb force_fullwidth=\u00bbon\u00bb show_bottom_space=\u00bboff\u00bb \/][et_pb_audio _builder_version=\u00bb3.12&#8243; audio=\u00bbhttps:\/\/www.min-on.org\/es\/wp-content\/uploads\/sites\/4\/2018\/08\/collard-and-collard-square-piano.mp3&#8243; background_layout=\u00bblight\u00bb title_text_color=\u00bb#000000&#8243; caption_text_color=\u00bb#000000&#8243; saved_tabs=\u00bball\u00bb background_color=\u00bb#f0f0f0&#8243; \/][\/et_pb_column_inner][\/et_pb_row_inner][\/et_pb_column][et_pb_column type=\u00bb1_4&#8243;][et_pb_sidebar _builder_version=\u00bb3.12&#8243; area=\u00bbet_pb_widget_area_11&#8243; module_class=\u00bbmuseumSidebar\u00bb \/][\/et_pb_column][\/et_pb_section]<\/p>\n","protected":false},"excerpt":{"rendered":"<p>Piano de cola Pleyel 1845 (Francia) Este piano es id\u00e9ntico al \u00faltimo instrumento que tuvo Chopin, y es de inmenso valor para quienes deseen escuchar el mismo sonido que apreciaba el compositor. Chopin ten\u00eda 35 a\u00f1os cuando se fabric\u00f3 este piano, en 1845. En este per\u00edodo, compuso obras maestras como la Sonata para piano N.\u00b0 [&hellip;]<\/p>\n","protected":false},"author":1,"featured_media":0,"parent":0,"menu_order":0,"comment_status":"closed","ping_status":"closed","template":"","meta":{"_et_pb_use_builder":"on","_et_pb_old_content":"","_et_gb_content_width":"","footnotes":""},"categories":[],"tags":[],"distributor_meta":false,"distributor_terms":false,"distributor_media":false,"distributor_original_site_name":"Spanish - Min-On Website","distributor_original_site_url":"https:\/\/www.min-on.org\/es","_links":{"self":[{"href":"https:\/\/www.min-on.org\/es\/wp-json\/wp\/v2\/pages\/6667"}],"collection":[{"href":"https:\/\/www.min-on.org\/es\/wp-json\/wp\/v2\/pages"}],"about":[{"href":"https:\/\/www.min-on.org\/es\/wp-json\/wp\/v2\/types\/page"}],"author":[{"embeddable":true,"href":"https:\/\/www.min-on.org\/es\/wp-json\/wp\/v2\/users\/1"}],"replies":[{"embeddable":true,"href":"https:\/\/www.min-on.org\/es\/wp-json\/wp\/v2\/comments?post=6667"}],"version-history":[{"count":4,"href":"https:\/\/www.min-on.org\/es\/wp-json\/wp\/v2\/pages\/6667\/revisions"}],"predecessor-version":[{"id":7624,"href":"https:\/\/www.min-on.org\/es\/wp-json\/wp\/v2\/pages\/6667\/revisions\/7624"}],"wp:attachment":[{"href":"https:\/\/www.min-on.org\/es\/wp-json\/wp\/v2\/media?parent=6667"}],"wp:term":[{"taxonomy":"category","embeddable":true,"href":"https:\/\/www.min-on.org\/es\/wp-json\/wp\/v2\/categories?post=6667"},{"taxonomy":"post_tag","embeddable":true,"href":"https:\/\/www.min-on.org\/es\/wp-json\/wp\/v2\/tags?post=6667"}],"curies":[{"name":"wp","href":"https:\/\/api.w.org\/{rel}","templated":true}]}}