{"id":6665,"date":"2018-08-29T15:52:04","date_gmt":"2018-08-29T15:52:04","guid":{"rendered":"http:\/\/min-on.matthewbyrt.com\/?page_id=6665"},"modified":"2018-09-14T13:41:39","modified_gmt":"2018-09-14T13:41:39","slug":"schweighofer-fortepiano","status":"publish","type":"page","link":"https:\/\/www.min-on.org\/es\/schweighofer-fortepiano\/","title":{"rendered":"Fortepiano \u00abSchweighofer\u00bb"},"content":{"rendered":"<p>[et_pb_section bb_built=\u00bb1&#8243; fullwidth=\u00bboff\u00bb specialty=\u00bbon\u00bb][et_pb_column type=\u00bb3_4&#8243; specialty_columns=\u00bb3&#8243;][et_pb_row_inner admin_label=\u00bbRow\u00bb _builder_version=\u00bb3.12&#8243;][et_pb_column_inner type=\u00bb1_2&#8243; saved_specialty_column_type=\u00bb3_4&#8243;][et_pb_text _builder_version=\u00bb3.12&#8243;]<\/p>\n<h1>Fortepiano \u00abSchweighofer\u00bb<\/h1>\n<p style=\"font-weight: 600;\">1840, Viena (Austria)<\/p>\n<p>Este instrumento, donde se conjugan un mecanismo durable y una s\u00f3lida estructura, produce una tonalidad encantadora que acompa\u00f1a fant\u00e1sticamente la voz humana. Los Schweighofer fueron los pianos favoritos de Schubert y de Brahms.<\/p>\n<p>[\/et_pb_text][\/et_pb_column_inner][et_pb_column_inner type=\u00bb1_2&#8243; saved_specialty_column_type=\u00bb3_4&#8243;][et_pb_image _builder_version=\u00bb3.12&#8243; src=\u00bbhttps:\/\/www.min-on.org\/es\/wp-content\/uploads\/sites\/4\/2018\/08\/\u201cSchweighofer\u201d-Fortepiano.jpg\u00bb align=\u00bbcenter\u00bb force_fullwidth=\u00bbon\u00bb \/][\/et_pb_column_inner][\/et_pb_row_inner][\/et_pb_column][et_pb_column type=\u00bb1_4&#8243;][et_pb_sidebar _builder_version=\u00bb3.12&#8243; area=\u00bbet_pb_widget_area_11&#8243; module_class=\u00bbmuseumSidebar\u00bb \/][\/et_pb_column][\/et_pb_section]<\/p>\n","protected":false},"excerpt":{"rendered":"<p>Fortepiano \u00abSchweighofer\u00bb 1840, Viena (Austria) Este instrumento, donde se conjugan un mecanismo durable y una s\u00f3lida estructura, produce una tonalidad encantadora que acompa\u00f1a fant\u00e1sticamente la voz humana. Los Schweighofer fueron los pianos favoritos de Schubert y de Brahms.<\/p>\n","protected":false},"author":1,"featured_media":0,"parent":0,"menu_order":0,"comment_status":"closed","ping_status":"closed","template":"","meta":{"_et_pb_use_builder":"on","_et_pb_old_content":"","_et_gb_content_width":"","footnotes":""},"categories":[],"tags":[],"distributor_meta":false,"distributor_terms":false,"distributor_media":false,"distributor_original_site_name":"Spanish - Min-On Website","distributor_original_site_url":"https:\/\/www.min-on.org\/es","_links":{"self":[{"href":"https:\/\/www.min-on.org\/es\/wp-json\/wp\/v2\/pages\/6665"}],"collection":[{"href":"https:\/\/www.min-on.org\/es\/wp-json\/wp\/v2\/pages"}],"about":[{"href":"https:\/\/www.min-on.org\/es\/wp-json\/wp\/v2\/types\/page"}],"author":[{"embeddable":true,"href":"https:\/\/www.min-on.org\/es\/wp-json\/wp\/v2\/users\/1"}],"replies":[{"embeddable":true,"href":"https:\/\/www.min-on.org\/es\/wp-json\/wp\/v2\/comments?post=6665"}],"version-history":[{"count":5,"href":"https:\/\/www.min-on.org\/es\/wp-json\/wp\/v2\/pages\/6665\/revisions"}],"predecessor-version":[{"id":7025,"href":"https:\/\/www.min-on.org\/es\/wp-json\/wp\/v2\/pages\/6665\/revisions\/7025"}],"wp:attachment":[{"href":"https:\/\/www.min-on.org\/es\/wp-json\/wp\/v2\/media?parent=6665"}],"wp:term":[{"taxonomy":"category","embeddable":true,"href":"https:\/\/www.min-on.org\/es\/wp-json\/wp\/v2\/categories?post=6665"},{"taxonomy":"post_tag","embeddable":true,"href":"https:\/\/www.min-on.org\/es\/wp-json\/wp\/v2\/tags?post=6665"}],"curies":[{"name":"wp","href":"https:\/\/api.w.org\/{rel}","templated":true}]}}