{"id":6655,"date":"2018-08-29T15:15:16","date_gmt":"2018-08-29T15:15:16","guid":{"rendered":"http:\/\/min-on.matthewbyrt.com\/?page_id=6655"},"modified":"2018-11-03T12:48:46","modified_gmt":"2018-11-03T12:48:46","slug":"min-on-music-research-institute","status":"publish","type":"page","link":"https:\/\/www.min-on.org\/es\/min-on-music-research-institute\/","title":{"rendered":"Instituto de Investigaciones Musicales Min-On"},"content":{"rendered":"<p>[et_pb_section bb_built=\u00bb1&#8243; next_background_color=\u00bb#000000&#8243; _builder_version=\u00bb3.7&#8243; custom_padding=\u00bb||0px|\u00bb][et_pb_row _builder_version=\u00bb3.11&#8243; custom_padding=\u00bb0px|||\u00bb][et_pb_column type=\u00bb4_4&#8243;][et_pb_text _builder_version=\u00bb3.12&#8243;]<\/p>\n<h1 style=\"line-height: 36px;\">Instituto de Investigaciones Musicales Min-On<\/h1>\n<p>[\/et_pb_text][\/et_pb_column][\/et_pb_row][et_pb_row _builder_version=\u00bb3.9&#8243;][et_pb_column type=\u00bb4_4&#8243;][et_pb_image _builder_version=\u00bb3.7&#8243; src=\u00bbhttps:\/\/www.min-on.org\/es\/wp-content\/uploads\/sites\/4\/2018\/07\/main-image-foreign-student-musical-festival.jpg\u00bb force_fullwidth=\u00bbon\u00bb show_bottom_space=\u00bboff\u00bb \/][\/et_pb_column][\/et_pb_row][et_pb_row _builder_version=\u00bb3.12&#8243;][et_pb_column type=\u00bb4_4&#8243;][et_pb_text _builder_version=\u00bb3.15&#8243;]<\/p>\n<h2 style=\"line-height: 36px;\">La m\u00fasica une a la gente y crea v\u00ednculos de vida a vida; su poder de crear un etos de paz y de amistad es, realmente, incalculable. El exquisito sonido de la m\u00fasica es la clave que abre el coraz\u00f3n de las personas y lo eleva sobre las barreras nacionales y \u00e9tnicas. <\/p>\n<p>Fund\u00e9 esta instituci\u00f3n cultural con el deseo de promover un movimiento que enriqueciera y revitalizara a las personas, acerc\u00e1ndolas a lo mejor que la m\u00fasica tiene para ofrecer; mi ferviente oraci\u00f3n y mi anhelo es que Min-On siga avanzando eternamente, basada en su principio fundacional, que es una cultura del pueblo y para el pueblo.<span style=\"font-size: 16px; font-weight: 600;\">\u2014 Daisaku Ikeda, <em>Ikeda Daisaku zenshu (Obras completas), Tokio: Seikyo Shimbunsha, 2002, vol. 112, p\u00e1g. 285. Traducci\u00f3n indirecta del japon\u00e9s.<\/em><\/span><\/h2>\n<p>[\/et_pb_text][\/et_pb_column][\/et_pb_row][\/et_pb_section][et_pb_section bb_built=\u00bb1&#8243; specialty=\u00bboff\u00bb prev_background_color=\u00bb#000000&#8243; _builder_version=\u00bb3.7&#8243; custom_padding=\u00bb0px|||\u00bb next_background_color=\u00bb#000000&#8243;][et_pb_row _builder_version=\u00bb3.7&#8243; custom_css_main_1=\u00bbcontent:%22%22;|| display:table;|| clear:both;\u00bb][et_pb_column type=\u00bb1_2&#8243;][et_pb_image _builder_version=\u00bb3.15&#8243; src=\u00bbhttps:\/\/www.min-on.org\/es\/wp-content\/uploads\/sites\/4\/2018\/09\/institute_Min-On-Music-Research-Institute.jpg\u00bb align=\u00bbcenter\u00bb force_fullwidth=\u00bbon\u00bb show_in_lightbox=\u00bbon\u00bb \/][\/et_pb_column][et_pb_column type=\u00bb1_2&#8243;][et_pb_text _builder_version=\u00bb3.15&#8243;]<\/p>\n<p>El Instituto de Investigaciones Musicales Min-On (MOMRI, por sus siglas en ingl\u00e9s) se fund\u00f3 el 18 de octubre de 2014, basado en los principios fundacionales de la asociaci\u00f3n hom\u00f3nima, que reconocen en la m\u00fasica \u00abun sonoro himno triunfal a la humanidad\u00bb \u00abcon el poder de vincular el coraz\u00f3n de todos los pueblos\u00bb y \u00abun mensaje de esperanza capaz de revitalizar la vida\u00bb.  Su objetivo es llevar a cabo investigaciones acad\u00e9micas interdisciplinarias sobre el potencial de la m\u00fasica en relaci\u00f3n con distintos ejes, como la paz, el medio ambiente, la sociedad y la educaci\u00f3n. El MOMRI aspira a transmitir el resultado de sus investigaciones en conferencias, simposios e investigaciones conjuntas para promover el conocimiento sobre el poder de la m\u00fasica en todo el mundo.<\/p>\n<p>[\/et_pb_text][\/et_pb_column][\/et_pb_row][\/et_pb_section][et_pb_section bb_built=\u00bb1&#8243; admin_label=\u00bbRelated Articles\u00bb specialty=\u00bboff\u00bb _builder_version=\u00bb3.15&#8243; custom_padding=\u00bb0px|||\u00bb disabled_on=\u00bbon|on|on\u00bb disabled=\u00bbon\u00bb prev_background_color=\u00bb#000000&#8243;][et_pb_row _builder_version=\u00bb3.11&#8243; custom_padding=\u00bb0px|||\u00bb][et_pb_column type=\u00bb4_4&#8243;][et_pb_text _builder_version=\u00bb3.12&#8243;]<\/p>\n<h1 style=\"line-height: 36px;\">Related Articles<\/h1>\n<p>[\/et_pb_text][\/et_pb_column][\/et_pb_row][et_pb_row _builder_version=\u00bb3.12&#8243; custom_padding=\u00bb|1.5%||1.5%\u00bb][et_pb_column type=\u00bb4_4&#8243;][et_pb_blog _builder_version=\u00bb3.15&#8243; posts_number=\u00bb3&#8243; fullwidth=\u00bboff\u00bb include_categories=\u00bb399&#8243; \/][\/et_pb_column][\/et_pb_row][\/et_pb_section]<\/p>\n","protected":false},"excerpt":{"rendered":"<p>Instituto de Investigaciones Musicales Min-On La m\u00fasica une a la gente y crea v\u00ednculos de vida a vida; su poder de crear un etos de paz y de amistad es, realmente, incalculable. El exquisito sonido de la m\u00fasica es la clave que abre el coraz\u00f3n de las personas y lo eleva sobre las barreras nacionales [&hellip;]<\/p>\n","protected":false},"author":1,"featured_media":0,"parent":0,"menu_order":0,"comment_status":"closed","ping_status":"closed","template":"","meta":{"_et_pb_use_builder":"on","_et_pb_old_content":"","_et_gb_content_width":"","footnotes":""},"categories":[],"tags":[],"distributor_meta":false,"distributor_terms":false,"distributor_media":false,"distributor_original_site_name":"Spanish - Min-On Website","distributor_original_site_url":"https:\/\/www.min-on.org\/es","_links":{"self":[{"href":"https:\/\/www.min-on.org\/es\/wp-json\/wp\/v2\/pages\/6655"}],"collection":[{"href":"https:\/\/www.min-on.org\/es\/wp-json\/wp\/v2\/pages"}],"about":[{"href":"https:\/\/www.min-on.org\/es\/wp-json\/wp\/v2\/types\/page"}],"author":[{"embeddable":true,"href":"https:\/\/www.min-on.org\/es\/wp-json\/wp\/v2\/users\/1"}],"replies":[{"embeddable":true,"href":"https:\/\/www.min-on.org\/es\/wp-json\/wp\/v2\/comments?post=6655"}],"version-history":[{"count":11,"href":"https:\/\/www.min-on.org\/es\/wp-json\/wp\/v2\/pages\/6655\/revisions"}],"predecessor-version":[{"id":7798,"href":"https:\/\/www.min-on.org\/es\/wp-json\/wp\/v2\/pages\/6655\/revisions\/7798"}],"wp:attachment":[{"href":"https:\/\/www.min-on.org\/es\/wp-json\/wp\/v2\/media?parent=6655"}],"wp:term":[{"taxonomy":"category","embeddable":true,"href":"https:\/\/www.min-on.org\/es\/wp-json\/wp\/v2\/categories?post=6655"},{"taxonomy":"post_tag","embeddable":true,"href":"https:\/\/www.min-on.org\/es\/wp-json\/wp\/v2\/tags?post=6655"}],"curies":[{"name":"wp","href":"https:\/\/api.w.org\/{rel}","templated":true}]}}