{"id":6421,"date":"2018-08-12T12:38:04","date_gmt":"2018-08-12T12:38:04","guid":{"rendered":"http:\/\/min-on.matthewbyrt.com\/?page_id=6421"},"modified":"2018-10-23T17:13:00","modified_gmt":"2018-10-23T17:13:00","slug":"membranophone","status":"publish","type":"page","link":"https:\/\/www.min-on.org\/es\/membranophone\/","title":{"rendered":"Membran\u00f3fonos"},"content":{"rendered":"<p>[et_pb_section bb_built=\u00bb1&#8243; fullwidth=\u00bboff\u00bb specialty=\u00bbon\u00bb next_background_color=\u00bb#000000&#8243;][et_pb_column type=\u00bb3_4&#8243; specialty_columns=\u00bb3&#8243;][et_pb_row_inner admin_label=\u00bbRow\u00bb _builder_version=\u00bb3.12&#8243;][et_pb_column_inner type=\u00bb1_2&#8243; saved_specialty_column_type=\u00bb3_4&#8243;][et_pb_text _builder_version=\u00bb3.15&#8243;]<\/p>\n<h1>Membran\u00f3fonos<\/h1>\n<p>Los instrumentos musicales pueden ser clasificados de acuerdo con diversos criterios. En Occidente, se los divide en tres categor\u00edas: instrumentos de cuerdas, de vientos y de percusi\u00f3n. La clasificaci\u00f3n utilizada en la Sala de Exhibici\u00f3n de Instrumentos Folkl\u00f3ricos del Museo Musical Min-On sigue el sistema que hoy se aplica en el uso general, que agrupa los instrumentos de acuerdo con el origen o la fuente de su vibraci\u00f3n, y a partir de ello establece subcategor\u00edas m\u00e1s espec\u00edficas en relaci\u00f3n con la forma y otros factores. De tal manera, se determinan cuatro categor\u00edas: aer\u00f3fonos, cord\u00f3fonos, membran\u00f3fonos e idi\u00f3fonos<\/p>\n<p>\tLos instrumentos \u00abmembran\u00f3fonos\u00bb son los que utilizan una membrana tensa como fuente de vibraci\u00f3n. En la sala de exhibici\u00f3n, los visitantes pueden apreciar la creatividad y la sabidur\u00eda de los instrumentos de cada pa\u00eds, donde se conjugan tradiciones \u00e9tnicas, ling\u00fc\u00edsticas y religiosas distintivas.<\/p>\n<p>[\/et_pb_text][\/et_pb_column_inner][et_pb_column_inner type=\u00bb1_2&#8243; saved_specialty_column_type=\u00bb3_4&#8243;][et_pb_image _builder_version=\u00bb3.15&#8243; src=\u00bbhttps:\/\/www.min-on.org\/wp-content\/uploads\/sites\/7\/2011\/09\/membranophone.jpg\u00bb align=\u00bbcenter\u00bb force_fullwidth=\u00bbon\u00bb show_bottom_space=\u00bboff\u00bb \/][\/et_pb_column_inner][\/et_pb_row_inner][\/et_pb_column][et_pb_column type=\u00bb1_4&#8243;][et_pb_sidebar _builder_version=\u00bb3.12&#8243; area=\u00bbet_pb_widget_area_11&#8243; module_class=\u00bbmuseumSidebar\u00bb \/][\/et_pb_column][\/et_pb_section][et_pb_section bb_built=\u00bb1&#8243; fullwidth=\u00bboff\u00bb specialty=\u00bboff\u00bb prev_background_color=\u00bb#000000&#8243;][et_pb_row][et_pb_column type=\u00bb4_4&#8243;][\/et_pb_column][\/et_pb_row][\/et_pb_section]<\/p>\n","protected":false},"excerpt":{"rendered":"<p>Membran\u00f3fonos Los instrumentos musicales pueden ser clasificados de acuerdo con diversos criterios. En Occidente, se los divide en tres categor\u00edas: instrumentos de cuerdas, de vientos y de percusi\u00f3n. La clasificaci\u00f3n utilizada en la Sala de Exhibici\u00f3n de Instrumentos Folkl\u00f3ricos del Museo Musical Min-On sigue el sistema que hoy se aplica en el uso general, que [&hellip;]<\/p>\n","protected":false},"author":1,"featured_media":0,"parent":0,"menu_order":0,"comment_status":"closed","ping_status":"closed","template":"","meta":{"_et_pb_use_builder":"on","_et_pb_old_content":"","_et_gb_content_width":"","footnotes":""},"categories":[],"tags":[],"distributor_meta":false,"distributor_terms":false,"distributor_media":false,"distributor_original_site_name":"Spanish - Min-On Website","distributor_original_site_url":"https:\/\/www.min-on.org\/es","_links":{"self":[{"href":"https:\/\/www.min-on.org\/es\/wp-json\/wp\/v2\/pages\/6421"}],"collection":[{"href":"https:\/\/www.min-on.org\/es\/wp-json\/wp\/v2\/pages"}],"about":[{"href":"https:\/\/www.min-on.org\/es\/wp-json\/wp\/v2\/types\/page"}],"author":[{"embeddable":true,"href":"https:\/\/www.min-on.org\/es\/wp-json\/wp\/v2\/users\/1"}],"replies":[{"embeddable":true,"href":"https:\/\/www.min-on.org\/es\/wp-json\/wp\/v2\/comments?post=6421"}],"version-history":[{"count":4,"href":"https:\/\/www.min-on.org\/es\/wp-json\/wp\/v2\/pages\/6421\/revisions"}],"predecessor-version":[{"id":7576,"href":"https:\/\/www.min-on.org\/es\/wp-json\/wp\/v2\/pages\/6421\/revisions\/7576"}],"wp:attachment":[{"href":"https:\/\/www.min-on.org\/es\/wp-json\/wp\/v2\/media?parent=6421"}],"wp:term":[{"taxonomy":"category","embeddable":true,"href":"https:\/\/www.min-on.org\/es\/wp-json\/wp\/v2\/categories?post=6421"},{"taxonomy":"post_tag","embeddable":true,"href":"https:\/\/www.min-on.org\/es\/wp-json\/wp\/v2\/tags?post=6421"}],"curies":[{"name":"wp","href":"https:\/\/api.w.org\/{rel}","templated":true}]}}