{"id":6412,"date":"2018-08-12T12:33:05","date_gmt":"2018-08-12T12:33:05","guid":{"rendered":"http:\/\/min-on.matthewbyrt.com\/?page_id=6412"},"modified":"2018-09-15T15:58:26","modified_gmt":"2018-09-15T15:58:26","slug":"disc-phonograph-orthophonic-victrola-vv-i-70","status":"publish","type":"page","link":"https:\/\/www.min-on.org\/es\/disc-phonograph-orthophonic-victrola-vv-i-70\/","title":{"rendered":"Fon\u00f3grafo de disco: Victrola Ortof\u00f3nica \u00abCredenza\u00bb VV.I-70. Fabricado por la compa\u00f1\u00eda Victor."},"content":{"rendered":"<p>[et_pb_section bb_built=\u00bb1&#8243; fullwidth=\u00bboff\u00bb specialty=\u00bbon\u00bb next_background_color=\u00bb#000000&#8243;][et_pb_column type=\u00bb3_4&#8243; specialty_columns=\u00bb3&#8243;][et_pb_row_inner admin_label=\u00bbRow\u00bb _builder_version=\u00bb3.12&#8243;][et_pb_column_inner type=\u00bb1_2&#8243; saved_specialty_column_type=\u00bb3_4&#8243;][et_pb_text _builder_version=\u00bb3.12&#8243;]<\/p>\n<h1>Fon\u00f3grafo de disco: Victrola Ortof\u00f3nica \u00abCredenza\u00bb VV.I-70. Fabricado por la compa\u00f1\u00eda Victor.<\/h1>\n<p style=\"font-weight: 600;\">1926 (EE.UU.)<\/p>\n<p>Edison construy\u00f3 un primer fon\u00f3grafo de disco en 1878. Pero no fue \u00e9l sino Emile Berliner quien desarroll\u00f3 comercialmente la m\u00e1quina de discos conocida como \u00abgram\u00f3fono\u00bb. Tiempo despu\u00e9s, la empresa Victor Talking Machine Company comercializ\u00f3 el fon\u00f3grafo de disco que Edison hab\u00eda ideado originalmente; en 1907, las ventas de este aparato ya hab\u00edan superado las del fon\u00f3grafo de cilindro de su predecesor.<\/p>\n<p>\tLos registros en forma de disco pod\u00edan reproducir grabaciones de mayor duraci\u00f3n y eran f\u00e1ciles de guardar. Pero Edison hab\u00eda descartado su desarrollo por creer que los registros en cilindro ten\u00edan un sonido superior. Por su parte, la compa\u00f1\u00eda Victor produjo numerosos gram\u00f3fonos de disco que r\u00e1pidamente se hicieron populares; a ra\u00edz de ello, el negocio de fon\u00f3grafos de Edison nunca volvi\u00f3 a alcanzar su auge inicial.  Edison abandon\u00f3 por completo la producci\u00f3n de fon\u00f3grafos en 1929, mientras, paralelamente, los reproductores de disco de Victor \u2014especialmente, la Victrola\u2014 comenzaron a dominar el mercado.<\/p>\n<p>\tEsta \u00abVictrola Ortof\u00f3nica VV.I-70\u00bb es un fon\u00f3grafo de disco fabricado en los Estados Unidos por la compa\u00f1\u00eda Victor en 1926. Aunque su fabricante lo promocion\u00f3 como un aparato \u00absin bocina\u00bb, en realidad esta se hallaba incorporada dentro del gabinete. La victrola fue un invento fundamental, que populariz\u00f3 el fon\u00f3grafo como presencia habitual en los hogares; de hecho, el nombre sigui\u00f3 utiliz\u00e1ndose incluso hasta 1970.<\/p>\n<p>[\/et_pb_text][\/et_pb_column_inner][et_pb_column_inner type=\u00bb1_2&#8243; saved_specialty_column_type=\u00bb3_4&#8243;][et_pb_image _builder_version=\u00bb3.12&#8243; src=\u00bbhttps:\/\/www.min-on.org\/es\/wp-content\/uploads\/sites\/4\/2011\/09\/disc-phonograph-orthoponic-victorola.jpg\u00bb align=\u00bbcenter\u00bb force_fullwidth=\u00bbon\u00bb show_bottom_space=\u00bboff\u00bb \/][\/et_pb_column_inner][\/et_pb_row_inner][\/et_pb_column][et_pb_column type=\u00bb1_4&#8243;][et_pb_sidebar _builder_version=\u00bb3.12&#8243; area=\u00bbet_pb_widget_area_11&#8243; module_class=\u00bbmuseumSidebar\u00bb \/][\/et_pb_column][\/et_pb_section][et_pb_section bb_built=\u00bb1&#8243; fullwidth=\u00bboff\u00bb specialty=\u00bboff\u00bb prev_background_color=\u00bb#000000&#8243;][et_pb_row][et_pb_column type=\u00bb4_4&#8243;][\/et_pb_column][\/et_pb_row][\/et_pb_section]<\/p>\n","protected":false},"excerpt":{"rendered":"<p>Fon\u00f3grafo de disco: Victrola Ortof\u00f3nica \u00abCredenza\u00bb VV.I-70. Fabricado por la compa\u00f1\u00eda Victor. 1926 (EE.UU.) Edison construy\u00f3 un primer fon\u00f3grafo de disco en 1878. Pero no fue \u00e9l sino Emile Berliner quien desarroll\u00f3 comercialmente la m\u00e1quina de discos conocida como \u00abgram\u00f3fono\u00bb. Tiempo despu\u00e9s, la empresa Victor Talking Machine Company comercializ\u00f3 el fon\u00f3grafo de disco que Edison [&hellip;]<\/p>\n","protected":false},"author":1,"featured_media":0,"parent":0,"menu_order":0,"comment_status":"closed","ping_status":"closed","template":"","meta":{"_et_pb_use_builder":"on","_et_pb_old_content":"","_et_gb_content_width":"","footnotes":""},"categories":[],"tags":[],"distributor_meta":false,"distributor_terms":false,"distributor_media":false,"distributor_original_site_name":"Spanish - Min-On Website","distributor_original_site_url":"https:\/\/www.min-on.org\/es","_links":{"self":[{"href":"https:\/\/www.min-on.org\/es\/wp-json\/wp\/v2\/pages\/6412"}],"collection":[{"href":"https:\/\/www.min-on.org\/es\/wp-json\/wp\/v2\/pages"}],"about":[{"href":"https:\/\/www.min-on.org\/es\/wp-json\/wp\/v2\/types\/page"}],"author":[{"embeddable":true,"href":"https:\/\/www.min-on.org\/es\/wp-json\/wp\/v2\/users\/1"}],"replies":[{"embeddable":true,"href":"https:\/\/www.min-on.org\/es\/wp-json\/wp\/v2\/comments?post=6412"}],"version-history":[{"count":4,"href":"https:\/\/www.min-on.org\/es\/wp-json\/wp\/v2\/pages\/6412\/revisions"}],"predecessor-version":[{"id":7219,"href":"https:\/\/www.min-on.org\/es\/wp-json\/wp\/v2\/pages\/6412\/revisions\/7219"}],"wp:attachment":[{"href":"https:\/\/www.min-on.org\/es\/wp-json\/wp\/v2\/media?parent=6412"}],"wp:term":[{"taxonomy":"category","embeddable":true,"href":"https:\/\/www.min-on.org\/es\/wp-json\/wp\/v2\/categories?post=6412"},{"taxonomy":"post_tag","embeddable":true,"href":"https:\/\/www.min-on.org\/es\/wp-json\/wp\/v2\/tags?post=6412"}],"curies":[{"name":"wp","href":"https:\/\/api.w.org\/{rel}","templated":true}]}}