{"id":6410,"date":"2018-08-12T12:31:24","date_gmt":"2018-08-12T12:31:24","guid":{"rendered":"http:\/\/min-on.matthewbyrt.com\/?page_id=6410"},"modified":"2018-10-29T08:14:17","modified_gmt":"2018-10-29T08:14:17","slug":"disc-gramophone-exposicion","status":"publish","type":"page","link":"https:\/\/www.min-on.org\/es\/disc-gramophone-exposicion\/","title":{"rendered":"Gram\u00f3fono de disco: \u00abExposici\u00f3n\u00bb"},"content":{"rendered":"<p>[et_pb_section bb_built=\u00bb1&#8243; fullwidth=\u00bboff\u00bb specialty=\u00bbon\u00bb next_background_color=\u00bb#000000&#8243;][et_pb_column type=\u00bb3_4&#8243; specialty_columns=\u00bb3&#8243;][et_pb_row_inner admin_label=\u00bbRow\u00bb _builder_version=\u00bb3.12&#8243;][et_pb_column_inner type=\u00bb1_2&#8243; saved_specialty_column_type=\u00bb3_4&#8243;][et_pb_text _builder_version=\u00bb3.15&#8243;]<\/p>\n<h1>Gram\u00f3fono de disco: \u00abExposici\u00f3n\u00bb <\/h1>\n<p style=\"font-weight: 600;\">1900 (Espa\u00f1a)<\/p>\n<p>Una d\u00e9cada despu\u00e9s de la exitosa invenci\u00f3n de los fon\u00f3grafos de cilindro, en 1887, el inventor estadounidense Emile Berliner, nacido en Alemania, utiliz\u00f3 un surco espiralado sobre un disco plano giratorio. Dio a su invento el nombre de \u00abgram\u00f3fono\u00bb.<\/p>\n<p>\tA comienzos de siglo, Berliner inici\u00f3 la transici\u00f3n del cilindro fonogr\u00e1fico al disco gramof\u00f3nico. Estos eran discos planos, de doble faz, con un surco en espiral que iba desde la periferia hacia el centro. Hubo otros inventores que hicieron mejoras al gram\u00f3fono a lo largo de los a\u00f1os; as\u00ed pues, modificaron el plato giratorio o bandeja, el brazo, la aguja y la pastilla, as\u00ed como tambi\u00e9n los sistemas de sonido y de ecualizaci\u00f3n.<\/p>\n<p>\tEste singular gram\u00f3fono de disco \u00abExposici\u00f3n\u00bb fue fabricado en Espa\u00f1a en la d\u00e9cada del 1900. Su caracter\u00edstica m\u00e1s distintiva es la bocina verde, en forma de trompeta.  En el frente del caj\u00f3n, sobrio y de roble, se lee la marca \u00abExposici\u00f3n\u00bb en grandes trazos caligr\u00e1ficos.<\/p>\n<p>[\/et_pb_text][\/et_pb_column_inner][et_pb_column_inner type=\u00bb1_2&#8243; saved_specialty_column_type=\u00bb3_4&#8243;][et_pb_image _builder_version=\u00bb3.12&#8243; src=\u00bbhttps:\/\/www.min-on.org\/es\/wp-content\/uploads\/sites\/4\/2011\/09\/disc_gamophone_exposicion.jpg\u00bb align=\u00bbcenter\u00bb force_fullwidth=\u00bbon\u00bb show_bottom_space=\u00bboff\u00bb \/][\/et_pb_column_inner][\/et_pb_row_inner][\/et_pb_column][et_pb_column type=\u00bb1_4&#8243;][et_pb_sidebar _builder_version=\u00bb3.12&#8243; area=\u00bbet_pb_widget_area_11&#8243; module_class=\u00bbmuseumSidebar\u00bb \/][\/et_pb_column][\/et_pb_section][et_pb_section bb_built=\u00bb1&#8243; fullwidth=\u00bboff\u00bb specialty=\u00bboff\u00bb prev_background_color=\u00bb#000000&#8243;][et_pb_row][et_pb_column type=\u00bb4_4&#8243;][\/et_pb_column][\/et_pb_row][\/et_pb_section]<\/p>\n","protected":false},"excerpt":{"rendered":"<p>Gram\u00f3fono de disco: \u00abExposici\u00f3n\u00bb 1900 (Espa\u00f1a) Una d\u00e9cada despu\u00e9s de la exitosa invenci\u00f3n de los fon\u00f3grafos de cilindro, en 1887, el inventor estadounidense Emile Berliner, nacido en Alemania, utiliz\u00f3 un surco espiralado sobre un disco plano giratorio. Dio a su invento el nombre de \u00abgram\u00f3fono\u00bb. A comienzos de siglo, Berliner inici\u00f3 la transici\u00f3n del cilindro [&hellip;]<\/p>\n","protected":false},"author":1,"featured_media":0,"parent":0,"menu_order":0,"comment_status":"closed","ping_status":"closed","template":"","meta":{"_et_pb_use_builder":"on","_et_pb_old_content":"","_et_gb_content_width":"","footnotes":""},"categories":[],"tags":[],"distributor_meta":false,"distributor_terms":false,"distributor_media":false,"distributor_original_site_name":"Spanish - Min-On Website","distributor_original_site_url":"https:\/\/www.min-on.org\/es","_links":{"self":[{"href":"https:\/\/www.min-on.org\/es\/wp-json\/wp\/v2\/pages\/6410"}],"collection":[{"href":"https:\/\/www.min-on.org\/es\/wp-json\/wp\/v2\/pages"}],"about":[{"href":"https:\/\/www.min-on.org\/es\/wp-json\/wp\/v2\/types\/page"}],"author":[{"embeddable":true,"href":"https:\/\/www.min-on.org\/es\/wp-json\/wp\/v2\/users\/1"}],"replies":[{"embeddable":true,"href":"https:\/\/www.min-on.org\/es\/wp-json\/wp\/v2\/comments?post=6410"}],"version-history":[{"count":5,"href":"https:\/\/www.min-on.org\/es\/wp-json\/wp\/v2\/pages\/6410\/revisions"}],"predecessor-version":[{"id":7605,"href":"https:\/\/www.min-on.org\/es\/wp-json\/wp\/v2\/pages\/6410\/revisions\/7605"}],"wp:attachment":[{"href":"https:\/\/www.min-on.org\/es\/wp-json\/wp\/v2\/media?parent=6410"}],"wp:term":[{"taxonomy":"category","embeddable":true,"href":"https:\/\/www.min-on.org\/es\/wp-json\/wp\/v2\/categories?post=6410"},{"taxonomy":"post_tag","embeddable":true,"href":"https:\/\/www.min-on.org\/es\/wp-json\/wp\/v2\/tags?post=6410"}],"curies":[{"name":"wp","href":"https:\/\/api.w.org\/{rel}","templated":true}]}}