{"id":6408,"date":"2018-08-12T12:29:22","date_gmt":"2018-08-12T12:29:22","guid":{"rendered":"http:\/\/min-on.matthewbyrt.com\/?page_id=6408"},"modified":"2018-10-15T16:13:35","modified_gmt":"2018-10-15T16:13:35","slug":"edison-official-laboratory-model-c-19-chippendale","status":"publish","type":"page","link":"https:\/\/www.min-on.org\/es\/edison-official-laboratory-model-c-19-chippendale\/","title":{"rendered":"Fon\u00f3grafo \u00abChippendale\u00bb Modelo C-19. Fabricado por el Laboratorio Oficial Edison."},"content":{"rendered":"<p>[et_pb_section bb_built=\u00bb1&#8243; fullwidth=\u00bboff\u00bb specialty=\u00bbon\u00bb next_background_color=\u00bb#000000&#8243;][et_pb_column type=\u00bb3_4&#8243; specialty_columns=\u00bb3&#8243;][et_pb_row_inner admin_label=\u00bbRow\u00bb _builder_version=\u00bb3.12&#8243;][et_pb_column_inner type=\u00bb1_2&#8243; saved_specialty_column_type=\u00bb3_4&#8243;][et_pb_text _builder_version=\u00bb3.15&#8243;]<\/p>\n<h1>Fon\u00f3grafo \u00abChippendale\u00bb Modelo C-19. Fabricado por el Laboratorio Oficial Edison. <\/h1>\n<p style=\"font-weight: 600;\">1919, (EE.UU)<\/p>\n<p>A Thomas Edison se le atribuye la invenci\u00f3n del fon\u00f3grafo de cilindro, que utilizaba un cilindro de cobre forrado en papel de esta\u00f1o para registrar y reproducir sonido. Chichester Bell y otros inventores siguieron explorando este camino e hicieron diversas mejoras al fon\u00f3grafo. Perfeccionaron la calidad de sonido grabando los registros fonogr\u00e1ficos sobre cilindros de cart\u00f3n parafinado. En 1887, el inventor estadounidense Emile Berliner, nacido en Alemania, concibi\u00f3 la idea de grabar un surco helicoidal sobre un disco plano giratorio. A este invento lo llam\u00f3 \u00abgram\u00f3fono\u00bb.<\/p>\n<p>El Modelo C-19 \u00abChippendale\u00bb del Laboratorio Oficial Edison es el exponente de una l\u00ednea de gram\u00f3fonos muy lujosos dise\u00f1ados para ser utilizados con discos de vibraci\u00f3n longitudinal. Para demostrar su calidad, en una ocasi\u00f3n Edison reemplaz\u00f3 la voz de un cantante en vivo, en mitad de la actuaci\u00f3n, por una grabaci\u00f3n reproducida en este gram\u00f3fono, sin que el p\u00fablico \u2014se afirma\u2014 se hubiese dado cuenta del artilugio.<\/p>\n<p>[\/et_pb_text][\/et_pb_column_inner][et_pb_column_inner type=\u00bb1_2&#8243; saved_specialty_column_type=\u00bb3_4&#8243;][et_pb_image _builder_version=\u00bb3.12&#8243; src=\u00bbhttps:\/\/www.min-on.org\/es\/wp-content\/uploads\/sites\/4\/2011\/09\/edison_offical_laboratory_model.jpg\u00bb align=\u00bbcenter\u00bb force_fullwidth=\u00bbon\u00bb show_bottom_space=\u00bboff\u00bb \/][\/et_pb_column_inner][\/et_pb_row_inner][\/et_pb_column][et_pb_column type=\u00bb1_4&#8243;][et_pb_sidebar _builder_version=\u00bb3.12&#8243; area=\u00bbet_pb_widget_area_11&#8243; module_class=\u00bbmuseumSidebar\u00bb \/][\/et_pb_column][\/et_pb_section][et_pb_section bb_built=\u00bb1&#8243; fullwidth=\u00bboff\u00bb specialty=\u00bboff\u00bb prev_background_color=\u00bb#000000&#8243;][et_pb_row][et_pb_column type=\u00bb4_4&#8243;][\/et_pb_column][\/et_pb_row][\/et_pb_section]<\/p>\n","protected":false},"excerpt":{"rendered":"<p>Fon\u00f3grafo \u00abChippendale\u00bb Modelo C-19. Fabricado por el Laboratorio Oficial Edison. 1919, (EE.UU) A Thomas Edison se le atribuye la invenci\u00f3n del fon\u00f3grafo de cilindro, que utilizaba un cilindro de cobre forrado en papel de esta\u00f1o para registrar y reproducir sonido. Chichester Bell y otros inventores siguieron explorando este camino e hicieron diversas mejoras al fon\u00f3grafo. [&hellip;]<\/p>\n","protected":false},"author":1,"featured_media":0,"parent":0,"menu_order":0,"comment_status":"closed","ping_status":"closed","template":"","meta":{"_et_pb_use_builder":"on","_et_pb_old_content":"","_et_gb_content_width":"","footnotes":""},"categories":[],"tags":[],"distributor_meta":false,"distributor_terms":false,"distributor_media":false,"distributor_original_site_name":"Spanish - Min-On Website","distributor_original_site_url":"https:\/\/www.min-on.org\/es","_links":{"self":[{"href":"https:\/\/www.min-on.org\/es\/wp-json\/wp\/v2\/pages\/6408"}],"collection":[{"href":"https:\/\/www.min-on.org\/es\/wp-json\/wp\/v2\/pages"}],"about":[{"href":"https:\/\/www.min-on.org\/es\/wp-json\/wp\/v2\/types\/page"}],"author":[{"embeddable":true,"href":"https:\/\/www.min-on.org\/es\/wp-json\/wp\/v2\/users\/1"}],"replies":[{"embeddable":true,"href":"https:\/\/www.min-on.org\/es\/wp-json\/wp\/v2\/comments?post=6408"}],"version-history":[{"count":5,"href":"https:\/\/www.min-on.org\/es\/wp-json\/wp\/v2\/pages\/6408\/revisions"}],"predecessor-version":[{"id":7301,"href":"https:\/\/www.min-on.org\/es\/wp-json\/wp\/v2\/pages\/6408\/revisions\/7301"}],"wp:attachment":[{"href":"https:\/\/www.min-on.org\/es\/wp-json\/wp\/v2\/media?parent=6408"}],"wp:term":[{"taxonomy":"category","embeddable":true,"href":"https:\/\/www.min-on.org\/es\/wp-json\/wp\/v2\/categories?post=6408"},{"taxonomy":"post_tag","embeddable":true,"href":"https:\/\/www.min-on.org\/es\/wp-json\/wp\/v2\/tags?post=6408"}],"curies":[{"name":"wp","href":"https:\/\/api.w.org\/{rel}","templated":true}]}}