{"id":6405,"date":"2018-08-12T12:26:32","date_gmt":"2018-08-12T12:26:32","guid":{"rendered":"http:\/\/min-on.matthewbyrt.com\/?page_id=6405"},"modified":"2018-10-30T07:04:52","modified_gmt":"2018-10-30T07:04:52","slug":"cylinder-phonograph-edison-ambelora-model-30","status":"publish","type":"page","link":"https:\/\/www.min-on.org\/es\/cylinder-phonograph-edison-ambelora-model-30\/","title":{"rendered":"Fon\u00f3grafo de cilindro Edison Amberola, Modelo 30. Fabricado por los laboratorios Edison. 1918 (EE.UU.)"},"content":{"rendered":"<p>[et_pb_section bb_built=\u00bb1&#8243; fullwidth=\u00bboff\u00bb specialty=\u00bbon\u00bb next_background_color=\u00bb#000000&#8243;][et_pb_column type=\u00bb3_4&#8243; specialty_columns=\u00bb3&#8243;][et_pb_row_inner admin_label=\u00bbRow\u00bb _builder_version=\u00bb3.12&#8243;][et_pb_column_inner type=\u00bb1_2&#8243; saved_specialty_column_type=\u00bb3_4&#8243;][et_pb_text _builder_version=\u00bb3.15&#8243;]<\/p>\n<h1>Fon\u00f3grafo de cilindro Edison Amberola, Modelo 30. Fabricado por los laboratorios Edison. 1918 (EE.UU.)<\/h1>\n<p style=\"font-weight: 600;\">1918 (EE.UU.)<\/p>\n<p>En 1877, el inventor norteamericano Thomas Edison revel\u00f3 una de sus creaciones  m\u00e1s originales: el fon\u00f3grafo de esta\u00f1o. Este dispositivo empleaba un transmisor con punta de estilete que grababa impresiones sobre un cilindro de cobre recubierto en papel de esta\u00f1o, que era capaz de registrar y reproducir sonido.<\/p>\n<p>\tEste fon\u00f3grafo de cilindro Edison Amberola Modelo 30, con bocina incorporada, fue fabricado en 1919 por la empresa Edison Co. Estaba dise\u00f1ado para funcionar exclusivamente con cilindros, capaces de reproducir el sonido durante no m\u00e1s de cuatro minutos. El cilindro est\u00e1ndar de Edison ten\u00eda un di\u00e1metro de menos de 6 cm, 10 cm de largo y un tiempo de reproducci\u00f3n de dos minutos. Sin embargo, este tiempo se extendi\u00f3 a cuatro minutos con el desarrollo de los cilindros de amberol azul. Este fue el primer modelo que utiliz\u00f3 diales de aguja.<\/p>\n<p>[\/et_pb_text][\/et_pb_column_inner][et_pb_column_inner type=\u00bb1_2&#8243; saved_specialty_column_type=\u00bb3_4&#8243;][et_pb_image _builder_version=\u00bb3.12&#8243; src=\u00bbhttps:\/\/www.min-on.org\/es\/wp-content\/uploads\/sites\/4\/2011\/09\/cylinder-phonograph-ambelora-model.jpg\u00bb align=\u00bbcenter\u00bb force_fullwidth=\u00bbon\u00bb show_bottom_space=\u00bboff\u00bb \/][\/et_pb_column_inner][\/et_pb_row_inner][\/et_pb_column][et_pb_column type=\u00bb1_4&#8243;][et_pb_sidebar _builder_version=\u00bb3.12&#8243; area=\u00bbet_pb_widget_area_11&#8243; module_class=\u00bbmuseumSidebar\u00bb \/][\/et_pb_column][\/et_pb_section][et_pb_section bb_built=\u00bb1&#8243; fullwidth=\u00bboff\u00bb specialty=\u00bboff\u00bb prev_background_color=\u00bb#000000&#8243;][et_pb_row][et_pb_column type=\u00bb4_4&#8243;][\/et_pb_column][\/et_pb_row][\/et_pb_section]<\/p>\n","protected":false},"excerpt":{"rendered":"<p>Fon\u00f3grafo de cilindro Edison Amberola, Modelo 30. Fabricado por los laboratorios Edison. 1918 (EE.UU.) 1918 (EE.UU.) En 1877, el inventor norteamericano Thomas Edison revel\u00f3 una de sus creaciones m\u00e1s originales: el fon\u00f3grafo de esta\u00f1o. Este dispositivo empleaba un transmisor con punta de estilete que grababa impresiones sobre un cilindro de cobre recubierto en papel de [&hellip;]<\/p>\n","protected":false},"author":1,"featured_media":0,"parent":0,"menu_order":0,"comment_status":"closed","ping_status":"closed","template":"","meta":{"_et_pb_use_builder":"on","_et_pb_old_content":"","_et_gb_content_width":"","footnotes":""},"categories":[],"tags":[],"distributor_meta":false,"distributor_terms":false,"distributor_media":false,"distributor_original_site_name":"Spanish - Min-On Website","distributor_original_site_url":"https:\/\/www.min-on.org\/es","_links":{"self":[{"href":"https:\/\/www.min-on.org\/es\/wp-json\/wp\/v2\/pages\/6405"}],"collection":[{"href":"https:\/\/www.min-on.org\/es\/wp-json\/wp\/v2\/pages"}],"about":[{"href":"https:\/\/www.min-on.org\/es\/wp-json\/wp\/v2\/types\/page"}],"author":[{"embeddable":true,"href":"https:\/\/www.min-on.org\/es\/wp-json\/wp\/v2\/users\/1"}],"replies":[{"embeddable":true,"href":"https:\/\/www.min-on.org\/es\/wp-json\/wp\/v2\/comments?post=6405"}],"version-history":[{"count":5,"href":"https:\/\/www.min-on.org\/es\/wp-json\/wp\/v2\/pages\/6405\/revisions"}],"predecessor-version":[{"id":7651,"href":"https:\/\/www.min-on.org\/es\/wp-json\/wp\/v2\/pages\/6405\/revisions\/7651"}],"wp:attachment":[{"href":"https:\/\/www.min-on.org\/es\/wp-json\/wp\/v2\/media?parent=6405"}],"wp:term":[{"taxonomy":"category","embeddable":true,"href":"https:\/\/www.min-on.org\/es\/wp-json\/wp\/v2\/categories?post=6405"},{"taxonomy":"post_tag","embeddable":true,"href":"https:\/\/www.min-on.org\/es\/wp-json\/wp\/v2\/tags?post=6405"}],"curies":[{"name":"wp","href":"https:\/\/api.w.org\/{rel}","templated":true}]}}