{"id":6402,"date":"2018-08-12T12:21:29","date_gmt":"2018-08-12T12:21:29","guid":{"rendered":"http:\/\/min-on.matthewbyrt.com\/?page_id=6402"},"modified":"2018-09-14T14:43:54","modified_gmt":"2018-09-14T14:43:54","slug":"mechanical-organ-orchestrion","status":"publish","type":"page","link":"https:\/\/www.min-on.org\/es\/mechanical-organ-orchestrion\/","title":{"rendered":"\u00d3rgano mec\u00e1nico \u00abOrchestrion\u00bb"},"content":{"rendered":"<p>[et_pb_section bb_built=\u00bb1&#8243; fullwidth=\u00bboff\u00bb specialty=\u00bbon\u00bb][et_pb_column type=\u00bb3_4&#8243; specialty_columns=\u00bb3&#8243;][et_pb_row_inner admin_label=\u00bbRow\u00bb _builder_version=\u00bb3.12&#8243;][et_pb_column_inner type=\u00bb1_2&#8243; saved_specialty_column_type=\u00bb3_4&#8243;][et_pb_text _builder_version=\u00bb3.12&#8243;]<\/p>\n<h1>\u00d3rgano mec\u00e1nico \u00abOrchestrion\u00bb <\/h1>\n<p style=\"font-weight: 600;\">1900 (Alemania)<\/p>\n<p>De los muchos \u00f3rganos mec\u00e1nicos e instrumentos musicales autom\u00e1ticos, los orquestriones Welte fueron los que gozaron de mayor predilecci\u00f3n en la realeza y las clases adineradas. Este inter\u00e9s comenz\u00f3 en la d\u00e9cada de 1850, cuando Michael Welte dio a conocer un inmenso \u00f3rgano tubular que funcionaba de manera autom\u00e1tica. Su invento obtuvo, adem\u00e1s de una amplia aceptaci\u00f3n, numerosos premios. <\/p>\n<p>\tEn esa \u00e9poca, result\u00f3 ser un avance tecnol\u00f3gico sorprendente, que no tard\u00f3 en difundirse de boca en boca y de atraer a un nutrido p\u00fablico.  La gente comenz\u00f3 a llamarlo \u00aborquestri\u00f3n\u00bb, porque imitaba con notable semejanza una orquesta de numerosos instrumentos. Desde entonces, se denomin\u00f3 de ese modo a cualquier instrumento musical autom\u00e1tico que simulara el sonido de un conjunto orquestal grande o peque\u00f1o.<\/p>\n<p>\tEste \u00abOrchestrion Welte Style 3\u00bb es un aparato autom\u00e1tico de gran porte que reproduce el sonido de una orquesta completa. Posee un \u00f3rgano tubular completo de tipo mec\u00e1nico, con 180 tubos de madera y de metal, tambores de diferentes tama\u00f1os, tri\u00e1ngulos y otros dispositivos sonoros, dentro de un gabinete de roble de elegante dise\u00f1o. En aquellos tiempos, poseer un orquestri\u00f3n Welte era un s\u00edmbolo de prominencia social, y por eso era un instrumento codiciado por la aristocracia, los industriales acaudalados y los establecimientos comerciales m\u00e1s refinados.<\/p>\n<p>[\/et_pb_text][\/et_pb_column_inner][et_pb_column_inner type=\u00bb1_2&#8243; saved_specialty_column_type=\u00bb3_4&#8243;][et_pb_image _builder_version=\u00bb3.12&#8243; src=\u00bbhttps:\/\/www.min-on.org\/es\/wp-content\/uploads\/sites\/4\/2011\/09\/mechanical-organ-orchestrion.jpg\u00bb align=\u00bbcenter\u00bb force_fullwidth=\u00bbon\u00bb show_bottom_space=\u00bboff\u00bb \/][et_pb_audio _builder_version=\u00bb3.12&#8243; audio=\u00bbhttps:\/\/www.min-on.org\/es\/wp-content\/uploads\/sites\/4\/2018\/08\/mechanical-organ-orchestrion.mp3&#8243; background_color=\u00bb#f0f0f0&#8243; background_layout=\u00bblight\u00bb title_text_color=\u00bb#000000&#8243; caption_text_color=\u00bb#000000&#8243; saved_tabs=\u00bball\u00bb \/][\/et_pb_column_inner][\/et_pb_row_inner][\/et_pb_column][et_pb_column type=\u00bb1_4&#8243;][et_pb_sidebar _builder_version=\u00bb3.12&#8243; area=\u00bbet_pb_widget_area_11&#8243; module_class=\u00bbmuseumSidebar\u00bb \/][\/et_pb_column][\/et_pb_section]<\/p>\n","protected":false},"excerpt":{"rendered":"<p>\u00d3rgano mec\u00e1nico \u00abOrchestrion\u00bb 1900 (Alemania) De los muchos \u00f3rganos mec\u00e1nicos e instrumentos musicales autom\u00e1ticos, los orquestriones Welte fueron los que gozaron de mayor predilecci\u00f3n en la realeza y las clases adineradas. Este inter\u00e9s comenz\u00f3 en la d\u00e9cada de 1850, cuando Michael Welte dio a conocer un inmenso \u00f3rgano tubular que funcionaba de manera autom\u00e1tica. Su [&hellip;]<\/p>\n","protected":false},"author":1,"featured_media":0,"parent":0,"menu_order":0,"comment_status":"closed","ping_status":"closed","template":"","meta":{"_et_pb_use_builder":"on","_et_pb_old_content":"","_et_gb_content_width":"","footnotes":""},"categories":[],"tags":[],"distributor_meta":false,"distributor_terms":false,"distributor_media":false,"distributor_original_site_name":"Spanish - Min-On Website","distributor_original_site_url":"https:\/\/www.min-on.org\/es","_links":{"self":[{"href":"https:\/\/www.min-on.org\/es\/wp-json\/wp\/v2\/pages\/6402"}],"collection":[{"href":"https:\/\/www.min-on.org\/es\/wp-json\/wp\/v2\/pages"}],"about":[{"href":"https:\/\/www.min-on.org\/es\/wp-json\/wp\/v2\/types\/page"}],"author":[{"embeddable":true,"href":"https:\/\/www.min-on.org\/es\/wp-json\/wp\/v2\/users\/1"}],"replies":[{"embeddable":true,"href":"https:\/\/www.min-on.org\/es\/wp-json\/wp\/v2\/comments?post=6402"}],"version-history":[{"count":3,"href":"https:\/\/www.min-on.org\/es\/wp-json\/wp\/v2\/pages\/6402\/revisions"}],"predecessor-version":[{"id":7039,"href":"https:\/\/www.min-on.org\/es\/wp-json\/wp\/v2\/pages\/6402\/revisions\/7039"}],"wp:attachment":[{"href":"https:\/\/www.min-on.org\/es\/wp-json\/wp\/v2\/media?parent=6402"}],"wp:term":[{"taxonomy":"category","embeddable":true,"href":"https:\/\/www.min-on.org\/es\/wp-json\/wp\/v2\/categories?post=6402"},{"taxonomy":"post_tag","embeddable":true,"href":"https:\/\/www.min-on.org\/es\/wp-json\/wp\/v2\/tags?post=6402"}],"curies":[{"name":"wp","href":"https:\/\/api.w.org\/{rel}","templated":true}]}}