{"id":6400,"date":"2018-08-12T12:18:14","date_gmt":"2018-08-12T12:18:14","guid":{"rendered":"http:\/\/min-on.matthewbyrt.com\/?page_id=6400"},"modified":"2018-09-05T13:49:42","modified_gmt":"2018-09-05T13:49:42","slug":"classical-orchestra","status":"publish","type":"page","link":"https:\/\/www.min-on.org\/es\/classical-orchestra\/","title":{"rendered":"\u00abClassical Orchestra\u00bb. Fabricado por la compa\u00f1\u00eda Nicole Freres."},"content":{"rendered":"<p>[et_pb_section bb_built=\u00bb1&#8243; fullwidth=\u00bboff\u00bb specialty=\u00bbon\u00bb][et_pb_column type=\u00bb3_4&#8243; specialty_columns=\u00bb3&#8243;][et_pb_row_inner admin_label=\u00bbRow\u00bb _builder_version=\u00bb3.12&#8243;][et_pb_column_inner type=\u00bb1_2&#8243; saved_specialty_column_type=\u00bb3_4&#8243;][et_pb_text _builder_version=\u00bb3.12&#8243;]<\/p>\n<h1>\u00abClassical Orchestra\u00bb. Fabricado por la compa\u00f1\u00eda Nicole Freres.<\/h1>\n<p style=\"font-weight: 600;\">1885 (Suiza)<\/p>\n<p>La caja musical deriv\u00f3, en sus or\u00edgenes en el siglo XVI, del mecanismo empleado para accionar los carillones u \u00f3rganos de campana, en los relojes de campanario de Suiza y de otros pa\u00edses. A fines de 1830, se cre\u00f3 la caja musical de cilindro, como instrumento musical independiente del mecanismo de los relojes.<\/p>\n<p>\tEsta caja musical de cilindro, llamada \u00abClassical Orchestra\u00bb, fue fabricada en 1885 por la compa\u00f1\u00eda suiza Nicole Freres (Nicole Hnos).  Es un instrumento hermoso y compacto, que posee campanas accionadas por un brazo plateado, un tambor percutido por ocho palillos de color dorado y casta\u00f1uelas que se ponen en movimiento mediante seis varillas.<\/p>\n<p>[\/et_pb_text][\/et_pb_column_inner][et_pb_column_inner type=\u00bb1_2&#8243; saved_specialty_column_type=\u00bb3_4&#8243;][et_pb_image _builder_version=\u00bb3.12&#8243; src=\u00bbhttps:\/\/www.min-on.org\/es\/wp-content\/uploads\/sites\/4\/2011\/09\/classical-orchestra.jpg\u00bb align=\u00bbcenter\u00bb force_fullwidth=\u00bbon\u00bb show_bottom_space=\u00bboff\u00bb \/][\/et_pb_column_inner][\/et_pb_row_inner][\/et_pb_column][et_pb_column type=\u00bb1_4&#8243;][et_pb_sidebar _builder_version=\u00bb3.12&#8243; area=\u00bbet_pb_widget_area_11&#8243; module_class=\u00bbmuseumSidebar\u00bb \/][\/et_pb_column][\/et_pb_section]<\/p>\n","protected":false},"excerpt":{"rendered":"<p>\u00abClassical Orchestra\u00bb. Fabricado por la compa\u00f1\u00eda Nicole Freres. 1885 (Suiza) La caja musical deriv\u00f3, en sus or\u00edgenes en el siglo XVI, del mecanismo empleado para accionar los carillones u \u00f3rganos de campana, en los relojes de campanario de Suiza y de otros pa\u00edses. A fines de 1830, se cre\u00f3 la caja musical de cilindro, como [&hellip;]<\/p>\n","protected":false},"author":1,"featured_media":0,"parent":0,"menu_order":0,"comment_status":"closed","ping_status":"closed","template":"","meta":{"_et_pb_use_builder":"on","_et_pb_old_content":"","_et_gb_content_width":"","footnotes":""},"categories":[],"tags":[],"distributor_meta":false,"distributor_terms":false,"distributor_media":false,"distributor_original_site_name":"Spanish - Min-On Website","distributor_original_site_url":"https:\/\/www.min-on.org\/es","_links":{"self":[{"href":"https:\/\/www.min-on.org\/es\/wp-json\/wp\/v2\/pages\/6400"}],"collection":[{"href":"https:\/\/www.min-on.org\/es\/wp-json\/wp\/v2\/pages"}],"about":[{"href":"https:\/\/www.min-on.org\/es\/wp-json\/wp\/v2\/types\/page"}],"author":[{"embeddable":true,"href":"https:\/\/www.min-on.org\/es\/wp-json\/wp\/v2\/users\/1"}],"replies":[{"embeddable":true,"href":"https:\/\/www.min-on.org\/es\/wp-json\/wp\/v2\/comments?post=6400"}],"version-history":[{"count":4,"href":"https:\/\/www.min-on.org\/es\/wp-json\/wp\/v2\/pages\/6400\/revisions"}],"predecessor-version":[{"id":7037,"href":"https:\/\/www.min-on.org\/es\/wp-json\/wp\/v2\/pages\/6400\/revisions\/7037"}],"wp:attachment":[{"href":"https:\/\/www.min-on.org\/es\/wp-json\/wp\/v2\/media?parent=6400"}],"wp:term":[{"taxonomy":"category","embeddable":true,"href":"https:\/\/www.min-on.org\/es\/wp-json\/wp\/v2\/categories?post=6400"},{"taxonomy":"post_tag","embeddable":true,"href":"https:\/\/www.min-on.org\/es\/wp-json\/wp\/v2\/tags?post=6400"}],"curies":[{"name":"wp","href":"https:\/\/api.w.org\/{rel}","templated":true}]}}