{"id":6384,"date":"2018-08-12T12:00:33","date_gmt":"2018-08-12T12:00:33","guid":{"rendered":"http:\/\/min-on.matthewbyrt.com\/?page_id=6384"},"modified":"2018-09-14T14:42:53","modified_gmt":"2018-09-14T14:42:53","slug":"lochman-original-tubular-chime","status":"publish","type":"page","link":"https:\/\/www.min-on.org\/es\/lochman-original-tubular-chime\/","title":{"rendered":"Carill\u00f3n tubular \u00abOriginal\u00bb. Fabricado por la compa\u00f1\u00eda Lochmann."},"content":{"rendered":"<p>[et_pb_section bb_built=\u00bb1&#8243; fullwidth=\u00bboff\u00bb specialty=\u00bbon\u00bb][et_pb_column type=\u00bb3_4&#8243; specialty_columns=\u00bb3&#8243;][et_pb_row_inner admin_label=\u00bbRow\u00bb _builder_version=\u00bb3.12&#8243;][et_pb_column_inner type=\u00bb1_2&#8243; saved_specialty_column_type=\u00bb3_4&#8243;][et_pb_text _builder_version=\u00bb3.12&#8243;]<\/p>\n<h1>Carill\u00f3n tubular \u00abOriginal\u00bb. Fabricado por la compa\u00f1\u00eda Lochmann.<\/h1>\n<p style=\"font-weight: 600;\">1904 (Alemania)<\/p>\n<p>\tEn la d\u00e9cada de 1880 se produjeron las primeras cajas musicales que utilizaban discos planos. La demanda de estas m\u00e1quinas musicales aument\u00f3 r\u00e1pidamente, como efecto acumulativo de la Revoluci\u00f3n Industrial y de las revoluciones populares de fines del siglo XVIII y de principios del siglo XIX, que postularon la m\u00fasica como un bien al alcance de las masas y no como un privilegio de las clases aristocr\u00e1ticas.<\/p>\n<p>\tEsta caja musical \u00abOriginal\u00bb marca Lochmann, modelo 172, de formato vertical y operada a monedas, fue fabricada en 1904 en Alemania. Posee un hermoso gabinete de roble, que encierra un sistema doble de peines acompa\u00f1ado de doce campanas y un carill\u00f3n tubular. Fue un objeto preciado por su riqueza tonal y su sonido de excepcional belleza. En general, estos instrumentos muy requeridos sol\u00edan instalarse en sitios p\u00fablicos, como bares, restaurantes y clubes, porque atra\u00edan a la clientela. La gente deb\u00eda introducir una moneda en la ranura para poder escuchar las melod\u00edas.<\/p>\n<p>[\/et_pb_text][\/et_pb_column_inner][et_pb_column_inner type=\u00bb1_2&#8243; saved_specialty_column_type=\u00bb3_4&#8243;][et_pb_image _builder_version=\u00bb3.12&#8243; src=\u00bbhttps:\/\/www.min-on.org\/es\/wp-content\/uploads\/sites\/4\/2011\/09\/lochmann-original-tublar-chime.jpg\u00bb align=\u00bbcenter\u00bb force_fullwidth=\u00bbon\u00bb show_bottom_space=\u00bboff\u00bb \/][et_pb_audio _builder_version=\u00bb3.12&#8243; audio=\u00bbhttps:\/\/www.min-on.org\/es\/wp-content\/uploads\/sites\/4\/2018\/08\/lochmann-original-tublar-chime.mp3&#8243; background_layout=\u00bblight\u00bb title_text_color=\u00bb#000000&#8243; caption_text_color=\u00bb#000000&#8243; saved_tabs=\u00bball\u00bb background_color=\u00bb#f0f0f0&#8243; \/][\/et_pb_column_inner][\/et_pb_row_inner][\/et_pb_column][et_pb_column type=\u00bb1_4&#8243;][et_pb_sidebar _builder_version=\u00bb3.12&#8243; area=\u00bbet_pb_widget_area_11&#8243; module_class=\u00bbmuseumSidebar\u00bb \/][\/et_pb_column][\/et_pb_section]<\/p>\n","protected":false},"excerpt":{"rendered":"<p>Carill\u00f3n tubular \u00abOriginal\u00bb. Fabricado por la compa\u00f1\u00eda Lochmann. 1904 (Alemania) En la d\u00e9cada de 1880 se produjeron las primeras cajas musicales que utilizaban discos planos. La demanda de estas m\u00e1quinas musicales aument\u00f3 r\u00e1pidamente, como efecto acumulativo de la Revoluci\u00f3n Industrial y de las revoluciones populares de fines del siglo XVIII y de principios del siglo [&hellip;]<\/p>\n","protected":false},"author":1,"featured_media":0,"parent":0,"menu_order":0,"comment_status":"closed","ping_status":"closed","template":"","meta":{"_et_pb_use_builder":"on","_et_pb_old_content":"","_et_gb_content_width":"","footnotes":""},"categories":[],"tags":[],"distributor_meta":false,"distributor_terms":false,"distributor_media":false,"distributor_original_site_name":"Spanish - Min-On Website","distributor_original_site_url":"https:\/\/www.min-on.org\/es","_links":{"self":[{"href":"https:\/\/www.min-on.org\/es\/wp-json\/wp\/v2\/pages\/6384"}],"collection":[{"href":"https:\/\/www.min-on.org\/es\/wp-json\/wp\/v2\/pages"}],"about":[{"href":"https:\/\/www.min-on.org\/es\/wp-json\/wp\/v2\/types\/page"}],"author":[{"embeddable":true,"href":"https:\/\/www.min-on.org\/es\/wp-json\/wp\/v2\/users\/1"}],"replies":[{"embeddable":true,"href":"https:\/\/www.min-on.org\/es\/wp-json\/wp\/v2\/comments?post=6384"}],"version-history":[{"count":3,"href":"https:\/\/www.min-on.org\/es\/wp-json\/wp\/v2\/pages\/6384\/revisions"}],"predecessor-version":[{"id":7035,"href":"https:\/\/www.min-on.org\/es\/wp-json\/wp\/v2\/pages\/6384\/revisions\/7035"}],"wp:attachment":[{"href":"https:\/\/www.min-on.org\/es\/wp-json\/wp\/v2\/media?parent=6384"}],"wp:term":[{"taxonomy":"category","embeddable":true,"href":"https:\/\/www.min-on.org\/es\/wp-json\/wp\/v2\/categories?post=6384"},{"taxonomy":"post_tag","embeddable":true,"href":"https:\/\/www.min-on.org\/es\/wp-json\/wp\/v2\/tags?post=6384"}],"curies":[{"name":"wp","href":"https:\/\/api.w.org\/{rel}","templated":true}]}}