{"id":6378,"date":"2018-08-12T11:51:13","date_gmt":"2018-08-12T11:51:13","guid":{"rendered":"http:\/\/min-on.matthewbyrt.com\/?page_id=6378"},"modified":"2018-09-14T14:41:55","modified_gmt":"2018-09-14T14:41:55","slug":"orchestral-corona-king-of-regina","status":"publish","type":"page","link":"https:\/\/www.min-on.org\/es\/orchestral-corona-king-of-regina\/","title":{"rendered":"\u00abOrchestral Corona\u00bb o Rey de Regina. Fabricado por la compa\u00f1\u00eda Regina."},"content":{"rendered":"<p>[et_pb_section bb_built=\u00bb1&#8243; fullwidth=\u00bboff\u00bb specialty=\u00bbon\u00bb][et_pb_column type=\u00bb3_4&#8243; specialty_columns=\u00bb3&#8243;][et_pb_row_inner admin_label=\u00bbRow\u00bb _builder_version=\u00bb3.12&#8243;][et_pb_column_inner type=\u00bb1_2&#8243; saved_specialty_column_type=\u00bb3_4&#8243;][et_pb_text _builder_version=\u00bb3.12&#8243;]<\/p>\n<h1>\u00abOrchestral Corona\u00bb o Rey de Regina. Fabricado por la compa\u00f1\u00eda Regina.<\/h1>\n<p style=\"font-weight: 600;\">1897 (EE.UU.)<\/p>\n<p>La caja musical deriv\u00f3, originariamente, del mecanismo empleado para hacer resonar los carillones tubulares u \u00f3rganos de campana, en los relojes de campanarios de Suiza y de otros pa\u00edses. Los carillones resuenan cuando unos pernos o salientes incrustados en un cilindro o rodillo de madera golpean un macillo, que a su vez golpea la campana. A partir de la invenci\u00f3n del mecanismo a cuerda en el siglo xv, fue posible aplicar esta tecnolog\u00eda al movimiento de los relojes. En la d\u00e9cada de 1830, se cre\u00f3 la caja de m\u00fasica de cilindro, concebida como un instrumento musical mec\u00e1nico completamente independiente del reloj.<\/p>\n<p>\tEn 1886, surgi\u00f3 en Alemania un nuevo estilo, la \u00abcaja de m\u00fasica reproductora de discos\u00bb. Esta innovaci\u00f3n permit\u00eda a los amantes de las cajas musicales intercambiar discos con facilidad. A partir de entonces y hacia 1890, surgieron fabricantes dedicados a la producci\u00f3n masiva y econ\u00f3mica de discos met\u00e1licos para las nuevas m\u00e1quinas. Una de las compa\u00f1\u00edas m\u00e1s notorias del rubro en los Estados Unidos fue Regina Company de Rahway, Nueva Jersey, que dise\u00f1\u00f3 diversas clases de cajas musicales.<\/p>\n<p>\tEste modelo, el \u00abOrchestral Corona Style N.\u00b0 33\u00bb, tambi\u00e9n se conoci\u00f3 comercialmente como \u00abKing of Regina\u00bb (Rey de Regina). Se trata de una caja musical de discos de extraordinaria calidad, producida en 1897 con las mejores t\u00e9cnicas de ingenier\u00eda de su fabricante. Es capaz de reproducir autom\u00e1ticamente 12 discos consecutivos.<\/p>\n<p>[\/et_pb_text][\/et_pb_column_inner][et_pb_column_inner type=\u00bb1_2&#8243; saved_specialty_column_type=\u00bb3_4&#8243;][et_pb_image _builder_version=\u00bb3.12&#8243; src=\u00bbhttps:\/\/www.min-on.org\/es\/wp-content\/uploads\/sites\/4\/2011\/09\/orchestral-corona-king-of-regina.jpg\u00bb align=\u00bbcenter\u00bb force_fullwidth=\u00bbon\u00bb show_bottom_space=\u00bboff\u00bb \/][et_pb_audio _builder_version=\u00bb3.12&#8243; audio=\u00bbhttps:\/\/www.min-on.org\/es\/wp-content\/uploads\/sites\/4\/2018\/08\/orchestral-corona-king-of-regina.mp3&#8243; background_layout=\u00bblight\u00bb title_text_color=\u00bb#000000&#8243; caption_text_color=\u00bb#000000&#8243; saved_tabs=\u00bball\u00bb background_color=\u00bb#f0f0f0&#8243; \/][\/et_pb_column_inner][\/et_pb_row_inner][\/et_pb_column][et_pb_column type=\u00bb1_4&#8243;][et_pb_sidebar _builder_version=\u00bb3.12&#8243; area=\u00bbet_pb_widget_area_11&#8243; module_class=\u00bbmuseumSidebar\u00bb \/][\/et_pb_column][\/et_pb_section]<\/p>\n","protected":false},"excerpt":{"rendered":"<p>\u00abOrchestral Corona\u00bb o Rey de Regina. Fabricado por la compa\u00f1\u00eda Regina. 1897 (EE.UU.) La caja musical deriv\u00f3, originariamente, del mecanismo empleado para hacer resonar los carillones tubulares u \u00f3rganos de campana, en los relojes de campanarios de Suiza y de otros pa\u00edses. Los carillones resuenan cuando unos pernos o salientes incrustados en un cilindro o [&hellip;]<\/p>\n","protected":false},"author":1,"featured_media":0,"parent":0,"menu_order":0,"comment_status":"closed","ping_status":"closed","template":"","meta":{"_et_pb_use_builder":"on","_et_pb_old_content":"","_et_gb_content_width":"","footnotes":""},"categories":[],"tags":[],"distributor_meta":false,"distributor_terms":false,"distributor_media":false,"distributor_original_site_name":"Spanish - Min-On Website","distributor_original_site_url":"https:\/\/www.min-on.org\/es","_links":{"self":[{"href":"https:\/\/www.min-on.org\/es\/wp-json\/wp\/v2\/pages\/6378"}],"collection":[{"href":"https:\/\/www.min-on.org\/es\/wp-json\/wp\/v2\/pages"}],"about":[{"href":"https:\/\/www.min-on.org\/es\/wp-json\/wp\/v2\/types\/page"}],"author":[{"embeddable":true,"href":"https:\/\/www.min-on.org\/es\/wp-json\/wp\/v2\/users\/1"}],"replies":[{"embeddable":true,"href":"https:\/\/www.min-on.org\/es\/wp-json\/wp\/v2\/comments?post=6378"}],"version-history":[{"count":3,"href":"https:\/\/www.min-on.org\/es\/wp-json\/wp\/v2\/pages\/6378\/revisions"}],"predecessor-version":[{"id":7033,"href":"https:\/\/www.min-on.org\/es\/wp-json\/wp\/v2\/pages\/6378\/revisions\/7033"}],"wp:attachment":[{"href":"https:\/\/www.min-on.org\/es\/wp-json\/wp\/v2\/media?parent=6378"}],"wp:term":[{"taxonomy":"category","embeddable":true,"href":"https:\/\/www.min-on.org\/es\/wp-json\/wp\/v2\/categories?post=6378"},{"taxonomy":"post_tag","embeddable":true,"href":"https:\/\/www.min-on.org\/es\/wp-json\/wp\/v2\/tags?post=6378"}],"curies":[{"name":"wp","href":"https:\/\/api.w.org\/{rel}","templated":true}]}}