{"id":6362,"date":"2018-08-12T11:04:32","date_gmt":"2018-08-12T11:04:32","guid":{"rendered":"http:\/\/min-on.matthewbyrt.com\/?page_id=6362"},"modified":"2018-09-15T15:31:13","modified_gmt":"2018-09-15T15:31:13","slug":"dominion-organ","status":"publish","type":"page","link":"https:\/\/www.min-on.org\/es\/dominion-organ\/","title":{"rendered":"\u00d3rgano \u00abDominion\u00bb"},"content":{"rendered":"<p>[et_pb_section bb_built=\u00bb1&#8243; fullwidth=\u00bboff\u00bb specialty=\u00bbon\u00bb][et_pb_column type=\u00bb3_4&#8243; specialty_columns=\u00bb3&#8243;][et_pb_row_inner admin_label=\u00bbRow\u00bb _builder_version=\u00bb3.12&#8243;][et_pb_column_inner type=\u00bb1_2&#8243; saved_specialty_column_type=\u00bb3_4&#8243;][et_pb_text _builder_version=\u00bb3.12&#8243;]<\/p>\n<h1>\u00d3rgano \u00abDominion\u00bb<\/h1>\n<p style=\"font-weight: 600;\">1905 (Canad\u00e1)<\/p>\n<p>Se cree que la empresa Dominion Organ and Piano Company fue fundada alrededor de 1870; en 1875 pas\u00f3 a denominarse Dominion Organ Co. Se especializ\u00f3 en \u00f3rganos de leng\u00fceta de gabinete, caracterizados por los tubos de leng\u00fceta que reemplazaron las varas de afinaci\u00f3n para dar incluso acordes de registro. Los \u00f3rganos Dominion obtuvieron diversos premios y medallas internacionales en los Estados Unidos y en Europa. Aunque la empresa lleg\u00f3 a fabricar numerosos \u00f3rganos de calidad extraordinaria, sus operaciones se vieron afectadas por la gran depresi\u00f3n de 1930 y, en 1936, cerr\u00f3 definitivamente.<\/p>\n<p>\tEl \u00f3rgano Dominion de la colecci\u00f3n de Min-On data de 1905 y fue obsequiado por el maestro Siegfried Andraschek, director de la Opereta de Viena. En \u00e9l se puede apreciar la excelente manufactura caracter\u00edstica de estos \u00f3rganos de prestigio internacional.<\/p>\n<p>[\/et_pb_text][\/et_pb_column_inner][et_pb_column_inner type=\u00bb1_2&#8243; saved_specialty_column_type=\u00bb3_4&#8243;][et_pb_image _builder_version=\u00bb3.12&#8243; src=\u00bbhttps:\/\/www.min-on.org\/es\/wp-content\/uploads\/sites\/4\/2011\/09\/dominion-organ.jpg\u00bb align=\u00bbcenter\u00bb force_fullwidth=\u00bbon\u00bb show_bottom_space=\u00bboff\u00bb \/][et_pb_audio _builder_version=\u00bb3.12&#8243; audio=\u00bbhttps:\/\/www.min-on.org\/es\/wp-content\/uploads\/sites\/4\/2018\/08\/dominion-organ.mp3&#8243; background_layout=\u00bblight\u00bb title_text_color=\u00bb#000000&#8243; caption_text_color=\u00bb#000000&#8243; saved_tabs=\u00bball\u00bb background_color=\u00bb#f0f0f0&#8243; \/][\/et_pb_column_inner][\/et_pb_row_inner][\/et_pb_column][et_pb_column type=\u00bb1_4&#8243;][et_pb_sidebar _builder_version=\u00bb3.12&#8243; area=\u00bbet_pb_widget_area_11&#8243; module_class=\u00bbmuseumSidebar\u00bb \/][\/et_pb_column][\/et_pb_section]<\/p>\n","protected":false},"excerpt":{"rendered":"<p>\u00d3rgano \u00abDominion\u00bb 1905 (Canad\u00e1) Se cree que la empresa Dominion Organ and Piano Company fue fundada alrededor de 1870; en 1875 pas\u00f3 a denominarse Dominion Organ Co. Se especializ\u00f3 en \u00f3rganos de leng\u00fceta de gabinete, caracterizados por los tubos de leng\u00fceta que reemplazaron las varas de afinaci\u00f3n para dar incluso acordes de registro. Los \u00f3rganos [&hellip;]<\/p>\n","protected":false},"author":1,"featured_media":0,"parent":0,"menu_order":0,"comment_status":"closed","ping_status":"closed","template":"","meta":{"_et_pb_use_builder":"on","_et_pb_old_content":"","_et_gb_content_width":"","footnotes":""},"categories":[],"tags":[],"distributor_meta":false,"distributor_terms":false,"distributor_media":false,"distributor_original_site_name":"Spanish - Min-On Website","distributor_original_site_url":"https:\/\/www.min-on.org\/es","_links":{"self":[{"href":"https:\/\/www.min-on.org\/es\/wp-json\/wp\/v2\/pages\/6362"}],"collection":[{"href":"https:\/\/www.min-on.org\/es\/wp-json\/wp\/v2\/pages"}],"about":[{"href":"https:\/\/www.min-on.org\/es\/wp-json\/wp\/v2\/types\/page"}],"author":[{"embeddable":true,"href":"https:\/\/www.min-on.org\/es\/wp-json\/wp\/v2\/users\/1"}],"replies":[{"embeddable":true,"href":"https:\/\/www.min-on.org\/es\/wp-json\/wp\/v2\/comments?post=6362"}],"version-history":[{"count":3,"href":"https:\/\/www.min-on.org\/es\/wp-json\/wp\/v2\/pages\/6362\/revisions"}],"predecessor-version":[{"id":7215,"href":"https:\/\/www.min-on.org\/es\/wp-json\/wp\/v2\/pages\/6362\/revisions\/7215"}],"wp:attachment":[{"href":"https:\/\/www.min-on.org\/es\/wp-json\/wp\/v2\/media?parent=6362"}],"wp:term":[{"taxonomy":"category","embeddable":true,"href":"https:\/\/www.min-on.org\/es\/wp-json\/wp\/v2\/categories?post=6362"},{"taxonomy":"post_tag","embeddable":true,"href":"https:\/\/www.min-on.org\/es\/wp-json\/wp\/v2\/tags?post=6362"}],"curies":[{"name":"wp","href":"https:\/\/api.w.org\/{rel}","templated":true}]}}