{"id":6359,"date":"2018-08-12T11:02:03","date_gmt":"2018-08-12T11:02:03","guid":{"rendered":"http:\/\/min-on.matthewbyrt.com\/?page_id=6359"},"modified":"2018-09-14T13:43:33","modified_gmt":"2018-09-14T13:43:33","slug":"steinway-baby-grand-piano-of-pablo-casals","status":"publish","type":"page","link":"https:\/\/www.min-on.org\/es\/steinway-baby-grand-piano-of-pablo-casals\/","title":{"rendered":"Piano de 1\/4 de cola \u00abSteinway\u00bb de Pablo Casals"},"content":{"rendered":"<p>[et_pb_section bb_built=\u00bb1&#8243; fullwidth=\u00bboff\u00bb specialty=\u00bbon\u00bb][et_pb_column type=\u00bb3_4&#8243; specialty_columns=\u00bb3&#8243;][et_pb_row_inner admin_label=\u00bbRow\u00bb _builder_version=\u00bb3.12&#8243;][et_pb_column_inner type=\u00bb1_2&#8243; saved_specialty_column_type=\u00bb3_4&#8243;][et_pb_text _builder_version=\u00bb3.12&#8243;]<\/p>\n<h1>Piano de 1\/4 de cola \u00abSteinway\u00bb de Pablo Casals<\/h1>\n<p style=\"font-weight: 600;\">1952 (EE.UU.)<\/p>\n<p>La casa Steinway, fundada en Nueva York en 1853 por el inmigrante alem\u00e1n Henry E. Steinway, es un prominente fabricante germano-americano de pianos de producci\u00f3n artesanal. El crecimiento de la empresa se tradujo en la apertura de talleres en Queens, Nueva York y Hamburgo, en Alemania. Steinway ha ganado prestigio por sus pianos de elevada calidad y por invenciones que desarrollaron grandemente las posibilidades del instrumento. Registr\u00f3 unas 130 patentes de fabricaci\u00f3n y obtuvo numerosos premios de reconocimiento internacional.<\/p>\n<p>Este piano de 1\/4 de cola \u00abSteinway\u00bb, fabricado en 1952 en conmemoraci\u00f3n del centenario de la compa\u00f1\u00eda, fue propiedad del violonchelista, compositor, pianista y director Pablo Casals (1876-1973), quien lo us\u00f3 durante sus a\u00f1os en Puerto Rico.<\/p>\n<p>[\/et_pb_text][\/et_pb_column_inner][et_pb_column_inner type=\u00bb1_2&#8243; saved_specialty_column_type=\u00bb3_4&#8243;][et_pb_image _builder_version=\u00bb3.12&#8243; src=\u00bbhttps:\/\/www.min-on.org\/es\/wp-content\/uploads\/sites\/4\/2011\/09\/steinway-piano-of-pablo-casals.jpg\u00bb align=\u00bbcenter\u00bb force_fullwidth=\u00bbon\u00bb show_bottom_space=\u00bboff\u00bb \/][et_pb_audio _builder_version=\u00bb3.12&#8243; audio=\u00bbhttps:\/\/www.min-on.org\/es\/wp-content\/uploads\/sites\/4\/2018\/08\/steinway-piano-of-pablo-casals.mp3&#8243; background_layout=\u00bblight\u00bb title_text_color=\u00bb#000000&#8243; caption_text_color=\u00bb#000000&#8243; saved_tabs=\u00bball\u00bb background_color=\u00bb#f0f0f0&#8243; \/][\/et_pb_column_inner][\/et_pb_row_inner][\/et_pb_column][et_pb_column type=\u00bb1_4&#8243;][et_pb_sidebar _builder_version=\u00bb3.12&#8243; area=\u00bbet_pb_widget_area_11&#8243; module_class=\u00bbmuseumSidebar\u00bb \/][\/et_pb_column][\/et_pb_section]<\/p>\n","protected":false},"excerpt":{"rendered":"<p>Piano de 1\/4 de cola \u00abSteinway\u00bb de Pablo Casals 1952 (EE.UU.) La casa Steinway, fundada en Nueva York en 1853 por el inmigrante alem\u00e1n Henry E. Steinway, es un prominente fabricante germano-americano de pianos de producci\u00f3n artesanal. El crecimiento de la empresa se tradujo en la apertura de talleres en Queens, Nueva York y Hamburgo, [&hellip;]<\/p>\n","protected":false},"author":1,"featured_media":0,"parent":0,"menu_order":0,"comment_status":"closed","ping_status":"closed","template":"","meta":{"_et_pb_use_builder":"on","_et_pb_old_content":"","_et_gb_content_width":"","footnotes":""},"categories":[],"tags":[],"distributor_meta":false,"distributor_terms":false,"distributor_media":false,"distributor_original_site_name":"Spanish - Min-On Website","distributor_original_site_url":"https:\/\/www.min-on.org\/es","_links":{"self":[{"href":"https:\/\/www.min-on.org\/es\/wp-json\/wp\/v2\/pages\/6359"}],"collection":[{"href":"https:\/\/www.min-on.org\/es\/wp-json\/wp\/v2\/pages"}],"about":[{"href":"https:\/\/www.min-on.org\/es\/wp-json\/wp\/v2\/types\/page"}],"author":[{"embeddable":true,"href":"https:\/\/www.min-on.org\/es\/wp-json\/wp\/v2\/users\/1"}],"replies":[{"embeddable":true,"href":"https:\/\/www.min-on.org\/es\/wp-json\/wp\/v2\/comments?post=6359"}],"version-history":[{"count":3,"href":"https:\/\/www.min-on.org\/es\/wp-json\/wp\/v2\/pages\/6359\/revisions"}],"predecessor-version":[{"id":7030,"href":"https:\/\/www.min-on.org\/es\/wp-json\/wp\/v2\/pages\/6359\/revisions\/7030"}],"wp:attachment":[{"href":"https:\/\/www.min-on.org\/es\/wp-json\/wp\/v2\/media?parent=6359"}],"wp:term":[{"taxonomy":"category","embeddable":true,"href":"https:\/\/www.min-on.org\/es\/wp-json\/wp\/v2\/categories?post=6359"},{"taxonomy":"post_tag","embeddable":true,"href":"https:\/\/www.min-on.org\/es\/wp-json\/wp\/v2\/tags?post=6359"}],"curies":[{"name":"wp","href":"https:\/\/api.w.org\/{rel}","templated":true}]}}