{"id":6356,"date":"2018-08-12T10:58:13","date_gmt":"2018-08-12T10:58:13","guid":{"rendered":"http:\/\/min-on.matthewbyrt.com\/?page_id=6356"},"modified":"2018-09-15T15:30:11","modified_gmt":"2018-09-15T15:30:11","slug":"marshal-player-piano","status":"publish","type":"page","link":"https:\/\/www.min-on.org\/es\/marshal-player-piano\/","title":{"rendered":"Piano reproductor \u00abMarshal\u00bb"},"content":{"rendered":"<p>[et_pb_section bb_built=\u00bb1&#8243; fullwidth=\u00bboff\u00bb specialty=\u00bbon\u00bb][et_pb_column type=\u00bb3_4&#8243; specialty_columns=\u00bb3&#8243;][et_pb_row_inner admin_label=\u00bbRow\u00bb _builder_version=\u00bb3.12&#8243;][et_pb_column_inner type=\u00bb1_2&#8243; saved_specialty_column_type=\u00bb3_4&#8243;][et_pb_text _builder_version=\u00bb3.12&#8243;]<\/p>\n<h1>Piano reproductor \u00abMarshal\u00bb<\/h1>\n<p style=\"font-weight: 600;\">1915 (Londres, Inglaterra)<\/p>\n<p>Las pianolas o pianos reproductores gozaron de amplia popularidad entre 1900 y 1930, y fueron objetos de esparcimiento muy preciados en los hogares. Para quienes no lo conocen, se trata de un piano que se reproduce mec\u00e1nicamente, de forma autom\u00e1tica. Basta con introducir un rollo de m\u00fasica, respirar hondo y pedalear. En los rollos intercambiables, hay peque\u00f1as perforaciones que representan las notas de la partitura; el mecanismo funciona impulsado por succi\u00f3n, generada con el movimiento de dos pedales.<\/p>\n<p>Esta hermosa pianola Marshal que se exhibe en el Museo Musical Min-On fue fabricada en Londres en 1915. Aunque originalmente la bomba funcionaba con pedales, luego a este instrumento se le agreg\u00f3 un dispositivo el\u00e9ctrico para asistir el pedaleo del int\u00e9rprete. Ya que el teclado y el mecanismo interno son iguales a los de un piano tradicional, estas pianolas tambien pueden ser tocadas con ambas manos, del modo corriente. Es m\u00e1s, el pianista puede tocar al mismo tiempo que funciona la pianola, para superponer acordes o melod\u00edas a la obra reproducida mec\u00e1nicamente.<\/p>\n<p>[\/et_pb_text][\/et_pb_column_inner][et_pb_column_inner type=\u00bb1_2&#8243; saved_specialty_column_type=\u00bb3_4&#8243;][et_pb_image _builder_version=\u00bb3.12&#8243; src=\u00bbhttps:\/\/www.min-on.org\/es\/wp-content\/uploads\/sites\/4\/2011\/09\/marshal-player-piano.jpg\u00bb align=\u00bbcenter\u00bb force_fullwidth=\u00bbon\u00bb show_bottom_space=\u00bboff\u00bb \/][et_pb_audio _builder_version=\u00bb3.12&#8243; audio=\u00bbhttps:\/\/www.min-on.org\/es\/wp-content\/uploads\/sites\/4\/2018\/08\/marshal-player-piano.mp3&#8243; background_layout=\u00bblight\u00bb title_text_color=\u00bb#000000&#8243; caption_text_color=\u00bb#000000&#8243; saved_tabs=\u00bball\u00bb background_color=\u00bb#f0f0f0&#8243; \/][\/et_pb_column_inner][\/et_pb_row_inner][\/et_pb_column][et_pb_column type=\u00bb1_4&#8243;][et_pb_sidebar _builder_version=\u00bb3.12&#8243; area=\u00bbet_pb_widget_area_11&#8243; module_class=\u00bbmuseumSidebar\u00bb \/][\/et_pb_column][\/et_pb_section]<\/p>\n","protected":false},"excerpt":{"rendered":"<p>Piano reproductor \u00abMarshal\u00bb 1915 (Londres, Inglaterra) Las pianolas o pianos reproductores gozaron de amplia popularidad entre 1900 y 1930, y fueron objetos de esparcimiento muy preciados en los hogares. Para quienes no lo conocen, se trata de un piano que se reproduce mec\u00e1nicamente, de forma autom\u00e1tica. Basta con introducir un rollo de m\u00fasica, respirar hondo [&hellip;]<\/p>\n","protected":false},"author":1,"featured_media":0,"parent":0,"menu_order":0,"comment_status":"closed","ping_status":"closed","template":"","meta":{"_et_pb_use_builder":"on","_et_pb_old_content":"","_et_gb_content_width":"","footnotes":""},"categories":[],"tags":[],"distributor_meta":false,"distributor_terms":false,"distributor_media":false,"distributor_original_site_name":"Spanish - Min-On Website","distributor_original_site_url":"https:\/\/www.min-on.org\/es","_links":{"self":[{"href":"https:\/\/www.min-on.org\/es\/wp-json\/wp\/v2\/pages\/6356"}],"collection":[{"href":"https:\/\/www.min-on.org\/es\/wp-json\/wp\/v2\/pages"}],"about":[{"href":"https:\/\/www.min-on.org\/es\/wp-json\/wp\/v2\/types\/page"}],"author":[{"embeddable":true,"href":"https:\/\/www.min-on.org\/es\/wp-json\/wp\/v2\/users\/1"}],"replies":[{"embeddable":true,"href":"https:\/\/www.min-on.org\/es\/wp-json\/wp\/v2\/comments?post=6356"}],"version-history":[{"count":4,"href":"https:\/\/www.min-on.org\/es\/wp-json\/wp\/v2\/pages\/6356\/revisions"}],"predecessor-version":[{"id":7213,"href":"https:\/\/www.min-on.org\/es\/wp-json\/wp\/v2\/pages\/6356\/revisions\/7213"}],"wp:attachment":[{"href":"https:\/\/www.min-on.org\/es\/wp-json\/wp\/v2\/media?parent=6356"}],"wp:term":[{"taxonomy":"category","embeddable":true,"href":"https:\/\/www.min-on.org\/es\/wp-json\/wp\/v2\/categories?post=6356"},{"taxonomy":"post_tag","embeddable":true,"href":"https:\/\/www.min-on.org\/es\/wp-json\/wp\/v2\/tags?post=6356"}],"curies":[{"name":"wp","href":"https:\/\/api.w.org\/{rel}","templated":true}]}}