{"id":6353,"date":"2018-08-12T10:52:59","date_gmt":"2018-08-12T10:52:59","guid":{"rendered":"http:\/\/min-on.matthewbyrt.com\/?page_id=6353"},"modified":"2018-09-14T13:43:00","modified_gmt":"2018-09-14T13:43:00","slug":"the-welt-mignon-reproducing-piano","status":"publish","type":"page","link":"https:\/\/www.min-on.org\/es\/the-welt-mignon-reproducing-piano\/","title":{"rendered":"Piano Reproductor Autom\u00e1tico Welte Mignon. Modelo \u00abBush &#038; Lane\u00bb"},"content":{"rendered":"<p>[et_pb_section bb_built=\u00bb1&#8243; fullwidth=\u00bboff\u00bb specialty=\u00bbon\u00bb][et_pb_column type=\u00bb3_4&#8243; specialty_columns=\u00bb3&#8243;][et_pb_row_inner admin_label=\u00bbRow\u00bb _builder_version=\u00bb3.12&#8243;][et_pb_column_inner type=\u00bb1_2&#8243; saved_specialty_column_type=\u00bb3_4&#8243;][et_pb_text _builder_version=\u00bb3.12&#8243;]<\/p>\n<h1>Piano Reproductor Autom\u00e1tico Welte Mignon. Modelo \u00abBush &#038; Lane\u00bb<\/h1>\n<p style=\"font-weight: 600;\">1927 (EE.UU.)<\/p>\n<p>La era de oro de los instrumentos musicales mec\u00e1nicos dur\u00f3 desde fines del siglo XIX hasta comienzos del siglo XX. Durante este per\u00edodo, el instrumento que alcanz\u00f3 el mayor grado de sofisticaci\u00f3n mec\u00e1nica fue la pianola, o piano de reproducci\u00f3n autom\u00e1tica. El primero de estos aparatos, fabricado en 1904 gracias a la labor del alem\u00e1n Edwin Welte y de otros colaboradores, fue el Piano Reproductor Autom\u00e1tico Welte, que utilizaba un rollo de papel. <\/p>\n<p>\tA comienzos del siglo XX, estos instrumentos se utilizaron para grabar las interpretaciones reales de celebres pianistas y compositores. Las perforaciones de los rollos de papel lograban preservar con sorprendente exactitud magistrales interpretaciones originales, incluso registrando fielmente el trabajo de los pedales y los sutiles matices de expresividad de los pianistas.<\/p>\n<p>\tEl Museo Musical Min-On tiene unos mil rollos de papel que pueden utilizarse en esta pianola Welte, que permiten escuchar interpretaciones de famosos pianistas y compositores, como Bela Bartok, Ferruccio Busoni, Teresa Carre\u00f1o, Claude Debussy, Manuel de Falla, Enrique Granados, Edvard Grieg, Theodor Leschetizky, Gustav Mahler, Vladimir Pachmann, Ignacy Jan Paderewski, Raoul Pugno, Maurice Ravel, Camille Saint-Sa\u00ebns, Emil von Sauer, Aleksandr Scriabin, Richard Strauss y muchos otros.<\/p>\n<p>[\/et_pb_text][\/et_pb_column_inner][et_pb_column_inner type=\u00bb1_2&#8243; saved_specialty_column_type=\u00bb3_4&#8243;][et_pb_image _builder_version=\u00bb3.12&#8243; src=\u00bbhttps:\/\/www.min-on.org\/es\/wp-content\/uploads\/sites\/4\/2011\/09\/the-welte-mignon-reproducing-piano.jpg\u00bb align=\u00bbcenter\u00bb force_fullwidth=\u00bbon\u00bb show_bottom_space=\u00bboff\u00bb \/][et_pb_audio _builder_version=\u00bb3.12&#8243; audio=\u00bbhttps:\/\/www.min-on.org\/es\/wp-content\/uploads\/sites\/4\/2018\/08\/the-welte-mignon-reproducing-piano.mp3&#8243; background_layout=\u00bblight\u00bb title_text_color=\u00bb#000000&#8243; caption_text_color=\u00bb#000000&#8243; saved_tabs=\u00bball\u00bb background_color=\u00bb#f0f0f0&#8243; \/][\/et_pb_column_inner][\/et_pb_row_inner][\/et_pb_column][et_pb_column type=\u00bb1_4&#8243;][et_pb_sidebar _builder_version=\u00bb3.12&#8243; area=\u00bbet_pb_widget_area_11&#8243; module_class=\u00bbmuseumSidebar\u00bb \/][\/et_pb_column][\/et_pb_section]<\/p>\n","protected":false},"excerpt":{"rendered":"<p>Piano Reproductor Autom\u00e1tico Welte Mignon. Modelo \u00abBush &#038; Lane\u00bb 1927 (EE.UU.) La era de oro de los instrumentos musicales mec\u00e1nicos dur\u00f3 desde fines del siglo XIX hasta comienzos del siglo XX. Durante este per\u00edodo, el instrumento que alcanz\u00f3 el mayor grado de sofisticaci\u00f3n mec\u00e1nica fue la pianola, o piano de reproducci\u00f3n autom\u00e1tica. El primero de [&hellip;]<\/p>\n","protected":false},"author":1,"featured_media":0,"parent":0,"menu_order":0,"comment_status":"closed","ping_status":"closed","template":"","meta":{"_et_pb_use_builder":"on","_et_pb_old_content":"","_et_gb_content_width":"","footnotes":""},"categories":[],"tags":[],"distributor_meta":false,"distributor_terms":false,"distributor_media":false,"distributor_original_site_name":"Spanish - Min-On Website","distributor_original_site_url":"https:\/\/www.min-on.org\/es","_links":{"self":[{"href":"https:\/\/www.min-on.org\/es\/wp-json\/wp\/v2\/pages\/6353"}],"collection":[{"href":"https:\/\/www.min-on.org\/es\/wp-json\/wp\/v2\/pages"}],"about":[{"href":"https:\/\/www.min-on.org\/es\/wp-json\/wp\/v2\/types\/page"}],"author":[{"embeddable":true,"href":"https:\/\/www.min-on.org\/es\/wp-json\/wp\/v2\/users\/1"}],"replies":[{"embeddable":true,"href":"https:\/\/www.min-on.org\/es\/wp-json\/wp\/v2\/comments?post=6353"}],"version-history":[{"count":3,"href":"https:\/\/www.min-on.org\/es\/wp-json\/wp\/v2\/pages\/6353\/revisions"}],"predecessor-version":[{"id":7070,"href":"https:\/\/www.min-on.org\/es\/wp-json\/wp\/v2\/pages\/6353\/revisions\/7070"}],"wp:attachment":[{"href":"https:\/\/www.min-on.org\/es\/wp-json\/wp\/v2\/media?parent=6353"}],"wp:term":[{"taxonomy":"category","embeddable":true,"href":"https:\/\/www.min-on.org\/es\/wp-json\/wp\/v2\/categories?post=6353"},{"taxonomy":"post_tag","embeddable":true,"href":"https:\/\/www.min-on.org\/es\/wp-json\/wp\/v2\/tags?post=6353"}],"curies":[{"name":"wp","href":"https:\/\/api.w.org\/{rel}","templated":true}]}}