{"id":6350,"date":"2018-08-12T10:45:38","date_gmt":"2018-08-12T10:45:38","guid":{"rendered":"http:\/\/min-on.matthewbyrt.com\/?page_id=6350"},"modified":"2018-09-14T13:41:15","modified_gmt":"2018-09-14T13:41:15","slug":"collard-and-collard-square-piano","status":"publish","type":"page","link":"https:\/\/www.min-on.org\/es\/collard-and-collard-square-piano\/","title":{"rendered":"Piano rectangular \u00abCollard &#038; Collard\u00bb"},"content":{"rendered":"<p>[et_pb_section bb_built=\u00bb1&#8243; fullwidth=\u00bboff\u00bb specialty=\u00bbon\u00bb][et_pb_column type=\u00bb3_4&#8243; specialty_columns=\u00bb3&#8243;][et_pb_row_inner admin_label=\u00bbRow\u00bb _builder_version=\u00bb3.12&#8243;][et_pb_column_inner type=\u00bb1_2&#8243; saved_specialty_column_type=\u00bb3_4&#8243;][et_pb_text _builder_version=\u00bb3.12&#8243;]<\/p>\n<h1>Piano rectangular \u00abCollard &#038; Collard\u00bb<\/h1>\n<p style=\"font-weight: 600;\">1848, Londres (Inglaterra)<\/p>\n<p>Estos pianos poseen cuerdas horizontales emplazadas diagonalmente a trav\u00e9s de un bastidor rectangular, sobre los macillos, mientras que el teclado est\u00e1 dispuesto en el lado m\u00e1s largo. Aparecieron en Londres, en la d\u00e9cada de 1760, y tuvieron un \u00e9xito inmediato. En este per\u00edodo, de activa innovaci\u00f3n en la industria del piano, los fabricantes, int\u00e9rpretes y compositores se dedicaron a experimentar diversas ideas en pos de hallar el piano ideal. A partir de 1820, los pianos rectangulares sufrieron un constante proceso de redise\u00f1o en busca de un tono m\u00e1s potente; para ello, se increment\u00f3 la tensi\u00f3n aplicada a las cuerdas mediante bastidores de metal, hasta alcanzar un nivel cuatro veces superior al de los pianos del siglo XVIII. <\/p>\n<p>\tEste piano rectangular \u00abCollard &#038; Collard\u00bb fue producido en 1848 por la compa\u00f1\u00eda hom\u00f3nima, una empresa de larga presencia en Londres estrechamente asociada al compositor y virtuoso pianista Muzio Clementi. En el siglo XIX, los talleres de Collard &#038; Collard fabricaron muchos instrumentos extraordinarios, con r\u00fabricas y sellos diversos, como \u00abClementi &#038; Co\u00bb, en 1800; \u00abClementi, Collard &#038; Collard\u00bb en 1819, y simplemente \u00abCollard &#038; Collard\u00bb a partir del fallecimiento del m\u00fasico, en 1832.<\/p>\n<p>[\/et_pb_text][\/et_pb_column_inner][et_pb_column_inner type=\u00bb1_2&#8243; saved_specialty_column_type=\u00bb3_4&#8243;][et_pb_image _builder_version=\u00bb3.12&#8243; src=\u00bbhttps:\/\/www.min-on.org\/es\/wp-content\/uploads\/sites\/4\/2011\/09\/collard-and-collard-square-piano.jpg\u00bb align=\u00bbcenter\u00bb force_fullwidth=\u00bbon\u00bb show_bottom_space=\u00bboff\u00bb \/][et_pb_audio _builder_version=\u00bb3.12&#8243; audio=\u00bbhttps:\/\/www.min-on.org\/es\/wp-content\/uploads\/sites\/4\/2018\/08\/collard-and-collard-square-piano.mp3&#8243; background_layout=\u00bblight\u00bb title_text_color=\u00bb#000000&#8243; caption_text_color=\u00bb#000000&#8243; saved_tabs=\u00bball\u00bb background_color=\u00bb#f0f0f0&#8243; \/][\/et_pb_column_inner][\/et_pb_row_inner][\/et_pb_column][et_pb_column type=\u00bb1_4&#8243;][et_pb_sidebar _builder_version=\u00bb3.12&#8243; area=\u00bbet_pb_widget_area_11&#8243; module_class=\u00bbmuseumSidebar\u00bb \/][\/et_pb_column][\/et_pb_section]<\/p>\n","protected":false},"excerpt":{"rendered":"<p>Piano rectangular \u00abCollard &#038; Collard\u00bb 1848, Londres (Inglaterra) Estos pianos poseen cuerdas horizontales emplazadas diagonalmente a trav\u00e9s de un bastidor rectangular, sobre los macillos, mientras que el teclado est\u00e1 dispuesto en el lado m\u00e1s largo. Aparecieron en Londres, en la d\u00e9cada de 1760, y tuvieron un \u00e9xito inmediato. En este per\u00edodo, de activa innovaci\u00f3n en [&hellip;]<\/p>\n","protected":false},"author":1,"featured_media":0,"parent":0,"menu_order":0,"comment_status":"closed","ping_status":"closed","template":"","meta":{"_et_pb_use_builder":"on","_et_pb_old_content":"","_et_gb_content_width":"","footnotes":""},"categories":[],"tags":[],"distributor_meta":false,"distributor_terms":false,"distributor_media":false,"distributor_original_site_name":"Spanish - Min-On Website","distributor_original_site_url":"https:\/\/www.min-on.org\/es","_links":{"self":[{"href":"https:\/\/www.min-on.org\/es\/wp-json\/wp\/v2\/pages\/6350"}],"collection":[{"href":"https:\/\/www.min-on.org\/es\/wp-json\/wp\/v2\/pages"}],"about":[{"href":"https:\/\/www.min-on.org\/es\/wp-json\/wp\/v2\/types\/page"}],"author":[{"embeddable":true,"href":"https:\/\/www.min-on.org\/es\/wp-json\/wp\/v2\/users\/1"}],"replies":[{"embeddable":true,"href":"https:\/\/www.min-on.org\/es\/wp-json\/wp\/v2\/comments?post=6350"}],"version-history":[{"count":3,"href":"https:\/\/www.min-on.org\/es\/wp-json\/wp\/v2\/pages\/6350\/revisions"}],"predecessor-version":[{"id":7024,"href":"https:\/\/www.min-on.org\/es\/wp-json\/wp\/v2\/pages\/6350\/revisions\/7024"}],"wp:attachment":[{"href":"https:\/\/www.min-on.org\/es\/wp-json\/wp\/v2\/media?parent=6350"}],"wp:term":[{"taxonomy":"category","embeddable":true,"href":"https:\/\/www.min-on.org\/es\/wp-json\/wp\/v2\/categories?post=6350"},{"taxonomy":"post_tag","embeddable":true,"href":"https:\/\/www.min-on.org\/es\/wp-json\/wp\/v2\/tags?post=6350"}],"curies":[{"name":"wp","href":"https:\/\/api.w.org\/{rel}","templated":true}]}}