{"id":6347,"date":"2018-08-12T10:43:03","date_gmt":"2018-08-12T10:43:03","guid":{"rendered":"http:\/\/min-on.matthewbyrt.com\/?page_id=6347"},"modified":"2018-09-14T13:40:36","modified_gmt":"2018-09-14T13:40:36","slug":"erard-grand-fortepiano","status":"publish","type":"page","link":"https:\/\/www.min-on.org\/es\/erard-grand-fortepiano\/","title":{"rendered":"Fortepiano de cola \u00abErard\u00bb"},"content":{"rendered":"<p>[et_pb_section bb_built=\u00bb1&#8243; fullwidth=\u00bboff\u00bb specialty=\u00bbon\u00bb][et_pb_column type=\u00bb3_4&#8243; specialty_columns=\u00bb3&#8243;][et_pb_row_inner admin_label=\u00bbRow\u00bb _builder_version=\u00bb3.12&#8243;][et_pb_column_inner type=\u00bb1_2&#8243; saved_specialty_column_type=\u00bb3_4&#8243;][et_pb_text _builder_version=\u00bb3.12&#8243;]<\/p>\n<h1>Fortepiano de cola \u00abErard\u00bb<\/h1>\n<p style=\"font-weight: 600;\">1899, Par\u00eds (Francia)<\/p>\n<p>Erard fue un gran innovador que patent\u00f3 muchos avances t\u00e9cnicos en la historia del piano. Desde mediados del siglo XIX, la compa\u00f1\u00eda Erard, en sus f\u00e1bricas de Par\u00eds y de Londres, produjo grandes cantidades de fortepianos equipados con sus tecnolog\u00edas patentadas. En cierto sentido, todos los pianos de cola modernos descienden del gran fortepiano Erard.<\/p>\n<p>\tSin embargo, a fines del siglo XIX comenzaron a adquirir notoriedad fabricantes alemanes \u2014Steinway, entre otros\u2014, gracias a sus nuevas innovaciones t\u00e9cnicas, como las cuerdas cruzadas y los bastidores de metal. A partir de entonces, la producci\u00f3n de Erard comenz\u00f3 a disminuir hasta que, en 1890, cerr\u00f3 su f\u00e1brica de Londres.<\/p>\n<p>\tEl fortepiano de concierto Erard que se exhibe en el Museo Min-On se denomina \u00abla dama de los pianos\u00bb por su exterior de tono marfil. Las exquisitas tallas de las patas y el mueble denotan reminiscencias del estilo Luis XV caracter\u00edstico del Palacio de Versailles.<\/p>\n<p>\tEste bell\u00edsimo piano Erard fue fabricado en la planta fabril de Par\u00eds en 1899, cuando la compa\u00f1\u00eda se encontraba en su per\u00edodo de declinaci\u00f3n. Es una pieza muy inusual porque parte de su bastidor est\u00e1 hecho de hierro fundido, en lugar de llevar el esqueleto de madera t\u00edpico de los pianos Erard.<\/p>\n<p>[\/et_pb_text][\/et_pb_column_inner][et_pb_column_inner type=\u00bb1_2&#8243; saved_specialty_column_type=\u00bb3_4&#8243;][et_pb_image _builder_version=\u00bb3.12&#8243; src=\u00bbhttps:\/\/www.min-on.org\/es\/wp-content\/uploads\/sites\/4\/2011\/09\/erard-grand-fortepiano.jpg\u00bb align=\u00bbcenter\u00bb force_fullwidth=\u00bbon\u00bb show_bottom_space=\u00bboff\u00bb \/][et_pb_audio _builder_version=\u00bb3.12&#8243; audio=\u00bbhttps:\/\/www.min-on.org\/es\/wp-content\/uploads\/sites\/4\/2018\/08\/erard-grand-fortepiano.mp3&#8243; background_layout=\u00bblight\u00bb title_text_color=\u00bb#000000&#8243; caption_text_color=\u00bb#000000&#8243; saved_tabs=\u00bball\u00bb background_color=\u00bb#f0f0f0&#8243; \/][\/et_pb_column_inner][\/et_pb_row_inner][\/et_pb_column][et_pb_column type=\u00bb1_4&#8243;][et_pb_sidebar _builder_version=\u00bb3.12&#8243; area=\u00bbet_pb_widget_area_11&#8243; module_class=\u00bbmuseumSidebar\u00bb \/][\/et_pb_column][\/et_pb_section]<\/p>\n","protected":false},"excerpt":{"rendered":"<p>Fortepiano de cola \u00abErard\u00bb 1899, Par\u00eds (Francia) Erard fue un gran innovador que patent\u00f3 muchos avances t\u00e9cnicos en la historia del piano. Desde mediados del siglo XIX, la compa\u00f1\u00eda Erard, en sus f\u00e1bricas de Par\u00eds y de Londres, produjo grandes cantidades de fortepianos equipados con sus tecnolog\u00edas patentadas. En cierto sentido, todos los pianos de [&hellip;]<\/p>\n","protected":false},"author":1,"featured_media":0,"parent":0,"menu_order":0,"comment_status":"closed","ping_status":"closed","template":"","meta":{"_et_pb_use_builder":"on","_et_pb_old_content":"","_et_gb_content_width":"","footnotes":""},"categories":[],"tags":[],"distributor_meta":false,"distributor_terms":false,"distributor_media":false,"distributor_original_site_name":"Spanish - Min-On Website","distributor_original_site_url":"https:\/\/www.min-on.org\/es","_links":{"self":[{"href":"https:\/\/www.min-on.org\/es\/wp-json\/wp\/v2\/pages\/6347"}],"collection":[{"href":"https:\/\/www.min-on.org\/es\/wp-json\/wp\/v2\/pages"}],"about":[{"href":"https:\/\/www.min-on.org\/es\/wp-json\/wp\/v2\/types\/page"}],"author":[{"embeddable":true,"href":"https:\/\/www.min-on.org\/es\/wp-json\/wp\/v2\/users\/1"}],"replies":[{"embeddable":true,"href":"https:\/\/www.min-on.org\/es\/wp-json\/wp\/v2\/comments?post=6347"}],"version-history":[{"count":3,"href":"https:\/\/www.min-on.org\/es\/wp-json\/wp\/v2\/pages\/6347\/revisions"}],"predecessor-version":[{"id":7022,"href":"https:\/\/www.min-on.org\/es\/wp-json\/wp\/v2\/pages\/6347\/revisions\/7022"}],"wp:attachment":[{"href":"https:\/\/www.min-on.org\/es\/wp-json\/wp\/v2\/media?parent=6347"}],"wp:term":[{"taxonomy":"category","embeddable":true,"href":"https:\/\/www.min-on.org\/es\/wp-json\/wp\/v2\/categories?post=6347"},{"taxonomy":"post_tag","embeddable":true,"href":"https:\/\/www.min-on.org\/es\/wp-json\/wp\/v2\/tags?post=6347"}],"curies":[{"name":"wp","href":"https:\/\/api.w.org\/{rel}","templated":true}]}}