{"id":6344,"date":"2018-08-12T10:30:54","date_gmt":"2018-08-12T10:30:54","guid":{"rendered":"http:\/\/min-on.matthewbyrt.com\/?page_id=6344"},"modified":"2018-09-14T13:40:15","modified_gmt":"2018-09-14T13:40:15","slug":"conrad-graf-fortepiano","status":"publish","type":"page","link":"https:\/\/www.min-on.org\/es\/conrad-graf-fortepiano\/","title":{"rendered":"Fortepiano \u00abConrad Graf\u00bb"},"content":{"rendered":"<p>[et_pb_section bb_built=\u00bb1&#8243; fullwidth=\u00bboff\u00bb specialty=\u00bbon\u00bb][et_pb_column type=\u00bb3_4&#8243; specialty_columns=\u00bb3&#8243;][et_pb_row_inner admin_label=\u00bbRow\u00bb _builder_version=\u00bb3.12&#8243;][et_pb_column_inner type=\u00bb1_2&#8243; saved_specialty_column_type=\u00bb3_4&#8243;][et_pb_text _builder_version=\u00bb3.12&#8243;]<\/p>\n<h1>Fortepiano \u00abConrad Graf\u00bb<\/h1>\n<p style=\"font-weight: 600;\">1834, Viena (Austria)<\/p>\n<p>Conrad Graf fue uno de los fabricantes de fortepianos m\u00e1s prestigiosos de Viena entre 1822 y 1842. En 1824, se lo nombr\u00f3 fabricante de instrumentos de teclado de la Corte austr\u00edaca; en 1835, recibi\u00f3 una medalla de oro en la Exposici\u00f3n de Productos Industriales de Austria.<\/p>\n<p>Este espl\u00e9ndido ejemplar, de 6,5 octavas y 80 teclas, fue construido por Conrad Graf en 1834. Su bello bastidor de roble, con lustre de nogal, est\u00e1 hecho casi \u00edntegramente de madera pura; esto produce un sonido elegante, opulento y rom\u00e1ntico, bastante distinto de los pianos modernos, que se construyen con marcos de metal. Muchos compositores c\u00e9lebres usaron fortepianos Graf id\u00e9nticos al que se exhibe en Min-On; entre ellos Beethoven, Schubert, Schumann, Mendelssohn, Chopin, Liszt y Brahms.<\/p>\n<p>Este modelo, at\u00edpico en su clase, tiene cinco pedales e incluye el llamado \u00abpedal turco\u00bb, que acciona un tambor y campanas incorporadas a la estructura del piano, en lugar de los cuatro pedales habituales para controlar los apagadores.<\/p>\n<p>[\/et_pb_text][\/et_pb_column_inner][et_pb_column_inner type=\u00bb1_2&#8243; saved_specialty_column_type=\u00bb3_4&#8243;][et_pb_image _builder_version=\u00bb3.12&#8243; src=\u00bbhttps:\/\/www.min-on.org\/es\/wp-content\/uploads\/sites\/4\/2011\/09\/conrad-graf-fortepiano.jpg\u00bb align=\u00bbcenter\u00bb force_fullwidth=\u00bbon\u00bb show_bottom_space=\u00bboff\u00bb \/][et_pb_audio _builder_version=\u00bb3.12&#8243; audio=\u00bbhttps:\/\/www.min-on.org\/es\/wp-content\/uploads\/sites\/4\/2018\/08\/conrad-graf-fortepiano.mp3&#8243; background_layout=\u00bblight\u00bb title_text_color=\u00bb#000000&#8243; caption_text_color=\u00bb#000000&#8243; saved_tabs=\u00bball\u00bb background_color=\u00bb#f0f0f0&#8243; \/][\/et_pb_column_inner][\/et_pb_row_inner][\/et_pb_column][et_pb_column type=\u00bb1_4&#8243;][et_pb_sidebar _builder_version=\u00bb3.12&#8243; area=\u00bbet_pb_widget_area_11&#8243; module_class=\u00bbmuseumSidebar\u00bb \/][\/et_pb_column][\/et_pb_section]<\/p>\n","protected":false},"excerpt":{"rendered":"<p>Fortepiano \u00abConrad Graf\u00bb 1834, Viena (Austria) Conrad Graf fue uno de los fabricantes de fortepianos m\u00e1s prestigiosos de Viena entre 1822 y 1842. En 1824, se lo nombr\u00f3 fabricante de instrumentos de teclado de la Corte austr\u00edaca; en 1835, recibi\u00f3 una medalla de oro en la Exposici\u00f3n de Productos Industriales de Austria. Este espl\u00e9ndido ejemplar, [&hellip;]<\/p>\n","protected":false},"author":1,"featured_media":0,"parent":0,"menu_order":0,"comment_status":"closed","ping_status":"closed","template":"","meta":{"_et_pb_use_builder":"on","_et_pb_old_content":"","_et_gb_content_width":"","footnotes":""},"categories":[],"tags":[],"distributor_meta":false,"distributor_terms":false,"distributor_media":false,"distributor_original_site_name":"Spanish - Min-On Website","distributor_original_site_url":"https:\/\/www.min-on.org\/es","_links":{"self":[{"href":"https:\/\/www.min-on.org\/es\/wp-json\/wp\/v2\/pages\/6344"}],"collection":[{"href":"https:\/\/www.min-on.org\/es\/wp-json\/wp\/v2\/pages"}],"about":[{"href":"https:\/\/www.min-on.org\/es\/wp-json\/wp\/v2\/types\/page"}],"author":[{"embeddable":true,"href":"https:\/\/www.min-on.org\/es\/wp-json\/wp\/v2\/users\/1"}],"replies":[{"embeddable":true,"href":"https:\/\/www.min-on.org\/es\/wp-json\/wp\/v2\/comments?post=6344"}],"version-history":[{"count":3,"href":"https:\/\/www.min-on.org\/es\/wp-json\/wp\/v2\/pages\/6344\/revisions"}],"predecessor-version":[{"id":7020,"href":"https:\/\/www.min-on.org\/es\/wp-json\/wp\/v2\/pages\/6344\/revisions\/7020"}],"wp:attachment":[{"href":"https:\/\/www.min-on.org\/es\/wp-json\/wp\/v2\/media?parent=6344"}],"wp:term":[{"taxonomy":"category","embeddable":true,"href":"https:\/\/www.min-on.org\/es\/wp-json\/wp\/v2\/categories?post=6344"},{"taxonomy":"post_tag","embeddable":true,"href":"https:\/\/www.min-on.org\/es\/wp-json\/wp\/v2\/tags?post=6344"}],"curies":[{"name":"wp","href":"https:\/\/api.w.org\/{rel}","templated":true}]}}