{"id":6339,"date":"2018-08-12T10:23:36","date_gmt":"2018-08-12T10:23:36","guid":{"rendered":"http:\/\/min-on.matthewbyrt.com\/?page_id=6339"},"modified":"2018-09-14T13:39:58","modified_gmt":"2018-09-14T13:39:58","slug":"johann-fritz-fortepiano","status":"publish","type":"page","link":"https:\/\/www.min-on.org\/es\/johann-fritz-fortepiano\/","title":{"rendered":"Fortepiano \u00abJohann Fritz\u00bb"},"content":{"rendered":"<p>[et_pb_section bb_built=\u00bb1&#8243; fullwidth=\u00bboff\u00bb specialty=\u00bbon\u00bb][et_pb_column type=\u00bb3_4&#8243; specialty_columns=\u00bb3&#8243;][et_pb_row_inner admin_label=\u00bbRow\u00bb _builder_version=\u00bb3.12&#8243;][et_pb_column_inner type=\u00bb1_2&#8243; saved_specialty_column_type=\u00bb3_4&#8243;][et_pb_text _builder_version=\u00bb3.12&#8243;]<\/p>\n<h1>Fortepiano \u00abJohann Fritz\u00bb<\/h1>\n<p style=\"font-weight: 600;\">1800, Viena (Austria)<\/p>\n<p>Poco se sabe sobre Johann Fritz, pese a que parece haber sido un prol\u00edfico fabricante, ya que hoy subsisten varios instrumentos de su autor\u00eda. Muchos aspectos de su obra sugieren que aprendi\u00f3 el arte de su fabricaci\u00f3n en el taller de Anton Walter en Viena, Austria.<\/p>\n<p>\tEste fortepiano vien\u00e9s, construido por Johann Fritz, data de 1800. Fue propiedad de una de las alumnas de Beethoven, llamada B\u00e1rbara, la hija del conde Keglevicz. Aunque da la impresi\u00f3n de ser un instrumento muy fr\u00e1gil, de bellas decoraciones doradas a la hoja, su sonido es de profundidad impresionante. Una singularidad de esta pieza es que posee cinco pedales, incluido el \u00abpedal turco\u00bb que activa un mecanismo de campanas, choque de c\u00edmbalos y un dispositivo de percusi\u00f3n que golpea contra la tabla arm\u00f3nica.<\/p>\n<p>[\/et_pb_text][\/et_pb_column_inner][et_pb_column_inner type=\u00bb1_2&#8243; saved_specialty_column_type=\u00bb3_4&#8243;][et_pb_image _builder_version=\u00bb3.12&#8243; src=\u00bbhttps:\/\/www.min-on.org\/es\/wp-content\/uploads\/sites\/4\/2011\/09\/johann-fritz-fortepiano.jpg\u00bb align=\u00bbcenter\u00bb force_fullwidth=\u00bbon\u00bb show_bottom_space=\u00bboff\u00bb \/][et_pb_audio _builder_version=\u00bb3.12&#8243; audio=\u00bbhttps:\/\/www.min-on.org\/es\/wp-content\/uploads\/sites\/4\/2018\/08\/johann-fritz-fortepiano.mp3&#8243; background_layout=\u00bblight\u00bb title_text_color=\u00bb#000000&#8243; caption_text_color=\u00bb#000000&#8243; saved_tabs=\u00bball\u00bb background_color=\u00bb#f0f0f0&#8243; \/][\/et_pb_column_inner][\/et_pb_row_inner][\/et_pb_column][et_pb_column type=\u00bb1_4&#8243;][et_pb_sidebar _builder_version=\u00bb3.12&#8243; area=\u00bbet_pb_widget_area_11&#8243; module_class=\u00bbmuseumSidebar\u00bb \/][\/et_pb_column][\/et_pb_section]<\/p>\n","protected":false},"excerpt":{"rendered":"<p>Fortepiano \u00abJohann Fritz\u00bb 1800, Viena (Austria) Poco se sabe sobre Johann Fritz, pese a que parece haber sido un prol\u00edfico fabricante, ya que hoy subsisten varios instrumentos de su autor\u00eda. Muchos aspectos de su obra sugieren que aprendi\u00f3 el arte de su fabricaci\u00f3n en el taller de Anton Walter en Viena, Austria. Este fortepiano vien\u00e9s, [&hellip;]<\/p>\n","protected":false},"author":1,"featured_media":0,"parent":0,"menu_order":0,"comment_status":"closed","ping_status":"closed","template":"","meta":{"_et_pb_use_builder":"on","_et_pb_old_content":"","_et_gb_content_width":"","footnotes":""},"categories":[],"tags":[],"distributor_meta":false,"distributor_terms":false,"distributor_media":false,"distributor_original_site_name":"Spanish - Min-On Website","distributor_original_site_url":"https:\/\/www.min-on.org\/es","_links":{"self":[{"href":"https:\/\/www.min-on.org\/es\/wp-json\/wp\/v2\/pages\/6339"}],"collection":[{"href":"https:\/\/www.min-on.org\/es\/wp-json\/wp\/v2\/pages"}],"about":[{"href":"https:\/\/www.min-on.org\/es\/wp-json\/wp\/v2\/types\/page"}],"author":[{"embeddable":true,"href":"https:\/\/www.min-on.org\/es\/wp-json\/wp\/v2\/users\/1"}],"replies":[{"embeddable":true,"href":"https:\/\/www.min-on.org\/es\/wp-json\/wp\/v2\/comments?post=6339"}],"version-history":[{"count":3,"href":"https:\/\/www.min-on.org\/es\/wp-json\/wp\/v2\/pages\/6339\/revisions"}],"predecessor-version":[{"id":7079,"href":"https:\/\/www.min-on.org\/es\/wp-json\/wp\/v2\/pages\/6339\/revisions\/7079"}],"wp:attachment":[{"href":"https:\/\/www.min-on.org\/es\/wp-json\/wp\/v2\/media?parent=6339"}],"wp:term":[{"taxonomy":"category","embeddable":true,"href":"https:\/\/www.min-on.org\/es\/wp-json\/wp\/v2\/categories?post=6339"},{"taxonomy":"post_tag","embeddable":true,"href":"https:\/\/www.min-on.org\/es\/wp-json\/wp\/v2\/tags?post=6339"}],"curies":[{"name":"wp","href":"https:\/\/api.w.org\/{rel}","templated":true}]}}