{"id":6329,"date":"2018-08-12T10:07:54","date_gmt":"2018-08-12T10:07:54","guid":{"rendered":"http:\/\/min-on.matthewbyrt.com\/?page_id=6329"},"modified":"2018-09-14T13:39:37","modified_gmt":"2018-09-14T13:39:37","slug":"anton-walter-fortepiano","status":"publish","type":"page","link":"https:\/\/www.min-on.org\/es\/anton-walter-fortepiano\/","title":{"rendered":"Fortepiano \u00abAnton Walter\u00bb"},"content":{"rendered":"<p>[et_pb_section bb_built=\u00bb1&#8243; fullwidth=\u00bboff\u00bb specialty=\u00bbon\u00bb][et_pb_column type=\u00bb3_4&#8243; specialty_columns=\u00bb3&#8243;][et_pb_row_inner admin_label=\u00bbRow\u00bb _builder_version=\u00bb3.12&#8243;][et_pb_column_inner type=\u00bb1_2&#8243; saved_specialty_column_type=\u00bb3_4&#8243;][et_pb_text _builder_version=\u00bb3.12&#8243;]<\/p>\n<h1>Fortepiano \u00abAnton Walter\u00bb<\/h1>\n<p style=\"font-weight: 600;\">1795, Viena (Austria)<\/p>\n<p>Seg\u00fan el Diccionario Grove de la M\u00fasica y los M\u00fasicos, Anton Walter fue \u00abel m\u00e1s famoso fabricante vien\u00e9s de pianos de su \u00e9poca\u00bb. Sus instrumentos fueron muy apreciados por Mozart, Beethoven y muchos otros compositores famosos. Los registros hist\u00f3ricos muestran que Mozart compr\u00f3 un piano Walter cerca de 1782 y que lo utiliz\u00f3 tanto para sus composiciones como en sus c\u00e9lebres conciertos de piano. Se lo ha conservado hasta la actualidad y est\u00e1 exhibido en la casa natal del m\u00fasico, en Salzburgo, Austria.<\/p>\n<p>El fortepiano Walter de la colecci\u00f3n Min-On tambi\u00e9n est\u00e1 reconocido como tesoro cultural, y es del mismo estilo del que pose\u00eda Mozart, con sus caracter\u00edsticos pedales de rodilla bajo el teclado, equivalentes a los actuales que se accionan con los pies. En el mundo contempor\u00e1neo, solo se conservan unos veinte pianos \u00abAnton Walter\u00bb, y solo unos pocos de ellos est\u00e1n en correcto funcionamiento. En el Museo Musical Min-On los visitantes pueden disfrutar del sonido original de estos preciados fortepianos, tal como se los escuchaba hace doscientos a\u00f1os, en los tiempos de Mozart.<\/p>\n<p>[\/et_pb_text][\/et_pb_column_inner][et_pb_column_inner type=\u00bb1_2&#8243; saved_specialty_column_type=\u00bb3_4&#8243;][et_pb_image _builder_version=\u00bb3.12&#8243; src=\u00bbhttps:\/\/www.min-on.org\/es\/wp-content\/uploads\/sites\/4\/2011\/09\/anton-walter-fortepiano.jpg\u00bb align=\u00bbcenter\u00bb force_fullwidth=\u00bbon\u00bb show_bottom_space=\u00bboff\u00bb \/][et_pb_audio _builder_version=\u00bb3.12&#8243; audio=\u00bbhttps:\/\/www.min-on.org\/es\/wp-content\/uploads\/sites\/4\/2018\/08\/anton-walter-fortepiano.mp3&#8243; background_layout=\u00bblight\u00bb title_text_color=\u00bb#000000&#8243; caption_text_color=\u00bb#000000&#8243; saved_tabs=\u00bball\u00bb background_color=\u00bb#f0f0f0&#8243; \/][\/et_pb_column_inner][\/et_pb_row_inner][\/et_pb_column][et_pb_column type=\u00bb1_4&#8243;][et_pb_sidebar _builder_version=\u00bb3.12&#8243; area=\u00bbet_pb_widget_area_11&#8243; module_class=\u00bbmuseumSidebar\u00bb \/][\/et_pb_column][\/et_pb_section]<\/p>\n","protected":false},"excerpt":{"rendered":"<p>Fortepiano \u00abAnton Walter\u00bb 1795, Viena (Austria) Seg\u00fan el Diccionario Grove de la M\u00fasica y los M\u00fasicos, Anton Walter fue \u00abel m\u00e1s famoso fabricante vien\u00e9s de pianos de su \u00e9poca\u00bb. Sus instrumentos fueron muy apreciados por Mozart, Beethoven y muchos otros compositores famosos. Los registros hist\u00f3ricos muestran que Mozart compr\u00f3 un piano Walter cerca de 1782 [&hellip;]<\/p>\n","protected":false},"author":1,"featured_media":0,"parent":0,"menu_order":0,"comment_status":"closed","ping_status":"closed","template":"","meta":{"_et_pb_use_builder":"on","_et_pb_old_content":"","_et_gb_content_width":"","footnotes":""},"categories":[],"tags":[],"distributor_meta":false,"distributor_terms":false,"distributor_media":false,"distributor_original_site_name":"Spanish - Min-On Website","distributor_original_site_url":"https:\/\/www.min-on.org\/es","_links":{"self":[{"href":"https:\/\/www.min-on.org\/es\/wp-json\/wp\/v2\/pages\/6329"}],"collection":[{"href":"https:\/\/www.min-on.org\/es\/wp-json\/wp\/v2\/pages"}],"about":[{"href":"https:\/\/www.min-on.org\/es\/wp-json\/wp\/v2\/types\/page"}],"author":[{"embeddable":true,"href":"https:\/\/www.min-on.org\/es\/wp-json\/wp\/v2\/users\/1"}],"replies":[{"embeddable":true,"href":"https:\/\/www.min-on.org\/es\/wp-json\/wp\/v2\/comments?post=6329"}],"version-history":[{"count":5,"href":"https:\/\/www.min-on.org\/es\/wp-json\/wp\/v2\/pages\/6329\/revisions"}],"predecessor-version":[{"id":7018,"href":"https:\/\/www.min-on.org\/es\/wp-json\/wp\/v2\/pages\/6329\/revisions\/7018"}],"wp:attachment":[{"href":"https:\/\/www.min-on.org\/es\/wp-json\/wp\/v2\/media?parent=6329"}],"wp:term":[{"taxonomy":"category","embeddable":true,"href":"https:\/\/www.min-on.org\/es\/wp-json\/wp\/v2\/categories?post=6329"},{"taxonomy":"post_tag","embeddable":true,"href":"https:\/\/www.min-on.org\/es\/wp-json\/wp\/v2\/tags?post=6329"}],"curies":[{"name":"wp","href":"https:\/\/api.w.org\/{rel}","templated":true}]}}