{"id":6319,"date":"2018-08-12T09:51:27","date_gmt":"2018-08-12T09:51:27","guid":{"rendered":"http:\/\/min-on.matthewbyrt.com\/?page_id=6319"},"modified":"2018-09-14T13:39:14","modified_gmt":"2018-09-14T13:39:14","slug":"strohm-fortepiano","status":"publish","type":"page","link":"https:\/\/www.min-on.org\/es\/strohm-fortepiano\/","title":{"rendered":"Fortepiano \u00abStrohm\u00bb"},"content":{"rendered":"<p>[et_pb_section bb_built=\u00bb1&#8243; fullwidth=\u00bboff\u00bb specialty=\u00bbon\u00bb][et_pb_column type=\u00bb3_4&#8243; specialty_columns=\u00bb3&#8243;][et_pb_row_inner admin_label=\u00bbRow\u00bb _builder_version=\u00bb3.12&#8243;][et_pb_column_inner type=\u00bb1_2&#8243; saved_specialty_column_type=\u00bb3_4&#8243;][et_pb_text _builder_version=\u00bb3.12&#8243;]<\/p>\n<h1>Fortepiano \u00abStrohm\u00bb<\/h1>\n<p style=\"font-weight: 600;\">1793, Roma (Italia)<\/p>\n<p>La palabra \u00abfortepiano\u00bb designa la versi\u00f3n original del piano, que tuvo vigencia desde su creaci\u00f3n, en 1709, hasta comienzos del siglo XIX. Inventado por Bartolomeo Christofori en Italia, este instrumento combinaba el bello tono del clavic\u00e9mbalo con la magn\u00edfica expresividad del clavicordio. Al cabo de sucesivas mejoras logradas con el paso del tiempo, hoy se considera que el piano es el rey de todos los instrumentos musicales.<\/p>\n<p>Este soberbio fortepiano \u00abStrohm\u00bb fue fabricado en 1793 en Roma, Italia. Est\u00e1 construido en una caja de clavec\u00edn de estilo barroco-rococ\u00f3, y su cuerpo fue dise\u00f1ado y decorado especialmente para un acaudalado arist\u00f3crata romano, con motivos de hermosos jardines chinos.<\/p>\n<p>[\/et_pb_text][\/et_pb_column_inner][et_pb_column_inner type=\u00bb1_2&#8243; saved_specialty_column_type=\u00bb3_4&#8243;][et_pb_image _builder_version=\u00bb3.12&#8243; src=\u00bbhttps:\/\/www.min-on.org\/es\/wp-content\/uploads\/sites\/4\/2011\/09\/strohm-fortepiano.jpg\u00bb align=\u00bbcenter\u00bb force_fullwidth=\u00bbon\u00bb show_bottom_space=\u00bboff\u00bb \/][et_pb_audio _builder_version=\u00bb3.12&#8243; audio=\u00bbhttps:\/\/www.min-on.org\/es\/wp-content\/uploads\/sites\/4\/2018\/08\/strohm-fortepiano.mp3&#8243; background_layout=\u00bblight\u00bb title_text_color=\u00bb#000000&#8243; caption_text_color=\u00bb#000000&#8243; saved_tabs=\u00bball\u00bb background_color=\u00bb#f0f0f0&#8243; \/][\/et_pb_column_inner][\/et_pb_row_inner][\/et_pb_column][et_pb_column type=\u00bb1_4&#8243;][et_pb_sidebar _builder_version=\u00bb3.12&#8243; area=\u00bbet_pb_widget_area_11&#8243; module_class=\u00bbmuseumSidebar\u00bb \/][\/et_pb_column][\/et_pb_section]<\/p>\n","protected":false},"excerpt":{"rendered":"<p>Fortepiano \u00abStrohm\u00bb 1793, Roma (Italia) La palabra \u00abfortepiano\u00bb designa la versi\u00f3n original del piano, que tuvo vigencia desde su creaci\u00f3n, en 1709, hasta comienzos del siglo XIX. Inventado por Bartolomeo Christofori en Italia, este instrumento combinaba el bello tono del clavic\u00e9mbalo con la magn\u00edfica expresividad del clavicordio. Al cabo de sucesivas mejoras logradas con el [&hellip;]<\/p>\n","protected":false},"author":1,"featured_media":0,"parent":0,"menu_order":0,"comment_status":"closed","ping_status":"closed","template":"","meta":{"_et_pb_use_builder":"on","_et_pb_old_content":"","_et_gb_content_width":"","footnotes":""},"categories":[],"tags":[],"distributor_meta":false,"distributor_terms":false,"distributor_media":false,"distributor_original_site_name":"Spanish - Min-On Website","distributor_original_site_url":"https:\/\/www.min-on.org\/es","_links":{"self":[{"href":"https:\/\/www.min-on.org\/es\/wp-json\/wp\/v2\/pages\/6319"}],"collection":[{"href":"https:\/\/www.min-on.org\/es\/wp-json\/wp\/v2\/pages"}],"about":[{"href":"https:\/\/www.min-on.org\/es\/wp-json\/wp\/v2\/types\/page"}],"author":[{"embeddable":true,"href":"https:\/\/www.min-on.org\/es\/wp-json\/wp\/v2\/users\/1"}],"replies":[{"embeddable":true,"href":"https:\/\/www.min-on.org\/es\/wp-json\/wp\/v2\/comments?post=6319"}],"version-history":[{"count":6,"href":"https:\/\/www.min-on.org\/es\/wp-json\/wp\/v2\/pages\/6319\/revisions"}],"predecessor-version":[{"id":7017,"href":"https:\/\/www.min-on.org\/es\/wp-json\/wp\/v2\/pages\/6319\/revisions\/7017"}],"wp:attachment":[{"href":"https:\/\/www.min-on.org\/es\/wp-json\/wp\/v2\/media?parent=6319"}],"wp:term":[{"taxonomy":"category","embeddable":true,"href":"https:\/\/www.min-on.org\/es\/wp-json\/wp\/v2\/categories?post=6319"},{"taxonomy":"post_tag","embeddable":true,"href":"https:\/\/www.min-on.org\/es\/wp-json\/wp\/v2\/tags?post=6319"}],"curies":[{"name":"wp","href":"https:\/\/api.w.org\/{rel}","templated":true}]}}