{"id":6305,"date":"2018-08-12T09:32:28","date_gmt":"2018-08-12T09:32:28","guid":{"rendered":"http:\/\/min-on.matthewbyrt.com\/?page_id=6305"},"modified":"2018-09-15T15:38:29","modified_gmt":"2018-09-15T15:38:29","slug":"bologna-harpsichord","status":"publish","type":"page","link":"https:\/\/www.min-on.org\/es\/bologna-harpsichord\/","title":{"rendered":"Clavec\u00edn \u00abBolonia\u00bb"},"content":{"rendered":"<p>[et_pb_section bb_built=\u00bb1&#8243; fullwidth=\u00bboff\u00bb specialty=\u00bbon\u00bb][et_pb_column type=\u00bb3_4&#8243; specialty_columns=\u00bb3&#8243;][et_pb_row_inner admin_label=\u00bbRow\u00bb _builder_version=\u00bb3.12&#8243;][et_pb_column_inner type=\u00bb1_2&#8243; saved_specialty_column_type=\u00bb3_4&#8243;][et_pb_text _builder_version=\u00bb3.12&#8243;]<\/p>\n<h1>Clavec\u00edn \u00abBolonia\u00bb<\/h1>\n<p style=\"font-weight: 600;\">1860, Bolonia (Italia)<\/p>\n<p>El clavec\u00edn o clavic\u00e9mbalo es un instrumento de teclado que produce un sonido caracter\u00edstico cuando, al apretar las teclas, las cuerdas son pulsadas por plectros. Los primeros dise\u00f1os de clavec\u00edn datan de fines de la Edad Media, mucho antes de la invenci\u00f3n del fortepiano, a comienzos del 1700.<\/p>\n<p>\tEl clavec\u00edn \u00abBolonia\u00bb fue fabricado alrededor de 1680. Con posterioridad, se le agregaron varias pinturas de estilo veneciano, junto con el exquisito pie tallado representativo del rococ\u00f3.  El uso de laca a la usanza japonesa en las pinturas, evidente en el tono rojo brillante, probablemente haga de esta pieza el clavic\u00e9mbalo m\u00e1s ornamentado del mundo.<\/p>\n<p>[\/et_pb_text][\/et_pb_column_inner][et_pb_column_inner type=\u00bb1_2&#8243; saved_specialty_column_type=\u00bb3_4&#8243;][et_pb_image _builder_version=\u00bb3.12&#8243; src=\u00bbhttps:\/\/www.min-on.org\/es\/wp-content\/uploads\/sites\/4\/2011\/09\/bologna-harpsichord.jpg\u00bb align=\u00bbcenter\u00bb force_fullwidth=\u00bbon\u00bb show_bottom_space=\u00bboff\u00bb \/][et_pb_audio _builder_version=\u00bb3.12&#8243; audio=\u00bbhttps:\/\/www.min-on.org\/es\/wp-content\/uploads\/sites\/4\/2018\/08\/bologna-harpsichord.mp3&#8243; background_color=\u00bb#f0f0f0&#8243; background_layout=\u00bblight\u00bb title_text_color=\u00bb#000000&#8243; caption_text_color=\u00bb#000000&#8243; saved_tabs=\u00bball\u00bb \/][\/et_pb_column_inner][\/et_pb_row_inner][\/et_pb_column][et_pb_column type=\u00bb1_4&#8243;][et_pb_sidebar _builder_version=\u00bb3.12&#8243; area=\u00bbet_pb_widget_area_11&#8243; module_class=\u00bbmuseumSidebar\u00bb \/][\/et_pb_column][\/et_pb_section]<\/p>\n","protected":false},"excerpt":{"rendered":"<p>Clavec\u00edn \u00abBolonia\u00bb 1860, Bolonia (Italia) El clavec\u00edn o clavic\u00e9mbalo es un instrumento de teclado que produce un sonido caracter\u00edstico cuando, al apretar las teclas, las cuerdas son pulsadas por plectros. Los primeros dise\u00f1os de clavec\u00edn datan de fines de la Edad Media, mucho antes de la invenci\u00f3n del fortepiano, a comienzos del 1700. El clavec\u00edn [&hellip;]<\/p>\n","protected":false},"author":1,"featured_media":0,"parent":0,"menu_order":0,"comment_status":"closed","ping_status":"closed","template":"","meta":{"_et_pb_use_builder":"on","_et_pb_old_content":"","_et_gb_content_width":"","footnotes":""},"categories":[],"tags":[],"distributor_meta":false,"distributor_terms":false,"distributor_media":false,"distributor_original_site_name":"Spanish - Min-On Website","distributor_original_site_url":"https:\/\/www.min-on.org\/es","_links":{"self":[{"href":"https:\/\/www.min-on.org\/es\/wp-json\/wp\/v2\/pages\/6305"}],"collection":[{"href":"https:\/\/www.min-on.org\/es\/wp-json\/wp\/v2\/pages"}],"about":[{"href":"https:\/\/www.min-on.org\/es\/wp-json\/wp\/v2\/types\/page"}],"author":[{"embeddable":true,"href":"https:\/\/www.min-on.org\/es\/wp-json\/wp\/v2\/users\/1"}],"replies":[{"embeddable":true,"href":"https:\/\/www.min-on.org\/es\/wp-json\/wp\/v2\/comments?post=6305"}],"version-history":[{"count":12,"href":"https:\/\/www.min-on.org\/es\/wp-json\/wp\/v2\/pages\/6305\/revisions"}],"predecessor-version":[{"id":7217,"href":"https:\/\/www.min-on.org\/es\/wp-json\/wp\/v2\/pages\/6305\/revisions\/7217"}],"wp:attachment":[{"href":"https:\/\/www.min-on.org\/es\/wp-json\/wp\/v2\/media?parent=6305"}],"wp:term":[{"taxonomy":"category","embeddable":true,"href":"https:\/\/www.min-on.org\/es\/wp-json\/wp\/v2\/categories?post=6305"},{"taxonomy":"post_tag","embeddable":true,"href":"https:\/\/www.min-on.org\/es\/wp-json\/wp\/v2\/tags?post=6305"}],"curies":[{"name":"wp","href":"https:\/\/api.w.org\/{rel}","templated":true}]}}