{"id":6274,"date":"2018-08-12T08:45:59","date_gmt":"2018-08-12T08:45:59","guid":{"rendered":"http:\/\/min-on.matthewbyrt.com\/?page_id=6274"},"modified":"2018-10-29T08:12:32","modified_gmt":"2018-10-29T08:12:32","slug":"pisa-harpsichord","status":"publish","type":"page","link":"https:\/\/www.min-on.org\/es\/pisa-harpsichord\/","title":{"rendered":"Clavec\u00edn \u00abPisa\u00bb"},"content":{"rendered":"<p>[et_pb_section bb_built=\u00bb1&#8243; fullwidth=\u00bboff\u00bb specialty=\u00bbon\u00bb][et_pb_column type=\u00bb3_4&#8243; specialty_columns=\u00bb3&#8243;][et_pb_row_inner admin_label=\u00bbRow\u00bb _builder_version=\u00bb3.12&#8243;][et_pb_column_inner type=\u00bb1_2&#8243; saved_specialty_column_type=\u00bb3_4&#8243;][et_pb_text _builder_version=\u00bb3.15&#8243;]<\/p>\n<h1>Clavec\u00edn \u00abPisa\u00bb<\/h1>\n<p style=\"font-weight: 600;\">1580-1600. Pisa (Italia)<\/p>\n<p>El clavec\u00edn o clavic\u00e9mbalo es un instrumento de teclado que produce un sonido caracter\u00edstico cuando, al apretar las teclas, las cuerdas son pulsadas por plectros. Los primeros dise\u00f1os de clavec\u00edn datan de fines de la Edad Media, mucho antes de la invenci\u00f3n del fortepiano, a comienzos del 1700.<\/p>\n<p>\tEl clavec\u00edn \u00abPisa\u00bb fue construido entre 1580 y 1600 en Pisa o en Florencia. Se trata de un instrumento de excepcional valor, que no ha sufrido ninguna modificaci\u00f3n mec\u00e1nica o estructural en sus m\u00e1s de 400 a\u00f1os de vida y que a\u00fan puede tocarse en su estado original. Adem\u00e1s, su elevado valor est\u00e1 relacionado con la calidad art\u00edstica de los ornamentos pintados y tallados que adornan tanto el interior como el exterior del clavec\u00edn.<\/p>\n<p>[\/et_pb_text][\/et_pb_column_inner][et_pb_column_inner type=\u00bb1_2&#8243; saved_specialty_column_type=\u00bb3_4&#8243;][et_pb_image _builder_version=\u00bb3.12&#8243; src=\u00bbhttps:\/\/www.min-on.org\/es\/wp-content\/uploads\/sites\/4\/2011\/09\/pisa-harpsichord.jpg\u00bb align=\u00bbcenter\u00bb force_fullwidth=\u00bbon\u00bb show_bottom_space=\u00bboff\u00bb \/][et_pb_audio _builder_version=\u00bb3.12&#8243; audio=\u00bbhttps:\/\/www.min-on.org\/es\/wp-content\/uploads\/sites\/4\/2018\/08\/pisa-harpsichord.mp3&#8243; background_color=\u00bb#f0f0f0&#8243; background_layout=\u00bblight\u00bb title_text_color=\u00bb#000000&#8243; caption_text_color=\u00bb#000000&#8243; saved_tabs=\u00bball\u00bb \/][\/et_pb_column_inner][\/et_pb_row_inner][\/et_pb_column][et_pb_column type=\u00bb1_4&#8243;][et_pb_sidebar _builder_version=\u00bb3.12&#8243; area=\u00bbet_pb_widget_area_11&#8243; module_class=\u00bbmuseumSidebar\u00bb \/][\/et_pb_column][\/et_pb_section]<\/p>\n","protected":false},"excerpt":{"rendered":"<p>Clavec\u00edn \u00abPisa\u00bb 1580-1600. Pisa (Italia) El clavec\u00edn o clavic\u00e9mbalo es un instrumento de teclado que produce un sonido caracter\u00edstico cuando, al apretar las teclas, las cuerdas son pulsadas por plectros. Los primeros dise\u00f1os de clavec\u00edn datan de fines de la Edad Media, mucho antes de la invenci\u00f3n del fortepiano, a comienzos del 1700. El clavec\u00edn [&hellip;]<\/p>\n","protected":false},"author":1,"featured_media":0,"parent":0,"menu_order":0,"comment_status":"closed","ping_status":"closed","template":"","meta":{"_et_pb_use_builder":"on","_et_pb_old_content":"","_et_gb_content_width":"","footnotes":""},"categories":[],"tags":[],"distributor_meta":false,"distributor_terms":false,"distributor_media":false,"distributor_original_site_name":"Spanish - Min-On Website","distributor_original_site_url":"https:\/\/www.min-on.org\/es","_links":{"self":[{"href":"https:\/\/www.min-on.org\/es\/wp-json\/wp\/v2\/pages\/6274"}],"collection":[{"href":"https:\/\/www.min-on.org\/es\/wp-json\/wp\/v2\/pages"}],"about":[{"href":"https:\/\/www.min-on.org\/es\/wp-json\/wp\/v2\/types\/page"}],"author":[{"embeddable":true,"href":"https:\/\/www.min-on.org\/es\/wp-json\/wp\/v2\/users\/1"}],"replies":[{"embeddable":true,"href":"https:\/\/www.min-on.org\/es\/wp-json\/wp\/v2\/comments?post=6274"}],"version-history":[{"count":15,"href":"https:\/\/www.min-on.org\/es\/wp-json\/wp\/v2\/pages\/6274\/revisions"}],"predecessor-version":[{"id":7604,"href":"https:\/\/www.min-on.org\/es\/wp-json\/wp\/v2\/pages\/6274\/revisions\/7604"}],"wp:attachment":[{"href":"https:\/\/www.min-on.org\/es\/wp-json\/wp\/v2\/media?parent=6274"}],"wp:term":[{"taxonomy":"category","embeddable":true,"href":"https:\/\/www.min-on.org\/es\/wp-json\/wp\/v2\/categories?post=6274"},{"taxonomy":"post_tag","embeddable":true,"href":"https:\/\/www.min-on.org\/es\/wp-json\/wp\/v2\/tags?post=6274"}],"curies":[{"name":"wp","href":"https:\/\/api.w.org\/{rel}","templated":true}]}}