{"id":3641,"date":"2018-07-17T16:45:20","date_gmt":"2018-07-17T16:45:20","guid":{"rendered":"http:\/\/min-on.matthewbyrt.com\/?page_id=3641"},"modified":"2020-01-10T02:04:06","modified_gmt":"2020-01-10T02:04:06","slug":"chronology","status":"publish","type":"page","link":"https:\/\/www.min-on.org\/es\/chronology\/","title":{"rendered":"Cronolog\u00eda"},"content":{"rendered":"<p>[et_pb_section bb_built=\u00bb1&#8243; _builder_version=\u00bb3.9&#8243; custom_padding=\u00bb||0px|\u00bb][et_pb_row _builder_version=\u00bb3.11&#8243; custom_padding=\u00bb0px|||\u00bb][et_pb_column type=\u00bb4_4&#8243;][et_pb_text _builder_version=\u00bb3.12&#8243;]<\/p>\n<h1 style=\"line-height: 36px;\">Cronolog\u00eda<\/h1>\n<p>[\/et_pb_text][\/et_pb_column][\/et_pb_row][et_pb_row _builder_version=\u00bb3.9&#8243;][et_pb_column type=\u00bb4_4&#8243;][et_pb_image _builder_version=\u00bb3.12&#8243; src=\u00bbhttps:\/\/www.min-on.org\/es\/wp-content\/uploads\/sites\/4\/2018\/08\/Top-Image-e1535575585296.jpg\u00bb force_fullwidth=\u00bbon\u00bb show_bottom_space=\u00bboff\u00bb \/][\/et_pb_column][\/et_pb_row][et_pb_row _builder_version=\u00bb3.12&#8243; custom_padding=\u00bb||0px|\u00bb][et_pb_column type=\u00bb4_4&#8243;][et_pb_text _builder_version=\u00bb3.12&#8243;]<\/p>\n<h1 style=\"line-height: 36px;\">En sus 55 a\u00f1os de historia, Min-On ha sumado hitos notables. Algunos de ellos se enumeran a continuaci\u00f3n:<\/h1>\n<p>[\/et_pb_text][\/et_pb_column][\/et_pb_row][et_pb_row _builder_version=\u00bb3.9&#8243;][et_pb_column type=\u00bb1_2&#8243;][et_pb_text _builder_version=\u00bb3.15&#8243;]<\/p>\n<p><strong>16 de octubre de 1963<\/strong><br \/>\nSe funda la Asociaci\u00f3n de Conciertos Min-On.<\/p>\n<p><strong>Noviembre de 1963<\/strong><br \/>\nSe realiza el primer concierto de abono de Min-On en Tokio.<\/p>\n<p><strong>Mayo de 1964<\/strong><br \/>\nSe inicia en Tokio el ciclo de conciertos de entrada libre y gratuita en distritos municipales.<\/p>\n<p><strong>Enero de 1965<\/strong><br \/>\nEl Ministerio de Educaci\u00f3n del Jap\u00f3n otorga a Min-On la personer\u00eda jur\u00eddica como fundaci\u00f3n.<\/p>\n<p><strong>Marzo de 1965<\/strong><br \/>\nSe publica la revista mensual Min-On.<\/p>\n<p><strong>Mayo de 1966<\/strong><br \/>\nSe celebra el primer Certamen Min-On de Canto (precursor del Certamen Internacional Musical de Tokio).<\/p>\n<p><strong>Setiembre de 1966<\/strong><br \/>\nMin-On inicia su Ciclo de Ballet Mundial, con la actuaci\u00f3n del Ballet de Novosibirsk.<\/p>\n<p><strong>Diciembre de 1966<\/strong><br \/>\nCelebra su primer intercambio con las Jeunesses Musicales de France (JMF), con el recital de piano de C\u00e9cile Ousset.<\/p>\n<p><strong>Julio de 1967<\/strong><br \/>\nAuspicia el primer Certamen Min-On de Direcci\u00f3n Orquestal.<\/p>\n<p><strong>Febrero de 1969<\/strong><br \/>\nCelebra el primer Festival Min-On de M\u00fasica Contempor\u00e1nea.<\/p>\n<p><strong>Marzo de 1970<\/strong><br \/>\nInicia el Ciclo Min-On de Tango, con la gira de la Orquesta de Jos\u00e9 Basso.<\/p>\n<p><strong>Enero de 1971<\/strong><br \/>\nCrea el Ciclo Min-On de Canto y Danzas Folkl\u00f3ricas de Asia.<\/p>\n<p><strong>Mayo de 1973<\/strong><br \/>\nInaugura, en Hokkaido, su ciclo Conciertos en la Escuela.<\/p>\n<p><strong>Enero de 1974<\/strong><br \/>\nRealiza su primera donaci\u00f3n de registros fonogr\u00e1ficos a una escuela primaria.<\/p>\n<p><strong>Setiembre de 1974<\/strong><br \/>\nInvita por primera vez a la \u00d3pera Estatal de Baviera de M\u00fanich (Bayerische Staatsoper M\u00fcnchen) al Jap\u00f3n.<\/p>\n<p><strong>Noviembre de 1974<\/strong><br \/>\nSe funda la Biblioteca Musical Min-On.<\/p>\n<p><strong>Diciembre de 1974<\/strong><br \/>\nCelebra el primer Certamen Internacional de Conjuntos de C\u00e1mara de Tokio.<\/p>\n<p><strong>Mayo de 1975<\/strong><br \/>\nCelebra el primer Festival Min-On de M\u00fasica Italiana.<\/p>\n<p><strong>Julio de 1977<\/strong><br \/>\nEnv\u00eda al exterior al primer equipo de investigaci\u00f3n de Min-On sobre culturas musicales y danzas de la Ruta de la Seda.<\/p>\n<p><strong>Julio de 1979<\/strong><br \/>\nInicia el ciclo \u00abUna traves\u00eda musical a lo largo de la Ruta de la Seda\u00bb.<\/p>\n<p>[\/et_pb_text][\/et_pb_column][et_pb_column type=\u00bb1_2&#8243;][et_pb_text _builder_version=\u00bb3.15&#8243;]<\/p>\n<p><strong>Setiembre de 1980<\/strong><br \/>\nPatrocina el debut japon\u00e9s de la \u00d3pera Estatal de Viena.<\/p>\n<p><strong>Setiembre de 1981<\/strong><br \/>\nPatrocina el debut japon\u00e9s del Teatro de la Scala de Mil\u00e1n.<\/p>\n<p><strong>Setiembre de 1983<\/strong><br \/>\nAuspicia su propia producci\u00f3n independiente de \u00f3pera, con Las bodas de F\u00edgaro, de Mozart.<\/p>\n<p><strong>Julio de 1984<\/strong><br \/>\nInicia el ciclo \u00abUn viaje musical por la Ruta Mar\u00edtima\u00bb.<\/p>\n<p><strong>Setiembre de 1986<\/strong><br \/>\nInvita al Jap\u00f3n a la \u00d3pera Real del Reino Unido (Royal Opera).<\/p>\n<p><strong>Julio de 1988<\/strong><br \/>\nRecibe una distinci\u00f3n del Ministerio de Asuntos Exteriores del Jap\u00f3n.<\/p>\n<p><strong>Octubre de 1989<\/strong><br \/>\nOrganiza en Par\u00eds el Festival Franco-Japon\u00e9s de M\u00fasica Contempor\u00e1nea.<\/p>\n<p><strong>Agosto de 1991<\/strong><br \/>\nCelebra el primer Certamen Internacional de Coreograf\u00eda de Tokio.<\/p>\n<p><strong>Febrero de 1992<\/strong><br \/>\nPatrocina la gira en el Jap\u00f3n de la \u00d3pera Metropolitana de Colonia (Oper del Stadt K\u00f6ln).<\/p>\n<p><strong>Octubre de 1994<\/strong><br \/>\nRecibe el Certificado Especial al M\u00e9rito del Ministerio de Cultura de Bulgaria.<\/p>\n<p><strong>Setiembre de 1997<\/strong><br \/>\nMin-On a las Artes, que se otorga a John Neumeier del Ballet de Hamburgo.<\/p>\n<p><strong>Agosto de 1999<\/strong><br \/>\nInaugura el ciclo \u00abUn periplo musical a trav\u00e9s del \u00c1frica\u00bb.<\/p>\n<p><strong>Octubre de 2002<\/strong><br \/>\nCelebra el primer Simposio Min-On \u00abAsia hoy\u00bb.<\/p>\n<p><strong>Noviembre de 2003<\/strong><br \/>\nRecibe la Orden de M\u00e9rito Cultural del Ministerio de Cultura de Polonia.<\/p>\n<p><strong>Diciembre de 2003<\/strong><br \/>\nLa Biblioteca Musical Min-On se convierte en Museo Musical Min-On, tras ser acreditada oficialmente como museo por el Consejo de Educaci\u00f3n del Gobierno Metropolitano de Tokio.<\/p>\n<p><strong>Mayo de 2004<\/strong><br \/>\nInaugura el Museo Musical Min-On.<\/p>\n<p><strong>Abril de 2012<\/strong><br \/>\nInaugura la Sede Oeste del Museo Musical Min-On, en el Jap\u00f3n.<\/p>\n<p><strong>Julio de 2013<\/strong><br \/>\nSe reacredita a la Asociaci\u00f3n de Conciertos Min-On como fundaci\u00f3n general con personer\u00eda jur\u00eddica.<\/p>\n<p><strong>Octubre de 2014<\/strong><br \/>\nFunda el Instituto de Investigaciones Musicales Min-On.<br \/>\nInicia la Red Global Musical Min-On.<\/p>\n<p>[\/et_pb_text][\/et_pb_column][\/et_pb_row][\/et_pb_section]<\/p>\n","protected":false},"excerpt":{"rendered":"<p>Cronolog\u00eda En sus 55 a\u00f1os de historia, Min-On ha sumado hitos notables. Algunos de ellos se enumeran a continuaci\u00f3n: 16 de octubre de 1963 Se funda la Asociaci\u00f3n de Conciertos Min-On. Noviembre de 1963 Se realiza el primer concierto de abono de Min-On en Tokio. Mayo de 1964 Se inicia en Tokio el ciclo de [&hellip;]<\/p>\n","protected":false},"author":1,"featured_media":0,"parent":0,"menu_order":0,"comment_status":"closed","ping_status":"closed","template":"","meta":{"_et_pb_use_builder":"on","_et_pb_old_content":"","_et_gb_content_width":"","footnotes":""},"categories":[],"tags":[],"distributor_meta":false,"distributor_terms":false,"distributor_media":false,"distributor_original_site_name":"Spanish - Min-On Website","distributor_original_site_url":"https:\/\/www.min-on.org\/es","_links":{"self":[{"href":"https:\/\/www.min-on.org\/es\/wp-json\/wp\/v2\/pages\/3641"}],"collection":[{"href":"https:\/\/www.min-on.org\/es\/wp-json\/wp\/v2\/pages"}],"about":[{"href":"https:\/\/www.min-on.org\/es\/wp-json\/wp\/v2\/types\/page"}],"author":[{"embeddable":true,"href":"https:\/\/www.min-on.org\/es\/wp-json\/wp\/v2\/users\/1"}],"replies":[{"embeddable":true,"href":"https:\/\/www.min-on.org\/es\/wp-json\/wp\/v2\/comments?post=3641"}],"version-history":[{"count":19,"href":"https:\/\/www.min-on.org\/es\/wp-json\/wp\/v2\/pages\/3641\/revisions"}],"predecessor-version":[{"id":8241,"href":"https:\/\/www.min-on.org\/es\/wp-json\/wp\/v2\/pages\/3641\/revisions\/8241"}],"wp:attachment":[{"href":"https:\/\/www.min-on.org\/es\/wp-json\/wp\/v2\/media?parent=3641"}],"wp:term":[{"taxonomy":"category","embeddable":true,"href":"https:\/\/www.min-on.org\/es\/wp-json\/wp\/v2\/categories?post=3641"},{"taxonomy":"post_tag","embeddable":true,"href":"https:\/\/www.min-on.org\/es\/wp-json\/wp\/v2\/tags?post=3641"}],"curies":[{"name":"wp","href":"https:\/\/api.w.org\/{rel}","templated":true}]}}