{"id":3626,"date":"2018-07-16T19:24:21","date_gmt":"2018-07-16T19:24:21","guid":{"rendered":"http:\/\/min-on.matthewbyrt.com\/?page_id=3626"},"modified":"2020-01-10T02:01:31","modified_gmt":"2020-01-10T02:01:31","slug":"founder","status":"publish","type":"page","link":"https:\/\/www.min-on.org\/es\/founder\/","title":{"rendered":"Sobre el Fundador"},"content":{"rendered":"<p>[et_pb_section bb_built=\u00bb1&#8243; next_background_color=\u00bb#000000&#8243; _builder_version=\u00bb3.9&#8243; custom_padding=\u00bb||0px|\u00bb][et_pb_row _builder_version=\u00bb3.11&#8243; custom_padding=\u00bb0px|||\u00bb][et_pb_column type=\u00bb4_4&#8243;][et_pb_text _builder_version=\u00bb3.12&#8243;]<\/p>\n<h1 style=\"line-height: 36px;\">Sobre el Fundador<\/h1>\n<p>[\/et_pb_text][\/et_pb_column][\/et_pb_row][et_pb_row _builder_version=\u00bb3.9&#8243;][et_pb_column type=\u00bb4_4&#8243;][et_pb_image _builder_version=\u00bb3.9&#8243; src=\u00bbhttps:\/\/www.min-on.org\/es\/wp-content\/uploads\/sites\/4\/2018\/07\/main-image-founder.jpg\u00bb force_fullwidth=\u00bbon\u00bb show_bottom_space=\u00bboff\u00bb \/][\/et_pb_column][\/et_pb_row][et_pb_row _builder_version=\u00bb3.12&#8243;][et_pb_column type=\u00bb4_4&#8243;][et_pb_text _builder_version=\u00bb3.12&#8243;]<\/p>\n<h2 style=\"line-height: 36px;\">\u00abProfundizar en el conocimiento de la m\u00fasica es examinar de cerca la fuente misma de la cultura humana; es iniciar un viaje que conduce a la quintaesencia de la humanidad. El amor a la m\u00fasica une a los pueblos y fortalece el pulso de la paz y de la creatividad\u00bb<\/h2>\n<p>[\/et_pb_text][\/et_pb_column][\/et_pb_row][\/et_pb_section][et_pb_section bb_built=\u00bb1&#8243; specialty=\u00bboff\u00bb prev_background_color=\u00bb#000000&#8243; _builder_version=\u00bb3.9&#8243; custom_padding=\u00bb0px|||\u00bb][et_pb_row][et_pb_column type=\u00bb1_2&#8243;][et_pb_text _builder_version=\u00bb3.15&#8243;]<\/p>\n<h4 style=\"line-height: 26px;\"><a href=\"http:\/\/www.daisakuikeda.org\/\">Daisaku Ikeda<\/a>, fundador de la Asociaci\u00f3n de Conciertos Min-On, es un fil\u00f3sofo budista, promotor de la paz y educador, adem\u00e1s de un prol\u00edfico escritor y poeta. Ferviente defensor y practicante del di\u00e1logo, ha entablado conversaciones con una amplia diversidad de figuras de todo el mundo, en las \u00e1reas de la cultura, la educaci\u00f3n, la labor acad\u00e9mica y la pol\u00edtica. Entre sus interlocutores se destacan el dignatario sudafricano Nelson Mandela, el violinista Yehudi Menuhin, el pianista de tango Osvaldo Pugliese, la directora de teatro infantil Natalia Sats, y otras influyentes personalidades de activo compromiso con la creaci\u00f3n de una cultura de paz y de entendimiento mutuo. M\u00e1s de cincuenta de estos intercambios se han publicado en forma de libro, con especial menci\u00f3n de las conversaciones con los aclamados m\u00fasicos de jazz Herbie Hancock y Wayne Shorter.<\/h4>\n<p>Daisaku Ikeda, nacido en 1928, experiment\u00f3 en carne propia la tragedia de la guerra y del militarismo. En el ca\u00f3tico Jap\u00f3n de posguerra, se convirti\u00f3 al budismo a ra\u00edz de un encuentro decisivo con el educador y pacifista <a href=\"http:\/\/www.joseitoda.org\/\" target=\"_blank\">Josei Toda<\/a>, quien hab\u00eda sido encarcelado por sus convicciones durante el conflicto armado y quien luego ser\u00eda el segundo presidente de la asociaci\u00f3n budista laica Soka Gakkai (Asociaci\u00f3n para la Creaci\u00f3n de Valores). Tras el fallecimiento de su maestro Toda, el se\u00f1or Ikeda asumi\u00f3 la conducci\u00f3n del movimiento como tercer presidente de la <a href=\"http:\/\/www.sokanet.jp\/\" target=\"_blank\">Soka Gakkai<\/a> en 1960. En 1975, fund\u00f3 la <a href=\"http:\/\/www.sgi.org\/\" target=\"_blank\">Soka Gakkai Internacional (SGI)<\/a>, que preside desde entonces. En estas d\u00e9cadas, ha inspirado y construido el movimiento budista internacional de organizaci\u00f3n ciudadana m\u00e1s grande y diverso del mundo actual, que propone una filosof\u00eda de empoderamiento individual y de compromiso social para fortalecer la paz, la cultura y la educaci\u00f3n. <\/p>\n<p>La idea de establecer la Asociaci\u00f3n de Conciertos Min-On vino a la mente de su fundador durante su primer viaje a la India y al sudeste asi\u00e1tico en febrero de 1961, un a\u00f1o despu\u00e9s de haber asumido la presidencia de la Soka Gakkai, mientras sobrevolaba los campos de batalla de la segunda guerra mundial en Tailandia y Camboya, desde Burma (hoy Myanmar) donde su hermano mayor y muchos otros j\u00f3venes hab\u00edan perdido la vida en combate.  Un pensamiento que lo acompa\u00f1\u00f3 permanentemente, a lo largo de ese viaje, fue la necesidad de ayudar a la humanidad a superar los horrores de la guerra y construir una paz duradera. Comprendi\u00f3 que era fundamental hallar un medio de propiciar el entendimiento rec\u00edproco entre los pueblos del mundo, y que el intercambio cultural mediante la m\u00fasica y el arte esc\u00e9nico pod\u00eda ser un elemento esencial en ese proceso. Esto lo llev\u00f3 a fundar la Asociaci\u00f3n de Conciertos Min-On, una organizaci\u00f3n no confesional independiente dedicada a promover el intercambio internacional en las \u00e1reas de la m\u00fasica y el arte esc\u00e9nico.<\/p>\n<p>Adem\u00e1s de la Asociaci\u00f3n de Conciertos Min-On, el se\u00f1or Ikeda ha fundado numerosas entidades culturales, establecimientos educativos e institutos de investigaciones para la paz. Entre ellos, el sistema escolar <a href=\"http:\/\/www.kansai.soka.ed.jp\/index.html\" target=\"_blank\">Soka (\u00abcreaci\u00f3n de valores\u00bb)<\/a> cuyas escuelas laicas abarcan desde <a href=\"http:\/\/www.soka.ac.jp\/en\/index.html\" target=\"_blank\">el jard\u00edn de infantes hasta la universidad,<\/a> creado en 1968; el <a href=\"http:\/\/www.iop.or.jp\/\" target=\"_blank\">Instituto de Filosof\u00eda Oriental<\/a> en 1962; el <a href=\"http:\/\/www.fujibi.or.jp\/\" target=\"_blank\">Museo de Bellas Artes Fuji de Tokio,<\/a> en 1983; el <a href=\"http:\/\/www.ikedacenter.org\/\" target=\"_blank\">Centro Ikeda para la Paz, el Conocimiento y el Di\u00e1logo<\/a> (anteriormente, Centro Bostoniano de Investigaciones para el Siglo xxi), en 1993; el <a href=\"http:\/\/www.toda.org\/\" target=\"_blank\">Instituto Toda de la Paz<\/a> (anteriormente, Instituto Toda de Investigaciones y Estrategias para la Paz Mundial) en 1996; y la <a href=\"http:\/\/www.soka.edu\/\" target=\"_blank\">Universidad Soka de los Estados Unidos<\/a>, que dicta carreras de grado, en 2001. Todas estas instituciones, aunque tienen en com\u00fan el compromiso con los valores de la paz y del humanismo, funcionan como instituciones independientes.<\/p>\n<p>[\/et_pb_text][\/et_pb_column][et_pb_column type=\u00bb1_2&#8243;][et_pb_image _builder_version=\u00bb3.15&#8243; src=\u00bbhttps:\/\/www.min-on.org\/es\/wp-content\/uploads\/sites\/4\/2011\/09\/dr-ikeda.jpg\u00bb \/][\/et_pb_column][\/et_pb_row][\/et_pb_section]<\/p>\n","protected":false},"excerpt":{"rendered":"<p>Sobre el Fundador \u00abProfundizar en el conocimiento de la m\u00fasica es examinar de cerca la fuente misma de la cultura humana; es iniciar un viaje que conduce a la quintaesencia de la humanidad. El amor a la m\u00fasica une a los pueblos y fortalece el pulso de la paz y de la creatividad\u00bb <div class=\"et_pb_row et_pb_row_0 et_pb_row_empty\">\n\t\t\t\t\n\t\t\t\t\n\t\t\t\t\n\t\t\t\t\n\t\t\t\t\n\t\t\t<\/div> Daisaku [&hellip;]<\/p>\n","protected":false},"author":1,"featured_media":0,"parent":0,"menu_order":0,"comment_status":"closed","ping_status":"closed","template":"","meta":{"_et_pb_use_builder":"on","_et_pb_old_content":"","_et_gb_content_width":"","footnotes":""},"categories":[],"tags":[],"distributor_meta":false,"distributor_terms":false,"distributor_media":false,"distributor_original_site_name":"Spanish - Min-On Website","distributor_original_site_url":"https:\/\/www.min-on.org\/es","_links":{"self":[{"href":"https:\/\/www.min-on.org\/es\/wp-json\/wp\/v2\/pages\/3626"}],"collection":[{"href":"https:\/\/www.min-on.org\/es\/wp-json\/wp\/v2\/pages"}],"about":[{"href":"https:\/\/www.min-on.org\/es\/wp-json\/wp\/v2\/types\/page"}],"author":[{"embeddable":true,"href":"https:\/\/www.min-on.org\/es\/wp-json\/wp\/v2\/users\/1"}],"replies":[{"embeddable":true,"href":"https:\/\/www.min-on.org\/es\/wp-json\/wp\/v2\/comments?post=3626"}],"version-history":[{"count":17,"href":"https:\/\/www.min-on.org\/es\/wp-json\/wp\/v2\/pages\/3626\/revisions"}],"predecessor-version":[{"id":8238,"href":"https:\/\/www.min-on.org\/es\/wp-json\/wp\/v2\/pages\/3626\/revisions\/8238"}],"wp:attachment":[{"href":"https:\/\/www.min-on.org\/es\/wp-json\/wp\/v2\/media?parent=3626"}],"wp:term":[{"taxonomy":"category","embeddable":true,"href":"https:\/\/www.min-on.org\/es\/wp-json\/wp\/v2\/categories?post=3626"},{"taxonomy":"post_tag","embeddable":true,"href":"https:\/\/www.min-on.org\/es\/wp-json\/wp\/v2\/tags?post=3626"}],"curies":[{"name":"wp","href":"https:\/\/api.w.org\/{rel}","templated":true}]}}