{"id":3610,"date":"2018-07-16T17:24:07","date_gmt":"2018-07-16T17:24:07","guid":{"rendered":"http:\/\/min-on.matthewbyrt.com\/?page_id=3610"},"modified":"2020-01-10T01:59:45","modified_gmt":"2020-01-10T01:59:45","slug":"who-we-are","status":"publish","type":"page","link":"https:\/\/www.min-on.org\/es\/who-we-are\/","title":{"rendered":"Qui\u00e9nes somos"},"content":{"rendered":"<p>[et_pb_section bb_built=\u00bb1&#8243; next_background_color=\u00bb#000000&#8243; _builder_version=\u00bb3.11&#8243; custom_padding=\u00bb||0px|\u00bb][et_pb_row _builder_version=\u00bb3.11&#8243; custom_padding=\u00bb0px|||\u00bb][et_pb_column type=\u00bb4_4&#8243;][et_pb_text _builder_version=\u00bb3.12&#8243;]<\/p>\n<h1>Qui\u00e9nes somos<\/h1>\n<p>[\/et_pb_text][\/et_pb_column][\/et_pb_row][et_pb_row _builder_version=\u00bb3.9&#8243;][et_pb_column type=\u00bb4_4&#8243;][et_pb_image _builder_version=\u00bb3.12&#8243; src=\u00bbhttps:\/\/www.min-on.org\/es\/wp-content\/uploads\/sites\/4\/2018\/07\/main-image-who-we-are.jpg\u00bb force_fullwidth=\u00bbon\u00bb show_bottom_space=\u00bboff\u00bb \/][\/et_pb_column][\/et_pb_row][et_pb_row _builder_version=\u00bb3.12&#8243;][et_pb_column type=\u00bb4_4&#8243;][et_pb_text _builder_version=\u00bb3.15&#8243;]<\/p>\n<h2 style=\"line-height: 36px;\">La m\u00fasica no tiene barreras. Trasciende las fronteras idiom\u00e1ticas, culturales, \u00e9tnicas y nacionales, y une todos los corazones en una sinfon\u00eda de paz. Por esta raz\u00f3n, Min-On ha promovido con \u00e9xito intercambios culturales con noventa pa\u00edses y territorios [hasta el 2003]. Para m\u00ed, este gran camino de intercambio cultural para unir a los pueblos es una nueva \u00abruta espiritual de la seda\u00bb. <span style=\"font-size: 16px; font-weight: 600;\">\u2014 Daisaku Ikeda: <em>Ikeda Daisaku zenshu (Obras completas), Tokio: Seikyo Shimbunsha, 2003, vol. 134, p\u00e1g. 459. Traducci\u00f3n indirecta del japon\u00e9s.<\/em><\/span><\/h2>\n<p>[\/et_pb_text][\/et_pb_column][\/et_pb_row][\/et_pb_section][et_pb_section bb_built=\u00bb1&#8243; _builder_version=\u00bb3.9&#8243; custom_padding=\u00bb||0px|\u00bb prev_background_color=\u00bb#000000&#8243;][et_pb_row][et_pb_column type=\u00bb4_4&#8243;][et_pb_text _builder_version=\u00bb3.15&#8243;]<\/p>\n<h1 style=\"line-height: 36px;\">Asociaci\u00f3n de Conciertos Min-On celebra la m\u00fasica de los pueblos<\/h1>\n<p>[\/et_pb_text][\/et_pb_column][\/et_pb_row][et_pb_row _builder_version=\u00bb3.9&#8243; make_equal=\u00bbon\u00bb][et_pb_column type=\u00bb1_2&#8243;][et_pb_text _builder_version=\u00bb3.15&#8243;]<\/p>\n<p>La m\u00fasica est\u00e1 presente en todos los \u00e1mbitos conocidos de la cultura humana; a lo largo de las \u00e9pocas y lugares, ha florecido en una diversidad de g\u00e9neros y de expresiones. Las artes interpretativas de calidad, aun moduladas por las caracter\u00edsticas \u00e9tnicas y nacionales de cada pueblo, en su esencia representa un tesoro que abarca el esp\u00edritu de toda la humanidad. Ya que es la comunidad humana la que nutre y define la cultura musical en cada sociedad, para Min-On la m\u00fasica no solo pertenece a las elites privilegiadas, sino que es un acervo colectivo de todos, m\u00e1s all\u00e1 de las identidades \u00e9tnicas o nacionales.<\/p>\n<p>Min-On significa, literalmente, \u00abm\u00fasica del pueblo\u00bb. El prop\u00f3sito de la instituci\u00f3n es acercar la m\u00fasica a la gente y poner a su alcance las mejores expresiones interpretativas, adem\u00e1s de promover los intercambios culturales y la paz difundiendo la riqueza musical de todos los pa\u00edses del mundo.<\/p>\n<p>Asociaci\u00f3n de Conciertos Min-On fue fundada en 1963 por iniciativa de Daisaku Ikeda, presidente de la Soka Gakkai Internacional. En tanto organizaci\u00f3n independiente, no confesional y sin \u00e1nimo de lucro, Min-On promueve el intercambio global de la cultura musical con el fin de fomentar el entendimiento rec\u00edproco y el respeto entre personas de distintas nacionalidades y or\u00edgenes \u00e9tnicos. Min-On fue jur\u00eddicamente acreditada como fundaci\u00f3n en 1965; hoy, probablemente es la mayor instituci\u00f3n privada del mundo sin fines de lucro, dedicada a la promoci\u00f3n del arte esc\u00e9nico.<\/p>\n<p>Desde su creaci\u00f3n, ha llevado a escena a miles de m\u00fasicos e int\u00e9rpretes de m\u00e1s de cien pa\u00edses, en trescientas ciudades del Jap\u00f3n; y ha invitado a actuar en el extranjero a centenares de artistas japoneses; as\u00ed, ha promovido un intercambio cultural allende las fronteras, uniendo a los pueblos en la emoci\u00f3n y el aprecio por la m\u00fasica, creando un c\u00edrculo de amistad cada vez m\u00e1s amplio entre personas del mundo.<\/p>\n<p>Hoy, Min-On auspicia unas seiscientas funciones por a\u00f1o, que convocan a m\u00e1s de un mill\u00f3n de mel\u00f3manos a espect\u00e1culos musicales de primer nivel y de la mayor diversidad imaginable, desde lo cl\u00e1sico hasta lo popular y desde los g\u00e9neros tradicionales hasta los de vanguardia. Min-On tambi\u00e9n patrocina numerosos programas musicales, que incluyen conciertos de entrada libre y gratuita en escuelas, y el Certamen Internacional de M\u00fasica de Tokio, que fomenta el desarrollo emocional de los j\u00f3venes y el descubrimiento de nuevos talentos. El Centro Cultural Min-On (sede de la instituci\u00f3n) se encuentra en el distrito metropolitano de Shinjuku, en Tokio, donde tambi\u00e9n funcionan el Museo Musical y la Biblioteca Musical Min-On.<\/p>\n<p>[\/et_pb_text][\/et_pb_column][et_pb_column type=\u00bb1_2&#8243;][et_pb_image _builder_version=\u00bb3.12&#8243; src=\u00bbhttps:\/\/www.min-on.org\/es\/wp-content\/uploads\/sites\/4\/2018\/08\/Appearance-of-Min-On-Culture-Center-1.jpg\u00bb force_fullwidth=\u00bbon\u00bb custom_padding=\u00bb3%|||\u00bb show_bottom_space=\u00bboff\u00bb \/][et_pb_text _builder_version=\u00bb3.12&#8243; custom_padding=\u00bb0px|||\u00bb]<\/p>\n<p>Edificio de Min-On<\/p>\n<p>[\/et_pb_text][et_pb_image _builder_version=\u00bb3.15&#8243; src=\u00bbhttps:\/\/www.min-on.org\/es\/wp-content\/uploads\/sites\/4\/2018\/08\/Entrance-of-Min-On-Culture-Center.jpg\u00bb force_fullwidth=\u00bbon\u00bb custom_padding=\u00bb3%|||\u00bb show_bottom_space=\u00bboff\u00bb show_in_lightbox=\u00bbon\u00bb \/][et_pb_text _builder_version=\u00bb3.12&#8243; custom_padding=\u00bb0px|||\u00bb]<\/p>\n<p>El Centro Cultural Min-On, en Tokio<\/p>\n<p>[\/et_pb_text][\/et_pb_column][\/et_pb_row][\/et_pb_section]<\/p>\n","protected":false},"excerpt":{"rendered":"<p>Qui\u00e9nes somos La m\u00fasica no tiene barreras. Trasciende las fronteras idiom\u00e1ticas, culturales, \u00e9tnicas y nacionales, y une todos los corazones en una sinfon\u00eda de paz. Por esta raz\u00f3n, Min-On ha promovido con \u00e9xito intercambios culturales con noventa pa\u00edses y territorios [hasta el 2003]. Para m\u00ed, este gran camino de intercambio cultural para unir a los [&hellip;]<\/p>\n","protected":false},"author":1,"featured_media":0,"parent":0,"menu_order":0,"comment_status":"closed","ping_status":"closed","template":"","meta":{"_et_pb_use_builder":"on","_et_pb_old_content":"","_et_gb_content_width":"","footnotes":""},"categories":[],"tags":[],"distributor_meta":false,"distributor_terms":false,"distributor_media":false,"distributor_original_site_name":"Spanish - Min-On Website","distributor_original_site_url":"https:\/\/www.min-on.org\/es","_links":{"self":[{"href":"https:\/\/www.min-on.org\/es\/wp-json\/wp\/v2\/pages\/3610"}],"collection":[{"href":"https:\/\/www.min-on.org\/es\/wp-json\/wp\/v2\/pages"}],"about":[{"href":"https:\/\/www.min-on.org\/es\/wp-json\/wp\/v2\/types\/page"}],"author":[{"embeddable":true,"href":"https:\/\/www.min-on.org\/es\/wp-json\/wp\/v2\/users\/1"}],"replies":[{"embeddable":true,"href":"https:\/\/www.min-on.org\/es\/wp-json\/wp\/v2\/comments?post=3610"}],"version-history":[{"count":24,"href":"https:\/\/www.min-on.org\/es\/wp-json\/wp\/v2\/pages\/3610\/revisions"}],"predecessor-version":[{"id":8237,"href":"https:\/\/www.min-on.org\/es\/wp-json\/wp\/v2\/pages\/3610\/revisions\/8237"}],"wp:attachment":[{"href":"https:\/\/www.min-on.org\/es\/wp-json\/wp\/v2\/media?parent=3610"}],"wp:term":[{"taxonomy":"category","embeddable":true,"href":"https:\/\/www.min-on.org\/es\/wp-json\/wp\/v2\/categories?post=3610"},{"taxonomy":"post_tag","embeddable":true,"href":"https:\/\/www.min-on.org\/es\/wp-json\/wp\/v2\/tags?post=3610"}],"curies":[{"name":"wp","href":"https:\/\/api.w.org\/{rel}","templated":true}]}}