{"id":3569,"date":"2018-07-16T15:53:23","date_gmt":"2018-07-16T15:53:23","guid":{"rendered":"http:\/\/min-on.matthewbyrt.com\/?page_id=3569"},"modified":"2023-03-08T02:22:50","modified_gmt":"2023-03-08T02:22:50","slug":"library","status":"publish","type":"page","link":"https:\/\/www.min-on.org\/es\/library\/","title":{"rendered":"Biblioteca Musical Min-On"},"content":{"rendered":"<p>[et_pb_section bb_built=\u00bb1&#8243; next_background_color=\u00bb#000000&#8243; _builder_version=\u00bb3.11&#8243; custom_padding=\u00bb||3% !important|\u00bb][et_pb_row _builder_version=\u00bb3.11&#8243; custom_padding=\u00bb0px|||\u00bb][et_pb_column type=\u00bb4_4&#8243;][et_pb_text _builder_version=\u00bb3.12&#8243;]<\/p>\n<h1 style=\"line-height: 36px;\">Biblioteca Musical Min-On<\/h1>\n<p>[\/et_pb_text][\/et_pb_column][\/et_pb_row][et_pb_row _builder_version=\u00bb3.9&#8243;][et_pb_column type=\u00bb4_4&#8243;][et_pb_image _builder_version=\u00bb3.15&#8243; src=\u00bbhttps:\/\/www.min-on.org\/es\/wp-content\/uploads\/sites\/4\/2023\/03\/\u30e9\u30a4\u30d6\u30e9\u30ea\u30fc3.jpg\u00bb force_fullwidth=\u00bbon\u00bb show_bottom_space=\u00bboff\u00bb \/][\/et_pb_column][\/et_pb_row][\/et_pb_section][et_pb_section bb_built=\u00bb1&#8243; specialty=\u00bboff\u00bb prev_background_color=\u00bb#000000&#8243; next_background_color=\u00bb#000000&#8243; _builder_version=\u00bb3.9&#8243; custom_padding=\u00bb0px||0px|\u00bb][et_pb_row _builder_version=\u00bb3.9&#8243;][et_pb_column type=\u00bb4_4&#8243;][et_pb_text _builder_version=\u00bb3.12&#8243;]<\/p>\n<p>La Biblioteca Musical Min-On, fundada en 1974 y visitada por numerosas personas que utilizan sus materiales y servicios, ha contribuido notablemente al desarrollo de la musicolog\u00eda en el Jap\u00f3n. El crecimiento de la Biblioteca, con la incorporaci\u00f3n constante de nuevos recursos y una colecci\u00f3n de instrumentos musicales cada vez m\u00e1s nutrida, dio lugar a la creaci\u00f3n de una nueva instituci\u00f3n especializada, el Museo Musical Min-On, que obtuvo acreditaci\u00f3n formal del gobierno metropolitano del Jap\u00f3n en 2003. Desde entonces, la actual Biblioteca Musical ha funcionado como un anexo del Museo Musical, situada en el primer subsuelo del Centro Cultural Min-On, en Shinanomachi. Tokio, y abierta al p\u00fablico general.<\/p>\n<p>Su acervo est\u00e1 formado por m\u00e1s de 120 000 grabaciones en diversos formatos \u2014entre ellos, vinilos, LP, CD y DVD y discos l\u00e1ser\u2014 y m\u00e1s de 45 000 partituras, adem\u00e1s de unos 33 000 vol\u00famenes en japon\u00e9s y en otros idiomas, que incluyen libros, revistas especializadas, diarios y publicaciones relacionadas con la m\u00fasica. En la colecci\u00f3n se destacan rarezas de valor hist\u00f3rico, como incunables del per\u00edodo Meiji (1868-1912) que documentan la primera introducci\u00f3n de la m\u00fasica europea en el Jap\u00f3n, y antiguas grabaciones descatalogadas, fuera de circulaci\u00f3n. Todos estos recursos pueden ser consultados por los visitantes. Aunque el acceso a los boletines y el material grabado solo est\u00e1 autorizado en las instalaciones de la Biblioteca, a los miembros registrados se les permite llevar en pr\u00e9stamo partituras y libros.<\/p>\n<p>[\/et_pb_text][\/et_pb_column][\/et_pb_row][\/et_pb_section][et_pb_section bb_built=\u00bb1&#8243; specialty=\u00bboff\u00bb prev_background_color=\u00bb#000000&#8243; _builder_version=\u00bb3.11&#8243; custom_padding=\u00bb0px||3% !important|\u00bb][et_pb_row _builder_version=\u00bb3.9&#8243; use_custom_gutter=\u00bbon\u00bb gutter_width=\u00bb2&#8243; custom_padding=\u00bb||0px|\u00bb][et_pb_column type=\u00bb1_2&#8243;][et_pb_image _builder_version=\u00bb3.15&#8243; src=\u00bbhttps:\/\/www.min-on.org\/es\/wp-content\/uploads\/sites\/4\/2023\/03\/\u30e9\u30a4\u30d6\u30e9\u30ea\u30fc2.jpg\u00bb force_fullwidth=\u00bbon\u00bb show_bottom_space=\u00bboff\u00bb show_in_lightbox=\u00bbon\u00bb \/][et_pb_text _builder_version=\u00bb3.15&#8243;]<\/p>\n<p>La Biblioteca<\/p>\n<p>[\/et_pb_text][\/et_pb_column][et_pb_column type=\u00bb1_2&#8243;][et_pb_image _builder_version=\u00bb3.15&#8243; src=\u00bbhttps:\/\/www.min-on.org\/es\/wp-content\/uploads\/sites\/4\/2023\/03\/\u30e9\u30a4\u30d6\u30e9\u30ea\u30fc1.jpg\u00bb force_fullwidth=\u00bbon\u00bb show_bottom_space=\u00bboff\u00bb show_in_lightbox=\u00bbon\u00bb \/][et_pb_text _builder_version=\u00bb3.15&#8243; \/][\/et_pb_column][\/et_pb_row][\/et_pb_section]<\/p>\n","protected":false},"excerpt":{"rendered":"<p>Biblioteca Musical Min-On La Biblioteca Musical Min-On, fundada en 1974 y visitada por numerosas personas que utilizan sus materiales y servicios, ha contribuido notablemente al desarrollo de la musicolog\u00eda en el Jap\u00f3n. El crecimiento de la Biblioteca, con la incorporaci\u00f3n constante de nuevos recursos y una colecci\u00f3n de instrumentos musicales cada vez m\u00e1s nutrida, dio [&hellip;]<\/p>\n","protected":false},"author":1,"featured_media":0,"parent":0,"menu_order":0,"comment_status":"closed","ping_status":"closed","template":"","meta":{"_et_pb_use_builder":"on","_et_pb_old_content":"","_et_gb_content_width":"","footnotes":""},"categories":[],"tags":[],"distributor_meta":false,"distributor_terms":false,"distributor_media":false,"distributor_original_site_name":"Spanish - Min-On Website","distributor_original_site_url":"https:\/\/www.min-on.org\/es","_links":{"self":[{"href":"https:\/\/www.min-on.org\/es\/wp-json\/wp\/v2\/pages\/3569"}],"collection":[{"href":"https:\/\/www.min-on.org\/es\/wp-json\/wp\/v2\/pages"}],"about":[{"href":"https:\/\/www.min-on.org\/es\/wp-json\/wp\/v2\/types\/page"}],"author":[{"embeddable":true,"href":"https:\/\/www.min-on.org\/es\/wp-json\/wp\/v2\/users\/1"}],"replies":[{"embeddable":true,"href":"https:\/\/www.min-on.org\/es\/wp-json\/wp\/v2\/comments?post=3569"}],"version-history":[{"count":18,"href":"https:\/\/www.min-on.org\/es\/wp-json\/wp\/v2\/pages\/3569\/revisions"}],"predecessor-version":[{"id":13674,"href":"https:\/\/www.min-on.org\/es\/wp-json\/wp\/v2\/pages\/3569\/revisions\/13674"}],"wp:attachment":[{"href":"https:\/\/www.min-on.org\/es\/wp-json\/wp\/v2\/media?parent=3569"}],"wp:term":[{"taxonomy":"category","embeddable":true,"href":"https:\/\/www.min-on.org\/es\/wp-json\/wp\/v2\/categories?post=3569"},{"taxonomy":"post_tag","embeddable":true,"href":"https:\/\/www.min-on.org\/es\/wp-json\/wp\/v2\/tags?post=3569"}],"curies":[{"name":"wp","href":"https:\/\/api.w.org\/{rel}","templated":true}]}}