{"id":3529,"date":"2018-07-16T13:31:25","date_gmt":"2018-07-16T13:31:25","guid":{"rendered":"http:\/\/min-on.matthewbyrt.com\/?page_id=3529"},"modified":"2024-03-26T02:42:38","modified_gmt":"2024-03-26T02:42:38","slug":"music-museum","status":"publish","type":"page","link":"https:\/\/www.min-on.org\/es\/music-museum\/","title":{"rendered":"Museo Musical Min-On"},"content":{"rendered":"<p>[et_pb_section bb_built=\u00bb1&#8243; next_background_color=\u00bb#000000&#8243; _builder_version=\u00bb3.11&#8243; custom_padding=\u00bb||3% !important|\u00bb inner_width=\u00bbauto\u00bb inner_max_width=\u00bb1080px\u00bb][et_pb_row _builder_version=\u00bb3.11&#8243; custom_padding=\u00bb0px|||\u00bb width=\u00bb80%\u00bb max_width=\u00bb1080px\u00bb][et_pb_column type=\u00bb4_4&#8243; custom_padding__hover=\u00bb|||\u00bb custom_padding=\u00bb|||\u00bb][et_pb_text _builder_version=\u00bb3.12&#8243; text_orientation=\u00bbleft\u00bb]<\/p>\n<h1 style=\"line-height: 36px;\">Museo Musical Min-On<\/h1>\n<p>[\/et_pb_text][\/et_pb_column][\/et_pb_row][et_pb_row _builder_version=\u00bb3.9&#8243; width=\u00bb80%\u00bb max_width=\u00bb1080px\u00bb][et_pb_column type=\u00bb4_4&#8243; custom_padding__hover=\u00bb|||\u00bb custom_padding=\u00bb|||\u00bb][et_pb_image _builder_version=\u00bb3.15&#8243; src=\u00bbhttps:\/\/www.min-on.org\/es\/wp-content\/uploads\/sites\/4\/2023\/03\/Photo1.jpg\u00bb force_fullwidth=\u00bbon\u00bb show_bottom_space=\u00bboff\u00bb align_last_edited=\u00bbon|desktop\u00bb align_tablet=\u00bbcenter\u00bb \/][\/et_pb_column][\/et_pb_row][\/et_pb_section][et_pb_section bb_built=\u00bb1&#8243; specialty=\u00bboff\u00bb prev_background_color=\u00bb#000000&#8243; next_background_color=\u00bb#000000&#8243; _builder_version=\u00bb3.9&#8243; custom_padding=\u00bb0px||0px|\u00bb inner_width=\u00bbauto\u00bb inner_max_width=\u00bb1080px\u00bb][et_pb_row _builder_version=\u00bb3.9&#8243; width=\u00bb80%\u00bb max_width=\u00bb1080px\u00bb][et_pb_column type=\u00bb4_4&#8243; custom_padding__hover=\u00bb|||\u00bb custom_padding=\u00bb|||\u00bb][et_pb_text _builder_version=\u00bb3.15&#8243; text_orientation=\u00bbleft\u00bb]<\/p>\n<p>\nEl Museo Musical Min-On es uno de los pocos museos de m\u00fasica del mundo. Originalmente fundado en 1974 como Biblioteca Musical Min-On, posee una gran colecci\u00f3n de grabaciones y materiales de referencia musical en una enorme diversidad de g\u00e9neros, que est\u00e1n a disposici\u00f3n del p\u00fablico en forma gratuita. El Museo edita diversas publicaciones y re\u00fane instrumentos musicales de todos los pueblos y lugares del mundo. En su sede funciona una exhibici\u00f3n permanente de pianos cl\u00e1sicos, instrumentos autom\u00e1ticos e instrumentos \u00e9tnicos; adem\u00e1s, los curadores de la instituci\u00f3n organizan exposiciones especiales en torno a temas musicales definidos. Asimismo, el Museo ha celebrado diversos ciclos de conferencias culturales y una amplia variedad de actividades relacionadas con la m\u00fasica.<\/p>\n<p>A partir de su labor constante por promover la cultura musical del mundo en el Jap\u00f3n, la Biblioteca Musical Min-On fue acreditada como museo por el Consejo de Educaci\u00f3n del Gobierno Metropolitano de Tokio; esto dio lugar a la creaci\u00f3n formal del Museo Musical Min-On el 25 de diciembre de 2003. El actual Museo Musical est\u00e1 situado en el segundo piso del Centro Cultural Min-On, en Shinanomachi, Tokio. Sus cuatro salas de exhibici\u00f3n est\u00e1n dedicadas a colecciones de pianos y clavicordios antiguos; instrumentos autom\u00e1ticos y cajas musicales; instrumentos \u00e9tnicos y folkl\u00f3ricos, y exposiciones especiales.<br \/>\nEn abril de 2012, el Museo inaugur\u00f3 la Sede Oeste en Kobe, prefectura de Hyogo.<\/p>\n<p>[\/et_pb_text][\/et_pb_column][\/et_pb_row][\/et_pb_section][et_pb_section bb_built=\u00bb1&#8243; specialty=\u00bboff\u00bb prev_background_color=\u00bb#000000&#8243; next_background_color=\u00bb#000000&#8243; _builder_version=\u00bb3.9&#8243; custom_padding=\u00bb0px||0px|\u00bb inner_width=\u00bbauto\u00bb inner_max_width=\u00bb1080px\u00bb][et_pb_row _builder_version=\u00bb3.9&#8243; use_custom_gutter=\u00bbon\u00bb gutter_width=\u00bb2&#8243; custom_padding=\u00bb||0px|\u00bb width=\u00bb80%\u00bb max_width=\u00bb1080px\u00bb][et_pb_column type=\u00bb1_2&#8243; custom_padding__hover=\u00bb|||\u00bb custom_padding=\u00bb|||\u00bb][et_pb_image _builder_version=\u00bb3.15&#8243; src=\u00bbhttps:\/\/www.min-on.org\/es\/wp-content\/uploads\/sites\/4\/2023\/03\/3\u3000\u203b\u30c8\u30ea\u30df\u30f3\u30b0-1.jpg\u00bb force_fullwidth=\u00bbon\u00bb show_bottom_space=\u00bboff\u00bb show_in_lightbox=\u00bbon\u00bb align_last_edited=\u00bbon|desktop\u00bb align_tablet=\u00bbcenter\u00bb \/][et_pb_text _builder_version=\u00bb3.15&#8243; text_orientation=\u00bbleft\u00bb]<\/p>\n<p>\nExhibici\u00f3n de instrumentos autom\u00e1ticos y cajas musicales<\/p>\n<p>[\/et_pb_text][\/et_pb_column][et_pb_column type=\u00bb1_2&#8243; custom_padding__hover=\u00bb|||\u00bb custom_padding=\u00bb|||\u00bb][et_pb_image _builder_version=\u00bb3.15&#8243; src=\u00bbhttps:\/\/www.min-on.org\/es\/wp-content\/uploads\/sites\/4\/2023\/03\/\u697d\u5668\u5c55\u793a\u5ba4.png\u00bb force_fullwidth=\u00bbon\u00bb show_bottom_space=\u00bboff\u00bb show_in_lightbox=\u00bbon\u00bb align_last_edited=\u00bbon|desktop\u00bb align_tablet=\u00bbcenter\u00bb \/][et_pb_text _builder_version=\u00bb3.15&#8243; text_orientation=\u00bbleft\u00bb]<\/p>\n<p>\nSala de instrumentos folkl\u00f3ricos<\/p>\n<p>[\/et_pb_text][\/et_pb_column][\/et_pb_row][\/et_pb_section][et_pb_section bb_built=\u00bb1&#8243; specialty=\u00bboff\u00bb prev_background_color=\u00bb#000000&#8243; next_background_color=\u00bb#000000&#8243; _builder_version=\u00bb3.9&#8243; custom_padding=\u00bb0px||0px|\u00bb inner_width=\u00bbauto\u00bb inner_max_width=\u00bb1080px\u00bb][et_pb_row][et_pb_column type=\u00bb4_4&#8243; custom_padding__hover=\u00bb|||\u00bb custom_padding=\u00bb|||\u00bb][et_pb_text _builder_version=\u00bb3.15&#8243; text_orientation=\u00bbleft\u00bb]<\/p>\n<p>\nLa Sala de Exhibici\u00f3n de Pianos Cl\u00e1sicos posee una rara colecci\u00f3n de fortepianos antiguos, como el \u00abStrohm\u00bb fabricado en 1793 y otros instrumentos representativos de ese per\u00edodo. Con la incorporaci\u00f3n del clavicordio \u00abPisa\u00bb \u2014fabricado en 1580\u2014 a su colecci\u00f3n de pianos cl\u00e1sicos, el visitante puede apreciar en un mismo recinto todo el desarrollo diacr\u00f3nico de los instrumentos de teclas entre los siglos xvi y xx. En instrumentos similares a los que se muestran en el Museo, han compuesto e interpretado su m\u00fasica compositores de la talla de Bach, Mozart, Beethoven, Schubert, Schumann, Brahms y Chopin.<\/p>\n<p>Una caracter\u00edstica del Museo Musical Min-On es que los instrumentos antiguos no solo est\u00e1n a la vista, sino que, en determinados horarios, los visitantes pueden deleitarse escuchando el sonido original, tal como lo hac\u00eda el p\u00fablico cientos de a\u00f1os atr\u00e1s. Tambi\u00e9n se ofrece a los visitantes la oportunidad de escuchar pianos de reproducci\u00f3n autom\u00e1tica, diversas cajas musicales del siglo xix, un orquestri\u00f3n y muchos otros instrumentos ex\u00f3ticos que se muestran en las distintas salas.<\/p>\n<p>[\/et_pb_text][\/et_pb_column][\/et_pb_row][\/et_pb_section][et_pb_section bb_built=\u00bb1&#8243; specialty=\u00bboff\u00bb prev_background_color=\u00bb#000000&#8243; next_background_color=\u00bb#000000&#8243; _builder_version=\u00bb3.9&#8243; custom_padding=\u00bb0px||0px|\u00bb inner_width=\u00bbauto\u00bb inner_max_width=\u00bb1080px\u00bb][et_pb_row][et_pb_column type=\u00bb4_4&#8243; custom_padding__hover=\u00bb|||\u00bb custom_padding=\u00bb|||\u00bb][et_pb_text _builder_version=\u00bb3.15&#8243; text_orientation=\u00bbleft\u00bb]<\/p>\n<h1 style=\"line-height: 36px;\">Piezas exhibidas en la colecci\u00f3n del Museo Musical Min-On<\/h1>\n<p>[\/et_pb_text][\/et_pb_column][\/et_pb_row][\/et_pb_section][et_pb_section bb_built=\u00bb1&#8243; specialty=\u00bboff\u00bb prev_background_color=\u00bb#000000&#8243; next_background_color=\u00bb#000000&#8243; _builder_version=\u00bb3.9&#8243; custom_padding=\u00bb0px||0px|\u00bb inner_width=\u00bbauto\u00bb inner_max_width=\u00bb1080px\u00bb][et_pb_row][et_pb_column type=\u00bb1_2&#8243; custom_padding__hover=\u00bb|||\u00bb custom_padding=\u00bb|||\u00bb][et_pb_text _builder_version=\u00bb3.12&#8243; text_orientation=\u00bbleft\u00bb]<\/p>\n<p>\n<span style=\"font-weight: bold;\">14<\/span>\u00a0\u00a0\u00a0pianos cl\u00e1sicos y clavicordios<\/p>\n<hr style=\"border-top: solid 1px #dbc94d;\" \/>\n<p><span style=\"font-weight: bold;\">5<\/span>\u00a0\u00a0\u00a0pianos de reproducci\u00f3n autom\u00e1tica<\/p>\n<hr style=\"border-top: solid 1px #dbc94d;\" \/>\n<p><span style=\"font-weight: bold;\">1,133<\/span>\u00a0\u00a0\u00a0rollos de pianola<\/p>\n<hr style=\"border-top: solid 1px #dbc94d;\" \/>\n<p><span style=\"font-weight: bold;\">7<\/span>\u00a0\u00a0\u00a0instrumentos musicales europeos antiguos<\/p>\n<hr style=\"border-top: solid 1px #dbc94d;\" \/>\n<p><span style=\"font-weight: bold;\">1<\/span>\u00a0\u00a0\u00a0orquestri\u00f3n<\/p>\n<hr style=\"border-top: solid 1px #dbc94d;\" \/>\n<p><span style=\"font-weight: bold;\">114<\/span>\u00a0\u00a0\u00a0rollos de papel para orquestri\u00f3n<\/p>\n<p>[\/et_pb_text][\/et_pb_column][et_pb_column type=\u00bb1_2&#8243; custom_padding__hover=\u00bb|||\u00bb custom_padding=\u00bb|||\u00bb][et_pb_text _builder_version=\u00bb3.15&#8243; text_orientation=\u00bbleft\u00bb]<\/p>\n<p>\n<span style=\"font-weight: bold;\">24<\/span>\u00a0\u00a0\u00a0instrumentos autom\u00e1ticos y cajas musicales<\/p>\n<hr style=\"border-top: solid 1px #dbc94d;\" \/>\n<p><span style=\"font-weight: bold;\">200<\/span>\u00a0\u00a0\u00a0discos de metal para cajas musicales<\/p>\n<hr style=\"border-top: solid 1px #dbc94d;\" \/>\n<p><span style=\"font-weight: bold;\">15<\/span>\u00a0\u00a0\u00a0libros para operar instrumentos autom\u00e1ticos<\/p>\n<hr style=\"border-top: solid 1px #dbc94d;\" \/>\n<p><span style=\"font-weight: bold;\">22<\/span>\u00a0\u00a0\u00a0gram\u00f3fonos<\/p>\n<hr style=\"border-top: solid 1px #dbc94d;\" \/>\n<p><span style=\"font-weight: bold;\">838<\/span>\u00a0\u00a0\u00a0instrumentos musicales folkl\u00f3ricos de todo el mundo<\/p>\n<hr style=\"border-top: solid 1px #dbc94d;\" \/>\n<p><span style=\"font-weight: bold;\">M\u00e1s de 100<\/span>\u00a0\u00a0\u00a0partituras y cartas autografiadas de compositores del siglo xix.<\/p>\n<p>[\/et_pb_text][\/et_pb_column][\/et_pb_row][\/et_pb_section][et_pb_section bb_built=\u00bb1&#8243; specialty=\u00bboff\u00bb prev_background_color=\u00bb#000000&#8243; next_background_color=\u00bb#000000&#8243; _builder_version=\u00bb3.9&#8243; custom_padding=\u00bb0px||0px|\u00bb inner_width=\u00bbauto\u00bb inner_max_width=\u00bb1080px\u00bb][et_pb_row][et_pb_column type=\u00bb4_4&#8243; custom_padding__hover=\u00bb|||\u00bb custom_padding=\u00bb|||\u00bb][et_pb_text _builder_version=\u00bb3.12&#8243; text_orientation=\u00bbleft\u00bb]<\/p>\n<h1 style=\"line-height: 36px;\">\u00a1Venga a visitarnos!<\/h1>\n<p>[\/et_pb_text][\/et_pb_column][\/et_pb_row][\/et_pb_section][et_pb_section bb_built=\u00bb1&#8243; specialty=\u00bboff\u00bb prev_background_color=\u00bb#000000&#8243; next_background_color=\u00bb#000000&#8243; _builder_version=\u00bb3.9&#8243; custom_padding=\u00bb0px||0px|\u00bb inner_width=\u00bbauto\u00bb inner_max_width=\u00bb1080px\u00bb][et_pb_row][et_pb_column type=\u00bb4_4&#8243; custom_padding__hover=\u00bb|||\u00bb custom_padding=\u00bb|||\u00bb][et_pb_text _builder_version=\u00bb3.12&#8243; text_orientation=\u00bbleft\u00bb]<\/p>\n<h2>Centro Cultural Min-On<\/h2>\n<p>[\/et_pb_text][\/et_pb_column][\/et_pb_row][et_pb_row][et_pb_column type=\u00bb1_3&#8243; custom_padding__hover=\u00bb|||\u00bb custom_padding=\u00bb|||\u00bb][et_pb_text _builder_version=\u00bb3.12&#8243; text_orientation=\u00bbleft\u00bb]<\/p>\n<h4><strong>Direcci\u00f3n<\/strong><\/h4>\n<p>[\/et_pb_text][et_pb_text _builder_version=\u00bb3.15&#8243; text_orientation=\u00bbleft\u00bb]<\/p>\n<p>\nCentro Cultural Min-On<br \/>\n8 \u00a0Shinano-machi, Shinjuku-ku, Tokio<br \/>\nC\u00f3digo postal: 160-8588, Jap\u00f3n<\/p>\n<p>Tel: +81-3-5362-3440<br \/>\nFax: +81-3-5362-3411<\/p>\n<p>[\/et_pb_text][\/et_pb_column][et_pb_column type=\u00bb1_3&#8243; custom_padding__hover=\u00bb|||\u00bb custom_padding=\u00bb|||\u00bb][et_pb_text _builder_version=\u00bb3.15&#8243; text_orientation=\u00bbleft\u00bb]<\/p>\n<h4><strong>Exposici\u00f3n y tienda<\/strong><\/h4>\n<p>[\/et_pb_text][et_pb_text _builder_version=\u00bb3.15&#8243; text_orientation=\u00bbleft\u00bb]<\/p>\n<h4><strong>Horario al p\u00fablico:<\/strong><\/h4>\n<p>11.00 &#8211; 16.00 (martes a s\u00e1bados)<br \/>\n10.00 &#8211; 17.00 (domingos y feriados)<\/p>\n<p>&nbsp;<\/p>\n<h4><strong>Cerrada<\/strong><\/h4>\n<p>Los lunes<br \/>\n(en feriados lunes, cierra el martes)<\/p>\n<p>[\/et_pb_text][\/et_pb_column][et_pb_column type=\u00bb1_3&#8243; custom_padding__hover=\u00bb|||\u00bb custom_padding=\u00bb|||\u00bb][et_pb_text _builder_version=\u00bb3.12&#8243; text_orientation=\u00bbleft\u00bb]<\/p>\n<h4><strong>Biblioteca Musical<\/strong><\/h4>\n<p>[\/et_pb_text][et_pb_text _builder_version=\u00bb3.15&#8243; text_orientation=\u00bbleft\u00bb]<\/p>\n<h4><strong>Horario de atenci\u00f3n al p\u00fablico:<\/strong><\/h4>\n<p>12.00 &#8211; 18.00 (martes, jueves y s\u00e1bados)<\/p>\n<p>&nbsp;<\/p>\n<h4><strong>Cerrada<\/strong><\/h4>\n<p>Los d\u00edas feriados y en el receso de A\u00f1o Nuevo<\/p>\n<p>[\/et_pb_text][\/et_pb_column][\/et_pb_row][et_pb_row][et_pb_column type=\u00bb4_4&#8243; custom_padding__hover=\u00bb|||\u00bb custom_padding=\u00bb|||\u00bb][et_pb_text _builder_version=\u00bb3.12&#8243; text_orientation=\u00bbleft\u00bb]<\/p>\n<h2>Sede Oeste<\/h2>\n<p>[\/et_pb_text][\/et_pb_column][\/et_pb_row][et_pb_row][et_pb_column type=\u00bb1_3&#8243; custom_padding__hover=\u00bb|||\u00bb custom_padding=\u00bb|||\u00bb][et_pb_text _builder_version=\u00bb3.15&#8243; text_orientation=\u00bbleft\u00bb]<\/p>\n<h4><strong>Direcci\u00f3n<\/strong><\/h4>\n<p>[\/et_pb_text][et_pb_text _builder_version=\u00bb3.15&#8243; text_orientation=\u00bbleft\u00bb]<\/p>\n<p>\nCentro Cultural Internacional de Kansai. Tercer piso. 6-3-16 Hamabe-dori, Chuo-ku, Kobe, Prefectura de Hyogo. C\u00f3digo postal: 651-0083<br \/>\nTel: +81-78-265-6595<\/p>\n<p>[\/et_pb_text][\/et_pb_column][et_pb_column type=\u00bb1_3&#8243; custom_padding__hover=\u00bb|||\u00bb custom_padding=\u00bb|||\u00bb][et_pb_text _builder_version=\u00bb3.12&#8243; text_orientation=\u00bbleft\u00bb]<\/p>\n<h4><strong>Sala de exposiciones<\/strong><\/h4>\n<p>[\/et_pb_text][et_pb_text _builder_version=\u00bb4.23.1&#8243; background_pattern_color=\u00bbrgba(0,0,0,0.2)\u00bb background_mask_color=\u00bb#ffffff\u00bb text_text_shadow_horizontal_length=\u00bbtext_text_shadow_style,%91object Object%93&#8243; text_text_shadow_horizontal_length_tablet=\u00bb0px\u00bb text_text_shadow_vertical_length=\u00bbtext_text_shadow_style,%91object Object%93&#8243; text_text_shadow_vertical_length_tablet=\u00bb0px\u00bb text_text_shadow_blur_strength=\u00bbtext_text_shadow_style,%91object Object%93&#8243; text_text_shadow_blur_strength_tablet=\u00bb1px\u00bb link_text_shadow_horizontal_length=\u00bblink_text_shadow_style,%91object Object%93&#8243; link_text_shadow_horizontal_length_tablet=\u00bb0px\u00bb link_text_shadow_vertical_length=\u00bblink_text_shadow_style,%91object Object%93&#8243; link_text_shadow_vertical_length_tablet=\u00bb0px\u00bb link_text_shadow_blur_strength=\u00bblink_text_shadow_style,%91object Object%93&#8243; link_text_shadow_blur_strength_tablet=\u00bb1px\u00bb ul_text_shadow_horizontal_length=\u00bbul_text_shadow_style,%91object Object%93&#8243; ul_text_shadow_horizontal_length_tablet=\u00bb0px\u00bb ul_text_shadow_vertical_length=\u00bbul_text_shadow_style,%91object Object%93&#8243; ul_text_shadow_vertical_length_tablet=\u00bb0px\u00bb ul_text_shadow_blur_strength=\u00bbul_text_shadow_style,%91object Object%93&#8243; ul_text_shadow_blur_strength_tablet=\u00bb1px\u00bb ol_text_shadow_horizontal_length=\u00bbol_text_shadow_style,%91object Object%93&#8243; ol_text_shadow_horizontal_length_tablet=\u00bb0px\u00bb ol_text_shadow_vertical_length=\u00bbol_text_shadow_style,%91object Object%93&#8243; ol_text_shadow_vertical_length_tablet=\u00bb0px\u00bb ol_text_shadow_blur_strength=\u00bbol_text_shadow_style,%91object Object%93&#8243; ol_text_shadow_blur_strength_tablet=\u00bb1px\u00bb quote_text_shadow_horizontal_length=\u00bbquote_text_shadow_style,%91object Object%93&#8243; quote_text_shadow_horizontal_length_tablet=\u00bb0px\u00bb quote_text_shadow_vertical_length=\u00bbquote_text_shadow_style,%91object Object%93&#8243; quote_text_shadow_vertical_length_tablet=\u00bb0px\u00bb quote_text_shadow_blur_strength=\u00bbquote_text_shadow_style,%91object Object%93&#8243; quote_text_shadow_blur_strength_tablet=\u00bb1px\u00bb header_text_shadow_horizontal_length=\u00bbheader_text_shadow_style,%91object Object%93&#8243; header_text_shadow_horizontal_length_tablet=\u00bb0px\u00bb header_text_shadow_vertical_length=\u00bbheader_text_shadow_style,%91object Object%93&#8243; header_text_shadow_vertical_length_tablet=\u00bb0px\u00bb header_text_shadow_blur_strength=\u00bbheader_text_shadow_style,%91object Object%93&#8243; header_text_shadow_blur_strength_tablet=\u00bb1px\u00bb header_2_text_shadow_horizontal_length=\u00bbheader_2_text_shadow_style,%91object Object%93&#8243; header_2_text_shadow_horizontal_length_tablet=\u00bb0px\u00bb header_2_text_shadow_vertical_length=\u00bbheader_2_text_shadow_style,%91object Object%93&#8243; header_2_text_shadow_vertical_length_tablet=\u00bb0px\u00bb header_2_text_shadow_blur_strength=\u00bbheader_2_text_shadow_style,%91object Object%93&#8243; header_2_text_shadow_blur_strength_tablet=\u00bb1px\u00bb header_3_text_shadow_horizontal_length=\u00bbheader_3_text_shadow_style,%91object Object%93&#8243; header_3_text_shadow_horizontal_length_tablet=\u00bb0px\u00bb header_3_text_shadow_vertical_length=\u00bbheader_3_text_shadow_style,%91object Object%93&#8243; header_3_text_shadow_vertical_length_tablet=\u00bb0px\u00bb header_3_text_shadow_blur_strength=\u00bbheader_3_text_shadow_style,%91object Object%93&#8243; header_3_text_shadow_blur_strength_tablet=\u00bb1px\u00bb header_4_text_shadow_horizontal_length=\u00bbheader_4_text_shadow_style,%91object Object%93&#8243; header_4_text_shadow_horizontal_length_tablet=\u00bb0px\u00bb header_4_text_shadow_vertical_length=\u00bbheader_4_text_shadow_style,%91object Object%93&#8243; header_4_text_shadow_vertical_length_tablet=\u00bb0px\u00bb header_4_text_shadow_blur_strength=\u00bbheader_4_text_shadow_style,%91object Object%93&#8243; header_4_text_shadow_blur_strength_tablet=\u00bb1px\u00bb header_5_text_shadow_horizontal_length=\u00bbheader_5_text_shadow_style,%91object Object%93&#8243; header_5_text_shadow_horizontal_length_tablet=\u00bb0px\u00bb header_5_text_shadow_vertical_length=\u00bbheader_5_text_shadow_style,%91object Object%93&#8243; header_5_text_shadow_vertical_length_tablet=\u00bb0px\u00bb header_5_text_shadow_blur_strength=\u00bbheader_5_text_shadow_style,%91object Object%93&#8243; header_5_text_shadow_blur_strength_tablet=\u00bb1px\u00bb header_6_text_shadow_horizontal_length=\u00bbheader_6_text_shadow_style,%91object Object%93&#8243; header_6_text_shadow_horizontal_length_tablet=\u00bb0px\u00bb header_6_text_shadow_vertical_length=\u00bbheader_6_text_shadow_style,%91object Object%93&#8243; header_6_text_shadow_vertical_length_tablet=\u00bb0px\u00bb header_6_text_shadow_blur_strength=\u00bbheader_6_text_shadow_style,%91object Object%93&#8243; header_6_text_shadow_blur_strength_tablet=\u00bb1px\u00bb box_shadow_horizontal_tablet=\u00bb0px\u00bb box_shadow_vertical_tablet=\u00bb0px\u00bb box_shadow_blur_tablet=\u00bb40px\u00bb box_shadow_spread_tablet=\u00bb0px\u00bb vertical_offset_tablet=\u00bb0&#8243; horizontal_offset_tablet=\u00bb0&#8243; z_index_tablet=\u00bb0&#8243;]<\/p>\n<h4><strong>Horario de atenci\u00f3n al p\u00fablico:<\/strong><\/h4>\n<p>10.00 &#8211; 16.00 (s\u00e1bados, domingos y feriados)<\/p>\n<p>&nbsp;<\/p>\n<h4><strong>Cerrada<\/strong><\/h4>\n<p>Lunes a viernes<\/p>\n<p>[\/et_pb_text][\/et_pb_column][et_pb_column type=\u00bb1_3&#8243; custom_padding__hover=\u00bb|||\u00bb custom_padding=\u00bb|||\u00bb][\/et_pb_column][\/et_pb_row][\/et_pb_section][et_pb_section bb_built=\u00bb1&#8243; fullwidth=\u00bboff\u00bb specialty=\u00bboff\u00bb prev_background_color=\u00bb#000000&#8243; inner_width=\u00bbauto\u00bb inner_max_width=\u00bb1080px\u00bb][et_pb_row _builder_version=\u00bb3.12&#8243; use_custom_gutter=\u00bbon\u00bb gutter_width=\u00bb2&#8243; make_equal=\u00bbon\u00bb width=\u00bb80%\u00bb max_width=\u00bb1080px\u00bb][et_pb_column type=\u00bb1_2&#8243; custom_padding__hover=\u00bb|||\u00bb custom_padding=\u00bb|||\u00bb][et_pb_code _builder_version=\u00bb4.23.1&#8243; width=\u00bb80%\u00bb max_width=\u00bb1080px\u00bb background_pattern_color=\u00bbrgba(0,0,0,0.2)\u00bb background_mask_color=\u00bb#ffffff\u00bb box_shadow_horizontal_tablet=\u00bb0px\u00bb box_shadow_vertical_tablet=\u00bb0px\u00bb box_shadow_blur_tablet=\u00bb40px\u00bb box_shadow_spread_tablet=\u00bb0px\u00bb vertical_offset_tablet=\u00bb0&#8243; horizontal_offset_tablet=\u00bb0&#8243; z_index_tablet=\u00bb0&#8243;]<iframe loading=\"lazy\" src=\"https:\/\/www.google.com\/maps\/embed?pb=!1m18!1m12!1m3!1d1816.729288353976!2d139.71915667997297!3d35.6822870399094!2m3!1f0!2f0!3f0!3m2!1i1024!2i768!4f13.1!3m3!1m2!1s0x60188c93b4ab6fe5%3A0xcff5eca77345e207!2sMin-on+Music+Museum!5e0!3m2!1sen!2suk!4v1531752843459\" width=\"100%\" height=\"450\" frameborder=\"0\" allowfullscreen><\/iframe>[\/et_pb_code][\/et_pb_column][et_pb_column type=\u00bb1_2&#8243; custom_padding__hover=\u00bb|||\u00bb custom_padding=\u00bb|||\u00bb background_image=\u00bbhttps:\/\/www.min-on.org\/es\/wp-content\/uploads\/sites\/4\/2018\/08\/museum-image-3.jpg\u00bb][\/et_pb_column][\/et_pb_row][\/et_pb_section]<\/p>\n","protected":false},"excerpt":{"rendered":"<p>Museo Musical Min-On El Museo Musical Min-On es uno de los pocos museos de m\u00fasica del mundo. Originalmente fundado en 1974 como Biblioteca Musical Min-On, posee una gran colecci\u00f3n de grabaciones y materiales de referencia musical en una enorme diversidad de g\u00e9neros, que est\u00e1n a disposici\u00f3n del p\u00fablico en forma gratuita. El Museo edita diversas [&hellip;]<\/p>\n","protected":false},"author":1,"featured_media":0,"parent":0,"menu_order":0,"comment_status":"closed","ping_status":"closed","template":"","meta":{"_et_pb_use_builder":"on","_et_pb_old_content":"","_et_gb_content_width":"","footnotes":""},"categories":[],"tags":[],"distributor_meta":false,"distributor_terms":false,"distributor_media":false,"distributor_original_site_name":"Spanish - Min-On Website","distributor_original_site_url":"https:\/\/www.min-on.org\/es","_links":{"self":[{"href":"https:\/\/www.min-on.org\/es\/wp-json\/wp\/v2\/pages\/3529"}],"collection":[{"href":"https:\/\/www.min-on.org\/es\/wp-json\/wp\/v2\/pages"}],"about":[{"href":"https:\/\/www.min-on.org\/es\/wp-json\/wp\/v2\/types\/page"}],"author":[{"embeddable":true,"href":"https:\/\/www.min-on.org\/es\/wp-json\/wp\/v2\/users\/1"}],"replies":[{"embeddable":true,"href":"https:\/\/www.min-on.org\/es\/wp-json\/wp\/v2\/comments?post=3529"}],"version-history":[{"count":76,"href":"https:\/\/www.min-on.org\/es\/wp-json\/wp\/v2\/pages\/3529\/revisions"}],"predecessor-version":[{"id":14105,"href":"https:\/\/www.min-on.org\/es\/wp-json\/wp\/v2\/pages\/3529\/revisions\/14105"}],"wp:attachment":[{"href":"https:\/\/www.min-on.org\/es\/wp-json\/wp\/v2\/media?parent=3529"}],"wp:term":[{"taxonomy":"category","embeddable":true,"href":"https:\/\/www.min-on.org\/es\/wp-json\/wp\/v2\/categories?post=3529"},{"taxonomy":"post_tag","embeddable":true,"href":"https:\/\/www.min-on.org\/es\/wp-json\/wp\/v2\/tags?post=3529"}],"curies":[{"name":"wp","href":"https:\/\/api.w.org\/{rel}","templated":true}]}}