{"id":3276,"date":"2018-07-10T09:44:09","date_gmt":"2018-07-10T09:44:09","guid":{"rendered":"http:\/\/min-on.matthewbyrt.com\/?page_id=3276"},"modified":"2018-11-01T22:47:30","modified_gmt":"2018-11-01T22:47:30","slug":"workshops","status":"publish","type":"page","link":"https:\/\/www.min-on.org\/es\/workshops\/","title":{"rendered":"Talleres de trabajo"},"content":{"rendered":"<p>[et_pb_section bb_built=\u00bb1&#8243; next_background_color=\u00bb#000000&#8243; _builder_version=\u00bb3.11&#8243; custom_padding=\u00bb||3% !important|\u00bb][et_pb_row _builder_version=\u00bb3.11&#8243; custom_padding=\u00bb0px|||\u00bb][et_pb_column type=\u00bb4_4&#8243;][et_pb_text _builder_version=\u00bb3.15&#8243;]<\/p>\n<h1 style=\"line-height: 36px;\">Talleres de trabajo<\/h1>\n<p>[\/et_pb_text][\/et_pb_column][\/et_pb_row][et_pb_row _builder_version=\u00bb3.11&#8243; custom_padding=\u00bb||6%|\u00bb][et_pb_column type=\u00bb4_4&#8243;][et_pb_image _builder_version=\u00bb3.11&#8243; src=\u00bbhttps:\/\/www.min-on.org\/es\/wp-content\/uploads\/sites\/4\/2018\/07\/main-image-lectures-and-workshops.jpg\u00bb force_fullwidth=\u00bbon\u00bb show_bottom_space=\u00bboff\u00bb \/][\/et_pb_column][\/et_pb_row][\/et_pb_section][et_pb_section bb_built=\u00bb1&#8243; specialty=\u00bboff\u00bb prev_background_color=\u00bb#000000&#8243; _builder_version=\u00bb3.7&#8243; custom_padding=\u00bb0px|||\u00bb next_background_color=\u00bb#000000&#8243;][et_pb_row _builder_version=\u00bb3.7&#8243; custom_css_main_1=\u00bbcontent:%22%22;|| display:table;|| clear:both;\u00bb][et_pb_column type=\u00bb1_2&#8243;][et_pb_text _builder_version=\u00bb3.15&#8243;]<\/p>\n<p>Uno de ellos es el \u00abTaller de experiencia musical\u00bb, dirigido a las familias y centrado en la fabricaci\u00f3n artesanal de instrumentos musicales. Estas convocatorias, que han alcanzado gran popularidad en el Jap\u00f3n, son una de las actividades comunitarias que realiza el Museo Musical todos los a\u00f1os. Con el objetivo de inspirar la sabidur\u00eda y el talento de los ni\u00f1os, a la par de estrechar los v\u00ednculos familiares, en cada uno de estos talleres participan doscientos padres, madres e hijos. Guiados por m\u00fasicos profesionales, los talleristas aprenden c\u00f3mo hacer instrumentos musicales con objetos de la vida cotidiana; por ejemplo, con una zanahoria ahuecada, una flauta dulce completa, con sus orificios para apoyar las yemas de los dedos; o, un tambor, con un cubo recubierto de cinta adhesiva. Cada instrumento casero es un motivo de asombro y de placer para los ni\u00f1os.<\/p>\n<p>Otro popular taller ha sido \u00abIntroducci\u00f3n al tango\u00bb, celebrado en 2005, con la participaci\u00f3n de m\u00e1s de 200 personas de todas las edades y sectores. La actividad, orientada a fomentar el inter\u00e9s del p\u00fablico japon\u00e9s por el tango, comenz\u00f3 con un v\u00eddeo introductorio sobre la historia del g\u00e9nero y sus variaciones. A continuaci\u00f3n, en el transcurso de una clase colectiva de una hora, los asistentes aprendieron los pasos b\u00e1sicos guiados por la pareja de instructores ganadora del Campeonato Mundial de Tango de Buenos Aires. Finalmente, los instructores ofrecieron una actuaci\u00f3n magistral que fue ovacionada por la gente. Durante la gira anual del Ciclo de Tango de Min-On, se llevaron a cabo tambi\u00e9n talleres similares en otras ciudades japonesas.<\/p>\n<p>[\/et_pb_text][\/et_pb_column][et_pb_column type=\u00bb1_2&#8243;][et_pb_image _builder_version=\u00bb3.11&#8243; src=\u00bbhttps:\/\/www.min-on.org\/es\/wp-content\/uploads\/sites\/4\/2011\/09\/workshop1.jpg\u00bb force_fullwidth=\u00bbon\u00bb show_bottom_space=\u00bboff\u00bb \/][et_pb_text _builder_version=\u00bb3.12&#8243;]<\/p>\n<p>Taller de instrumentos artesanales<\/p>\n<p>[\/et_pb_text][et_pb_image _builder_version=\u00bb3.11&#8243; src=\u00bbhttps:\/\/www.min-on.org\/es\/wp-content\/uploads\/sites\/4\/2011\/09\/workshop4.jpg\u00bb force_fullwidth=\u00bbon\u00bb show_bottom_space=\u00bboff\u00bb \/][et_pb_text _builder_version=\u00bb3.12&#8243;]<\/p>\n<p>Taller de tango<\/p>\n<p>[\/et_pb_text][\/et_pb_column][\/et_pb_row][\/et_pb_section][et_pb_section bb_built=\u00bb1&#8243; admin_label=\u00bbRelated Articles\u00bb specialty=\u00bboff\u00bb _builder_version=\u00bb3.15&#8243; custom_padding=\u00bb0px|||\u00bb disabled_on=\u00bbon|on|on\u00bb disabled=\u00bbon\u00bb prev_background_color=\u00bb#000000&#8243; collapsed=\u00bbon\u00bb][et_pb_row _builder_version=\u00bb3.11&#8243; custom_padding=\u00bb0px|||\u00bb][et_pb_column type=\u00bb4_4&#8243;][et_pb_text _builder_version=\u00bb3.12&#8243;]<\/p>\n<h1 style=\"line-height: 36px;\">Related Articles<\/h1>\n<p>[\/et_pb_text][\/et_pb_column][\/et_pb_row][et_pb_row _builder_version=\u00bb3.12&#8243; custom_padding=\u00bb|1.5%||1.5%\u00bb][et_pb_column type=\u00bb4_4&#8243;][et_pb_blog _builder_version=\u00bb3.15&#8243; posts_number=\u00bb3&#8243; fullwidth=\u00bboff\u00bb include_categories=\u00bb401&#8243; \/][\/et_pb_column][\/et_pb_row][\/et_pb_section]<\/p>\n","protected":false},"excerpt":{"rendered":"<p>Talleres de trabajo Uno de ellos es el \u00abTaller de experiencia musical\u00bb, dirigido a las familias y centrado en la fabricaci\u00f3n artesanal de instrumentos musicales. Estas convocatorias, que han alcanzado gran popularidad en el Jap\u00f3n, son una de las actividades comunitarias que realiza el Museo Musical todos los a\u00f1os. Con el objetivo de inspirar la [&hellip;]<\/p>\n","protected":false},"author":1,"featured_media":0,"parent":0,"menu_order":0,"comment_status":"closed","ping_status":"closed","template":"","meta":{"_et_pb_use_builder":"on","_et_pb_old_content":"","_et_gb_content_width":"","footnotes":""},"categories":[],"tags":[],"distributor_meta":false,"distributor_terms":false,"distributor_media":false,"distributor_original_site_name":"Spanish - Min-On Website","distributor_original_site_url":"https:\/\/www.min-on.org\/es","_links":{"self":[{"href":"https:\/\/www.min-on.org\/es\/wp-json\/wp\/v2\/pages\/3276"}],"collection":[{"href":"https:\/\/www.min-on.org\/es\/wp-json\/wp\/v2\/pages"}],"about":[{"href":"https:\/\/www.min-on.org\/es\/wp-json\/wp\/v2\/types\/page"}],"author":[{"embeddable":true,"href":"https:\/\/www.min-on.org\/es\/wp-json\/wp\/v2\/users\/1"}],"replies":[{"embeddable":true,"href":"https:\/\/www.min-on.org\/es\/wp-json\/wp\/v2\/comments?post=3276"}],"version-history":[{"count":19,"href":"https:\/\/www.min-on.org\/es\/wp-json\/wp\/v2\/pages\/3276\/revisions"}],"predecessor-version":[{"id":7726,"href":"https:\/\/www.min-on.org\/es\/wp-json\/wp\/v2\/pages\/3276\/revisions\/7726"}],"wp:attachment":[{"href":"https:\/\/www.min-on.org\/es\/wp-json\/wp\/v2\/media?parent=3276"}],"wp:term":[{"taxonomy":"category","embeddable":true,"href":"https:\/\/www.min-on.org\/es\/wp-json\/wp\/v2\/categories?post=3276"},{"taxonomy":"post_tag","embeddable":true,"href":"https:\/\/www.min-on.org\/es\/wp-json\/wp\/v2\/tags?post=3276"}],"curies":[{"name":"wp","href":"https:\/\/api.w.org\/{rel}","templated":true}]}}