{"id":3271,"date":"2018-07-10T09:22:05","date_gmt":"2018-07-10T09:22:05","guid":{"rendered":"http:\/\/min-on.matthewbyrt.com\/?page_id=3271"},"modified":"2018-10-15T14:44:49","modified_gmt":"2018-10-15T14:44:49","slug":"symposiums","status":"publish","type":"page","link":"https:\/\/www.min-on.org\/es\/symposiums\/","title":{"rendered":"Simposios"},"content":{"rendered":"<p>[et_pb_section bb_built=\u00bb1&#8243; next_background_color=\u00bb#000000&#8243; _builder_version=\u00bb3.11&#8243; custom_padding=\u00bb||3% !important|\u00bb][et_pb_row _builder_version=\u00bb3.11&#8243; custom_padding=\u00bb0px|||\u00bb][et_pb_column type=\u00bb4_4&#8243;][et_pb_text _builder_version=\u00bb3.12&#8243;]<\/p>\n<h1 style=\"line-height: 36px;\">Simposios<\/h1>\n<p>[\/et_pb_text][\/et_pb_column][\/et_pb_row][et_pb_row _builder_version=\u00bb3.11&#8243; custom_padding=\u00bb||8%|\u00bb][et_pb_column type=\u00bb4_4&#8243;][et_pb_image _builder_version=\u00bb3.9&#8243; src=\u00bbhttps:\/\/www.min-on.org\/es\/wp-content\/uploads\/sites\/4\/2018\/07\/main-image-symposiums.jpg\u00bb force_fullwidth=\u00bbon\u00bb show_bottom_space=\u00bboff\u00bb \/][\/et_pb_column][\/et_pb_row][\/et_pb_section][et_pb_section bb_built=\u00bb1&#8243; specialty=\u00bboff\u00bb prev_background_color=\u00bb#000000&#8243; _builder_version=\u00bb3.7&#8243; custom_padding=\u00bb0px|||\u00bb next_background_color=\u00bb#000000&#8243;][et_pb_row _builder_version=\u00bb3.7&#8243; custom_css_main_1=\u00bbcontent:%22%22;|| display:table;|| clear:both;\u00bb][et_pb_column type=\u00bb1_2&#8243;][et_pb_text _builder_version=\u00bb3.15&#8243;]<\/p>\n<p>Min-On organiza un amplio conjunto de proyectos orientados a la comunidad, a tono con sus objetivos institucionales de promover la apreciaci\u00f3n musical en el Jap\u00f3n y en el orbe. En el marco de estas iniciativas de inter\u00e9s p\u00fablico, en 2002 Min-On y la Fundaci\u00f3n Watanabe coauspiciaron un ciclo de simposios titulados \u00abAsia hoy\u00bb, enfocados en difundir la m\u00fasica y el arte esc\u00e9nico de Asia en el p\u00fablico japon\u00e9s, y en ayudar a promover la cultura musical en el continente.<\/p>\n<p>\tEl primero simposio del ciclo consisti\u00f3 en un debate sobre el estado actual de la interpretaci\u00f3n musical en la China, Corea del Sur y el Jap\u00f3n, y en las posibilidades de colaboraci\u00f3n entre artistas de estos pa\u00edses. En el segundo simposio, en 2004, los participantes analizaron el panorama vinculado a la difusi\u00f3n de la m\u00fasica popular coreana en el Jap\u00f3n y a la \u00abliberaci\u00f3n\u00bb de la cultura japonesa en la vecina naci\u00f3n, donde hab\u00eda sido proscripta hasta la normalizaci\u00f3n de las relaciones bilaterales coreano-japonesas en 1965. El tercer simposio, celebrado en 2006 en el Foro Internacional de Tokio, dio lugar a un animado debate sobre el estado actual y el rumbo de la industria del espect\u00e1culo en la regi\u00f3n del ASEAN, en tanto que el cuarto simposio, en 2008, vers\u00f3 sobre el tema \u00abLa m\u00fasica en Asia, de hoy al futuro\u00bb.<\/p>\n<p>Cada conferencia re\u00fane a un panel distinto de expertos, acad\u00e9micos y destacados analistas invitados, procedentes de diversos pa\u00edses asi\u00e1ticos. En el transcurso de las animadas ponencias, el panel se explay\u00f3 sobre temas como las profundas ra\u00edces culturales que tienen en com\u00fan los pa\u00edses de Asia; la r\u00e1pida difusi\u00f3n de la cultura musical en la regi\u00f3n en los a\u00f1os recientes, y las perspectivas para el futuro. Los miembros del p\u00fablico que participaron en los simposios comentaron, entre otras impresiones: \u00abLos paneles me permitieron entender mejor la posici\u00f3n cultural del Jap\u00f3n dentro de Asia\u00bb, \u00abAunque no conozco mucho la m\u00fasica del ASEAN como regi\u00f3n, los debates me resultaron muy estimulantes\u00bb, \u00abEntend\u00ed cu\u00e1n estrecha es la relaci\u00f3n entre pa\u00edses en lo concerniente a la cultura musical\u00bb, y \u00abEn general, me result\u00f3 una conferencia muy interesante, especialmente las presentaciones sobre el papel de los medios de comunicaci\u00f3n\u00bb. <\/p>\n<p>\tAdem\u00e1s de la serie \u00abAsia hoy\u00bb, el 2 de noviembre de 2009 se llev\u00f3 a cabo un simposio especial sobre el tema \u00abEl presente de la direcci\u00f3n orquestal en el mundo\u00bb, que promovi\u00f3 debates a cargo de aclamados directores y concertistas internacionales, con motivo del 15.\u00b0 Certamen Internacional de Direcci\u00f3n Orquestal de Tokio. Ese mismo a\u00f1o, con posterioridad, Min-On inici\u00f3 una nueva serie de foros culturales titulada \u00abEn debate: El mundo del espect\u00e1culo en el Jap\u00f3n la era Showa\u00bb, coauspiciada por el Foro Cultural Musical de la Fundaci\u00f3n Watanabe.<\/p>\n<p>[\/et_pb_text][\/et_pb_column][et_pb_column type=\u00bb1_2&#8243;][et_pb_image _builder_version=\u00bb3.11&#8243; src=\u00bbhttps:\/\/www.min-on.org\/es\/wp-content\/uploads\/sites\/4\/2011\/09\/symposiums1.jpg\u00bb force_fullwidth=\u00bbon\u00bb show_bottom_space=\u00bboff\u00bb \/][et_pb_text _builder_version=\u00bb3.12&#8243;]<\/p>\n<p>\u00abLa industria del espect\u00e1culo en el ASEAN\u00bb, en 2006<\/p>\n<p>[\/et_pb_text][et_pb_image _builder_version=\u00bb3.11&#8243; src=\u00bbhttps:\/\/www.min-on.org\/es\/wp-content\/uploads\/sites\/4\/2011\/09\/symposiums2.jpg\u00bb force_fullwidth=\u00bbon\u00bb show_bottom_space=\u00bboff\u00bb \/][et_pb_text _builder_version=\u00bb3.12&#8243;]<\/p>\n<p>\u00abLa m\u00fasica en Asia, de hoy al futuro\u00bb, en 2008<\/p>\n<p>[\/et_pb_text][\/et_pb_column][\/et_pb_row][\/et_pb_section][et_pb_section bb_built=\u00bb1&#8243; admin_label=\u00bbRelated Articles\u00bb specialty=\u00bboff\u00bb _builder_version=\u00bb3.15&#8243; custom_padding=\u00bb0px|||\u00bb disabled_on=\u00bbon|on|on\u00bb disabled=\u00bbon\u00bb prev_background_color=\u00bb#000000&#8243; collapsed=\u00bbon\u00bb][et_pb_row _builder_version=\u00bb3.11&#8243; custom_padding=\u00bb0px|||\u00bb][et_pb_column type=\u00bb4_4&#8243;][et_pb_text _builder_version=\u00bb3.12&#8243;]<\/p>\n<h1 style=\"line-height: 36px;\">Related Articles<\/h1>\n<p>[\/et_pb_text][\/et_pb_column][\/et_pb_row][et_pb_row _builder_version=\u00bb3.12&#8243; custom_padding=\u00bb|1.5%||1.5%\u00bb][et_pb_column type=\u00bb4_4&#8243;][et_pb_blog _builder_version=\u00bb3.15&#8243; posts_number=\u00bb3&#8243; fullwidth=\u00bboff\u00bb include_categories=\u00bb396&#8243; \/][\/et_pb_column][\/et_pb_row][\/et_pb_section]<\/p>\n","protected":false},"excerpt":{"rendered":"<p>Simposios Min-On organiza un amplio conjunto de proyectos orientados a la comunidad, a tono con sus objetivos institucionales de promover la apreciaci\u00f3n musical en el Jap\u00f3n y en el orbe. En el marco de estas iniciativas de inter\u00e9s p\u00fablico, en 2002 Min-On y la Fundaci\u00f3n Watanabe coauspiciaron un ciclo de simposios titulados \u00abAsia hoy\u00bb, enfocados [&hellip;]<\/p>\n","protected":false},"author":1,"featured_media":0,"parent":0,"menu_order":0,"comment_status":"closed","ping_status":"closed","template":"","meta":{"_et_pb_use_builder":"on","_et_pb_old_content":"","_et_gb_content_width":"","footnotes":""},"categories":[],"tags":[],"distributor_meta":false,"distributor_terms":false,"distributor_media":false,"distributor_original_site_name":"Spanish - Min-On Website","distributor_original_site_url":"https:\/\/www.min-on.org\/es","_links":{"self":[{"href":"https:\/\/www.min-on.org\/es\/wp-json\/wp\/v2\/pages\/3271"}],"collection":[{"href":"https:\/\/www.min-on.org\/es\/wp-json\/wp\/v2\/pages"}],"about":[{"href":"https:\/\/www.min-on.org\/es\/wp-json\/wp\/v2\/types\/page"}],"author":[{"embeddable":true,"href":"https:\/\/www.min-on.org\/es\/wp-json\/wp\/v2\/users\/1"}],"replies":[{"embeddable":true,"href":"https:\/\/www.min-on.org\/es\/wp-json\/wp\/v2\/comments?post=3271"}],"version-history":[{"count":14,"href":"https:\/\/www.min-on.org\/es\/wp-json\/wp\/v2\/pages\/3271\/revisions"}],"predecessor-version":[{"id":7292,"href":"https:\/\/www.min-on.org\/es\/wp-json\/wp\/v2\/pages\/3271\/revisions\/7292"}],"wp:attachment":[{"href":"https:\/\/www.min-on.org\/es\/wp-json\/wp\/v2\/media?parent=3271"}],"wp:term":[{"taxonomy":"category","embeddable":true,"href":"https:\/\/www.min-on.org\/es\/wp-json\/wp\/v2\/categories?post=3271"},{"taxonomy":"post_tag","embeddable":true,"href":"https:\/\/www.min-on.org\/es\/wp-json\/wp\/v2\/tags?post=3271"}],"curies":[{"name":"wp","href":"https:\/\/api.w.org\/{rel}","templated":true}]}}