{"id":3236,"date":"2018-07-08T10:53:28","date_gmt":"2018-07-08T10:53:28","guid":{"rendered":"http:\/\/min-on.matthewbyrt.com\/?page_id=3236"},"modified":"2018-10-30T06:39:55","modified_gmt":"2018-10-30T06:39:55","slug":"school-concerts","status":"publish","type":"page","link":"https:\/\/www.min-on.org\/es\/school-concerts\/","title":{"rendered":"Conciertos en la Escuela"},"content":{"rendered":"<p>[et_pb_section bb_built=\u00bb1&#8243; next_background_color=\u00bb#000000&#8243; _builder_version=\u00bb3.7&#8243; custom_padding=\u00bb||0px|\u00bb][et_pb_row _builder_version=\u00bb3.11&#8243; custom_padding=\u00bb0px|||\u00bb][et_pb_column type=\u00bb4_4&#8243;][et_pb_text _builder_version=\u00bb3.12&#8243;]<\/p>\n<h1 style=\"line-height: 36px;\">Conciertos en la Escuela<\/h1>\n<p>[\/et_pb_text][\/et_pb_column][\/et_pb_row][et_pb_row _builder_version=\u00bb3.7&#8243;][et_pb_column type=\u00bb4_4&#8243;][et_pb_image _builder_version=\u00bb3.7&#8243; src=\u00bbhttps:\/\/www.min-on.org\/es\/wp-content\/uploads\/sites\/4\/2018\/07\/main-image-school-concerts.jpg\u00bb force_fullwidth=\u00bbon\u00bb show_bottom_space=\u00bboff\u00bb \/][\/et_pb_column][\/et_pb_row][et_pb_row][et_pb_column type=\u00bb4_4&#8243;][et_pb_text _builder_version=\u00bb3.12&#8243;]<\/p>\n<h2 style=\"line-height: 36px;\">\u00abEs sumamente importante que los ni\u00f1os aprendan, desde temprana edad, a apreciar la m\u00fasica cl\u00e1sica y la \u00f3pera\u00bb. <span style=\"font-size: 16px; font-weight: bold;\">\u2014 Luciano Pavarotti<\/span><\/h2>\n<p>[\/et_pb_text][\/et_pb_column][\/et_pb_row][\/et_pb_section][et_pb_section bb_built=\u00bb1&#8243; specialty=\u00bboff\u00bb prev_background_color=\u00bb#000000&#8243; _builder_version=\u00bb3.7&#8243; custom_padding=\u00bb0px|||\u00bb next_background_color=\u00bb#000000&#8243;][et_pb_row _builder_version=\u00bb3.7&#8243; custom_css_main_1=\u00bbcontent:%22%22;|| display:table;|| clear:both;\u00bb][et_pb_column type=\u00bb1_2&#8243;][et_pb_text _builder_version=\u00bb3.12&#8243;]<\/p>\n<p>Desde su creaci\u00f3n en 1963, Min-On ha ofrecido un vasto programa de conciertos de inter\u00e9s p\u00fablico sin fines de lucro, concebidos para cultivar la apreciaci\u00f3n musical en el Jap\u00f3n y en el mundo. A instancias del fundador de Min-On y con el fin de estimular la sensibilidad art\u00edstica en los ni\u00f1os de escolaridad primaria, en 1973 comenz\u00f3 a implementarse el programa Conciertos en la Escuela, cuyo punto de partida fue la ciudad de Shibetsu, en la lejana regi\u00f3n de Hokkaido. Desde entonces, Min-On ha ofrecido conciertos de entrada gratuita en escuelas primarias y secundarias del Jap\u00f3n, que brindan a los estudiantes la oportunidad de enriquecerse en contacto directo con la m\u00fasica orquestal, interpretada por artistas descollantes de todo el mundo. Hasta la fecha y en los \u00faltimos 44 a\u00f1os, el programa Conciertos en la Escuela ha beneficiado a m\u00e1s de 1 300 000 alumnos de 4500 establecimientos de ense\u00f1anza del Jap\u00f3n. Min-On tambi\u00e9n ha donado CD y grabaciones a numerosos colegios del pa\u00eds.<\/p>\n<p>[\/et_pb_text][\/et_pb_column][et_pb_column type=\u00bb1_2&#8243;][et_pb_image _builder_version=\u00bb3.12&#8243; src=\u00bbhttps:\/\/www.min-on.org\/es\/wp-content\/uploads\/sites\/4\/2011\/09\/thumbnail-school-concert1.jpg\u00bb force_fullwidth=\u00bbon\u00bb show_bottom_space=\u00bboff\u00bb \/][et_pb_text _builder_version=\u00bb3.12&#8243;]<\/p>\n<p>Conciertos en la Escuela<\/p>\n<p>[\/et_pb_text][et_pb_image _builder_version=\u00bb3.12&#8243; src=\u00bbhttps:\/\/www.min-on.org\/es\/wp-content\/uploads\/sites\/4\/2011\/09\/thumbnail-school-concert2.jpg\u00bb force_fullwidth=\u00bbon\u00bb show_bottom_space=\u00bboff\u00bb \/][et_pb_text _builder_version=\u00bb3.15&#8243;]<\/p>\n<p>Conciertos Escolares de Min-On<\/p>\n<p>[\/et_pb_text][\/et_pb_column][\/et_pb_row][\/et_pb_section][et_pb_section bb_built=\u00bb1&#8243; admin_label=\u00bbRelated Articles\u00bb specialty=\u00bboff\u00bb _builder_version=\u00bb3.15&#8243; custom_padding=\u00bb0px|||\u00bb prev_background_color=\u00bb#000000&#8243; disabled_on=\u00bbon|on|on\u00bb disabled=\u00bbon\u00bb][et_pb_row _builder_version=\u00bb3.11&#8243; custom_padding=\u00bb0px|||\u00bb][et_pb_column type=\u00bb4_4&#8243;][et_pb_text _builder_version=\u00bb3.12&#8243;]<\/p>\n<h1 style=\"line-height: 36px;\">Related Articles<\/h1>\n<p>[\/et_pb_text][\/et_pb_column][\/et_pb_row][et_pb_row _builder_version=\u00bb3.12&#8243; custom_padding=\u00bb|1.5%||1.5%\u00bb][et_pb_column type=\u00bb4_4&#8243;][et_pb_blog _builder_version=\u00bb3.15&#8243; posts_number=\u00bb3&#8243; fullwidth=\u00bboff\u00bb include_categories=\u00bb392&#8243; \/][\/et_pb_column][\/et_pb_row][\/et_pb_section]<\/p>\n","protected":false},"excerpt":{"rendered":"<p>Conciertos en la Escuela <div class=\"et_pb_row et_pb_row_0 et_pb_row_empty\">\n\t\t\t\t\n\t\t\t\t\n\t\t\t\t\n\t\t\t\t\n\t\t\t\t\n\t\t\t<\/div> \u00abEs sumamente importante que los ni\u00f1os aprendan, desde temprana edad, a apreciar la m\u00fasica cl\u00e1sica y la \u00f3pera\u00bb. \u2014 Luciano Pavarotti Desde su creaci\u00f3n en 1963, Min-On ha ofrecido un vasto programa de conciertos de inter\u00e9s p\u00fablico sin fines de lucro, concebidos para cultivar la apreciaci\u00f3n musical en el Jap\u00f3n [&hellip;]<\/p>\n","protected":false},"author":1,"featured_media":0,"parent":0,"menu_order":0,"comment_status":"closed","ping_status":"closed","template":"","meta":{"_et_pb_use_builder":"on","_et_pb_old_content":"","_et_gb_content_width":"","footnotes":""},"categories":[],"tags":[],"distributor_meta":false,"distributor_terms":false,"distributor_media":false,"distributor_original_site_name":"Spanish - Min-On Website","distributor_original_site_url":"https:\/\/www.min-on.org\/es","_links":{"self":[{"href":"https:\/\/www.min-on.org\/es\/wp-json\/wp\/v2\/pages\/3236"}],"collection":[{"href":"https:\/\/www.min-on.org\/es\/wp-json\/wp\/v2\/pages"}],"about":[{"href":"https:\/\/www.min-on.org\/es\/wp-json\/wp\/v2\/types\/page"}],"author":[{"embeddable":true,"href":"https:\/\/www.min-on.org\/es\/wp-json\/wp\/v2\/users\/1"}],"replies":[{"embeddable":true,"href":"https:\/\/www.min-on.org\/es\/wp-json\/wp\/v2\/comments?post=3236"}],"version-history":[{"count":30,"href":"https:\/\/www.min-on.org\/es\/wp-json\/wp\/v2\/pages\/3236\/revisions"}],"predecessor-version":[{"id":7640,"href":"https:\/\/www.min-on.org\/es\/wp-json\/wp\/v2\/pages\/3236\/revisions\/7640"}],"wp:attachment":[{"href":"https:\/\/www.min-on.org\/es\/wp-json\/wp\/v2\/media?parent=3236"}],"wp:term":[{"taxonomy":"category","embeddable":true,"href":"https:\/\/www.min-on.org\/es\/wp-json\/wp\/v2\/categories?post=3236"},{"taxonomy":"post_tag","embeddable":true,"href":"https:\/\/www.min-on.org\/es\/wp-json\/wp\/v2\/tags?post=3236"}],"curies":[{"name":"wp","href":"https:\/\/api.w.org\/{rel}","templated":true}]}}