{"id":3227,"date":"2018-07-08T10:40:06","date_gmt":"2018-07-08T10:40:06","guid":{"rendered":"http:\/\/min-on.matthewbyrt.com\/?page_id=3227"},"modified":"2024-01-04T06:46:13","modified_gmt":"2024-01-04T06:46:13","slug":"outreach","status":"publish","type":"page","link":"https:\/\/www.min-on.org\/es\/outreach\/","title":{"rendered":"Actividades de inter\u00e9s p\u00fablico"},"content":{"rendered":"<p>[et_pb_section bb_built=\u00bb1&#8243; next_background_color=\u00bb#000000&#8243; _builder_version=\u00bb3.10.1&#8243; custom_padding=\u00bb||0px|\u00bb inner_width=\u00bbauto\u00bb inner_max_width=\u00bb1080px\u00bb][et_pb_row _builder_version=\u00bb3.11&#8243; use_custom_gutter=\u00bbon\u00bb gutter_width=\u00bb1&#8243; make_equal=\u00bbon\u00bb disabled=\u00bboff\u00bb disabled_on=\u00bbon|on|\u00bb width=\u00bb80%\u00bb max_width=\u00bb1080px\u00bb][et_pb_column type=\u00bb1_2&#8243; background_color=\u00bb#a3abb5&#8243; custom_padding__hover=\u00bb|||\u00bb custom_padding=\u00bb|||\u00bb][et_pb_text _builder_version=\u00bb3.15&#8243; background_color=\u00bb#4a4a4a\u00bb custom_css_main_element=\u00bbpadding: 10%;||height: 95%;\u00bb text_orientation=\u00bbleft\u00bb]<\/p>\n<h1 style=\"color: white; font-size: 50px; padding-bottom: 7%;\">Actividades de inter\u00e9s p\u00fablico<\/h1>\n<h2 style=\"color: white; line-height: 32px;\">La Asociaci\u00f3n de Conciertos Min-On ofrece programas musicales y culturales abiertos a la ciudadan\u00eda en todos los g\u00e9neros, pensados para difundir el gozo y la pasi\u00f3n por el arte y de la m\u00fasica.<\/h2>\n<p>[\/et_pb_text][et_pb_code _builder_version=\u00bb4.23.1&#8243; custom_css_main_element=\u00bbheight: 5%; ||width: 100%;||background-color: #7a8fa3;\u00bb custom_padding=\u00bb0px||0px|\u00bb saved_tabs=\u00bball\u00bb background_pattern_color=\u00bbrgba(0,0,0,0.2)\u00bb background_mask_color=\u00bb#ffffff\u00bb box_shadow_horizontal_tablet=\u00bb0px\u00bb box_shadow_vertical_tablet=\u00bb0px\u00bb box_shadow_blur_tablet=\u00bb40px\u00bb box_shadow_spread_tablet=\u00bb0px\u00bb vertical_offset_tablet=\u00bb0&#8243; horizontal_offset_tablet=\u00bb0&#8243; z_index_tablet=\u00bb0&#8243;]<\/p>\n<div><\/div>\n<p>[\/et_pb_code][\/et_pb_column][et_pb_column type=\u00bb1_2&#8243; background_color=\u00bb#a3abb5&#8243; custom_padding__hover=\u00bb|||\u00bb custom_padding=\u00bb|||\u00bb background_image=\u00bbhttps:\/\/www.min-on.org\/es\/wp-content\/uploads\/sites\/4\/2018\/07\/main-image-outreach.jpg\u00bb][\/et_pb_column][\/et_pb_row][et_pb_row _builder_version=\u00bb3.11&#8243; use_custom_gutter=\u00bbon\u00bb gutter_width=\u00bb1&#8243; make_equal=\u00bbon\u00bb disabled=\u00bboff\u00bb disabled_on=\u00bb||on\u00bb width=\u00bb80%\u00bb max_width=\u00bb1080px\u00bb][et_pb_column type=\u00bb4_4&#8243; background_color=\u00bb#a3abb5&#8243; custom_padding__hover=\u00bb|||\u00bb custom_padding=\u00bb|||\u00bb][et_pb_text _builder_version=\u00bb3.12&#8243; background_color=\u00bb#4a4a4a\u00bb custom_css_main_element=\u00bbpadding: 10%;||height: 100%;\u00bb text_orientation=\u00bbleft\u00bb]<\/p>\n<h1 style=\"color: white; font-size: 50px; padding-bottom: 7%;\">Actividades de inter\u00e9s p\u00fablico<\/h1>\n<h2 style=\"color: white; line-height: 32px;\">La Asociaci\u00f3n Musical Min-On ofrece programas musicales y culturales abiertos a la ciudadan\u00eda en todos los g\u00e9neros, pensados para difundir el gozo y la pasi\u00f3n por el arte y de la m\u00fasica.<\/h2>\n<p>[\/et_pb_text][et_pb_code _builder_version=\u00bb3.11&#8243; custom_css_main_element=\u00bbheight: 15px; ||width: 100%;||background-color: #7a8fa3;\u00bb custom_padding=\u00bb0px||0px|\u00bb saved_tabs=\u00bball\u00bb]<\/p>\n<div><\/div>\n<p>[\/et_pb_code][et_pb_image _builder_version=\u00bb3.11&#8243; src=\u00bbhttps:\/\/www.min-on.org\/es\/wp-content\/uploads\/sites\/4\/2018\/07\/main-image-outreach.jpg\u00bb align=\u00bbcenter\u00bb force_fullwidth=\u00bbon\u00bb align_last_edited=\u00bbon|desktop\u00bb align_tablet=\u00bbcenter\u00bb \/][\/et_pb_column][\/et_pb_row][et_pb_row][et_pb_column type=\u00bb1_2&#8243; custom_padding__hover=\u00bb|||\u00bb custom_padding=\u00bb|||\u00bb][et_pb_text _builder_version=\u00bb3.15&#8243; text_orientation=\u00bbleft\u00bb]<\/p>\n<p>\nLos lazos de afecto entre los pueblos son invisibles, pero tambi\u00e9n fuertes, universales y perdurables. Lo que los torna posibles es el esplendor de la cultura, que alienta el esp\u00edritu humano en pos de lo eterno y lo universal. &#8211; <span style=\"font-size: 13.5px; font-weight: 700;\">Daisaku Ikeda<\/span><br \/><span class=\"perspectiveQuote\">Adaptado de Ikeda, Daisaku: \u00abUna cuesti\u00f3n del coraz\u00f3n\u00bb, en El nuevo humanismo, trad. Paula Tizzano, M\u00e9xico: Fondo de Cultura Econ\u00f3mica, 1999, p\u00e1g. 44.<\/span><\/p>\n<p>[\/et_pb_text][\/et_pb_column][et_pb_column type=\u00bb1_2&#8243; custom_padding__hover=\u00bb|||\u00bb custom_padding=\u00bb|||\u00bb][et_pb_text _builder_version=\u00bb3.12&#8243; text_orientation=\u00bbleft\u00bb]<\/p>\n<p>\nMin-On ha trabajado durante d\u00e9cadas para revitalizar la cultura musical en todo el mundo \u2014es decir, para promover un nuevo Renacimiento global\u2014 con una amplia variedad de programas de acci\u00f3n comunitaria inspirados en sus objetivos institucionales: alentar el desarrollo de nuevos artistas talentosos, contribuir a la formar la sensibilidad de los j\u00f3venes y promover el amor a la m\u00fasica en el Jap\u00f3n y en el mundo.<\/p>\n<p>[\/et_pb_text][\/et_pb_column][\/et_pb_row][\/et_pb_section][et_pb_section bb_built=\u00bb1&#8243; specialty=\u00bboff\u00bb prev_background_color=\u00bb#000000&#8243; next_background_color=\u00bb#000000&#8243; _builder_version=\u00bb3.15&#8243; module_id=\u00bbactualBoxText\u00bb inner_width=\u00bbauto\u00bb inner_max_width=\u00bb1080px\u00bb][et_pb_row _builder_version=\u00bb3.12&#8243; module_id=\u00bbtrialHover2&#8243; width=\u00bb80%\u00bb max_width=\u00bb1080px\u00bb][et_pb_column type=\u00bb1_4&#8243; module_id=\u00bbschoolClick\u00bb module_class=\u00bblandingHover\u00bb background_color=\u00bb#7a8fa3&#8243; custom_padding__hover=\u00bb|||\u00bb custom_padding=\u00bb|||\u00bb][et_pb_image _builder_version=\u00bb3.12&#8243; src=\u00bbhttps:\/\/www.min-on.org\/es\/wp-content\/uploads\/sites\/4\/2011\/09\/boxes-image-school-e1530883222861.jpg\u00bb align=\u00bbcenter\u00bb force_fullwidth=\u00bbon\u00bb show_bottom_space=\u00bboff\u00bb align_last_edited=\u00bbon|desktop\u00bb align_tablet=\u00bbcenter\u00bb \/][et_pb_text _builder_version=\u00bb3.12&#8243; text_orientation=\u00bbleft\u00bb]<\/p>\n<h3 style=\"color: white; padding-top: 8%; padding-bottom: 8%; text-align: center;\">Conciertos en la<br \/>Escuela<\/h3>\n<p>[\/et_pb_text][\/et_pb_column][et_pb_column type=\u00bb1_4&#8243; module_id=\u00bbtohokuClick\u00bb module_class=\u00bblandingHover\u00bb background_color=\u00bb#7a8fa3&#8243; custom_padding__hover=\u00bb|||\u00bb custom_padding=\u00bb|||\u00bb][et_pb_image _builder_version=\u00bb3.12&#8243; src=\u00bbhttps:\/\/www.min-on.org\/es\/wp-content\/uploads\/sites\/4\/2018\/09\/tohoku_Tohoku-Hope-ConcertResize.jpg\u00bb align=\u00bbcenter\u00bb force_fullwidth=\u00bbon\u00bb show_bottom_space=\u00bboff\u00bb align_last_edited=\u00bbon|desktop\u00bb align_tablet=\u00bbcenter\u00bb \/][et_pb_text _builder_version=\u00bb3.12&#8243; text_orientation=\u00bbleft\u00bb]<\/p>\n<h3 style=\"color: white; padding-top: 8%; padding-bottom: 8%; text-align: center;\">Concierto por la Esperanza de Tohoku<\/h3>\n<p>[\/et_pb_text][\/et_pb_column][et_pb_column type=\u00bb1_4&#8243; module_id=\u00bbforeignClick\u00bb module_class=\u00bblandingHover\u00bb background_color=\u00bb#7a8fa3&#8243; custom_padding__hover=\u00bb|||\u00bb custom_padding=\u00bb|||\u00bb][et_pb_image _builder_version=\u00bb3.7&#8243; src=\u00bbhttps:\/\/www.min-on.org\/es\/wp-content\/uploads\/sites\/4\/2011\/09\/boxes-image-foreign-e1530883245132.jpg\u00bb align=\u00bbcenter\u00bb force_fullwidth=\u00bbon\u00bb show_bottom_space=\u00bboff\u00bb align_last_edited=\u00bbon|desktop\u00bb align_tablet=\u00bbcenter\u00bb \/][et_pb_text _builder_version=\u00bb3.12&#8243; text_orientation=\u00bbleft\u00bb]<\/p>\n<h3 style=\"color: white; padding-top: 8%; padding-bottom: 8%; text-align: center;\">Festival Internacional Estudiantil de M\u00fasica<\/h3>\n<p>[\/et_pb_text][\/et_pb_column][et_pb_column type=\u00bb1_4&#8243; module_id=\u00bbcompetitionClick\u00bb module_class=\u00bblandingHover\u00bb background_color=\u00bb#7a8fa3&#8243; custom_padding__hover=\u00bb|||\u00bb custom_padding=\u00bb|||\u00bb][et_pb_image _builder_version=\u00bb3.7&#8243; src=\u00bbhttps:\/\/www.min-on.org\/es\/wp-content\/uploads\/sites\/4\/2011\/09\/boxes-image-competitions-e1530883268422.jpg\u00bb align=\u00bbcenter\u00bb force_fullwidth=\u00bbon\u00bb show_bottom_space=\u00bboff\u00bb align_last_edited=\u00bbon|desktop\u00bb align_tablet=\u00bbcenter\u00bb \/][et_pb_text _builder_version=\u00bb3.12&#8243; text_orientation=\u00bbleft\u00bb]<\/p>\n<h3 style=\"color: white; padding-top: 8%; padding-bottom: 8%; text-align: center;\">Cert\u00e1menes<br \/>&nbsp;<\/h3>\n<p>[\/et_pb_text][\/et_pb_column][\/et_pb_row][et_pb_row _builder_version=\u00bb3.12&#8243; module_id=\u00bbtrialHover2&#8243; width=\u00bb80%\u00bb max_width=\u00bb1080px\u00bb][et_pb_column type=\u00bb1_4&#8243; module_id=\u00bbsymposiumsClick\u00bb module_class=\u00bblandingHover\u00bb background_color=\u00bb#7a8fa3&#8243; custom_padding__hover=\u00bb|||\u00bb custom_padding=\u00bb|||\u00bb][et_pb_image _builder_version=\u00bb3.12&#8243; src=\u00bbhttps:\/\/www.min-on.org\/es\/wp-content\/uploads\/sites\/4\/2011\/09\/boxes-image-symposiums-e1530883290186.jpg\u00bb align=\u00bbcenter\u00bb force_fullwidth=\u00bbon\u00bb show_bottom_space=\u00bboff\u00bb align_last_edited=\u00bbon|desktop\u00bb align_tablet=\u00bbcenter\u00bb \/][et_pb_text _builder_version=\u00bb3.12&#8243; text_orientation=\u00bbleft\u00bb]<\/p>\n<h3 style=\"color: white; padding-top: 8%; padding-bottom: 8%; text-align: center;\">Simposios<br \/>&nbsp;<\/h3>\n<p>[\/et_pb_text][\/et_pb_column][et_pb_column type=\u00bb1_4&#8243; module_id=\u00bblecturesClick\u00bb module_class=\u00bblandingHover\u00bb background_color=\u00bb#7a8fa3&#8243; custom_padding__hover=\u00bb|||\u00bb custom_padding=\u00bb|||\u00bb][et_pb_image _builder_version=\u00bb3.12&#8243; align=\u00bbcenter\u00bb force_fullwidth=\u00bbon\u00bb show_bottom_space=\u00bboff\u00bb src=\u00bbhttps:\/\/www.min-on.org\/es\/wp-content\/uploads\/sites\/4\/2018\/08\/Lecture-03-1.jpg\u00bb align_last_edited=\u00bbon|desktop\u00bb align_tablet=\u00bbcenter\u00bb \/][et_pb_text _builder_version=\u00bb3.12&#8243; text_orientation=\u00bbleft\u00bb]<\/p>\n<h3 style=\"color: white; padding-top: 8%; padding-bottom: 8%; text-align: center;\">Conferencias<br \/>&nbsp;<\/h3>\n<p>[\/et_pb_text][\/et_pb_column][et_pb_column type=\u00bb1_4&#8243; module_id=\u00bbworkshopClick\u00bb module_class=\u00bblandingHover\u00bb background_color=\u00bb#7a8fa3&#8243; custom_padding__hover=\u00bb|||\u00bb custom_padding=\u00bb|||\u00bb][et_pb_image _builder_version=\u00bb3.12&#8243; align=\u00bbcenter\u00bb force_fullwidth=\u00bbon\u00bb show_bottom_space=\u00bboff\u00bb src=\u00bbhttps:\/\/www.min-on.org\/es\/wp-content\/uploads\/sites\/4\/2011\/09\/boxes-image-workshops-e1530883315140.jpg\u00bb align_last_edited=\u00bbon|desktop\u00bb align_tablet=\u00bbcenter\u00bb \/][et_pb_text _builder_version=\u00bb3.12&#8243; text_orientation=\u00bbleft\u00bb]<\/p>\n<h3 style=\"color: white; padding-top: 8%; padding-bottom: 8%; text-align: center;\">Talleres<br \/>&nbsp;<\/h3>\n<p>[\/et_pb_text][\/et_pb_column][et_pb_column type=\u00bb1_4&#8243; module_id=\u00bbminOnInstituteClick\u00bb module_class=\u00bblandingHover\u00bb background_color=\u00bb#7a8fa3&#8243; custom_padding__hover=\u00bb|||\u00bb custom_padding=\u00bb|||\u00bb][et_pb_image _builder_version=\u00bb3.12&#8243; align=\u00bbcenter\u00bb force_fullwidth=\u00bbon\u00bb show_bottom_space=\u00bboff\u00bb src=\u00bbhttps:\/\/www.min-on.org\/es\/wp-content\/uploads\/sites\/4\/2018\/09\/institute_Min-On-Music-Research-InstituteResize.jpg\u00bb align_last_edited=\u00bbon|desktop\u00bb align_tablet=\u00bbcenter\u00bb \/][et_pb_text _builder_version=\u00bb3.12&#8243; text_orientation=\u00bbleft\u00bb]<\/p>\n<h3 style=\"color: white; padding-top: 8%; padding-bottom: 8%; text-align: center;\">Instituto de Investigaciones Musicales Min-On<\/h3>\n<p>[\/et_pb_text][\/et_pb_column][\/et_pb_row][\/et_pb_section][et_pb_section bb_built=\u00bb1&#8243; fullwidth=\u00bboff\u00bb specialty=\u00bboff\u00bb prev_background_color=\u00bb#000000&#8243;][et_pb_row][et_pb_column type=\u00bb4_4&#8243;][et_pb_code _builder_version=\u00bb3.12&#8243; text_orientation=\u00bbleft\u00bb]<script><!-- [et_pb_line_break_holder] -->$(\"#schoolClick\").click(function(){<!-- [et_pb_line_break_holder] -->     window.location = \"https:\/\/www.min-on.org\/es\/school-concerts\/\";<!-- [et_pb_line_break_holder] -->});<!-- [et_pb_line_break_holder] --><!-- [et_pb_line_break_holder] -->$(\"#tohokuClick\").click(function(){<!-- [et_pb_line_break_holder] -->     window.location = \"https:\/\/www.min-on.org\/es\/tohoku-hope-concert\/\";<!-- [et_pb_line_break_holder] -->});<!-- [et_pb_line_break_holder] --><!-- [et_pb_line_break_holder] --><!-- [et_pb_line_break_holder] -->$(\"#foreignClick\").click(function(){<!-- [et_pb_line_break_holder] -->     window.location = \"https:\/\/www.min-on.org\/es\/international-student-musical-festival\/\";<!-- [et_pb_line_break_holder] -->});<!-- [et_pb_line_break_holder] --><!-- [et_pb_line_break_holder] -->$(\"#competitionClick\").click(function(){<!-- [et_pb_line_break_holder] -->     window.location = \"https:\/\/www.min-on.org\/es\/competitions\/\";<!-- [et_pb_line_break_holder] -->});<!-- [et_pb_line_break_holder] --><!-- [et_pb_line_break_holder] -->$(\"#symposiumsClick\").click(function(){<!-- [et_pb_line_break_holder] -->     window.location = \"https:\/\/www.min-on.org\/es\/symposiums\/\";<!-- [et_pb_line_break_holder] -->});<!-- [et_pb_line_break_holder] --><!-- [et_pb_line_break_holder] -->$(\"#lecturesClick\").click(function(){<!-- [et_pb_line_break_holder] -->     window.location = \"https:\/\/www.min-on.org\/es\/lectures\/\";<!-- [et_pb_line_break_holder] -->});<!-- [et_pb_line_break_holder] --><!-- [et_pb_line_break_holder] -->$(\"#workshopClick\").click(function(){<!-- [et_pb_line_break_holder] -->     window.location = \"https:\/\/www.min-on.org\/es\/workshops\/\";<!-- [et_pb_line_break_holder] -->});<!-- [et_pb_line_break_holder] --><!-- [et_pb_line_break_holder] -->$(\"#minOnInstituteClick\").click(function(){<!-- [et_pb_line_break_holder] -->     window.location = \"https:\/\/www.min-on.org\/es\/min-on-music-research-institute\/\";<!-- [et_pb_line_break_holder] -->});<!-- [et_pb_line_break_holder] --><!-- [et_pb_line_break_holder] --><\/script>[\/et_pb_code][\/et_pb_column][\/et_pb_row][\/et_pb_section]<\/p>\n","protected":false},"excerpt":{"rendered":"<p>Actividades de inter\u00e9s p\u00fablico La Asociaci\u00f3n de Conciertos Min-On ofrece programas musicales y culturales abiertos a la ciudadan\u00eda en todos los g\u00e9neros, pensados para difundir el gozo y la pasi\u00f3n por el arte y de la m\u00fasica. Actividades de inter\u00e9s p\u00fablico La Asociaci\u00f3n Musical Min-On ofrece programas musicales y culturales abiertos a la ciudadan\u00eda en [&hellip;]<\/p>\n","protected":false},"author":1,"featured_media":0,"parent":0,"menu_order":0,"comment_status":"closed","ping_status":"closed","template":"","meta":{"_et_pb_use_builder":"on","_et_pb_old_content":"","_et_gb_content_width":"","footnotes":""},"categories":[],"tags":[],"distributor_meta":false,"distributor_terms":false,"distributor_media":false,"distributor_original_site_name":"Spanish - Min-On Website","distributor_original_site_url":"https:\/\/www.min-on.org\/es","_links":{"self":[{"href":"https:\/\/www.min-on.org\/es\/wp-json\/wp\/v2\/pages\/3227"}],"collection":[{"href":"https:\/\/www.min-on.org\/es\/wp-json\/wp\/v2\/pages"}],"about":[{"href":"https:\/\/www.min-on.org\/es\/wp-json\/wp\/v2\/types\/page"}],"author":[{"embeddable":true,"href":"https:\/\/www.min-on.org\/es\/wp-json\/wp\/v2\/users\/1"}],"replies":[{"embeddable":true,"href":"https:\/\/www.min-on.org\/es\/wp-json\/wp\/v2\/comments?post=3227"}],"version-history":[{"count":37,"href":"https:\/\/www.min-on.org\/es\/wp-json\/wp\/v2\/pages\/3227\/revisions"}],"predecessor-version":[{"id":13958,"href":"https:\/\/www.min-on.org\/es\/wp-json\/wp\/v2\/pages\/3227\/revisions\/13958"}],"wp:attachment":[{"href":"https:\/\/www.min-on.org\/es\/wp-json\/wp\/v2\/media?parent=3227"}],"wp:term":[{"taxonomy":"category","embeddable":true,"href":"https:\/\/www.min-on.org\/es\/wp-json\/wp\/v2\/categories?post=3227"},{"taxonomy":"post_tag","embeddable":true,"href":"https:\/\/www.min-on.org\/es\/wp-json\/wp\/v2\/tags?post=3227"}],"curies":[{"name":"wp","href":"https:\/\/api.w.org\/{rel}","templated":true}]}}