{"id":3184,"date":"2018-07-08T09:12:00","date_gmt":"2018-07-08T09:12:00","guid":{"rendered":"http:\/\/min-on.matthewbyrt.com\/?page_id=3184"},"modified":"2018-11-02T16:08:59","modified_gmt":"2018-11-02T16:08:59","slug":"caribbean-series","status":"publish","type":"page","link":"https:\/\/www.min-on.org\/es\/caribbean-series\/","title":{"rendered":"Ciclo Caribe\u00f1o"},"content":{"rendered":"<p>[et_pb_section bb_built=\u00bb1&#8243; next_background_color=\u00bb#000000&#8243; _builder_version=\u00bb3.11&#8243; custom_padding=\u00bb||3% !important|\u00bb][et_pb_row _builder_version=\u00bb3.11&#8243; custom_padding=\u00bb0px|||\u00bb][et_pb_column type=\u00bb4_4&#8243;][et_pb_text _builder_version=\u00bb3.12&#8243;]<\/p>\n<h1 style=\"line-height: 36px;\">Ciclo Caribe\u00f1o<\/h1>\n<p>[\/et_pb_text][\/et_pb_column][\/et_pb_row][et_pb_row _builder_version=\u00bb3.11&#8243; custom_padding=\u00bb||4%|\u00bb][et_pb_column type=\u00bb4_4&#8243;][et_pb_image _builder_version=\u00bb3.12&#8243; src=\u00bbhttps:\/\/www.min-on.org\/es\/wp-content\/uploads\/sites\/4\/2018\/08\/main-image-caribbean-series.jpg\u00bb force_fullwidth=\u00bbon\u00bb show_bottom_space=\u00bboff\u00bb \/][\/et_pb_column][\/et_pb_row][\/et_pb_section][et_pb_section bb_built=\u00bb1&#8243; specialty=\u00bboff\u00bb prev_background_color=\u00bb#000000&#8243; _builder_version=\u00bb3.7&#8243; custom_padding=\u00bb0px|||\u00bb next_background_color=\u00bb#000000&#8243;][et_pb_row _builder_version=\u00bb3.7&#8243; custom_css_main_1=\u00bbcontent:%22%22;||    display:table;||    clear:both;\u00bb][et_pb_column type=\u00bb1_2&#8243;][et_pb_text _builder_version=\u00bb3.12&#8243;]<\/p>\n<p>En la regi\u00f3n del Caribe florecen prol\u00edficas y variadas culturas musicales. Cada naci\u00f3n posee una identidad cultural propia, hist\u00f3ricamente formada a partir de la convergencia entre influencias coloniales europeas, el linaje africano tra\u00eddo por los esclavos y las tradiciones perdurables de las tribus nativas, sumadas a otras corrientes migratorias regionales. Con el tiempo, fueron surgiendo g\u00e9neros musicales estil\u00edsticamente diferenciados, como el reggae, el compas, el zouk, la salsa, el calipso y el ska, muchos de los cuales alcanzaron gran popularidad fuera del Caribe.<\/p>\n<p>Al respecto, en el Ciclo de Conciertos Min-On se destaca \u00abCrucero musical por el Caribe\u00bb. El primer espect\u00e1culo de esta serie se estren\u00f3 en el verano de 2009 y acerc\u00f3 al p\u00fablico local las exuberantes culturas musicales de los pa\u00edses caribe\u00f1os. Como primer \u00abdestino\u00bb de este crucero, Min-On invit\u00f3 al ensamble Mini All Stars de Hait\u00ed, que brind\u00f3 una apasionada y r\u00edtmica funci\u00f3n de compas, un g\u00e9nero musical t\u00edpicamente haitiano.<\/p>\n<p>El segundo destino del \u00abCrucero musical por el Caribe\u00bb, en el verano de 2011, fue Jamaica, una isla cuya m\u00fasica tiene adeptos en todo el mundo, con g\u00e9neros muy diversos que van desde el mento y el ska hasta el rocksteady y, por supuesto, el reggae. El Ministerio de Juventud, Deportes y Cultura del Gobierno de Jamaica promovi\u00f3 la creaci\u00f3n de un grupo de artistas talentosos llamado Jamaica Rocks, y lo envi\u00f3 como delegaci\u00f3n oficial de intercambio cultural a veinticuatro pa\u00edses del Jap\u00f3n.<\/p>\n<p>[\/et_pb_text][\/et_pb_column][et_pb_column type=\u00bb1_2&#8243;][et_pb_text _builder_version=\u00bb3.15&#8243;]<\/p>\n<h2>Cronolog\u00eda de conciertos:<\/h2>\n<h4 style=\"padding-top: 4%;\">2009 Primer recital<\/h4>\n<p>Mini All Stars (Hait\u00ed)<\/p>\n<p>[\/et_pb_text][et_pb_image _builder_version=\u00bb3.15&#8243; src=\u00bbhttps:\/\/www.min-on.org\/es\/wp-content\/uploads\/sites\/4\/2018\/11\/The-Mini-All-Stars-from-Haiti-in-2009.jpg\u00bb force_fullwidth=\u00bbon\u00bb show_in_lightbox=\u00bbon\u00bb \/][et_pb_text _builder_version=\u00bb3.15&#8243;]<\/p>\n<hr style=\"border-top: solid 1px #dbc94d;\">\n<h4 style=\"padding-top: 1%;\">2011 Segundo recital<\/h4>\n<p>Jamaica Rocks (Jamaica)<\/p>\n<p>[\/et_pb_text][et_pb_image _builder_version=\u00bb3.15&#8243; src=\u00bbhttps:\/\/www.min-on.org\/es\/wp-content\/uploads\/sites\/4\/2018\/11\/Jamaica-Rocks-from-Jamaica-in-2011.jpg\u00bb force_fullwidth=\u00bbon\u00bb show_in_lightbox=\u00bbon\u00bb \/][et_pb_text _builder_version=\u00bb3.15&#8243;]<\/p>\n<hr style=\"border-top: solid 1px #dbc94d;\">\n<h4 style=\"padding-top: 1%;\">2013 Tercer recital<\/h4>\n<p>C\u00e9sar L\u00f3pez y Habana Ensamble (Cuba)<\/p>\n<p>[\/et_pb_text][et_pb_image _builder_version=\u00bb3.15&#8243; src=\u00bbhttps:\/\/www.min-on.org\/es\/wp-content\/uploads\/sites\/4\/2018\/11\/CESAR-LOPEZ-HAVANA-ENSEMBLE-in-2013.jpg\u00bb force_fullwidth=\u00bbon\u00bb show_in_lightbox=\u00bbon\u00bb \/][\/et_pb_column][\/et_pb_row][\/et_pb_section][et_pb_section bb_built=\u00bb1&#8243; admin_label=\u00bbRelated Articles\u00bb specialty=\u00bboff\u00bb _builder_version=\u00bb3.15&#8243; custom_padding=\u00bb0px|||\u00bb disabled_on=\u00bbon|on|on\u00bb disabled=\u00bbon\u00bb prev_background_color=\u00bb#000000&#8243; collapsed=\u00bbon\u00bb][et_pb_row _builder_version=\u00bb3.11&#8243; custom_padding=\u00bb0px|||\u00bb][et_pb_column type=\u00bb4_4&#8243;][et_pb_text _builder_version=\u00bb3.12&#8243;]<\/p>\n<h1 style=\"line-height: 36px;\">Related Articles<\/h1>\n<p>[\/et_pb_text][\/et_pb_column][\/et_pb_row][et_pb_row _builder_version=\u00bb3.12&#8243; custom_padding=\u00bb|1.5%||1.5%\u00bb][et_pb_column type=\u00bb4_4&#8243;][et_pb_blog _builder_version=\u00bb3.15&#8243; posts_number=\u00bb3&#8243; fullwidth=\u00bboff\u00bb include_categories=\u00bb405&#8243; \/][\/et_pb_column][\/et_pb_row][\/et_pb_section]<\/p>\n","protected":false},"excerpt":{"rendered":"<p>Ciclo Caribe\u00f1o En la regi\u00f3n del Caribe florecen prol\u00edficas y variadas culturas musicales. Cada naci\u00f3n posee una identidad cultural propia, hist\u00f3ricamente formada a partir de la convergencia entre influencias coloniales europeas, el linaje africano tra\u00eddo por los esclavos y las tradiciones perdurables de las tribus nativas, sumadas a otras corrientes migratorias regionales. Con el tiempo, [&hellip;]<\/p>\n","protected":false},"author":1,"featured_media":0,"parent":0,"menu_order":0,"comment_status":"closed","ping_status":"closed","template":"","meta":{"_et_pb_use_builder":"on","_et_pb_old_content":"","_et_gb_content_width":"","footnotes":""},"categories":[],"tags":[],"distributor_meta":false,"distributor_terms":false,"distributor_media":false,"distributor_original_site_name":"Spanish - Min-On Website","distributor_original_site_url":"https:\/\/www.min-on.org\/es","_links":{"self":[{"href":"https:\/\/www.min-on.org\/es\/wp-json\/wp\/v2\/pages\/3184"}],"collection":[{"href":"https:\/\/www.min-on.org\/es\/wp-json\/wp\/v2\/pages"}],"about":[{"href":"https:\/\/www.min-on.org\/es\/wp-json\/wp\/v2\/types\/page"}],"author":[{"embeddable":true,"href":"https:\/\/www.min-on.org\/es\/wp-json\/wp\/v2\/users\/1"}],"replies":[{"embeddable":true,"href":"https:\/\/www.min-on.org\/es\/wp-json\/wp\/v2\/comments?post=3184"}],"version-history":[{"count":17,"href":"https:\/\/www.min-on.org\/es\/wp-json\/wp\/v2\/pages\/3184\/revisions"}],"predecessor-version":[{"id":7765,"href":"https:\/\/www.min-on.org\/es\/wp-json\/wp\/v2\/pages\/3184\/revisions\/7765"}],"wp:attachment":[{"href":"https:\/\/www.min-on.org\/es\/wp-json\/wp\/v2\/media?parent=3184"}],"wp:term":[{"taxonomy":"category","embeddable":true,"href":"https:\/\/www.min-on.org\/es\/wp-json\/wp\/v2\/categories?post=3184"},{"taxonomy":"post_tag","embeddable":true,"href":"https:\/\/www.min-on.org\/es\/wp-json\/wp\/v2\/tags?post=3184"}],"curies":[{"name":"wp","href":"https:\/\/api.w.org\/{rel}","templated":true}]}}