{"id":3179,"date":"2018-07-08T08:55:13","date_gmt":"2018-07-08T08:55:13","guid":{"rendered":"http:\/\/min-on.matthewbyrt.com\/?page_id=3179"},"modified":"2020-01-10T02:21:13","modified_gmt":"2020-01-10T02:21:13","slug":"african-series","status":"publish","type":"page","link":"https:\/\/www.min-on.org\/es\/african-series\/","title":{"rendered":"Ciclo Africano"},"content":{"rendered":"<p>[et_pb_section bb_built=\u00bb1&#8243; next_background_color=\u00bb#000000&#8243; _builder_version=\u00bb3.11&#8243; custom_padding=\u00bb||3% !important|\u00bb][et_pb_row _builder_version=\u00bb3.11&#8243; custom_padding=\u00bb0px|||\u00bb][et_pb_column type=\u00bb4_4&#8243;][et_pb_text _builder_version=\u00bb3.12&#8243;]<\/p>\n<h1 style=\"line-height: 36px;\">Ciclo Africano<\/h1>\n<p>[\/et_pb_text][\/et_pb_column][\/et_pb_row][et_pb_row _builder_version=\u00bb3.11&#8243; custom_padding=\u00bb||4%|\u00bb][et_pb_column type=\u00bb4_4&#8243;][et_pb_image _builder_version=\u00bb3.12&#8243; src=\u00bbhttps:\/\/www.min-on.org\/es\/wp-content\/uploads\/sites\/4\/2018\/08\/main-image-african-series.jpg\u00bb force_fullwidth=\u00bbon\u00bb show_bottom_space=\u00bboff\u00bb \/][\/et_pb_column][\/et_pb_row][\/et_pb_section][et_pb_section bb_built=\u00bb1&#8243; specialty=\u00bboff\u00bb prev_background_color=\u00bb#000000&#8243; _builder_version=\u00bb3.7&#8243; custom_padding=\u00bb0px|||\u00bb next_background_color=\u00bb#000000&#8243;][et_pb_row _builder_version=\u00bb3.7&#8243; custom_css_main_1=\u00bbcontent:%22%22;||    display:table;||    clear:both;\u00bb disabled_on=\u00bbon|on|on\u00bb disabled=\u00bbon\u00bb collapsed=\u00bbon\u00bb][et_pb_column type=\u00bb1_2&#8243;][et_pb_text _builder_version=\u00bb3.12&#8243; custom_css_main_element=\u00bbfloat: left;||width: 45%;\u00bb module_class=\u00bbclearfix\u00bb]<\/p>\n<p><img loading=\"lazy\" decoding=\"async\" style=\"width: 100%;\" src=\"https:\/\/www.min-on.org\/es\/wp-content\/uploads\/sites\/4\/2011\/09\/thumbnail-african-series6.jpg\" alt=\"Kenyan National Dancers and Drummers in 1991\" width=\"200\" height=\"132\" class=\"alignnone size-full wp-image-758\"><br \/>\nCompa\u00f1\u00eda Nacional de Bailarines y Percusionistas de Kenia (1991)<\/p>\n<p>[\/et_pb_text][et_pb_text _builder_version=\u00bb3.12&#8243; custom_css_main_element=\u00bbfloat: right;||width: 45%;||\u00bb custom_css_after=\u00bb   content: %22 %22; \/* Older browser do not support empty content *\/||   visibility: hidden;||   display: block;||   height: 0;||   clear: both;||\u00bb]<\/p>\n<p><img loading=\"lazy\" decoding=\"async\" style=\"width: 100%;\" src=\"https:\/\/www.min-on.org\/es\/wp-content\/uploads\/sites\/4\/2011\/09\/thumbnail-african-series5.jpg\" alt=\"African Pop Group \u201cTatunane\u201d from Tanzania in 1992\" width=\"200\" height=\"132\" class=\"alignnone size-full wp-image-759\"><br \/>\nGrupo pop africano Tatunane, de Tanzania (1992)<\/p>\n<p>[\/et_pb_text][et_pb_code _builder_version=\u00bb3.7&#8243; custom_padding=\u00bb0px||0px|\u00bb custom_margin=\u00bb0px||0px|\u00bb]&lt;div style=&quot;clear: both;&quot;&gt;&lt;\/div&gt; &lt;!&#8211; Clear the float &#8211;&gt;[\/et_pb_code][et_pb_text _builder_version=\u00bb3.15&#8243; custom_css_main_element=\u00bbfloat: left;||width: 45%;\u00bb module_class=\u00bbclearfix\u00bb]<\/p>\n<p><img loading=\"lazy\" decoding=\"async\" style=\"width: 100%;\" src=\"https:\/\/www.min-on.org\/es\/wp-content\/uploads\/sites\/4\/2011\/09\/thumbnail-african-series3.jpg\" alt=\"The World of Madagascan Music in 2007\" width=\"200\" height=\"132\" class=\"alignnone size-full wp-image-764\"><br \/>\nEl mundo de la m\u00fasica de Madagascar (2007)<\/p>\n<p>[\/et_pb_text][et_pb_text _builder_version=\u00bb3.15&#8243; custom_css_main_element=\u00bbfloat: right;||width: 45%;||\u00bb custom_css_after=\u00bb   content: %22 %22; \/* Older browser do not support empty content *\/||   visibility: hidden;||   display: block;||   height: 0;||   clear: both;||\u00bb]<\/p>\n<p><img loading=\"lazy\" decoding=\"async\" style=\"width: 100%;\" src=\"https:\/\/www.min-on.org\/es\/wp-content\/uploads\/sites\/4\/2018\/11\/African-percussion-group-Amampondo-in-1995.jpg\" alt=\"African-percussion-group-Amampondo-in-1995\" width=\"200\" height=\"132\" class=\"alignnone size-full wp-image-759\"><br \/>\nGrupo de percusi\u00f3n africana Amampondo (1995)<\/p>\n<p>[\/et_pb_text][et_pb_code _builder_version=\u00bb3.15&#8243; custom_padding=\u00bb0px||0px|\u00bb custom_margin=\u00bb0px||0px|\u00bb]&lt;div style=&quot;clear: both;&quot;&gt;&lt;\/div&gt; &lt;!&#8211; Clear the float &#8211;&gt;[\/et_pb_code][et_pb_text _builder_version=\u00bb3.15&#8243; custom_css_main_element=\u00bbfloat: left;||width: 45%;\u00bb module_class=\u00bbclearfix\u00bb]<\/p>\n<p><img loading=\"lazy\" decoding=\"async\" style=\"width: 100%;\" src=\"https:\/\/www.min-on.org\/es\/wp-content\/uploads\/sites\/4\/2018\/11\/The-National-Troupe-of-Nigeria-in-1992.jpg\" alt=\"The-National-Troupe-of-Nigeria-in-1992\" width=\"200\" height=\"132\" class=\"alignnone size-full wp-image-764\"><br \/>\nCompa\u00f1\u00eda Nacional de Nigeria (1992)<\/p>\n<p>[\/et_pb_text][et_pb_text _builder_version=\u00bb3.15&#8243; custom_css_main_element=\u00bbfloat: right;||width: 45%;||\u00bb custom_css_after=\u00bb   content: %22 %22; \/* Older browser do not support empty content *\/||   visibility: hidden;||   display: block;||   height: 0;||   clear: both;||\u00bb]<\/p>\n<p><img loading=\"lazy\" decoding=\"async\" style=\"width: 100%;\" src=\"https:\/\/www.min-on.org\/es\/wp-content\/uploads\/sites\/4\/2018\/11\/The-National-Ballet-of-Cameroon-in-2010.jpg\" alt=\"The-National-Ballet-of-Cameroon-in-2010\" width=\"200\" height=\"132\" class=\"alignnone size-full wp-image-759\"><br \/>\nBallet Nacional de Camer\u00fan (2010)<\/p>\n<p>[\/et_pb_text][et_pb_code _builder_version=\u00bb3.15&#8243; custom_padding=\u00bb0px||0px|\u00bb custom_margin=\u00bb0px||0px|\u00bb]&lt;div style=&quot;clear: both;&quot;&gt;&lt;\/div&gt; &lt;!&#8211; Clear the float &#8211;&gt;[\/et_pb_code][et_pb_text _builder_version=\u00bb3.15&#8243; custom_css_main_element=\u00bbfloat: left;||width: 45%;\u00bb module_class=\u00bbclearfix\u00bb]<\/p>\n<p><img loading=\"lazy\" decoding=\"async\" style=\"width: 100%;\" src=\"https:\/\/www.min-on.org\/es\/wp-content\/uploads\/sites\/4\/2018\/11\/Senegal\u0081fs-National-Ballet-\u0081gLa-Linguere\u0081h-in-2005.jpg\" alt=\"Senegal\u0081fs-National-Ballet-\u0081gLa-Linguere\u0081h-in-2005\" width=\"200\" height=\"132\" class=\"alignnone size-full wp-image-764\"><br \/>\nBallet Nacional La Linguere de Senegal (2005)<\/p>\n<p>[\/et_pb_text][et_pb_text _builder_version=\u00bb3.15&#8243; custom_css_main_element=\u00bbfloat: right;||width: 45%;||\u00bb custom_css_after=\u00bb   content: %22 %22; \/* Older browser do not support empty content *\/||   visibility: hidden;||   display: block;||   height: 0;||   clear: both;||\u00bb]<\/p>\n<p><img loading=\"lazy\" decoding=\"async\" style=\"width: 100%;\" src=\"https:\/\/www.min-on.org\/es\/wp-content\/uploads\/sites\/4\/2018\/11\/The-Music-of-Morocco-with-Amina-Alaoui-Tachinouit-and-Gnawa-in-2003.jpg\" alt=\"The Music of Morocco with Amina Alaoui, Tachinouit and Gnawa in 2003\" width=\"200\" height=\"132\" class=\"alignnone size-full wp-image-759\"><br \/>\nLa m\u00fasica de Marruecos, con Amina Alaoui, Tachinouit y Gnawa (2003)<\/p>\n<p>[\/et_pb_text][et_pb_code _builder_version=\u00bb3.15&#8243; custom_padding=\u00bb0px||0px|\u00bb custom_margin=\u00bb0px||0px|\u00bb]&lt;div style=&quot;clear: both;&quot;&gt;&lt;\/div&gt; &lt;!&#8211; Clear the float &#8211;&gt;[\/et_pb_code][et_pb_text _builder_version=\u00bb3.15&#8243; custom_css_main_element=\u00bbfloat: left;||width: 45%;\u00bb module_class=\u00bbclearfix\u00bb]<\/p>\n<p><img loading=\"lazy\" decoding=\"async\" style=\"width: 100%;\" src=\"https:\/\/www.min-on.org\/es\/wp-content\/uploads\/sites\/4\/2018\/11\/Ghana-National-Dance-Ensemble-in-2012.jpg\" alt=\"Ghana National Dance Ensemble in 2012\" width=\"200\" height=\"132\" class=\"alignnone size-full wp-image-764\"><br \/>\nEnsamble Nacional de Danzas de Ghana (2012)<\/p>\n<p>[\/et_pb_text][et_pb_text _builder_version=\u00bb3.15&#8243; custom_css_main_element=\u00bbfloat: right;||width: 45%;||\u00bb custom_css_after=\u00bb   content: %22 %22; \/* Older browser do not support empty content *\/||   visibility: hidden;||   display: block;||   height: 0;||   clear: both;||\u00bb]<\/p>\n<p><img loading=\"lazy\" decoding=\"async\" style=\"width: 100%;\" src=\"https:\/\/www.min-on.org\/es\/wp-content\/uploads\/sites\/4\/2018\/11\/Ethiopian-National-Folk-Music-and-Dance-Troupe-in-1999.jpg\" alt=\"Ethiopian National Folk Music and Dance Troupe in 1999\" width=\"200\" height=\"132\" class=\"alignnone size-full wp-image-759\"><br \/>\nCompa\u00f1\u00eda Nacional de M\u00fasica y Danzas Folkl\u00f3ricas de Etiop\u00eda (1999)<\/p>\n<p>[\/et_pb_text][et_pb_code _builder_version=\u00bb3.15&#8243; custom_padding=\u00bb0px||0px|\u00bb custom_margin=\u00bb0px||0px|\u00bb]&lt;div style=&quot;clear: both;&quot;&gt;&lt;\/div&gt; &lt;!&#8211; Clear the float &#8211;&gt;[\/et_pb_code][et_pb_text _builder_version=\u00bb3.15&#8243; custom_css_main_element=\u00bbfloat: left;||width: 45%;\u00bb module_class=\u00bbclearfix\u00bb]<\/p>\n<p><img loading=\"lazy\" decoding=\"async\" style=\"width: 100%;\" src=\"https:\/\/www.min-on.org\/es\/wp-content\/uploads\/sites\/4\/2018\/11\/Egyptian-Heritage-Dance-Troupe-in-1992.jpg\" alt=\"Egyptian-Heritage-Dance-Troupe-in-1992\" width=\"200\" height=\"132\" class=\"alignnone size-full wp-image-764\"><br \/>\nCompa\u00f1\u00eda de Danzas de la Herencia Africana Al-Tannoura y Ensamble Nacional de M\u00fasica \u00c1rabe (1992)<\/p>\n<p>[\/et_pb_text][et_pb_text _builder_version=\u00bb3.12&#8243; custom_css_main_element=\u00bbfloat: right;||width: 45%;||\u00bb custom_css_after=\u00bb   content: %22 %22; \/* Older browser do not support empty content *\/||   visibility: hidden;||   display: block;||   height: 0;||   clear: both;||\u00bb]<\/p>\n<p><img loading=\"lazy\" decoding=\"async\" style=\"width: 100%;\" src=\"https:\/\/www.min-on.org\/es\/wp-content\/uploads\/sites\/4\/2011\/09\/thumbnail-african-series1.jpg\" alt=\"The National Ballet of the Republic of Guinea in 1975\" width=\"200\" height=\"132\" class=\"alignnone size-full wp-image-764\"><br \/>\nBallet Nacional de la Rep\u00fablica de Guinea (1975)<\/p>\n<p>[\/et_pb_text][et_pb_code _builder_version=\u00bb3.15&#8243; custom_padding=\u00bb0px||0px|\u00bb custom_margin=\u00bb0px||0px|\u00bb]&lt;div style=&quot;clear: both;&quot;&gt;&lt;\/div&gt; &lt;!&#8211; Clear the float &#8211;&gt;[\/et_pb_code][\/et_pb_column][et_pb_column type=\u00bb1_2&#8243;][et_pb_text _builder_version=\u00bb3.15&#8243;]<\/p>\n<h2>Cronolog\u00eda de conciertos:<\/h2>\n<h4 style=\"padding-top: 4%;\">Julio de 1971 &#8211; Guinea<\/h4>\n<p>Ballet Nacional de la Rep\u00fablica de Guinea<\/p>\n<hr style=\"border-top: solid 1px #dbc94d;\">\n<h4 style=\"padding-top: 1%;\">Marzo de 1991 &#8211; Kenia<\/h4>\n<p>Compa\u00f1\u00eda Nacional de Bailarines y Percusionistas de Kenia<\/p>\n<hr style=\"border-top: solid 1px #dbc94d;\">\n<h4 style=\"padding-top: 1%;\">Marzo de 1992 \u2013 Egipto<\/h4>\n<p>Compa\u00f1\u00eda de Danzas de la Herencia Africana Al-Tannoura y Ensamble Nacional de M\u00fasica \u00c1rabe<\/p>\n<hr style=\"border-top: solid 1px #dbc94d;\">\n<h4 style=\"padding-top: 1%;\">Julio de 1992 &#8211; Nigeria<\/h4>\n<p>Compa\u00f1\u00eda Nacional de Nigeria<\/p>\n<hr style=\"border-top: solid 1px #dbc94d;\">\n<h4 style=\"padding-top: 1%;\">Octubre de 1992 &#8211; Tanzania<\/h4>\n<p>Grupo de pop africano Tatunane<\/p>\n<hr style=\"border-top: solid 1px #dbc94d;\">\n<h4 style=\"padding-top: 1%;\">Octubre de 1995 &#8211; Sud\u00e1frica<\/h4>\n<p>Grupo de percusi\u00f3n africana Amampondo<\/p>\n<hr style=\"border-top: solid 1px #dbc94d;\">\n<h4 style=\"padding-top: 1%;\">Diciembre de 1997 &#8211; Ghana<\/h4>\n<p>Exposici\u00f3n \u00abLos 40 a\u00f1os de Ghana\u00bb, en el Centro Cultural Min-On<\/p>\n<hr style=\"border-top: solid 1px #dbc94d;\">\n<h4 style=\"padding-top: 1%;\">Agosto de 1999 &#8211; Etiop\u00eda<\/h4>\n<p>\u00abUn periplo musical a trav\u00e9s del \u00c1frica\u00bb (1) Compa\u00f1\u00eda Nacional de M\u00fasica y Danzas Folkl\u00f3ricas de Etiop\u00eda<\/p>\n<hr style=\"border-top: solid 1px #dbc94d;\">\n<h4 style=\"padding-top: 1%;\">Agosto de 2001 &#8211; Zambia<\/h4>\n<p>\u00abUn periplo musical a trav\u00e9s del \u00c1frica\u00bb (2) Compa\u00f1\u00eda Nacional de Danzas de Zambia<\/p>\n<hr style=\"border-top: solid 1px #dbc94d;\">\n<h4 style=\"padding-top: 1%;\">Agosto de 2003 &#8211; Marruecos<\/h4>\n<p>\u00abUn periplo musical a trav\u00e9s del \u00c1frica\u00bb (3) La m\u00fasica de Marruecos, con Amina Alaoui, Tachinouit y Gnawa<\/p>\n<hr style=\"border-top: solid 1px #dbc94d;\">\n<h4 style=\"padding-top: 1%;\">Agosto de 2005 &#8211; Senegal<\/h4>\n<p>\u00abUn periplo musical a trav\u00e9s del \u00c1frica\u00bb (4) Ballet Nacional La Linguere de Senegal<\/p>\n<hr style=\"border-top: solid 1px #dbc94d;\">\n<h4 style=\"padding-top: 1%;\">Agosto de 2007 &#8211; Madagascar<\/h4>\n<p>\u00abUn periplo musical a trav\u00e9s del \u00c1frica\u00bb (5) El mundo de la m\u00fasica de Madagascar<\/p>\n<hr style=\"border-top: solid 1px #dbc94d;\">\n<h4 style=\"padding-top: 1%;\">Setiembre de 2010 &#8211; Camer\u00fan<\/h4>\n<p>\u00abUn periplo musical a trav\u00e9s del \u00c1frica\u00bb (6) Ballet Nacional de Camer\u00fan<\/p>\n<hr style=\"border-top: solid 1px #dbc94d;\">\n<h4 style=\"padding-top: 1%;\">Agosto de 2012 &#8211; Ghana<\/h4>\n<p>\u00abUn periplo musical a trav\u00e9s del \u00c1frica\u00bb (7) Ensamble Nacional de Danzas de Ghana<\/p>\n<p>[\/et_pb_text][\/et_pb_column][\/et_pb_row][et_pb_row][et_pb_column type=\u00bb4_4&#8243;][et_pb_text _builder_version=\u00bb3.15&#8243;]<\/p>\n<p>En su Propuesta de Paz presentada a las Naciones Unidas en 2001, el fundador de Min-On, Daisaku Ikeda, expres\u00f3: \u00ab\u00c1frica es la cuna de la humanidad. Ha sido un continente de esperanza que ha gestado una nutrida diversidad de civilizaciones desde los tiempos antiguos, dadoras de infinitos beneficios en m\u00faltiples campos, como la filosof\u00eda y la ciencia. Desde hace mucho tiempo albergo la convicci\u00f3n de que el siglo XXI debe ser la centuria de \u00c1frica\u00bb. Con el deseo de cultivar la amistad con distintos pa\u00edses de ese continente y de contribuir a hacer realidad ese \u00absiglo de \u00c1frica\u00bb, a partir de la reflexi\u00f3n de su fundador la Asociaci\u00f3n de Conciertos Min-On inici\u00f3 en 1971 su primer intercambio cultural africano. Adem\u00e1s, desde 1999, Min-On ha emprendido un ciclo de conciertos titulado \u00abUn periplo musical a trav\u00e9s del \u00c1frica\u00bb, que se propone difundir la diversidad y la singularidad de su danza y de su m\u00fasica, expresada en m\u00faltiples linajes \u00e9tnicos y tribales diferenciados.<\/p>\n<p>[\/et_pb_text][\/et_pb_column][\/et_pb_row][et_pb_row _builder_version=\u00bb3.15&#8243; use_custom_gutter=\u00bbon\u00bb gutter_width=\u00bb2&#8243; make_equal=\u00bbon\u00bb module_class=\u00bbfloatRow\u00bb][et_pb_column type=\u00bb1_4&#8243;][et_pb_image _builder_version=\u00bb3.15&#8243; force_fullwidth=\u00bbon\u00bb show_bottom_space=\u00bboff\u00bb src=\u00bbhttps:\/\/www.min-on.org\/es\/wp-content\/uploads\/sites\/4\/2011\/09\/thumbnail-african-series6.jpg\u00bb \/][et_pb_text _builder_version=\u00bb3.15&#8243;]<\/p>\n<p>Compa\u00f1\u00eda Nacional de Bailarines y Percusionistas de Kenia (1991)<\/p>\n<p>[\/et_pb_text][et_pb_image _builder_version=\u00bb3.15&#8243; force_fullwidth=\u00bbon\u00bb show_bottom_space=\u00bboff\u00bb src=\u00bbhttps:\/\/www.min-on.org\/es\/wp-content\/uploads\/sites\/4\/2018\/11\/madegascar-resize-1.jpg\u00bb \/][et_pb_text _builder_version=\u00bb3.15&#8243;]<\/p>\n<p>El mundo de la m\u00fasica de Madagascar (2007)<\/p>\n<p>[\/et_pb_text][et_pb_image _builder_version=\u00bb3.15&#8243; show_in_lightbox=\u00bbon\u00bb force_fullwidth=\u00bbon\u00bb show_bottom_space=\u00bboff\u00bb src=\u00bbhttps:\/\/www.min-on.org\/es\/wp-content\/uploads\/sites\/4\/2018\/11\/The-National-Troupe-of-Nigeria-in-1992.jpg\u00bb \/][et_pb_text _builder_version=\u00bb3.15&#8243;]<\/p>\n<p>Compa\u00f1\u00eda Nacional de Nigeria (1992)<\/p>\n<p>[\/et_pb_text][et_pb_image _builder_version=\u00bb3.15&#8243; show_in_lightbox=\u00bbon\u00bb force_fullwidth=\u00bbon\u00bb show_bottom_space=\u00bboff\u00bb src=\u00bbhttps:\/\/www.min-on.org\/es\/wp-content\/uploads\/sites\/4\/2018\/11\/Senegal\u0081fs-National-Ballet-\u0081gLa-Linguere\u0081h-in-2005.jpg\u00bb \/][et_pb_text _builder_version=\u00bb3.15&#8243;]<\/p>\n<p>Ballet Nacional La Linguere de Senegal (2005)<\/p>\n<p>[\/et_pb_text][et_pb_image _builder_version=\u00bb3.15&#8243; show_in_lightbox=\u00bbon\u00bb force_fullwidth=\u00bbon\u00bb show_bottom_space=\u00bboff\u00bb src=\u00bbhttps:\/\/www.min-on.org\/es\/wp-content\/uploads\/sites\/4\/2018\/11\/Ghana-National-Dance-Ensemble-in-2012.jpg\u00bb \/][et_pb_text _builder_version=\u00bb3.15&#8243;]<\/p>\n<p>Ensamble Nacional de Danzas de Ghana (2012)<\/p>\n<p>[\/et_pb_text][et_pb_image _builder_version=\u00bb3.15&#8243; show_in_lightbox=\u00bbon\u00bb force_fullwidth=\u00bbon\u00bb show_bottom_space=\u00bboff\u00bb src=\u00bbhttps:\/\/www.min-on.org\/es\/wp-content\/uploads\/sites\/4\/2018\/11\/Egyptian-Heritage-Dance-Troupe-in-1992.jpg\u00bb \/][et_pb_text _builder_version=\u00bb3.15&#8243;]<\/p>\n<p>Compa\u00f1\u00eda de Danzas de la Herencia Africana Al-Tannoura y Ensamble Nacional de M\u00fasica \u00c1rabe (1992)<\/p>\n<p>[\/et_pb_text][\/et_pb_column][et_pb_column type=\u00bb1_4&#8243;][et_pb_image _builder_version=\u00bb3.15&#8243; force_fullwidth=\u00bbon\u00bb show_bottom_space=\u00bboff\u00bb src=\u00bbhttps:\/\/www.min-on.org\/es\/wp-content\/uploads\/sites\/4\/2011\/09\/thumbnail-african-series5.jpg\u00bb \/][et_pb_text _builder_version=\u00bb3.15&#8243;]<\/p>\n<p>Grupo pop africano Tatunane, de Tanzania (1992)<\/p>\n<p>[\/et_pb_text][et_pb_image _builder_version=\u00bb3.15&#8243; show_in_lightbox=\u00bbon\u00bb force_fullwidth=\u00bbon\u00bb show_bottom_space=\u00bboff\u00bb src=\u00bbhttps:\/\/www.min-on.org\/es\/wp-content\/uploads\/sites\/4\/2018\/11\/African-percussion-group-Amampondo-in-1995.jpg\u00bb \/][et_pb_text _builder_version=\u00bb3.15&#8243;]<\/p>\n<p>Grupo de percusi\u00f3n africana Amampondo (1995)<\/p>\n<p>[\/et_pb_text][et_pb_image _builder_version=\u00bb3.15&#8243; show_in_lightbox=\u00bbon\u00bb force_fullwidth=\u00bbon\u00bb show_bottom_space=\u00bboff\u00bb src=\u00bbhttps:\/\/www.min-on.org\/es\/wp-content\/uploads\/sites\/4\/2018\/11\/The-National-Ballet-of-Cameroon-in-2010.jpg\u00bb \/][et_pb_text _builder_version=\u00bb3.15&#8243;]<\/p>\n<p>Ballet Nacional de Camer\u00fan (2010)<\/p>\n<p>[\/et_pb_text][et_pb_image _builder_version=\u00bb3.15&#8243; show_in_lightbox=\u00bbon\u00bb force_fullwidth=\u00bbon\u00bb show_bottom_space=\u00bboff\u00bb src=\u00bbhttps:\/\/www.min-on.org\/es\/wp-content\/uploads\/sites\/4\/2018\/11\/The-Music-of-Morocco-with-Amina-Alaoui-Tachinouit-and-Gnawa-in-2003.jpg\u00bb \/][et_pb_text _builder_version=\u00bb3.15&#8243;]<\/p>\n<p>La m\u00fasica de Marruecos, con Amina Alaoui, Tachinouit y Gnawa (2003)<\/p>\n<p>[\/et_pb_text][et_pb_image _builder_version=\u00bb3.15&#8243; show_in_lightbox=\u00bbon\u00bb force_fullwidth=\u00bbon\u00bb show_bottom_space=\u00bboff\u00bb src=\u00bbhttps:\/\/www.min-on.org\/es\/wp-content\/uploads\/sites\/4\/2018\/11\/Ethiopian-National-Folk-Music-and-Dance-Troupe-in-1999.jpg\u00bb \/][et_pb_text _builder_version=\u00bb3.15&#8243;]<\/p>\n<p>Compa\u00f1\u00eda Nacional de M\u00fasica y Danzas Folkl\u00f3ricas de Etiop\u00eda (1999)<\/p>\n<p>[\/et_pb_text][et_pb_image _builder_version=\u00bb3.15&#8243; force_fullwidth=\u00bbon\u00bb show_bottom_space=\u00bboff\u00bb src=\u00bbhttps:\/\/www.min-on.org\/es\/wp-content\/uploads\/sites\/4\/2011\/09\/thumbnail-african-series1.jpg\u00bb \/][et_pb_text _builder_version=\u00bb3.15&#8243;]<\/p>\n<p>Ballet Nacional de la Rep\u00fablica de Guinea (1975)<\/p>\n<p>[\/et_pb_text][\/et_pb_column][et_pb_column type=\u00bb1_2&#8243;][et_pb_text _builder_version=\u00bb3.15&#8243;]<\/p>\n<h2>Cronolog\u00eda de conciertos:<\/h2>\n<h4 style=\"padding-top: 4%;\">Julio de 1971 &#8211; Guinea<\/h4>\n<p>Ballet Nacional de la Rep\u00fablica de Guinea<\/p>\n<hr style=\"border-top: solid 1px #dbc94d;\">\n<h4 style=\"padding-top: 1%;\">Marzo de 1991 &#8211; Kenia<\/h4>\n<p>Compa\u00f1\u00eda Nacional de Bailarines y Percusionistas de Kenia<\/p>\n<hr style=\"border-top: solid 1px #dbc94d;\">\n<h4 style=\"padding-top: 1%;\">Marzo de 1992 \u2013 Egipto<\/h4>\n<p>Compa\u00f1\u00eda de Danzas de la Herencia Africana Al-Tannoura y Ensamble Nacional de M\u00fasica \u00c1rabe<\/p>\n<hr style=\"border-top: solid 1px #dbc94d;\">\n<h4 style=\"padding-top: 1%;\">Julio de 1992 &#8211; Nigeria<\/h4>\n<p>Compa\u00f1\u00eda Nacional de Nigeria<\/p>\n<hr style=\"border-top: solid 1px #dbc94d;\">\n<h4 style=\"padding-top: 1%;\">Octubre de 1992 &#8211; Tanzania<\/h4>\n<p>Grupo de pop africano Tatunane<\/p>\n<hr style=\"border-top: solid 1px #dbc94d;\">\n<h4 style=\"padding-top: 1%;\">Octubre de 1995 &#8211; Sud\u00e1frica<\/h4>\n<p>Grupo de percusi\u00f3n africana Amampondo<\/p>\n<hr style=\"border-top: solid 1px #dbc94d;\">\n<h4 style=\"padding-top: 1%;\">Diciembre de 1997 &#8211; Ghana<\/h4>\n<p>Exposici\u00f3n \u00abLos 40 a\u00f1os de Ghana\u00bb, en el Centro Cultural Min-On<\/p>\n<hr style=\"border-top: solid 1px #dbc94d;\">\n<h4 style=\"padding-top: 1%;\">Agosto de 1999 &#8211; Etiop\u00eda<\/h4>\n<p>\u00abUn periplo musical a trav\u00e9s del \u00c1frica\u00bb (1) Compa\u00f1\u00eda Nacional de M\u00fasica y Danzas Folkl\u00f3ricas de Etiop\u00eda<\/p>\n<hr style=\"border-top: solid 1px #dbc94d;\">\n<h4 style=\"padding-top: 1%;\">Agosto de 2001 &#8211; Zambia<\/h4>\n<p>\u00abUn periplo musical a trav\u00e9s del \u00c1frica\u00bb (2) Compa\u00f1\u00eda Nacional de Danzas de Zambia<\/p>\n<hr style=\"border-top: solid 1px #dbc94d;\">\n<h4 style=\"padding-top: 1%;\">Agosto de 2003 &#8211; Marruecos<\/h4>\n<p>\u00abUn periplo musical a trav\u00e9s del \u00c1frica\u00bb (3) La m\u00fasica de Marruecos, con Amina Alaoui, Tachinouit y Gnawa<\/p>\n<hr style=\"border-top: solid 1px #dbc94d;\">\n<h4 style=\"padding-top: 1%;\">Agosto de 2005 &#8211; Senegal<\/h4>\n<p>\u00abUn periplo musical a trav\u00e9s del \u00c1frica\u00bb (4) Ballet Nacional La Linguere de Senegal<\/p>\n<hr style=\"border-top: solid 1px #dbc94d;\">\n<h4 style=\"padding-top: 1%;\">Agosto de 2007 &#8211; Madagascar<\/h4>\n<p>\u00abUn periplo musical a trav\u00e9s del \u00c1frica\u00bb (5) El mundo de la m\u00fasica de Madagascar<\/p>\n<hr style=\"border-top: solid 1px #dbc94d;\">\n<h4 style=\"padding-top: 1%;\">Setiembre de 2010 &#8211; Camer\u00fan<\/h4>\n<p>\u00abUn periplo musical a trav\u00e9s del \u00c1frica\u00bb (6) Ballet Nacional de Camer\u00fan<\/p>\n<hr style=\"border-top: solid 1px #dbc94d;\">\n<h4 style=\"padding-top: 1%;\">Agosto de 2012 &#8211; Ghana<\/h4>\n<p>\u00abUn periplo musical a trav\u00e9s del \u00c1frica\u00bb (7) Ensamble Nacional de Danzas de Ghana<\/p>\n<p>[\/et_pb_text][\/et_pb_column][\/et_pb_row][\/et_pb_section][et_pb_section bb_built=\u00bb1&#8243; admin_label=\u00bbRelated Articles\u00bb specialty=\u00bboff\u00bb _builder_version=\u00bb3.15&#8243; custom_padding=\u00bb0px|||\u00bb disabled_on=\u00bbon|on|on\u00bb disabled=\u00bbon\u00bb prev_background_color=\u00bb#000000&#8243; collapsed=\u00bbon\u00bb][et_pb_row _builder_version=\u00bb3.11&#8243; custom_padding=\u00bb0px|||\u00bb][et_pb_column type=\u00bb4_4&#8243;][et_pb_text _builder_version=\u00bb3.12&#8243;]<\/p>\n<h1 style=\"line-height: 36px;\">Related Articles<\/h1>\n<p>[\/et_pb_text][\/et_pb_column][\/et_pb_row][et_pb_row _builder_version=\u00bb3.12&#8243; custom_padding=\u00bb|1.5%||1.5%\u00bb][et_pb_column type=\u00bb4_4&#8243;][et_pb_blog _builder_version=\u00bb3.15&#8243; posts_number=\u00bb3&#8243; fullwidth=\u00bboff\u00bb include_categories=\u00bb403&#8243; \/][\/et_pb_column][\/et_pb_row][\/et_pb_section]<\/p>\n","protected":false},"excerpt":{"rendered":"<p>Ciclo Africano Compa\u00f1\u00eda Nacional de Bailarines y Percusionistas de Kenia (1991) Grupo pop africano Tatunane, de Tanzania (1992) El mundo de la m\u00fasica de Madagascar (2007) Grupo de percusi\u00f3n africana Amampondo (1995) Compa\u00f1\u00eda Nacional de Nigeria (1992) Ballet Nacional de Camer\u00fan (2010) Ballet Nacional La Linguere de Senegal (2005) La m\u00fasica de Marruecos, con Amina [&hellip;]<\/p>\n","protected":false},"author":1,"featured_media":0,"parent":0,"menu_order":0,"comment_status":"closed","ping_status":"closed","template":"","meta":{"_et_pb_use_builder":"on","_et_pb_old_content":"","_et_gb_content_width":"","footnotes":""},"categories":[],"tags":[],"distributor_meta":false,"distributor_terms":false,"distributor_media":false,"distributor_original_site_name":"Spanish - Min-On Website","distributor_original_site_url":"https:\/\/www.min-on.org\/es","_links":{"self":[{"href":"https:\/\/www.min-on.org\/es\/wp-json\/wp\/v2\/pages\/3179"}],"collection":[{"href":"https:\/\/www.min-on.org\/es\/wp-json\/wp\/v2\/pages"}],"about":[{"href":"https:\/\/www.min-on.org\/es\/wp-json\/wp\/v2\/types\/page"}],"author":[{"embeddable":true,"href":"https:\/\/www.min-on.org\/es\/wp-json\/wp\/v2\/users\/1"}],"replies":[{"embeddable":true,"href":"https:\/\/www.min-on.org\/es\/wp-json\/wp\/v2\/comments?post=3179"}],"version-history":[{"count":22,"href":"https:\/\/www.min-on.org\/es\/wp-json\/wp\/v2\/pages\/3179\/revisions"}],"predecessor-version":[{"id":8242,"href":"https:\/\/www.min-on.org\/es\/wp-json\/wp\/v2\/pages\/3179\/revisions\/8242"}],"wp:attachment":[{"href":"https:\/\/www.min-on.org\/es\/wp-json\/wp\/v2\/media?parent=3179"}],"wp:term":[{"taxonomy":"category","embeddable":true,"href":"https:\/\/www.min-on.org\/es\/wp-json\/wp\/v2\/categories?post=3179"},{"taxonomy":"post_tag","embeddable":true,"href":"https:\/\/www.min-on.org\/es\/wp-json\/wp\/v2\/tags?post=3179"}],"curies":[{"name":"wp","href":"https:\/\/api.w.org\/{rel}","templated":true}]}}